{"id":1468,"date":"2025-08-08T16:22:47","date_gmt":"2025-08-08T16:22:47","guid":{"rendered":"https:\/\/ayuntamientotenangodedoria.gob.mx\/?page_id=1468"},"modified":"2025-08-08T17:28:24","modified_gmt":"2025-08-08T17:28:24","slug":"2do-trimestre-2025-estados-financieros","status":"publish","type":"page","link":"https:\/\/ayuntamientotenangodedoria.gob.mx\/index.php\/2do-trimestre-2025-estados-financieros\/","title":{"rendered":"2DO TRIMESTRE 2025 &#8211; ESTADOS FINANCIEROS"},"content":{"rendered":"\t\t<div data-elementor-type=\"wp-page\" data-elementor-id=\"1468\" class=\"elementor elementor-1468\">\n\t\t\t\t<div class=\"elementor-element elementor-element-c0c30dd e-flex e-con-boxed e-con e-parent\" data-id=\"c0c30dd\" data-element_type=\"container\" data-e-type=\"container\">\n\t\t\t\t\t<div class=\"e-con-inner\">\n\t\t\t\t<div class=\"elementor-element elementor-element-05ea052 elementor-widget elementor-widget-heading\" data-id=\"05ea052\" data-element_type=\"widget\" data-e-type=\"widget\" data-widget_type=\"heading.default\">\n\t\t\t\t<div class=\"elementor-widget-container\">\n\t\t\t\t\t<h2 class=\"elementor-heading-title elementor-size-default\">ESTADOS FINANCIEROS<\/h2>\t\t\t\t<\/div>\n\t\t\t\t<\/div>\n\t\t\t\t<div class=\"elementor-element elementor-element-57d8992 elementor-widget elementor-widget-heading\" data-id=\"57d8992\" data-element_type=\"widget\" data-e-type=\"widget\" data-widget_type=\"heading.default\">\n\t\t\t\t<div class=\"elementor-widget-container\">\n\t\t\t\t\t<h4 class=\"elementor-heading-title elementor-size-default\">SEGUNDO TRIMESTRE 2025<\/h4>\t\t\t\t<\/div>\n\t\t\t\t<\/div>\n\t\t\t\t\t<\/div>\n\t\t\t\t<\/div>\n\t\t<div class=\"elementor-element elementor-element-0e99a76 e-flex e-con-boxed e-con e-parent\" data-id=\"0e99a76\" data-element_type=\"container\" data-e-type=\"container\">\n\t\t\t\t\t<div class=\"e-con-inner\">\n\t\t\t\t<div class=\"elementor-element elementor-element-e616131 elementor-widget elementor-widget-text-editor\" data-id=\"e616131\" data-element_type=\"widget\" data-e-type=\"widget\" data-widget_type=\"text-editor.default\">\n\t\t\t\t<div class=\"elementor-widget-container\">\n\t\t\t\t\t\t\t\t\t<table class=\"has-fixed-layout\"><tbody><tr><td class=\"has-text-align-center\" style=\"text-align: center;\" data-align=\"center\"><h5><span style=\"color: #000080;\"><strong><span style=\"vertical-align: inherit;\"><span style=\"vertical-align: inherit;\"><span style=\"vertical-align: inherit;\"><span style=\"vertical-align: inherit;\"><span style=\"vertical-align: inherit;\"><span style=\"vertical-align: inherit;\">Documento<\/span><\/span><\/span><\/span><\/span><\/span><\/strong><\/span><\/h5><\/td><td class=\"has-text-align-center\" style=\"text-align: center;\" data-align=\"center\"><h5><span style=\"color: #000080;\"><strong><span style=\"vertical-align: inherit;\"><span style=\"vertical-align: inherit;\"><span style=\"vertical-align: inherit;\"><span style=\"vertical-align: inherit;\"><span style=\"vertical-align: inherit;\"><span style=\"vertical-align: inherit;\">\u00a0Descargar<\/span><\/span><\/span><\/span><\/span><\/span><\/strong><\/span><\/h5><\/td><\/tr><tr><td class=\"has-text-align-center\" data-align=\"center\"><h5 style=\"text-align: center;\"><span style=\"color: #800000;\"><span style=\"vertical-align: inherit;\"><span style=\"vertical-align: inherit;\"><span style=\"vertical-align: inherit;\"><span style=\"vertical-align: inherit;\">Estado de actividades<\/span><\/span><\/span><\/span><\/span><\/h5><\/td><td class=\"has-text-align-center\" data-align=\"center\"><h5><span style=\"color: #800000;\"><a style=\"color: #800000;\" href=\"https:\/\/ayuntamientotenangodedoria.gob.mx\/wp-content\/uploads\/2025\/08\/EA_TED_02_2025.xlsx\"><img decoding=\"async\" class=\"aligncenter\" src=\"https:\/\/cdn3d.iconscout.com\/3d\/premium\/thumb\/descarga-xls-6880623-5640123.png\" alt=\"Recursos de Dise\u00f1o de Descargar Hoja Excel - Gratis en SVG, PNG, BLEND, GIF | iconoscout\" width=\"84\" height=\"84\" \/><\/a><\/span><\/h5><\/td><\/tr><tr><td class=\"has-text-align-center\" data-align=\"center\"><h5 style=\"text-align: center;\"><span style=\"color: #800000;\"><span style=\"vertical-align: inherit;\"><span style=\"vertical-align: inherit;\"><span style=\"vertical-align: inherit;\"><span style=\"vertical-align: inherit;\"><span style=\"vertical-align: inherit;\"><span style=\"vertical-align: inherit;\">Estado anal\u00edtico del activo<\/span><\/span><\/span><\/span><\/span><\/span><\/span><\/h5><\/td><td class=\"has-text-align-center\" data-align=\"center\"><h5><span style=\"color: #800000;\"><a style=\"color: #800000;\" href=\"https:\/\/ayuntamientotenangodedoria.gob.mx\/wp-content\/uploads\/2025\/08\/EAA_TED_02_2025.xlsx\" data-wplink-edit=\"true\"><img decoding=\"async\" class=\"aligncenter\" src=\"https:\/\/cdn3d.iconscout.com\/3d\/premium\/thumb\/descarga-xls-6880623-5640123.png\" alt=\"Recursos de Dise\u00f1o de Descargar Hoja Excel - Gratis en SVG, PNG, BLEND, GIF | iconoscout\" width=\"84\" height=\"84\" \/><\/a><\/span><\/h5><\/td><\/tr><tr><td class=\"has-text-align-center\" data-align=\"center\"><h5 style=\"text-align: center;\"><span style=\"color: #800000;\"><span style=\"vertical-align: inherit;\"><span style=\"vertical-align: inherit;\"><span style=\"vertical-align: inherit;\"><span style=\"vertical-align: inherit;\"><span style=\"vertical-align: inherit;\"><span style=\"vertical-align: inherit;\">Estado Anal\u00edtico de la Deuda y Otros Pasivos<\/span><\/span><\/span><\/span><\/span><\/span><\/span><\/h5><\/td><td class=\"has-text-align-center\" data-align=\"center\"><h5><span style=\"color: #800000;\"><a style=\"color: #800000;\" href=\"https:\/\/ayuntamientotenangodedoria.gob.mx\/wp-content\/uploads\/2025\/08\/EADOP_TED_02_2025.xlsx\"><img decoding=\"async\" class=\"aligncenter\" src=\"https:\/\/cdn3d.iconscout.com\/3d\/premium\/thumb\/descarga-xls-6880623-5640123.png\" alt=\"Recursos de Dise\u00f1o de Descargar Hoja Excel - Gratis en SVG, PNG, BLEND, GIF | iconoscout\" width=\"84\" height=\"84\" \/><\/a><\/span><\/h5><\/td><\/tr><tr><td class=\"has-text-align-center\" data-align=\"center\"><h5 style=\"text-align: center;\"><span style=\"color: #800000;\"><span style=\"vertical-align: inherit;\"><span style=\"vertical-align: inherit;\"><span style=\"vertical-align: inherit;\"><span style=\"vertical-align: inherit;\"><span style=\"vertical-align: inherit;\"><span style=\"vertical-align: inherit;\">Estado de Cambios en la Situaci\u00f3n Financiera<\/span><\/span><\/span><\/span><\/span><\/span><\/span><\/h5><\/td><td class=\"has-text-align-center\" data-align=\"center\"><h5><span style=\"color: #800000;\"><a style=\"color: #800000;\" href=\"https:\/\/ayuntamientotenangodedoria.gob.mx\/wp-content\/uploads\/2025\/08\/ECSF_TED_02_2025.xlsx\"><img decoding=\"async\" class=\"aligncenter\" src=\"https:\/\/cdn3d.iconscout.com\/3d\/premium\/thumb\/descarga-xls-6880623-5640123.png\" alt=\"Recursos de Dise\u00f1o de Descargar Hoja Excel - Gratis en SVG, PNG, BLEND, GIF | iconoscout\" width=\"84\" height=\"84\" \/><\/a><\/span><\/h5><\/td><\/tr><tr><td class=\"has-text-align-center\" data-align=\"center\"><h5 style=\"text-align: center;\"><span style=\"color: #800000;\"><span style=\"vertical-align: inherit;\"><span style=\"vertical-align: inherit;\"><span style=\"vertical-align: inherit;\"><span style=\"vertical-align: inherit;\"><span style=\"vertical-align: inherit;\">Estado de Flujo de Efectivo<\/span><\/span><\/span><\/span><\/span><\/span><\/h5><\/td><td class=\"has-text-align-center\" data-align=\"center\"><h5><span style=\"color: #800000;\"><a style=\"color: #800000;\" href=\"https:\/\/ayuntamientotenangodedoria.gob.mx\/wp-content\/uploads\/2025\/08\/EFE_TED_02_2025.xlsx\"><img decoding=\"async\" class=\"aligncenter\" src=\"https:\/\/cdn3d.iconscout.com\/3d\/premium\/thumb\/descarga-xls-6880623-5640123.png\" alt=\"Recursos de Dise\u00f1o de Descargar Hoja Excel - Gratis en SVG, PNG, BLEND, GIF | iconoscout\" width=\"84\" height=\"84\" \/><\/a><\/span><\/h5><\/td><\/tr><tr><td class=\"has-text-align-center\" data-align=\"center\"><h5 style=\"text-align: center;\"><span style=\"color: #800000;\"><span style=\"vertical-align: inherit;\"><span style=\"vertical-align: inherit;\"><span style=\"vertical-align: inherit;\"><span style=\"vertical-align: inherit;\"><span style=\"vertical-align: inherit;\"><span style=\"vertical-align: inherit;\">Estado de Situaci\u00f3n Financiera<\/span><\/span><\/span><\/span><\/span><\/span><\/span><\/h5><\/td><td class=\"has-text-align-center\" data-align=\"center\"><h5><span style=\"color: #800000;\"><a style=\"color: #800000;\" href=\"https:\/\/ayuntamientotenangodedoria.gob.mx\/wp-content\/uploads\/2025\/08\/ESF_TED_02_2025.xlsx\"><img decoding=\"async\" class=\"aligncenter\" src=\"https:\/\/cdn3d.iconscout.com\/3d\/premium\/thumb\/descarga-xls-6880623-5640123.png\" alt=\"Recursos de Dise\u00f1o de Descargar Hoja Excel - Gratis en SVG, PNG, BLEND, GIF | iconoscout\" width=\"84\" height=\"84\" \/><\/a><\/span><\/h5><\/td><\/tr><tr><td class=\"has-text-align-center\" style=\"text-align: center;\" data-align=\"center\"><h5><span style=\"color: #800000;\"><span style=\"vertical-align: inherit;\"><span style=\"vertical-align: inherit;\"><span style=\"vertical-align: inherit;\"><span style=\"vertical-align: inherit;\">Estado de Variaci\u00f3n en la Hacienda P\u00fablica<\/span><\/span><\/span><\/span><\/span><\/h5><\/td><td class=\"has-text-align-center\" data-align=\"center\"><h5><span style=\"color: #800000;\"><a style=\"color: #800000;\" href=\"https:\/\/ayuntamientotenangodedoria.gob.mx\/wp-content\/uploads\/2025\/08\/EVHP_TED_02_2025.xlsx\"><img decoding=\"async\" class=\"aligncenter\" src=\"https:\/\/cdn3d.iconscout.com\/3d\/premium\/thumb\/descarga-xls-6880623-5640123.png\" alt=\"Recursos de Dise\u00f1o de Descargar Hoja Excel - Gratis en SVG, PNG, BLEND, GIF | iconoscout\" width=\"84\" height=\"84\" \/><\/a><\/span><\/h5><\/td><\/tr><tr><td class=\"has-text-align-center\" style=\"text-align: center;\" data-align=\"center\"><h5><span style=\"color: #800000;\"><span style=\"vertical-align: inherit;\"><span style=\"vertical-align: inherit;\"><span style=\"vertical-align: inherit;\"><span style=\"vertical-align: inherit;\"><span style=\"vertical-align: inherit;\"><span style=\"vertical-align: inherit;\">Notas al Estado de Situaci\u00f3n Financiera<\/span><\/span><\/span><\/span><\/span><\/span><\/span><\/h5><\/td><td class=\"has-text-align-center\" data-align=\"center\"><h5><span style=\"color: #800000;\"><a style=\"color: #800000;\" href=\"https:\/\/ayuntamientotenangodedoria.gob.mx\/wp-content\/uploads\/2025\/08\/NEF_TED_02_2025.xlsx\"><img decoding=\"async\" class=\"aligncenter\" src=\"https:\/\/cdn3d.iconscout.com\/3d\/premium\/thumb\/descarga-xls-6880623-5640123.png\" alt=\"Recursos de Dise\u00f1o de Descargar Hoja Excel - Gratis en SVG, PNG, BLEND, GIF | iconoscout\" width=\"84\" height=\"84\" \/><\/a><\/span><\/h5><\/td><\/tr><tr><td class=\"has-text-align-center\" data-align=\"center\">\u00a0<\/td><\/tr><\/tbody><\/table>\t\t\t\t\t\t\t\t<\/div>\n\t\t\t\t<\/div>\n\t\t\t\t\t<\/div>\n\t\t\t\t<\/div>\n\t\t\t\t<\/div>\n\t\t","protected":false},"excerpt":{"rendered":"<p>ESTADOS FINANCIEROS SEGUNDO TRIMESTRE 2025 Documento \u00a0Descargar Estado de actividades Estado anal\u00edtico del activo Estado Anal\u00edtico de la Deuda y Otros Pasivos Estado de Cambios en la Situaci\u00f3n Financiera Estado&hellip;<\/p>\n","protected":false},"author":2,"featured_media":0,"parent":0,"menu_order":0,"comment_status":"closed","ping_status":"closed","template":"","meta":{"footnotes":""},"class_list":["post-1468","page","type-page","status-publish","hentry"],"yoast_head":"<!-- This site is optimized with the Yoast SEO plugin v27.2 - https:\/\/yoast.com\/product\/yoast-seo-wordpress\/ -->\n<title>2DO TRIMESTRE 2025 - ESTADOS FINANCIEROS -<\/title>\n<meta name=\"robots\" content=\"index, follow, max-snippet:-1, max-image-preview:large, max-video-preview:-1\" \/>\n<link rel=\"canonical\" href=\"https:\/\/ayuntamientotenangodedoria.gob.mx\/index.php\/2do-trimestre-2025-estados-financieros\/\" \/>\n<meta property=\"og:locale\" content=\"en_US\" \/>\n<meta property=\"og:type\" content=\"article\" \/>\n<meta property=\"og:title\" content=\"2DO TRIMESTRE 2025 - ESTADOS FINANCIEROS -\" \/>\n<meta property=\"og:description\" content=\"ESTADOS FINANCIEROS SEGUNDO TRIMESTRE 2025 Documento \u00a0Descargar Estado de actividades Estado anal\u00edtico del activo Estado Anal\u00edtico de la Deuda y Otros Pasivos Estado de Cambios en la Situaci\u00f3n Financiera Estado&hellip;\" \/>\n<meta property=\"og:url\" content=\"https:\/\/ayuntamientotenangodedoria.gob.mx\/index.php\/2do-trimestre-2025-estados-financieros\/\" \/>\n<meta property=\"article:modified_time\" content=\"2025-08-08T17:28:24+00:00\" \/>\n<meta property=\"og:image\" content=\"https:\/\/cdn3d.iconscout.com\/3d\/premium\/thumb\/descarga-xls-6880623-5640123.png\" \/>\n<meta name=\"twitter:card\" content=\"summary_large_image\" \/>\n<meta name=\"twitter:label1\" content=\"Est. reading time\" \/>\n\t<meta name=\"twitter:data1\" content=\"2 minutes\" \/>\n<script type=\"application\/ld+json\" class=\"yoast-schema-graph\">{\"@context\":\"https:\/\/schema.org\",\"@graph\":[{\"@type\":\"WebPage\",\"@id\":\"https:\/\/ayuntamientotenangodedoria.gob.mx\/index.php\/2do-trimestre-2025-estados-financieros\/\",\"url\":\"https:\/\/ayuntamientotenangodedoria.gob.mx\/index.php\/2do-trimestre-2025-estados-financieros\/\",\"name\":\"2DO TRIMESTRE 2025 - ESTADOS FINANCIEROS -\",\"isPartOf\":{\"@id\":\"https:\/\/ayuntamientotenangodedoria.gob.mx\/#website\"},\"primaryImageOfPage\":{\"@id\":\"https:\/\/ayuntamientotenangodedoria.gob.mx\/index.php\/2do-trimestre-2025-estados-financieros\/#primaryimage\"},\"image\":{\"@id\":\"https:\/\/ayuntamientotenangodedoria.gob.mx\/index.php\/2do-trimestre-2025-estados-financieros\/#primaryimage\"},\"thumbnailUrl\":\"https:\/\/cdn3d.iconscout.com\/3d\/premium\/thumb\/descarga-xls-6880623-5640123.png\",\"datePublished\":\"2025-08-08T16:22:47+00:00\",\"dateModified\":\"2025-08-08T17:28:24+00:00\",\"breadcrumb\":{\"@id\":\"https:\/\/ayuntamientotenangodedoria.gob.mx\/index.php\/2do-trimestre-2025-estados-financieros\/#breadcrumb\"},\"inLanguage\":\"en-US\",\"potentialAction\":[{\"@type\":\"ReadAction\",\"target\":[\"https:\/\/ayuntamientotenangodedoria.gob.mx\/index.php\/2do-trimestre-2025-estados-financieros\/\"]}]},{\"@type\":\"ImageObject\",\"inLanguage\":\"en-US\",\"@id\":\"https:\/\/ayuntamientotenangodedoria.gob.mx\/index.php\/2do-trimestre-2025-estados-financieros\/#primaryimage\",\"url\":\"https:\/\/cdn3d.iconscout.com\/3d\/premium\/thumb\/descarga-xls-6880623-5640123.png\",\"contentUrl\":\"https:\/\/cdn3d.iconscout.com\/3d\/premium\/thumb\/descarga-xls-6880623-5640123.png\"},{\"@type\":\"BreadcrumbList\",\"@id\":\"https:\/\/ayuntamientotenangodedoria.gob.mx\/index.php\/2do-trimestre-2025-estados-financieros\/#breadcrumb\",\"itemListElement\":[{\"@type\":\"ListItem\",\"position\":1,\"name\":\"Home\",\"item\":\"https:\/\/ayuntamientotenangodedoria.gob.mx\/\"},{\"@type\":\"ListItem\",\"position\":2,\"name\":\"2DO TRIMESTRE 2025 &#8211; ESTADOS FINANCIEROS\"}]},{\"@type\":\"WebSite\",\"@id\":\"https:\/\/ayuntamientotenangodedoria.gob.mx\/#website\",\"url\":\"https:\/\/ayuntamientotenangodedoria.gob.mx\/\",\"name\":\"\",\"description\":\"Transformando con Inclusi\u00f3n e Interculturalidad\",\"potentialAction\":[{\"@type\":\"SearchAction\",\"target\":{\"@type\":\"EntryPoint\",\"urlTemplate\":\"https:\/\/ayuntamientotenangodedoria.gob.mx\/?s={search_term_string}\"},\"query-input\":{\"@type\":\"PropertyValueSpecification\",\"valueRequired\":true,\"valueName\":\"search_term_string\"}}],\"inLanguage\":\"en-US\"}]}<\/script>\n<!-- \/ Yoast SEO plugin. -->","yoast_head_json":{"title":"2DO TRIMESTRE 2025 - ESTADOS FINANCIEROS -","robots":{"index":"index","follow":"follow","max-snippet":"max-snippet:-1","max-image-preview":"max-image-preview:large","max-video-preview":"max-video-preview:-1"},"canonical":"https:\/\/ayuntamientotenangodedoria.gob.mx\/index.php\/2do-trimestre-2025-estados-financieros\/","og_locale":"en_US","og_type":"article","og_title":"2DO TRIMESTRE 2025 - ESTADOS FINANCIEROS -","og_description":"ESTADOS FINANCIEROS SEGUNDO TRIMESTRE 2025 Documento \u00a0Descargar Estado de actividades Estado anal\u00edtico del activo Estado Anal\u00edtico de la Deuda y Otros Pasivos Estado de Cambios en la Situaci\u00f3n Financiera Estado&hellip;","og_url":"https:\/\/ayuntamientotenangodedoria.gob.mx\/index.php\/2do-trimestre-2025-estados-financieros\/","article_modified_time":"2025-08-08T17:28:24+00:00","og_image":[{"url":"https:\/\/cdn3d.iconscout.com\/3d\/premium\/thumb\/descarga-xls-6880623-5640123.png","type":"","width":"","height":""}],"twitter_card":"summary_large_image","twitter_misc":{"Est. reading time":"2 minutes"},"schema":{"@context":"https:\/\/schema.org","@graph":[{"@type":"WebPage","@id":"https:\/\/ayuntamientotenangodedoria.gob.mx\/index.php\/2do-trimestre-2025-estados-financieros\/","url":"https:\/\/ayuntamientotenangodedoria.gob.mx\/index.php\/2do-trimestre-2025-estados-financieros\/","name":"2DO TRIMESTRE 2025 - ESTADOS FINANCIEROS -","isPartOf":{"@id":"https:\/\/ayuntamientotenangodedoria.gob.mx\/#website"},"primaryImageOfPage":{"@id":"https:\/\/ayuntamientotenangodedoria.gob.mx\/index.php\/2do-trimestre-2025-estados-financieros\/#primaryimage"},"image":{"@id":"https:\/\/ayuntamientotenangodedoria.gob.mx\/index.php\/2do-trimestre-2025-estados-financieros\/#primaryimage"},"thumbnailUrl":"https:\/\/cdn3d.iconscout.com\/3d\/premium\/thumb\/descarga-xls-6880623-5640123.png","datePublished":"2025-08-08T16:22:47+00:00","dateModified":"2025-08-08T17:28:24+00:00","breadcrumb":{"@id":"https:\/\/ayuntamientotenangodedoria.gob.mx\/index.php\/2do-trimestre-2025-estados-financieros\/#breadcrumb"},"inLanguage":"en-US","potentialAction":[{"@type":"ReadAction","target":["https:\/\/ayuntamientotenangodedoria.gob.mx\/index.php\/2do-trimestre-2025-estados-financieros\/"]}]},{"@type":"ImageObject","inLanguage":"en-US","@id":"https:\/\/ayuntamientotenangodedoria.gob.mx\/index.php\/2do-trimestre-2025-estados-financieros\/#primaryimage","url":"https:\/\/cdn3d.iconscout.com\/3d\/premium\/thumb\/descarga-xls-6880623-5640123.png","contentUrl":"https:\/\/cdn3d.iconscout.com\/3d\/premium\/thumb\/descarga-xls-6880623-5640123.png"},{"@type":"BreadcrumbList","@id":"https:\/\/ayuntamientotenangodedoria.gob.mx\/index.php\/2do-trimestre-2025-estados-financieros\/#breadcrumb","itemListElement":[{"@type":"ListItem","position":1,"name":"Home","item":"https:\/\/ayuntamientotenangodedoria.gob.mx\/"},{"@type":"ListItem","position":2,"name":"2DO TRIMESTRE 2025 &#8211; ESTADOS FINANCIEROS"}]},{"@type":"WebSite","@id":"https:\/\/ayuntamientotenangodedoria.gob.mx\/#website","url":"https:\/\/ayuntamientotenangodedoria.gob.mx\/","name":"","description":"Transformando con Inclusi\u00f3n e Interculturalidad","potentialAction":[{"@type":"SearchAction","target":{"@type":"EntryPoint","urlTemplate":"https:\/\/ayuntamientotenangodedoria.gob.mx\/?s={search_term_string}"},"query-input":{"@type":"PropertyValueSpecification","valueRequired":true,"valueName":"search_term_string"}}],"inLanguage":"en-US"}]}},"_links":{"self":[{"href":"https:\/\/ayuntamientotenangodedoria.gob.mx\/index.php\/wp-json\/wp\/v2\/pages\/1468","targetHints":{"allow":["GET"]}}],"collection":[{"href":"https:\/\/ayuntamientotenangodedoria.gob.mx\/index.php\/wp-json\/wp\/v2\/pages"}],"about":[{"href":"https:\/\/ayuntamientotenangodedoria.gob.mx\/index.php\/wp-json\/wp\/v2\/types\/page"}],"author":[{"embeddable":true,"href":"https:\/\/ayuntamientotenangodedoria.gob.mx\/index.php\/wp-json\/wp\/v2\/users\/2"}],"replies":[{"embeddable":true,"href":"https:\/\/ayuntamientotenangodedoria.gob.mx\/index.php\/wp-json\/wp\/v2\/comments?post=1468"}],"version-history":[{"count":10,"href":"https:\/\/ayuntamientotenangodedoria.gob.mx\/index.php\/wp-json\/wp\/v2\/pages\/1468\/revisions"}],"predecessor-version":[{"id":1484,"href":"https:\/\/ayuntamientotenangodedoria.gob.mx\/index.php\/wp-json\/wp\/v2\/pages\/1468\/revisions\/1484"}],"wp:attachment":[{"href":"https:\/\/ayuntamientotenangodedoria.gob.mx\/index.php\/wp-json\/wp\/v2\/media?parent=1468"}],"curies":[{"name":"wp","href":"https:\/\/api.w.org\/{rel}","templated":true}]}}