{"id":1529,"date":"2025-08-19T04:24:21","date_gmt":"2025-08-19T04:24:21","guid":{"rendered":"https:\/\/ayuntamientotenangodedoria.gob.mx\/?page_id=1529"},"modified":"2025-08-21T02:18:56","modified_gmt":"2025-08-21T02:18:56","slug":"gastos-y-viaticos","status":"publish","type":"page","link":"https:\/\/ayuntamientotenangodedoria.gob.mx\/index.php\/gastos-y-viaticos\/","title":{"rendered":"Gastos y Vi\u00e1ticos"},"content":{"rendered":"\t\t<div data-elementor-type=\"wp-page\" data-elementor-id=\"1529\" class=\"elementor elementor-1529\">\n\t\t\t\t<div class=\"elementor-element elementor-element-8a5619a e-flex e-con-boxed e-con e-parent\" data-id=\"8a5619a\" data-element_type=\"container\" data-e-type=\"container\">\n\t\t\t\t\t<div class=\"e-con-inner\">\n\t\t\t\t<div class=\"elementor-element elementor-element-6283065 elementor-widget elementor-widget-heading\" data-id=\"6283065\" data-element_type=\"widget\" data-e-type=\"widget\" data-widget_type=\"heading.default\">\n\t\t\t\t<div class=\"elementor-widget-container\">\n\t\t\t\t\t<h2 class=\"elementor-heading-title elementor-size-default\">Art\u00edculo IX -  Gastos y Vi\u00e1ticos<\/h2>\t\t\t\t<\/div>\n\t\t\t\t<\/div>\n\t\t\t\t<div class=\"elementor-element elementor-element-0e80cdc elementor-widget elementor-widget-heading\" data-id=\"0e80cdc\" data-element_type=\"widget\" data-e-type=\"widget\" data-widget_type=\"heading.default\">\n\t\t\t\t<div class=\"elementor-widget-container\">\n\t\t\t\t\t<h3 class=\"elementor-heading-title elementor-size-default\">Los gastos de representaci\u00f3n y vi\u00e1ticos, as\u00ed como el objeto e informe de comisi\u00f3n correspondiente.<\/h3>\t\t\t\t<\/div>\n\t\t\t\t<\/div>\n\t\t\t\t\t<\/div>\n\t\t\t\t<\/div>\n\t\t<div class=\"elementor-element elementor-element-ae52d74 e-flex e-con-boxed e-con e-parent\" data-id=\"ae52d74\" data-element_type=\"container\" data-e-type=\"container\">\n\t\t\t\t\t<div class=\"e-con-inner\">\n\t\t\t\t<div class=\"elementor-element elementor-element-c6553d3 elementor-widget elementor-widget-text-editor\" data-id=\"c6553d3\" data-element_type=\"widget\" data-e-type=\"widget\" data-widget_type=\"text-editor.default\">\n\t\t\t\t<div class=\"elementor-widget-container\">\n\t\t\t\t\t\t\t\t\t<p><img decoding=\"async\" class=\"aligncenter\" src=\"https:\/\/epazoyucan.hidalgo.gob.mx\/images\/ADM25\/ICONOS-2025\/IX.png\" width=\"340\" height=\"104\" \/><\/p>\t\t\t\t\t\t\t\t<\/div>\n\t\t\t\t<\/div>\n\t\t\t\t<div class=\"elementor-element elementor-element-77cfc23 elementor-widget elementor-widget-text-editor\" data-id=\"77cfc23\" data-element_type=\"widget\" data-e-type=\"widget\" data-widget_type=\"text-editor.default\">\n\t\t\t\t<div class=\"elementor-widget-container\">\n\t\t\t\t\t\t\t\t\t<table class=\"tableizer-table\" style=\"max-width: 100%; background-color: #ffffff; font-size: 21px; border-width: 1px; border-color: #cccccc; font-family: Arial, Helvetica, sans-serif; color: #000000; letter-spacing: normal;\" border=\"1\" width=\"100%\" cellspacing=\"0\"><thead><tr class=\"tableizer-firstrow\"><th style=\"background-color: #641913;\"><span style=\"vertical-align: inherit;\"><span dir=\"auto\" style=\"vertical-align: inherit;\">Ejercicio<\/span><\/span><\/th><th style=\"background-color: #641913;\"><span style=\"vertical-align: inherit;\"><span dir=\"auto\" style=\"vertical-align: inherit;\">Ejercicio<\/span><\/span><\/th><th style=\"background-color: #641913;\"><span style=\"vertical-align: inherit;\"><span dir=\"auto\" style=\"vertical-align: inherit;\">Ejercicio<\/span><\/span><\/th><th style=\"background-color: #641913;\"><span style=\"vertical-align: inherit;\"><span dir=\"auto\" style=\"vertical-align: inherit;\">Ejercicio<\/span><\/span><\/th><th style=\"background-color: #641913;\"><span style=\"vertical-align: inherit;\"><span dir=\"auto\" style=\"vertical-align: inherit;\">Ejercicio<\/span><\/span><\/th><th style=\"background-color: #641913;\"><span style=\"vertical-align: inherit;\"><span dir=\"auto\" style=\"vertical-align: inherit;\">Ejercicio<\/span><\/span><\/th><th style=\"background-color: #641913;\"><span style=\"vertical-align: inherit;\"><span dir=\"auto\" style=\"vertical-align: inherit;\">Ejercicio<\/span><\/span><\/th><th style=\"background-color: #641913;\"><span style=\"vertical-align: inherit;\"><span dir=\"auto\" style=\"vertical-align: inherit;\">Ejercicio<\/span><\/span><\/th><\/tr><\/thead><thead><tr class=\"tableizer-firstrow\"><th style=\"background-color: #641913;\"><span style=\"vertical-align: inherit;\"><span dir=\"auto\" style=\"vertical-align: inherit;\">2018<\/span><\/span><\/th><th style=\"background-color: #641913;\"><span style=\"vertical-align: inherit;\"><span dir=\"auto\" style=\"vertical-align: inherit;\">2019<\/span><\/span><\/th><th style=\"background-color: #641913;\"><span style=\"vertical-align: inherit;\"><span dir=\"auto\" style=\"vertical-align: inherit;\">2020<\/span><\/span><\/th><th style=\"background-color: #641913;\"><span style=\"vertical-align: inherit;\"><span dir=\"auto\" style=\"vertical-align: inherit;\">2021<\/span><\/span><\/th><th style=\"background-color: #641913;\"><span style=\"vertical-align: inherit;\"><span dir=\"auto\" style=\"vertical-align: inherit;\">2022<\/span><\/span><\/th><th style=\"background-color: #641913;\"><span style=\"vertical-align: inherit;\"><span dir=\"auto\" style=\"vertical-align: inherit;\">2023<\/span><\/span><\/th><th style=\"background-color: #641913;\"><span style=\"vertical-align: inherit;\"><span dir=\"auto\" style=\"vertical-align: inherit;\">2024<\/span><\/span><\/th><th style=\"background-color: #641913;\"><span style=\"vertical-align: inherit;\"><span dir=\"auto\" style=\"vertical-align: inherit;\">2025<\/span><\/span><\/th><\/tr><\/thead><tbody><tr><td style=\"padding: 4px; margin: 3px; border-width: 1px; border-color: #cccccc;\"><center><span style=\"vertical-align: inherit;\"><span dir=\"auto\" style=\"vertical-align: inherit;\">No se cuenta con registro<\/span><\/span><\/center><\/td><td style=\"padding: 4px; margin: 3px; border-width: 1px; border-color: #cccccc;\"><center><span style=\"vertical-align: inherit;\"><span dir=\"auto\" style=\"vertical-align: inherit;\">No se cuenta con registro<\/span><\/span><\/center><\/td><td style=\"padding: 4px; margin: 3px; border-width: 1px; border-color: #cccccc;\"><center><span style=\"vertical-align: inherit;\"><span dir=\"auto\" style=\"vertical-align: inherit;\">No se cuenta con registro<\/span><\/span><\/center><\/td><td style=\"padding: 4px; margin: 3px; border-width: 1px; border-color: #cccccc;\"><center><span style=\"vertical-align: inherit;\"><span dir=\"auto\" style=\"vertical-align: inherit;\">No se cuenta con registro<\/span><\/span><\/center><\/td><td style=\"padding: 4px; margin: 3px; border-width: 1px; border-color: #cccccc;\"><center><img fetchpriority=\"high\" decoding=\"async\" class=\"alignnone\" style=\"border-width: 0px; border-style: initial;\" src=\"https:\/\/epazoyucan.hidalgo.gob.mx\/images\/LogosTRANSP\/png-transparent-microsoft-excel-computer-icons-microsoft-office-microsoft-word-microsoft-angle-text-rectangle.png\" alt=\"\" width=\"920\" height=\"372\" \/><\/center><\/td><td style=\"padding: 4px; margin: 3px; border-width: 1px; border-color: #cccccc;\"><img fetchpriority=\"high\" decoding=\"async\" class=\"alignnone\" style=\"border-width: 0px; border-style: initial;\" src=\"https:\/\/epazoyucan.hidalgo.gob.mx\/images\/LogosTRANSP\/png-transparent-microsoft-excel-computer-icons-microsoft-office-microsoft-word-microsoft-angle-text-rectangle.png\" alt=\"\" width=\"920\" height=\"372\" \/><\/td><td style=\"padding: 4px; margin: 3px; border-width: 1px; border-color: #cccccc;\"><img fetchpriority=\"high\" decoding=\"async\" class=\"alignnone\" style=\"border-width: 0px; border-style: initial;\" src=\"https:\/\/epazoyucan.hidalgo.gob.mx\/images\/LogosTRANSP\/png-transparent-microsoft-excel-computer-icons-microsoft-office-microsoft-word-microsoft-angle-text-rectangle.png\" alt=\"\" width=\"920\" height=\"372\" \/><\/td><td style=\"padding: 4px; margin: 3px; border-width: 1px; border-color: #cccccc;\"><img fetchpriority=\"high\" decoding=\"async\" class=\"alignnone\" style=\"border-width: 0px; border-style: initial;\" src=\"https:\/\/epazoyucan.hidalgo.gob.mx\/images\/LogosTRANSP\/png-transparent-microsoft-excel-computer-icons-microsoft-office-microsoft-word-microsoft-angle-text-rectangle.png\" alt=\"\" width=\"920\" height=\"372\" \/><\/td><\/tr><\/tbody><\/table>\t\t\t\t\t\t\t\t<\/div>\n\t\t\t\t<\/div>\n\t\t\t\t\t<\/div>\n\t\t\t\t<\/div>\n\t\t\t\t<\/div>\n\t\t","protected":false},"excerpt":{"rendered":"<p>Art\u00edculo IX &#8211; Gastos y Vi\u00e1ticos Los gastos de representaci\u00f3n y vi\u00e1ticos, as\u00ed como el objeto e informe de comisi\u00f3n correspondiente. Ejercicio Ejercicio Ejercicio Ejercicio Ejercicio Ejercicio Ejercicio Ejercicio 2018&hellip;<\/p>\n","protected":false},"author":2,"featured_media":0,"parent":0,"menu_order":0,"comment_status":"closed","ping_status":"closed","template":"","meta":{"footnotes":""},"class_list":["post-1529","page","type-page","status-publish","hentry"],"yoast_head":"<!-- This site is optimized with the Yoast SEO plugin v27.2 - https:\/\/yoast.com\/product\/yoast-seo-wordpress\/ -->\n<title>Gastos y Vi\u00e1ticos -<\/title>\n<meta name=\"robots\" content=\"index, follow, max-snippet:-1, max-image-preview:large, max-video-preview:-1\" \/>\n<link rel=\"canonical\" href=\"https:\/\/ayuntamientotenangodedoria.gob.mx\/index.php\/gastos-y-viaticos\/\" \/>\n<meta property=\"og:locale\" content=\"en_US\" \/>\n<meta property=\"og:type\" content=\"article\" \/>\n<meta property=\"og:title\" content=\"Gastos y Vi\u00e1ticos -\" \/>\n<meta property=\"og:description\" content=\"Art\u00edculo IX &#8211; Gastos y Vi\u00e1ticos Los gastos de representaci\u00f3n y vi\u00e1ticos, as\u00ed como el objeto e informe de comisi\u00f3n correspondiente. Ejercicio Ejercicio Ejercicio Ejercicio Ejercicio Ejercicio Ejercicio Ejercicio 2018&hellip;\" \/>\n<meta property=\"og:url\" content=\"https:\/\/ayuntamientotenangodedoria.gob.mx\/index.php\/gastos-y-viaticos\/\" \/>\n<meta property=\"article:modified_time\" content=\"2025-08-21T02:18:56+00:00\" \/>\n<meta property=\"og:image\" content=\"https:\/\/epazoyucan.hidalgo.gob.mx\/images\/ADM25\/ICONOS-2025\/IX.png\" \/>\n<meta name=\"twitter:card\" content=\"summary_large_image\" \/>\n<meta name=\"twitter:label1\" content=\"Est. reading time\" \/>\n\t<meta name=\"twitter:data1\" content=\"2 minutes\" \/>\n<script type=\"application\/ld+json\" class=\"yoast-schema-graph\">{\"@context\":\"https:\/\/schema.org\",\"@graph\":[{\"@type\":\"WebPage\",\"@id\":\"https:\/\/ayuntamientotenangodedoria.gob.mx\/index.php\/gastos-y-viaticos\/\",\"url\":\"https:\/\/ayuntamientotenangodedoria.gob.mx\/index.php\/gastos-y-viaticos\/\",\"name\":\"Gastos y Vi\u00e1ticos -\",\"isPartOf\":{\"@id\":\"https:\/\/ayuntamientotenangodedoria.gob.mx\/#website\"},\"primaryImageOfPage\":{\"@id\":\"https:\/\/ayuntamientotenangodedoria.gob.mx\/index.php\/gastos-y-viaticos\/#primaryimage\"},\"image\":{\"@id\":\"https:\/\/ayuntamientotenangodedoria.gob.mx\/index.php\/gastos-y-viaticos\/#primaryimage\"},\"thumbnailUrl\":\"https:\/\/epazoyucan.hidalgo.gob.mx\/images\/ADM25\/ICONOS-2025\/IX.png\",\"datePublished\":\"2025-08-19T04:24:21+00:00\",\"dateModified\":\"2025-08-21T02:18:56+00:00\",\"breadcrumb\":{\"@id\":\"https:\/\/ayuntamientotenangodedoria.gob.mx\/index.php\/gastos-y-viaticos\/#breadcrumb\"},\"inLanguage\":\"en-US\",\"potentialAction\":[{\"@type\":\"ReadAction\",\"target\":[\"https:\/\/ayuntamientotenangodedoria.gob.mx\/index.php\/gastos-y-viaticos\/\"]}]},{\"@type\":\"ImageObject\",\"inLanguage\":\"en-US\",\"@id\":\"https:\/\/ayuntamientotenangodedoria.gob.mx\/index.php\/gastos-y-viaticos\/#primaryimage\",\"url\":\"https:\/\/epazoyucan.hidalgo.gob.mx\/images\/ADM25\/ICONOS-2025\/IX.png\",\"contentUrl\":\"https:\/\/epazoyucan.hidalgo.gob.mx\/images\/ADM25\/ICONOS-2025\/IX.png\"},{\"@type\":\"BreadcrumbList\",\"@id\":\"https:\/\/ayuntamientotenangodedoria.gob.mx\/index.php\/gastos-y-viaticos\/#breadcrumb\",\"itemListElement\":[{\"@type\":\"ListItem\",\"position\":1,\"name\":\"Home\",\"item\":\"https:\/\/ayuntamientotenangodedoria.gob.mx\/\"},{\"@type\":\"ListItem\",\"position\":2,\"name\":\"Gastos y Vi\u00e1ticos\"}]},{\"@type\":\"WebSite\",\"@id\":\"https:\/\/ayuntamientotenangodedoria.gob.mx\/#website\",\"url\":\"https:\/\/ayuntamientotenangodedoria.gob.mx\/\",\"name\":\"\",\"description\":\"Transformando con Inclusi\u00f3n e Interculturalidad\",\"potentialAction\":[{\"@type\":\"SearchAction\",\"target\":{\"@type\":\"EntryPoint\",\"urlTemplate\":\"https:\/\/ayuntamientotenangodedoria.gob.mx\/?s={search_term_string}\"},\"query-input\":{\"@type\":\"PropertyValueSpecification\",\"valueRequired\":true,\"valueName\":\"search_term_string\"}}],\"inLanguage\":\"en-US\"}]}<\/script>\n<!-- \/ Yoast SEO plugin. -->","yoast_head_json":{"title":"Gastos y Vi\u00e1ticos -","robots":{"index":"index","follow":"follow","max-snippet":"max-snippet:-1","max-image-preview":"max-image-preview:large","max-video-preview":"max-video-preview:-1"},"canonical":"https:\/\/ayuntamientotenangodedoria.gob.mx\/index.php\/gastos-y-viaticos\/","og_locale":"en_US","og_type":"article","og_title":"Gastos y Vi\u00e1ticos -","og_description":"Art\u00edculo IX &#8211; Gastos y Vi\u00e1ticos Los gastos de representaci\u00f3n y vi\u00e1ticos, as\u00ed como el objeto e informe de comisi\u00f3n correspondiente. Ejercicio Ejercicio Ejercicio Ejercicio Ejercicio Ejercicio Ejercicio Ejercicio 2018&hellip;","og_url":"https:\/\/ayuntamientotenangodedoria.gob.mx\/index.php\/gastos-y-viaticos\/","article_modified_time":"2025-08-21T02:18:56+00:00","og_image":[{"url":"https:\/\/epazoyucan.hidalgo.gob.mx\/images\/ADM25\/ICONOS-2025\/IX.png","type":"","width":"","height":""}],"twitter_card":"summary_large_image","twitter_misc":{"Est. reading time":"2 minutes"},"schema":{"@context":"https:\/\/schema.org","@graph":[{"@type":"WebPage","@id":"https:\/\/ayuntamientotenangodedoria.gob.mx\/index.php\/gastos-y-viaticos\/","url":"https:\/\/ayuntamientotenangodedoria.gob.mx\/index.php\/gastos-y-viaticos\/","name":"Gastos y Vi\u00e1ticos -","isPartOf":{"@id":"https:\/\/ayuntamientotenangodedoria.gob.mx\/#website"},"primaryImageOfPage":{"@id":"https:\/\/ayuntamientotenangodedoria.gob.mx\/index.php\/gastos-y-viaticos\/#primaryimage"},"image":{"@id":"https:\/\/ayuntamientotenangodedoria.gob.mx\/index.php\/gastos-y-viaticos\/#primaryimage"},"thumbnailUrl":"https:\/\/epazoyucan.hidalgo.gob.mx\/images\/ADM25\/ICONOS-2025\/IX.png","datePublished":"2025-08-19T04:24:21+00:00","dateModified":"2025-08-21T02:18:56+00:00","breadcrumb":{"@id":"https:\/\/ayuntamientotenangodedoria.gob.mx\/index.php\/gastos-y-viaticos\/#breadcrumb"},"inLanguage":"en-US","potentialAction":[{"@type":"ReadAction","target":["https:\/\/ayuntamientotenangodedoria.gob.mx\/index.php\/gastos-y-viaticos\/"]}]},{"@type":"ImageObject","inLanguage":"en-US","@id":"https:\/\/ayuntamientotenangodedoria.gob.mx\/index.php\/gastos-y-viaticos\/#primaryimage","url":"https:\/\/epazoyucan.hidalgo.gob.mx\/images\/ADM25\/ICONOS-2025\/IX.png","contentUrl":"https:\/\/epazoyucan.hidalgo.gob.mx\/images\/ADM25\/ICONOS-2025\/IX.png"},{"@type":"BreadcrumbList","@id":"https:\/\/ayuntamientotenangodedoria.gob.mx\/index.php\/gastos-y-viaticos\/#breadcrumb","itemListElement":[{"@type":"ListItem","position":1,"name":"Home","item":"https:\/\/ayuntamientotenangodedoria.gob.mx\/"},{"@type":"ListItem","position":2,"name":"Gastos y Vi\u00e1ticos"}]},{"@type":"WebSite","@id":"https:\/\/ayuntamientotenangodedoria.gob.mx\/#website","url":"https:\/\/ayuntamientotenangodedoria.gob.mx\/","name":"","description":"Transformando con Inclusi\u00f3n e Interculturalidad","potentialAction":[{"@type":"SearchAction","target":{"@type":"EntryPoint","urlTemplate":"https:\/\/ayuntamientotenangodedoria.gob.mx\/?s={search_term_string}"},"query-input":{"@type":"PropertyValueSpecification","valueRequired":true,"valueName":"search_term_string"}}],"inLanguage":"en-US"}]}},"_links":{"self":[{"href":"https:\/\/ayuntamientotenangodedoria.gob.mx\/index.php\/wp-json\/wp\/v2\/pages\/1529","targetHints":{"allow":["GET"]}}],"collection":[{"href":"https:\/\/ayuntamientotenangodedoria.gob.mx\/index.php\/wp-json\/wp\/v2\/pages"}],"about":[{"href":"https:\/\/ayuntamientotenangodedoria.gob.mx\/index.php\/wp-json\/wp\/v2\/types\/page"}],"author":[{"embeddable":true,"href":"https:\/\/ayuntamientotenangodedoria.gob.mx\/index.php\/wp-json\/wp\/v2\/users\/2"}],"replies":[{"embeddable":true,"href":"https:\/\/ayuntamientotenangodedoria.gob.mx\/index.php\/wp-json\/wp\/v2\/comments?post=1529"}],"version-history":[{"count":8,"href":"https:\/\/ayuntamientotenangodedoria.gob.mx\/index.php\/wp-json\/wp\/v2\/pages\/1529\/revisions"}],"predecessor-version":[{"id":1552,"href":"https:\/\/ayuntamientotenangodedoria.gob.mx\/index.php\/wp-json\/wp\/v2\/pages\/1529\/revisions\/1552"}],"wp:attachment":[{"href":"https:\/\/ayuntamientotenangodedoria.gob.mx\/index.php\/wp-json\/wp\/v2\/media?parent=1529"}],"curies":[{"name":"wp","href":"https:\/\/api.w.org\/{rel}","templated":true}]}}