{"id":1611,"date":"2025-08-22T03:03:30","date_gmt":"2025-08-22T03:03:30","guid":{"rendered":"https:\/\/ayuntamientotenangodedoria.gob.mx\/?page_id=1611"},"modified":"2025-08-22T16:35:22","modified_gmt":"2025-08-22T16:35:22","slug":"convocatoria-cargos-publicos","status":"publish","type":"page","link":"https:\/\/ayuntamientotenangodedoria.gob.mx\/index.php\/convocatoria-cargos-publicos\/","title":{"rendered":"Convocatoria Cargos P\u00fablicos"},"content":{"rendered":"\t\t<div data-elementor-type=\"wp-page\" data-elementor-id=\"1611\" class=\"elementor elementor-1611\">\n\t\t\t\t<div class=\"elementor-element elementor-element-8ab236a e-flex e-con-boxed e-con e-parent\" data-id=\"8ab236a\" data-element_type=\"container\" data-e-type=\"container\">\n\t\t\t\t\t<div class=\"e-con-inner\">\n\t\t\t\t<div class=\"elementor-element elementor-element-efebfa4 elementor-widget elementor-widget-heading\" data-id=\"efebfa4\" data-element_type=\"widget\" data-e-type=\"widget\" data-widget_type=\"heading.default\">\n\t\t\t\t<div class=\"elementor-widget-container\">\n\t\t\t\t\t<h2 class=\"elementor-heading-title elementor-size-default\">Convocatoria Cargos P\u00fablicos<\/h2>\t\t\t\t<\/div>\n\t\t\t\t<\/div>\n\t\t\t\t<div class=\"elementor-element elementor-element-616f242 elementor-widget elementor-widget-text-editor\" data-id=\"616f242\" data-element_type=\"widget\" data-e-type=\"widget\" data-widget_type=\"text-editor.default\">\n\t\t\t\t<div class=\"elementor-widget-container\">\n\t\t\t\t\t\t\t\t\t<h5 style=\"text-align: center;\">Las convocatorias a concursos para ocupar cargos p\u00fablicos y los resultados de los mismos<\/h5>\t\t\t\t\t\t\t\t<\/div>\n\t\t\t\t<\/div>\n\t\t\t\t<div class=\"elementor-element elementor-element-6af08fc elementor-widget elementor-widget-text-editor\" data-id=\"6af08fc\" data-element_type=\"widget\" data-e-type=\"widget\" data-widget_type=\"text-editor.default\">\n\t\t\t\t<div class=\"elementor-widget-container\">\n\t\t\t\t\t\t\t\t\t<p><img decoding=\"async\" class=\"aligncenter\" src=\"https:\/\/epazoyucan.hidalgo.gob.mx\/images\/ADM25\/ICONOS-2025\/XIV.png\" width=\"340\" height=\"104\" \/><\/p>\t\t\t\t\t\t\t\t<\/div>\n\t\t\t\t<\/div>\n\t\t\t\t\t<\/div>\n\t\t\t\t<\/div>\n\t\t<div class=\"elementor-element elementor-element-852b058 e-flex e-con-boxed e-con e-parent\" data-id=\"852b058\" data-element_type=\"container\" data-e-type=\"container\">\n\t\t\t\t\t<div class=\"e-con-inner\">\n\t\t\t\t<div class=\"elementor-element elementor-element-4d0e68a elementor-widget elementor-widget-text-editor\" data-id=\"4d0e68a\" data-element_type=\"widget\" data-e-type=\"widget\" data-widget_type=\"text-editor.default\">\n\t\t\t\t<div class=\"elementor-widget-container\">\n\t\t\t\t\t\t\t\t\t<table class=\"tableizer-table\" style=\"max-width: 100%; background-color: #ffffff; font-size: 21px; border-width: 1px; border-color: #cccccc; font-family: Arial, Helvetica, sans-serif; color: #000000; letter-spacing: normal;\" border=\"1\" width=\"100%\" cellspacing=\"0\"><thead><tr class=\"tableizer-firstrow\"><th style=\"background-color: #641913;\"><span style=\"vertical-align: inherit;\"><span dir=\"auto\" style=\"vertical-align: inherit;\"><span dir=\"auto\" style=\"vertical-align: inherit;\"><span dir=\"auto\" style=\"vertical-align: inherit;\">Ejercicio<\/span><\/span><\/span><\/span><\/th><th style=\"background-color: #641913;\"><span style=\"vertical-align: inherit;\"><span dir=\"auto\" style=\"vertical-align: inherit;\"><span dir=\"auto\" style=\"vertical-align: inherit;\"><span dir=\"auto\" style=\"vertical-align: inherit;\">Ejercicio<\/span><\/span><\/span><\/span><\/th><th style=\"background-color: #641913;\"><span style=\"vertical-align: inherit;\"><span dir=\"auto\" style=\"vertical-align: inherit;\"><span dir=\"auto\" style=\"vertical-align: inherit;\"><span dir=\"auto\" style=\"vertical-align: inherit;\">Ejercicio<\/span><\/span><\/span><\/span><\/th><th style=\"background-color: #641913;\"><span style=\"vertical-align: inherit;\"><span dir=\"auto\" style=\"vertical-align: inherit;\"><span dir=\"auto\" style=\"vertical-align: inherit;\"><span dir=\"auto\" style=\"vertical-align: inherit;\">Ejercicio<\/span><\/span><\/span><\/span><\/th><th style=\"background-color: #641913;\"><span style=\"vertical-align: inherit;\"><span dir=\"auto\" style=\"vertical-align: inherit;\"><span dir=\"auto\" style=\"vertical-align: inherit;\"><span dir=\"auto\" style=\"vertical-align: inherit;\">Ejercicio<\/span><\/span><\/span><\/span><\/th><th style=\"background-color: #641913;\"><span style=\"vertical-align: inherit;\"><span dir=\"auto\" style=\"vertical-align: inherit;\"><span dir=\"auto\" style=\"vertical-align: inherit;\"><span dir=\"auto\" style=\"vertical-align: inherit;\">Ejercicio<\/span><\/span><\/span><\/span><\/th><th style=\"background-color: #641913;\"><span style=\"vertical-align: inherit;\"><span dir=\"auto\" style=\"vertical-align: inherit;\"><span dir=\"auto\" style=\"vertical-align: inherit;\"><span dir=\"auto\" style=\"vertical-align: inherit;\">Ejercicio<\/span><\/span><\/span><\/span><\/th><th style=\"background-color: #641913;\"><span style=\"vertical-align: inherit;\"><span dir=\"auto\" style=\"vertical-align: inherit;\"><span dir=\"auto\" style=\"vertical-align: inherit;\"><span dir=\"auto\" style=\"vertical-align: inherit;\">Ejercicio<\/span><\/span><\/span><\/span><\/th><\/tr><\/thead><thead><tr class=\"tableizer-firstrow\"><th style=\"background-color: #641913;\"><span style=\"vertical-align: inherit;\"><span dir=\"auto\" style=\"vertical-align: inherit;\"><span dir=\"auto\" style=\"vertical-align: inherit;\"><span dir=\"auto\" style=\"vertical-align: inherit;\">2018<\/span><\/span><\/span><\/span><\/th><th style=\"background-color: #641913;\"><span style=\"vertical-align: inherit;\"><span dir=\"auto\" style=\"vertical-align: inherit;\"><span dir=\"auto\" style=\"vertical-align: inherit;\"><span dir=\"auto\" style=\"vertical-align: inherit;\">2019<\/span><\/span><\/span><\/span><\/th><th style=\"background-color: #641913;\"><span style=\"vertical-align: inherit;\"><span dir=\"auto\" style=\"vertical-align: inherit;\"><span dir=\"auto\" style=\"vertical-align: inherit;\"><span dir=\"auto\" style=\"vertical-align: inherit;\">2020<\/span><\/span><\/span><\/span><\/th><th style=\"background-color: #641913;\"><span style=\"vertical-align: inherit;\"><span dir=\"auto\" style=\"vertical-align: inherit;\"><span dir=\"auto\" style=\"vertical-align: inherit;\"><span dir=\"auto\" style=\"vertical-align: inherit;\">2021<\/span><\/span><\/span><\/span><\/th><th style=\"background-color: #641913;\"><span style=\"vertical-align: inherit;\"><span dir=\"auto\" style=\"vertical-align: inherit;\"><span dir=\"auto\" style=\"vertical-align: inherit;\"><span dir=\"auto\" style=\"vertical-align: inherit;\">2022<\/span><\/span><\/span><\/span><\/th><th style=\"background-color: #641913;\"><span style=\"vertical-align: inherit;\"><span dir=\"auto\" style=\"vertical-align: inherit;\"><span dir=\"auto\" style=\"vertical-align: inherit;\"><span dir=\"auto\" style=\"vertical-align: inherit;\">2023<\/span><\/span><\/span><\/span><\/th><th style=\"background-color: #641913;\"><span style=\"vertical-align: inherit;\"><span dir=\"auto\" style=\"vertical-align: inherit;\"><span dir=\"auto\" style=\"vertical-align: inherit;\"><span dir=\"auto\" style=\"vertical-align: inherit;\">2024<\/span><\/span><\/span><\/span><\/th><th style=\"background-color: #641913;\"><span style=\"vertical-align: inherit;\"><span dir=\"auto\" style=\"vertical-align: inherit;\"><span dir=\"auto\" style=\"vertical-align: inherit;\"><span dir=\"auto\" style=\"vertical-align: inherit;\">2025<\/span><\/span><\/span><\/span><\/th><\/tr><\/thead><tbody><tr><td style=\"padding: 4px; margin: 3px; border-width: 1px; border-color: #cccccc;\"><center><span style=\"vertical-align: inherit;\"><span dir=\"auto\" style=\"vertical-align: inherit;\"><span dir=\"auto\" style=\"vertical-align: inherit;\"><span dir=\"auto\" style=\"vertical-align: inherit;\">No se cuenta con registro<\/span><\/span><\/span><\/span><\/center><\/td><td style=\"padding: 4px; margin: 3px; border-width: 1px; border-color: #cccccc;\"><center><span style=\"vertical-align: inherit;\"><span dir=\"auto\" style=\"vertical-align: inherit;\"><span dir=\"auto\" style=\"vertical-align: inherit;\"><span dir=\"auto\" style=\"vertical-align: inherit;\">No se cuenta con registro<\/span><\/span><\/span><\/span><\/center><\/td><td style=\"padding: 4px; margin: 3px; border-width: 1px; border-color: #cccccc;\"><center><span style=\"vertical-align: inherit;\"><span dir=\"auto\" style=\"vertical-align: inherit;\"><span dir=\"auto\" style=\"vertical-align: inherit;\"><span dir=\"auto\" style=\"vertical-align: inherit;\">No se cuenta con registro<\/span><\/span><\/span><\/span><\/center><\/td><td style=\"padding: 4px; margin: 3px; border-width: 1px; border-color: #cccccc;\"><center><span style=\"vertical-align: inherit;\"><span dir=\"auto\" style=\"vertical-align: inherit;\"><span dir=\"auto\" style=\"vertical-align: inherit;\"><span dir=\"auto\" style=\"vertical-align: inherit;\">No se cuenta con registro<\/span><\/span><\/span><\/span><\/center><\/td><td style=\"padding: 4px; margin: 3px; border-width: 1px; border-color: #cccccc;\"><center><a href=\"https:\/\/ayuntamientotenangodedoria.gob.mx\/wp-content\/uploads\/2025\/08\/Concursos-para-ocupar-cargos-publicos-2022.xls\" target=\"_blank\" rel=\"noopener\"><img fetchpriority=\"high\" decoding=\"async\" class=\"alignnone\" style=\"border-width: 0px; border-style: initial;\" src=\"https:\/\/epazoyucan.hidalgo.gob.mx\/images\/LogosTRANSP\/png-transparent-microsoft-excel-computer-icons-microsoft-office-microsoft-word-microsoft-angle-text-rectangle.png\" alt=\"\" width=\"920\" height=\"372\" \/><\/a><\/center><\/td><td style=\"padding: 4px; margin: 3px; border-width: 1px; border-color: #cccccc;\"><a href=\"https:\/\/ayuntamientotenangodedoria.gob.mx\/wp-content\/uploads\/2025\/08\/Concursos-para-ocupar-cargos-publicos-2023.xls\" target=\"_blank\" rel=\"noopener\"><img fetchpriority=\"high\" decoding=\"async\" class=\"alignnone\" style=\"border-width: 0px; border-style: initial;\" src=\"https:\/\/epazoyucan.hidalgo.gob.mx\/images\/LogosTRANSP\/png-transparent-microsoft-excel-computer-icons-microsoft-office-microsoft-word-microsoft-angle-text-rectangle.png\" alt=\"\" width=\"920\" height=\"372\" \/><\/a><\/td><td style=\"padding: 4px; margin: 3px; border-width: 1px; border-color: #cccccc;\"><a href=\"https:\/\/ayuntamientotenangodedoria.gob.mx\/wp-content\/uploads\/2025\/08\/Concursos-para-ocupar-cargos-publicos-2024.xlsl\" target=\"_blank\" rel=\"noopener\"><img fetchpriority=\"high\" decoding=\"async\" class=\"alignnone\" style=\"border-width: 0px; border-style: initial;\" src=\"https:\/\/epazoyucan.hidalgo.gob.mx\/images\/LogosTRANSP\/png-transparent-microsoft-excel-computer-icons-microsoft-office-microsoft-word-microsoft-angle-text-rectangle.png\" alt=\"\" width=\"920\" height=\"372\" \/><\/a><\/td><td style=\"padding: 4px; margin: 3px; border-width: 1px; border-color: #cccccc; text-align: center;\"><p><span style=\"vertical-align: inherit;\"><span dir=\"auto\" style=\"vertical-align: inherit;\"><a href=\"https:\/\/ayuntamientotenangodedoria.gob.mx\/wp-content\/uploads\/2025\/08\/Concursos-para-ocupar-cargos-publicos-2025.xls\" target=\"_blank\" rel=\"noopener\"><img fetchpriority=\"high\" decoding=\"async\" class=\"alignnone\" style=\"border-width: 0px; border-style: initial;\" src=\"https:\/\/epazoyucan.hidalgo.gob.mx\/images\/LogosTRANSP\/png-transparent-microsoft-excel-computer-icons-microsoft-office-microsoft-word-microsoft-angle-text-rectangle.png\" alt=\"\" width=\"920\" height=\"372\" \/><\/a><\/span><\/span><\/p><\/td><\/tr><\/tbody><\/table>\t\t\t\t\t\t\t\t<\/div>\n\t\t\t\t<\/div>\n\t\t\t\t\t<\/div>\n\t\t\t\t<\/div>\n\t\t\t\t<\/div>\n\t\t","protected":false},"excerpt":{"rendered":"<p>Convocatoria Cargos P\u00fablicos Las convocatorias a concursos para ocupar cargos p\u00fablicos y los resultados de los mismos Ejercicio Ejercicio Ejercicio Ejercicio Ejercicio Ejercicio Ejercicio Ejercicio 2018 2019 2020 2021 2022&hellip;<\/p>\n","protected":false},"author":2,"featured_media":0,"parent":0,"menu_order":0,"comment_status":"closed","ping_status":"closed","template":"","meta":{"footnotes":""},"class_list":["post-1611","page","type-page","status-publish","hentry"],"yoast_head":"<!-- This site is optimized with the Yoast SEO plugin v27.2 - https:\/\/yoast.com\/product\/yoast-seo-wordpress\/ -->\n<title>Convocatoria Cargos P\u00fablicos -<\/title>\n<meta name=\"robots\" content=\"index, follow, max-snippet:-1, max-image-preview:large, max-video-preview:-1\" \/>\n<link rel=\"canonical\" href=\"https:\/\/ayuntamientotenangodedoria.gob.mx\/index.php\/convocatoria-cargos-publicos\/\" \/>\n<meta property=\"og:locale\" content=\"en_US\" \/>\n<meta property=\"og:type\" content=\"article\" \/>\n<meta property=\"og:title\" content=\"Convocatoria Cargos P\u00fablicos -\" \/>\n<meta property=\"og:description\" content=\"Convocatoria Cargos P\u00fablicos Las convocatorias a concursos para ocupar cargos p\u00fablicos y los resultados de los mismos Ejercicio Ejercicio Ejercicio Ejercicio Ejercicio Ejercicio Ejercicio Ejercicio 2018 2019 2020 2021 2022&hellip;\" \/>\n<meta property=\"og:url\" content=\"https:\/\/ayuntamientotenangodedoria.gob.mx\/index.php\/convocatoria-cargos-publicos\/\" \/>\n<meta property=\"article:modified_time\" content=\"2025-08-22T16:35:22+00:00\" \/>\n<meta property=\"og:image\" content=\"https:\/\/epazoyucan.hidalgo.gob.mx\/images\/ADM25\/ICONOS-2025\/XIV.png\" \/>\n<meta name=\"twitter:card\" content=\"summary_large_image\" \/>\n<meta name=\"twitter:label1\" content=\"Est. reading time\" \/>\n\t<meta name=\"twitter:data1\" content=\"2 minutes\" \/>\n<script type=\"application\/ld+json\" class=\"yoast-schema-graph\">{\"@context\":\"https:\/\/schema.org\",\"@graph\":[{\"@type\":\"WebPage\",\"@id\":\"https:\/\/ayuntamientotenangodedoria.gob.mx\/index.php\/convocatoria-cargos-publicos\/\",\"url\":\"https:\/\/ayuntamientotenangodedoria.gob.mx\/index.php\/convocatoria-cargos-publicos\/\",\"name\":\"Convocatoria Cargos P\u00fablicos -\",\"isPartOf\":{\"@id\":\"https:\/\/ayuntamientotenangodedoria.gob.mx\/#website\"},\"primaryImageOfPage\":{\"@id\":\"https:\/\/ayuntamientotenangodedoria.gob.mx\/index.php\/convocatoria-cargos-publicos\/#primaryimage\"},\"image\":{\"@id\":\"https:\/\/ayuntamientotenangodedoria.gob.mx\/index.php\/convocatoria-cargos-publicos\/#primaryimage\"},\"thumbnailUrl\":\"https:\/\/epazoyucan.hidalgo.gob.mx\/images\/ADM25\/ICONOS-2025\/XIV.png\",\"datePublished\":\"2025-08-22T03:03:30+00:00\",\"dateModified\":\"2025-08-22T16:35:22+00:00\",\"breadcrumb\":{\"@id\":\"https:\/\/ayuntamientotenangodedoria.gob.mx\/index.php\/convocatoria-cargos-publicos\/#breadcrumb\"},\"inLanguage\":\"en-US\",\"potentialAction\":[{\"@type\":\"ReadAction\",\"target\":[\"https:\/\/ayuntamientotenangodedoria.gob.mx\/index.php\/convocatoria-cargos-publicos\/\"]}]},{\"@type\":\"ImageObject\",\"inLanguage\":\"en-US\",\"@id\":\"https:\/\/ayuntamientotenangodedoria.gob.mx\/index.php\/convocatoria-cargos-publicos\/#primaryimage\",\"url\":\"https:\/\/epazoyucan.hidalgo.gob.mx\/images\/ADM25\/ICONOS-2025\/XIV.png\",\"contentUrl\":\"https:\/\/epazoyucan.hidalgo.gob.mx\/images\/ADM25\/ICONOS-2025\/XIV.png\"},{\"@type\":\"BreadcrumbList\",\"@id\":\"https:\/\/ayuntamientotenangodedoria.gob.mx\/index.php\/convocatoria-cargos-publicos\/#breadcrumb\",\"itemListElement\":[{\"@type\":\"ListItem\",\"position\":1,\"name\":\"Home\",\"item\":\"https:\/\/ayuntamientotenangodedoria.gob.mx\/\"},{\"@type\":\"ListItem\",\"position\":2,\"name\":\"Convocatoria Cargos P\u00fablicos\"}]},{\"@type\":\"WebSite\",\"@id\":\"https:\/\/ayuntamientotenangodedoria.gob.mx\/#website\",\"url\":\"https:\/\/ayuntamientotenangodedoria.gob.mx\/\",\"name\":\"\",\"description\":\"Transformando con Inclusi\u00f3n e Interculturalidad\",\"potentialAction\":[{\"@type\":\"SearchAction\",\"target\":{\"@type\":\"EntryPoint\",\"urlTemplate\":\"https:\/\/ayuntamientotenangodedoria.gob.mx\/?s={search_term_string}\"},\"query-input\":{\"@type\":\"PropertyValueSpecification\",\"valueRequired\":true,\"valueName\":\"search_term_string\"}}],\"inLanguage\":\"en-US\"}]}<\/script>\n<!-- \/ Yoast SEO plugin. -->","yoast_head_json":{"title":"Convocatoria Cargos P\u00fablicos -","robots":{"index":"index","follow":"follow","max-snippet":"max-snippet:-1","max-image-preview":"max-image-preview:large","max-video-preview":"max-video-preview:-1"},"canonical":"https:\/\/ayuntamientotenangodedoria.gob.mx\/index.php\/convocatoria-cargos-publicos\/","og_locale":"en_US","og_type":"article","og_title":"Convocatoria Cargos P\u00fablicos -","og_description":"Convocatoria Cargos P\u00fablicos Las convocatorias a concursos para ocupar cargos p\u00fablicos y los resultados de los mismos Ejercicio Ejercicio Ejercicio Ejercicio Ejercicio Ejercicio Ejercicio Ejercicio 2018 2019 2020 2021 2022&hellip;","og_url":"https:\/\/ayuntamientotenangodedoria.gob.mx\/index.php\/convocatoria-cargos-publicos\/","article_modified_time":"2025-08-22T16:35:22+00:00","og_image":[{"url":"https:\/\/epazoyucan.hidalgo.gob.mx\/images\/ADM25\/ICONOS-2025\/XIV.png","type":"","width":"","height":""}],"twitter_card":"summary_large_image","twitter_misc":{"Est. reading time":"2 minutes"},"schema":{"@context":"https:\/\/schema.org","@graph":[{"@type":"WebPage","@id":"https:\/\/ayuntamientotenangodedoria.gob.mx\/index.php\/convocatoria-cargos-publicos\/","url":"https:\/\/ayuntamientotenangodedoria.gob.mx\/index.php\/convocatoria-cargos-publicos\/","name":"Convocatoria Cargos P\u00fablicos -","isPartOf":{"@id":"https:\/\/ayuntamientotenangodedoria.gob.mx\/#website"},"primaryImageOfPage":{"@id":"https:\/\/ayuntamientotenangodedoria.gob.mx\/index.php\/convocatoria-cargos-publicos\/#primaryimage"},"image":{"@id":"https:\/\/ayuntamientotenangodedoria.gob.mx\/index.php\/convocatoria-cargos-publicos\/#primaryimage"},"thumbnailUrl":"https:\/\/epazoyucan.hidalgo.gob.mx\/images\/ADM25\/ICONOS-2025\/XIV.png","datePublished":"2025-08-22T03:03:30+00:00","dateModified":"2025-08-22T16:35:22+00:00","breadcrumb":{"@id":"https:\/\/ayuntamientotenangodedoria.gob.mx\/index.php\/convocatoria-cargos-publicos\/#breadcrumb"},"inLanguage":"en-US","potentialAction":[{"@type":"ReadAction","target":["https:\/\/ayuntamientotenangodedoria.gob.mx\/index.php\/convocatoria-cargos-publicos\/"]}]},{"@type":"ImageObject","inLanguage":"en-US","@id":"https:\/\/ayuntamientotenangodedoria.gob.mx\/index.php\/convocatoria-cargos-publicos\/#primaryimage","url":"https:\/\/epazoyucan.hidalgo.gob.mx\/images\/ADM25\/ICONOS-2025\/XIV.png","contentUrl":"https:\/\/epazoyucan.hidalgo.gob.mx\/images\/ADM25\/ICONOS-2025\/XIV.png"},{"@type":"BreadcrumbList","@id":"https:\/\/ayuntamientotenangodedoria.gob.mx\/index.php\/convocatoria-cargos-publicos\/#breadcrumb","itemListElement":[{"@type":"ListItem","position":1,"name":"Home","item":"https:\/\/ayuntamientotenangodedoria.gob.mx\/"},{"@type":"ListItem","position":2,"name":"Convocatoria Cargos P\u00fablicos"}]},{"@type":"WebSite","@id":"https:\/\/ayuntamientotenangodedoria.gob.mx\/#website","url":"https:\/\/ayuntamientotenangodedoria.gob.mx\/","name":"","description":"Transformando con Inclusi\u00f3n e Interculturalidad","potentialAction":[{"@type":"SearchAction","target":{"@type":"EntryPoint","urlTemplate":"https:\/\/ayuntamientotenangodedoria.gob.mx\/?s={search_term_string}"},"query-input":{"@type":"PropertyValueSpecification","valueRequired":true,"valueName":"search_term_string"}}],"inLanguage":"en-US"}]}},"_links":{"self":[{"href":"https:\/\/ayuntamientotenangodedoria.gob.mx\/index.php\/wp-json\/wp\/v2\/pages\/1611","targetHints":{"allow":["GET"]}}],"collection":[{"href":"https:\/\/ayuntamientotenangodedoria.gob.mx\/index.php\/wp-json\/wp\/v2\/pages"}],"about":[{"href":"https:\/\/ayuntamientotenangodedoria.gob.mx\/index.php\/wp-json\/wp\/v2\/types\/page"}],"author":[{"embeddable":true,"href":"https:\/\/ayuntamientotenangodedoria.gob.mx\/index.php\/wp-json\/wp\/v2\/users\/2"}],"replies":[{"embeddable":true,"href":"https:\/\/ayuntamientotenangodedoria.gob.mx\/index.php\/wp-json\/wp\/v2\/comments?post=1611"}],"version-history":[{"count":4,"href":"https:\/\/ayuntamientotenangodedoria.gob.mx\/index.php\/wp-json\/wp\/v2\/pages\/1611\/revisions"}],"predecessor-version":[{"id":1628,"href":"https:\/\/ayuntamientotenangodedoria.gob.mx\/index.php\/wp-json\/wp\/v2\/pages\/1611\/revisions\/1628"}],"wp:attachment":[{"href":"https:\/\/ayuntamientotenangodedoria.gob.mx\/index.php\/wp-json\/wp\/v2\/media?parent=1611"}],"curies":[{"name":"wp","href":"https:\/\/api.w.org\/{rel}","templated":true}]}}