{"id":1630,"date":"2025-08-22T16:41:15","date_gmt":"2025-08-22T16:41:15","guid":{"rendered":"https:\/\/ayuntamientotenangodedoria.gob.mx\/?page_id=1630"},"modified":"2025-11-27T02:53:59","modified_gmt":"2025-11-27T02:53:59","slug":"programas-2","status":"publish","type":"page","link":"https:\/\/ayuntamientotenangodedoria.gob.mx\/index.php\/programas-2\/","title":{"rendered":"Programas"},"content":{"rendered":"\t\t<div data-elementor-type=\"wp-page\" data-elementor-id=\"1630\" class=\"elementor elementor-1630\">\n\t\t\t\t<div class=\"elementor-element elementor-element-2f1aa31 e-flex e-con-boxed e-con e-parent\" data-id=\"2f1aa31\" data-element_type=\"container\" data-e-type=\"container\">\n\t\t\t\t\t<div class=\"e-con-inner\">\n\t\t\t\t<div class=\"elementor-element elementor-element-328d24e elementor-widget elementor-widget-heading\" data-id=\"328d24e\" data-element_type=\"widget\" data-e-type=\"widget\" data-widget_type=\"heading.default\">\n\t\t\t\t<div class=\"elementor-widget-container\">\n\t\t\t\t\t<h2 class=\"elementor-heading-title elementor-size-default\">Programas Ofrecidos<\/h2>\t\t\t\t<\/div>\n\t\t\t\t<\/div>\n\t\t\t\t<div class=\"elementor-element elementor-element-54d9909 elementor-widget elementor-widget-text-editor\" data-id=\"54d9909\" data-element_type=\"widget\" data-e-type=\"widget\" data-widget_type=\"text-editor.default\">\n\t\t\t\t<div class=\"elementor-widget-container\">\n\t\t\t\t\t\t\t\t\t<h5 style=\"text-align: center;\"><span dir=\"auto\" style=\"vertical-align: inherit;\"><span dir=\"auto\" style=\"vertical-align: inherit;\">La informaci\u00f3n de los programas de subsidios, est\u00edmulos y apoyos, en el que se deber\u00e1 informar respecto de los programas de transferencia, de servicios, de infraestructura social y de subsidio, en los que se deber\u00e1 contener lo siguiente:<\/span><\/span><\/h5>\t\t\t\t\t\t\t\t<\/div>\n\t\t\t\t<\/div>\n\t\t\t\t<div class=\"elementor-element elementor-element-ede2171 elementor-widget elementor-widget-text-editor\" data-id=\"ede2171\" data-element_type=\"widget\" data-e-type=\"widget\" data-widget_type=\"text-editor.default\">\n\t\t\t\t<div class=\"elementor-widget-container\">\n\t\t\t\t\t\t\t\t\t<p><span dir=\"auto\" style=\"vertical-align: inherit;\"><span dir=\"auto\" style=\"vertical-align: inherit;\"><img decoding=\"async\" class=\"aligncenter\" src=\"https:\/\/epazoyucan.hidalgo.gob.mx\/images\/ADM25\/ICONOS-2025\/XV.png\" width=\"340\" height=\"104\" \/><\/span><\/span><\/p>\t\t\t\t\t\t\t\t<\/div>\n\t\t\t\t<\/div>\n\t\t\t\t<div class=\"elementor-element elementor-element-ce8f98e elementor-widget elementor-widget-text-editor\" data-id=\"ce8f98e\" data-element_type=\"widget\" data-e-type=\"widget\" data-widget_type=\"text-editor.default\">\n\t\t\t\t<div class=\"elementor-widget-container\">\n\t\t\t\t\t\t\t\t\t<table style=\"max-width: 100%; background-color: #ffffff; font-size: 21px; border-width: 1px; border-color: #cccccc; font-family: Arial, Helvetica, sans-serif; color: #000000; letter-spacing: normal; text-align: center;\" border=\"1\" width=\"100%\" cellspacing=\"0\"><thead><tr><th style=\"background-color: #641913;\" colspan=\"2\"><span dir=\"auto\" style=\"vertical-align: inherit;\"><span dir=\"auto\" style=\"vertical-align: inherit;\">Ejercicio<\/span><\/span><\/th><th style=\"background-color: #641913;\" colspan=\"2\"><span dir=\"auto\" style=\"vertical-align: inherit;\"><span dir=\"auto\" style=\"vertical-align: inherit;\">Ejercicio<\/span><\/span><\/th><th style=\"background-color: #641913;\" colspan=\"2\"><span dir=\"auto\" style=\"vertical-align: inherit;\"><span dir=\"auto\" style=\"vertical-align: inherit;\">Ejercicio<\/span><\/span><\/th><th style=\"background-color: #641913;\" colspan=\"2\"><span dir=\"auto\" style=\"vertical-align: inherit;\"><span dir=\"auto\" style=\"vertical-align: inherit;\">Ejercicio<\/span><\/span><\/th><th style=\"background-color: #641913;\" colspan=\"2\"><span dir=\"auto\" style=\"vertical-align: inherit;\"><span dir=\"auto\" style=\"vertical-align: inherit;\">Ejercicio<\/span><\/span><\/th><th style=\"background-color: #641913;\" colspan=\"2\"><span dir=\"auto\" style=\"vertical-align: inherit;\"><span dir=\"auto\" style=\"vertical-align: inherit;\">Ejercicio<\/span><\/span><\/th><th style=\"background-color: #641913;\" colspan=\"2\"><span dir=\"auto\" style=\"vertical-align: inherit;\"><span dir=\"auto\" style=\"vertical-align: inherit;\">Ejercicio<\/span><\/span><\/th><th style=\"background-color: #641913;\" colspan=\"2\"><span dir=\"auto\" style=\"vertical-align: inherit;\"><span dir=\"auto\" style=\"vertical-align: inherit;\">Ejercicio<\/span><\/span><\/th><\/tr><\/thead><thead><tr><td style=\"padding: 4px; margin: 3px; border-width: 1px; border-color: #cccccc;\" colspan=\"2\"><span dir=\"auto\" style=\"vertical-align: inherit;\"><span dir=\"auto\" style=\"vertical-align: inherit;\">2018<\/span><\/span><\/td><td style=\"padding: 4px; margin: 3px; border-width: 1px; border-color: #cccccc;\" colspan=\"2\"><span dir=\"auto\" style=\"vertical-align: inherit;\"><span dir=\"auto\" style=\"vertical-align: inherit;\">2019<\/span><\/span><\/td><td style=\"padding: 4px; margin: 3px; border-width: 1px; border-color: #cccccc;\" colspan=\"2\"><span dir=\"auto\" style=\"vertical-align: inherit;\"><span dir=\"auto\" style=\"vertical-align: inherit;\">2020<\/span><\/span><\/td><td style=\"padding: 4px; margin: 3px; border-width: 1px; border-color: #cccccc;\" colspan=\"2\"><span dir=\"auto\" style=\"vertical-align: inherit;\"><span dir=\"auto\" style=\"vertical-align: inherit;\">2021<\/span><\/span><\/td><td style=\"padding: 4px; margin: 3px; border-width: 1px; border-color: #cccccc;\" colspan=\"2\"><span dir=\"auto\" style=\"vertical-align: inherit;\"><span dir=\"auto\" style=\"vertical-align: inherit;\">2022<\/span><\/span><\/td><td style=\"padding: 4px; margin: 3px; border-width: 1px; border-color: #cccccc;\" colspan=\"2\"><span dir=\"auto\" style=\"vertical-align: inherit;\"><span dir=\"auto\" style=\"vertical-align: inherit;\">2023<\/span><\/span><\/td><td style=\"padding: 4px; margin: 3px; border-width: 1px; border-color: #cccccc;\" colspan=\"2\"><span dir=\"auto\" style=\"vertical-align: inherit;\"><span dir=\"auto\" style=\"vertical-align: inherit;\">2024<\/span><\/span><\/td><td style=\"padding: 4px; margin: 3px; border-width: 1px; border-color: #cccccc;\" colspan=\"2\"><span dir=\"auto\" style=\"vertical-align: inherit;\"><span dir=\"auto\" style=\"vertical-align: inherit;\">2025<\/span><\/span><\/td><\/tr><\/thead><tbody><tr><td style=\"padding: 4px; margin: 3px; border-width: 1px; border-color: #cccccc;\"><span dir=\"auto\" style=\"vertical-align: inherit;\"><span dir=\"auto\" style=\"vertical-align: inherit;\">a)<\/span><\/span><center><span dir=\"auto\" style=\"vertical-align: inherit;\"><span dir=\"auto\" style=\"vertical-align: inherit;\">Sin datos<\/span><\/span><\/center><\/td><td style=\"padding: 4px; margin: 3px; border-width: 1px; border-color: #cccccc;\"><span dir=\"auto\" style=\"vertical-align: inherit;\"><span dir=\"auto\" style=\"vertical-align: inherit;\">b)<\/span><\/span><center><span dir=\"auto\" style=\"vertical-align: inherit;\"><span dir=\"auto\" style=\"vertical-align: inherit;\">Sin datos<\/span><\/span><\/center><\/td><td style=\"padding: 4px; margin: 3px; border-width: 1px; border-color: #cccccc;\"><span dir=\"auto\" style=\"vertical-align: inherit;\"><span dir=\"auto\" style=\"vertical-align: inherit;\">a)<\/span><\/span><center><span dir=\"auto\" style=\"vertical-align: inherit;\"><span dir=\"auto\" style=\"vertical-align: inherit;\">Sin datos<\/span><\/span><\/center><\/td><td style=\"padding: 4px; margin: 3px; border-width: 1px; border-color: #cccccc;\"><span dir=\"auto\" style=\"vertical-align: inherit;\"><span dir=\"auto\" style=\"vertical-align: inherit;\">b)<\/span><\/span><center><span dir=\"auto\" style=\"vertical-align: inherit;\"><span dir=\"auto\" style=\"vertical-align: inherit;\">Sin datos<\/span><\/span><\/center><\/td><td style=\"padding: 4px; margin: 3px; border-width: 1px; border-color: #cccccc;\"><span dir=\"auto\" style=\"vertical-align: inherit;\"><span dir=\"auto\" style=\"vertical-align: inherit;\">a)<\/span><\/span><center><a href=\"https:\/\/ayuntamientotenangodedoria.gob.mx\/wp-content\/uploads\/2025\/08\/Programas-sociales-2020.xls\" target=\"_blank\" rel=\"noopener\"><img fetchpriority=\"high\" decoding=\"async\" class=\"alignnone\" style=\"border-width: 0px; border-style: initial;\" src=\"https:\/\/epazoyucan.hidalgo.gob.mx\/images\/LogosTRANSP\/png-transparent-microsoft-excel-computer-icons-microsoft-office-microsoft-word-microsoft-angle-text-rectangle.png\" alt=\"\" width=\"920\" height=\"372\" \/><\/a><\/center><\/td><td style=\"padding: 4px; margin: 3px; border-width: 1px; border-color: #cccccc;\"><span dir=\"auto\" style=\"vertical-align: inherit;\"><span dir=\"auto\" style=\"vertical-align: inherit;\">b)<\/span><\/span><center><a href=\"https:\/\/ayuntamientotenangodedoria.gob.mx\/wp-content\/uploads\/2025\/08\/Padron-de-personas-beneficiarias-2020.xls\" target=\"_blank\" rel=\"noopener\"><img fetchpriority=\"high\" decoding=\"async\" class=\"alignnone\" style=\"border-width: 0px; border-style: initial;\" src=\"https:\/\/epazoyucan.hidalgo.gob.mx\/images\/LogosTRANSP\/png-transparent-microsoft-excel-computer-icons-microsoft-office-microsoft-word-microsoft-angle-text-rectangle.png\" alt=\"\" width=\"920\" height=\"372\" \/><\/a><\/center><\/td><td style=\"padding: 4px; margin: 3px; border-width: 1px; border-color: #cccccc;\"><span dir=\"auto\" style=\"vertical-align: inherit;\"><span dir=\"auto\" style=\"vertical-align: inherit;\">a)<\/span><\/span><center><a href=\"https:\/\/ayuntamientotenangodedoria.gob.mx\/wp-content\/uploads\/2025\/08\/Programas-sociales-2021.xls\" target=\"_blank\" rel=\"noopener\"><img fetchpriority=\"high\" decoding=\"async\" class=\"alignnone\" style=\"border-width: 0px; border-style: initial;\" src=\"https:\/\/epazoyucan.hidalgo.gob.mx\/images\/LogosTRANSP\/png-transparent-microsoft-excel-computer-icons-microsoft-office-microsoft-word-microsoft-angle-text-rectangle.png\" alt=\"\" width=\"920\" height=\"372\" \/><\/a><\/center><\/td><td style=\"padding: 4px; margin: 3px; border-width: 1px; border-color: #cccccc;\"><span dir=\"auto\" style=\"vertical-align: inherit;\"><span dir=\"auto\" style=\"vertical-align: inherit;\">b)<\/span><\/span><center><a href=\"https:\/\/ayuntamientotenangodedoria.gob.mx\/wp-content\/uploads\/2025\/08\/Padron-de-personas-beneficiarias-2021.xls\" target=\"_blank\" rel=\"noopener\"><img fetchpriority=\"high\" decoding=\"async\" class=\"alignnone\" style=\"border-width: 0px; border-style: initial;\" src=\"https:\/\/epazoyucan.hidalgo.gob.mx\/images\/LogosTRANSP\/png-transparent-microsoft-excel-computer-icons-microsoft-office-microsoft-word-microsoft-angle-text-rectangle.png\" alt=\"\" width=\"920\" height=\"372\" \/><\/a><\/center><\/td><td style=\"padding: 4px; margin: 3px; border-width: 1px; border-color: #cccccc;\"><span dir=\"auto\" style=\"vertical-align: inherit;\"><span dir=\"auto\" style=\"vertical-align: inherit;\">a)<\/span><\/span><center><a href=\"https:\/\/ayuntamientotenangodedoria.gob.mx\/wp-content\/uploads\/2025\/08\/Programas-sociales-2022.xls\" target=\"_blank\" rel=\"noopener\"><img fetchpriority=\"high\" decoding=\"async\" class=\"alignnone\" style=\"border-width: 0px; border-style: initial;\" src=\"https:\/\/epazoyucan.hidalgo.gob.mx\/images\/LogosTRANSP\/png-transparent-microsoft-excel-computer-icons-microsoft-office-microsoft-word-microsoft-angle-text-rectangle.png\" alt=\"\" width=\"920\" height=\"372\" \/><\/a><\/center><\/td><td style=\"padding: 4px; margin: 3px; border-width: 1px; border-color: #cccccc;\"><span dir=\"auto\" style=\"vertical-align: inherit;\"><span dir=\"auto\" style=\"vertical-align: inherit;\">b)<\/span><\/span><center><a href=\"https:\/\/ayuntamientotenangodedoria.gob.mx\/wp-content\/uploads\/2025\/08\/Padron-de-personas-beneficiarias-2022.xls\" target=\"_blank\" rel=\"noopener\"><img fetchpriority=\"high\" decoding=\"async\" class=\"alignnone\" style=\"border-width: 0px; border-style: initial;\" src=\"https:\/\/epazoyucan.hidalgo.gob.mx\/images\/LogosTRANSP\/png-transparent-microsoft-excel-computer-icons-microsoft-office-microsoft-word-microsoft-angle-text-rectangle.png\" alt=\"\" width=\"920\" height=\"372\" \/><\/a><\/center><\/td><td style=\"padding: 4px; margin: 3px; border-width: 1px; border-color: #cccccc;\"><span dir=\"auto\" style=\"vertical-align: inherit;\"><span dir=\"auto\" style=\"vertical-align: inherit;\">a)<\/span><\/span><center><a href=\"https:\/\/ayuntamientotenangodedoria.gob.mx\/wp-content\/uploads\/2025\/08\/Programas-sociales-2023.xls\"><img fetchpriority=\"high\" decoding=\"async\" class=\"alignnone\" style=\"border-width: 0px; border-style: initial;\" src=\"https:\/\/epazoyucan.hidalgo.gob.mx\/images\/LogosTRANSP\/png-transparent-microsoft-excel-computer-icons-microsoft-office-microsoft-word-microsoft-angle-text-rectangle.png\" alt=\"\" width=\"920\" height=\"372\" \/><\/a><\/center><\/td><td style=\"padding: 4px; margin: 3px; border-width: 1px; border-color: #cccccc;\"><span dir=\"auto\" style=\"vertical-align: inherit;\"><span dir=\"auto\" style=\"vertical-align: inherit;\">b)<\/span><\/span><center><a href=\"https:\/\/ayuntamientotenangodedoria.gob.mx\/wp-content\/uploads\/2025\/08\/Padron-de-personas-beneficiarias-2023.xls\"><img fetchpriority=\"high\" decoding=\"async\" class=\"alignnone\" style=\"border-width: 0px; border-style: initial;\" src=\"https:\/\/epazoyucan.hidalgo.gob.mx\/images\/LogosTRANSP\/png-transparent-microsoft-excel-computer-icons-microsoft-office-microsoft-word-microsoft-angle-text-rectangle.png\" alt=\"\" width=\"920\" height=\"372\" \/><\/a><\/center><\/td><td style=\"padding: 4px; margin: 3px; border-width: 1px; border-color: #cccccc;\"><span dir=\"auto\" style=\"vertical-align: inherit;\"><span dir=\"auto\" style=\"vertical-align: inherit;\">a)<\/span><\/span><center><a href=\"https:\/\/ayuntamientotenangodedoria.gob.mx\/wp-content\/uploads\/2025\/08\/Programas-sociales-2024.xls\"><img fetchpriority=\"high\" decoding=\"async\" class=\"alignnone\" style=\"border-width: 0px; border-style: initial;\" src=\"https:\/\/epazoyucan.hidalgo.gob.mx\/images\/LogosTRANSP\/png-transparent-microsoft-excel-computer-icons-microsoft-office-microsoft-word-microsoft-angle-text-rectangle.png\" alt=\"\" width=\"920\" height=\"372\" \/><\/a><\/center><\/td><td style=\"padding: 4px; margin: 3px; border-width: 1px; border-color: #cccccc;\"><span dir=\"auto\" style=\"vertical-align: inherit;\"><span dir=\"auto\" style=\"vertical-align: inherit;\">b)<\/span><\/span><center><a href=\"https:\/\/ayuntamientotenangodedoria.gob.mx\/wp-content\/uploads\/2025\/08\/Padron-de-personas-beneficiarias-2024.xls\" target=\"_blank\" rel=\"noopener\"><img fetchpriority=\"high\" decoding=\"async\" class=\"alignnone\" style=\"border-width: 0px; border-style: initial;\" src=\"https:\/\/epazoyucan.hidalgo.gob.mx\/images\/LogosTRANSP\/png-transparent-microsoft-excel-computer-icons-microsoft-office-microsoft-word-microsoft-angle-text-rectangle.png\" alt=\"\" width=\"920\" height=\"372\" \/><\/a><\/center><\/td><td style=\"padding: 4px; margin: 3px; border-width: 1px; border-color: #cccccc;\"><span dir=\"auto\" style=\"vertical-align: inherit;\"><span dir=\"auto\" style=\"vertical-align: inherit;\">a)<\/span><\/span><center><a href=\"https:\/\/ayuntamientotenangodedoria.gob.mx\/wp-content\/uploads\/2025\/11\/Programas-sociales-2025.xls\"><img fetchpriority=\"high\" decoding=\"async\" class=\"alignnone\" style=\"border-width: 0px; border-style: initial;\" src=\"https:\/\/epazoyucan.hidalgo.gob.mx\/images\/LogosTRANSP\/png-transparent-microsoft-excel-computer-icons-microsoft-office-microsoft-word-microsoft-angle-text-rectangle.png\" alt=\"\" width=\"920\" height=\"372\" \/><\/a><\/center><\/td><td style=\"padding: 4px; margin: 3px; border-width: 1px; border-color: #cccccc;\"><span dir=\"auto\" style=\"vertical-align: inherit;\"><span dir=\"auto\" style=\"vertical-align: inherit;\">b)<\/span><\/span><center><a href=\"https:\/\/ayuntamientotenangodedoria.gob.mx\/wp-content\/uploads\/2025\/11\/Padron-de-personas-beneficiarias-2025.xls\"><img fetchpriority=\"high\" decoding=\"async\" class=\"alignnone\" style=\"border-width: 0px; border-style: initial;\" src=\"https:\/\/epazoyucan.hidalgo.gob.mx\/images\/LogosTRANSP\/png-transparent-microsoft-excel-computer-icons-microsoft-office-microsoft-word-microsoft-angle-text-rectangle.png\" alt=\"\" width=\"920\" height=\"372\" \/><\/a><\/center><\/td><\/tr><\/tbody><\/table>\t\t\t\t\t\t\t\t<\/div>\n\t\t\t\t<\/div>\n\t\t\t\t\t<\/div>\n\t\t\t\t<\/div>\n\t\t\t\t<\/div>\n\t\t","protected":false},"excerpt":{"rendered":"<p>Programas Ofrecidos La informaci\u00f3n de los programas de subsidios, est\u00edmulos y apoyos, en el que se deber\u00e1 informar respecto de los programas de transferencia, de servicios, de infraestructura social y&hellip;<\/p>\n","protected":false},"author":2,"featured_media":0,"parent":0,"menu_order":0,"comment_status":"closed","ping_status":"closed","template":"","meta":{"footnotes":""},"class_list":["post-1630","page","type-page","status-publish","hentry"],"yoast_head":"<!-- This site is optimized with the Yoast SEO plugin v27.2 - https:\/\/yoast.com\/product\/yoast-seo-wordpress\/ -->\n<title>Programas -<\/title>\n<meta name=\"robots\" content=\"index, follow, max-snippet:-1, max-image-preview:large, max-video-preview:-1\" \/>\n<link rel=\"canonical\" href=\"https:\/\/ayuntamientotenangodedoria.gob.mx\/index.php\/programas-2\/\" \/>\n<meta property=\"og:locale\" content=\"en_US\" \/>\n<meta property=\"og:type\" content=\"article\" \/>\n<meta property=\"og:title\" content=\"Programas -\" \/>\n<meta property=\"og:description\" content=\"Programas Ofrecidos La informaci\u00f3n de los programas de subsidios, est\u00edmulos y apoyos, en el que se deber\u00e1 informar respecto de los programas de transferencia, de servicios, de infraestructura social y&hellip;\" \/>\n<meta property=\"og:url\" content=\"https:\/\/ayuntamientotenangodedoria.gob.mx\/index.php\/programas-2\/\" \/>\n<meta property=\"article:modified_time\" content=\"2025-11-27T02:53:59+00:00\" \/>\n<meta property=\"og:image\" content=\"https:\/\/epazoyucan.hidalgo.gob.mx\/images\/ADM25\/ICONOS-2025\/XV.png\" \/>\n<meta name=\"twitter:card\" content=\"summary_large_image\" \/>\n<meta name=\"twitter:label1\" content=\"Est. reading time\" \/>\n\t<meta name=\"twitter:data1\" content=\"3 minutes\" \/>\n<script type=\"application\/ld+json\" class=\"yoast-schema-graph\">{\"@context\":\"https:\/\/schema.org\",\"@graph\":[{\"@type\":\"WebPage\",\"@id\":\"https:\/\/ayuntamientotenangodedoria.gob.mx\/index.php\/programas-2\/\",\"url\":\"https:\/\/ayuntamientotenangodedoria.gob.mx\/index.php\/programas-2\/\",\"name\":\"Programas -\",\"isPartOf\":{\"@id\":\"https:\/\/ayuntamientotenangodedoria.gob.mx\/#website\"},\"primaryImageOfPage\":{\"@id\":\"https:\/\/ayuntamientotenangodedoria.gob.mx\/index.php\/programas-2\/#primaryimage\"},\"image\":{\"@id\":\"https:\/\/ayuntamientotenangodedoria.gob.mx\/index.php\/programas-2\/#primaryimage\"},\"thumbnailUrl\":\"https:\/\/epazoyucan.hidalgo.gob.mx\/images\/ADM25\/ICONOS-2025\/XV.png\",\"datePublished\":\"2025-08-22T16:41:15+00:00\",\"dateModified\":\"2025-11-27T02:53:59+00:00\",\"breadcrumb\":{\"@id\":\"https:\/\/ayuntamientotenangodedoria.gob.mx\/index.php\/programas-2\/#breadcrumb\"},\"inLanguage\":\"en-US\",\"potentialAction\":[{\"@type\":\"ReadAction\",\"target\":[\"https:\/\/ayuntamientotenangodedoria.gob.mx\/index.php\/programas-2\/\"]}]},{\"@type\":\"ImageObject\",\"inLanguage\":\"en-US\",\"@id\":\"https:\/\/ayuntamientotenangodedoria.gob.mx\/index.php\/programas-2\/#primaryimage\",\"url\":\"https:\/\/epazoyucan.hidalgo.gob.mx\/images\/ADM25\/ICONOS-2025\/XV.png\",\"contentUrl\":\"https:\/\/epazoyucan.hidalgo.gob.mx\/images\/ADM25\/ICONOS-2025\/XV.png\"},{\"@type\":\"BreadcrumbList\",\"@id\":\"https:\/\/ayuntamientotenangodedoria.gob.mx\/index.php\/programas-2\/#breadcrumb\",\"itemListElement\":[{\"@type\":\"ListItem\",\"position\":1,\"name\":\"Home\",\"item\":\"https:\/\/ayuntamientotenangodedoria.gob.mx\/\"},{\"@type\":\"ListItem\",\"position\":2,\"name\":\"Programas\"}]},{\"@type\":\"WebSite\",\"@id\":\"https:\/\/ayuntamientotenangodedoria.gob.mx\/#website\",\"url\":\"https:\/\/ayuntamientotenangodedoria.gob.mx\/\",\"name\":\"\",\"description\":\"Transformando con Inclusi\u00f3n e Interculturalidad\",\"potentialAction\":[{\"@type\":\"SearchAction\",\"target\":{\"@type\":\"EntryPoint\",\"urlTemplate\":\"https:\/\/ayuntamientotenangodedoria.gob.mx\/?s={search_term_string}\"},\"query-input\":{\"@type\":\"PropertyValueSpecification\",\"valueRequired\":true,\"valueName\":\"search_term_string\"}}],\"inLanguage\":\"en-US\"}]}<\/script>\n<!-- \/ Yoast SEO plugin. -->","yoast_head_json":{"title":"Programas -","robots":{"index":"index","follow":"follow","max-snippet":"max-snippet:-1","max-image-preview":"max-image-preview:large","max-video-preview":"max-video-preview:-1"},"canonical":"https:\/\/ayuntamientotenangodedoria.gob.mx\/index.php\/programas-2\/","og_locale":"en_US","og_type":"article","og_title":"Programas -","og_description":"Programas Ofrecidos La informaci\u00f3n de los programas de subsidios, est\u00edmulos y apoyos, en el que se deber\u00e1 informar respecto de los programas de transferencia, de servicios, de infraestructura social y&hellip;","og_url":"https:\/\/ayuntamientotenangodedoria.gob.mx\/index.php\/programas-2\/","article_modified_time":"2025-11-27T02:53:59+00:00","og_image":[{"url":"https:\/\/epazoyucan.hidalgo.gob.mx\/images\/ADM25\/ICONOS-2025\/XV.png","type":"","width":"","height":""}],"twitter_card":"summary_large_image","twitter_misc":{"Est. reading time":"3 minutes"},"schema":{"@context":"https:\/\/schema.org","@graph":[{"@type":"WebPage","@id":"https:\/\/ayuntamientotenangodedoria.gob.mx\/index.php\/programas-2\/","url":"https:\/\/ayuntamientotenangodedoria.gob.mx\/index.php\/programas-2\/","name":"Programas -","isPartOf":{"@id":"https:\/\/ayuntamientotenangodedoria.gob.mx\/#website"},"primaryImageOfPage":{"@id":"https:\/\/ayuntamientotenangodedoria.gob.mx\/index.php\/programas-2\/#primaryimage"},"image":{"@id":"https:\/\/ayuntamientotenangodedoria.gob.mx\/index.php\/programas-2\/#primaryimage"},"thumbnailUrl":"https:\/\/epazoyucan.hidalgo.gob.mx\/images\/ADM25\/ICONOS-2025\/XV.png","datePublished":"2025-08-22T16:41:15+00:00","dateModified":"2025-11-27T02:53:59+00:00","breadcrumb":{"@id":"https:\/\/ayuntamientotenangodedoria.gob.mx\/index.php\/programas-2\/#breadcrumb"},"inLanguage":"en-US","potentialAction":[{"@type":"ReadAction","target":["https:\/\/ayuntamientotenangodedoria.gob.mx\/index.php\/programas-2\/"]}]},{"@type":"ImageObject","inLanguage":"en-US","@id":"https:\/\/ayuntamientotenangodedoria.gob.mx\/index.php\/programas-2\/#primaryimage","url":"https:\/\/epazoyucan.hidalgo.gob.mx\/images\/ADM25\/ICONOS-2025\/XV.png","contentUrl":"https:\/\/epazoyucan.hidalgo.gob.mx\/images\/ADM25\/ICONOS-2025\/XV.png"},{"@type":"BreadcrumbList","@id":"https:\/\/ayuntamientotenangodedoria.gob.mx\/index.php\/programas-2\/#breadcrumb","itemListElement":[{"@type":"ListItem","position":1,"name":"Home","item":"https:\/\/ayuntamientotenangodedoria.gob.mx\/"},{"@type":"ListItem","position":2,"name":"Programas"}]},{"@type":"WebSite","@id":"https:\/\/ayuntamientotenangodedoria.gob.mx\/#website","url":"https:\/\/ayuntamientotenangodedoria.gob.mx\/","name":"","description":"Transformando con Inclusi\u00f3n e Interculturalidad","potentialAction":[{"@type":"SearchAction","target":{"@type":"EntryPoint","urlTemplate":"https:\/\/ayuntamientotenangodedoria.gob.mx\/?s={search_term_string}"},"query-input":{"@type":"PropertyValueSpecification","valueRequired":true,"valueName":"search_term_string"}}],"inLanguage":"en-US"}]}},"_links":{"self":[{"href":"https:\/\/ayuntamientotenangodedoria.gob.mx\/index.php\/wp-json\/wp\/v2\/pages\/1630","targetHints":{"allow":["GET"]}}],"collection":[{"href":"https:\/\/ayuntamientotenangodedoria.gob.mx\/index.php\/wp-json\/wp\/v2\/pages"}],"about":[{"href":"https:\/\/ayuntamientotenangodedoria.gob.mx\/index.php\/wp-json\/wp\/v2\/types\/page"}],"author":[{"embeddable":true,"href":"https:\/\/ayuntamientotenangodedoria.gob.mx\/index.php\/wp-json\/wp\/v2\/users\/2"}],"replies":[{"embeddable":true,"href":"https:\/\/ayuntamientotenangodedoria.gob.mx\/index.php\/wp-json\/wp\/v2\/comments?post=1630"}],"version-history":[{"count":7,"href":"https:\/\/ayuntamientotenangodedoria.gob.mx\/index.php\/wp-json\/wp\/v2\/pages\/1630\/revisions"}],"predecessor-version":[{"id":3881,"href":"https:\/\/ayuntamientotenangodedoria.gob.mx\/index.php\/wp-json\/wp\/v2\/pages\/1630\/revisions\/3881"}],"wp:attachment":[{"href":"https:\/\/ayuntamientotenangodedoria.gob.mx\/index.php\/wp-json\/wp\/v2\/media?parent=1630"}],"curies":[{"name":"wp","href":"https:\/\/api.w.org\/{rel}","templated":true}]}}