{"id":2275,"date":"2025-09-02T01:59:45","date_gmt":"2025-09-02T01:59:45","guid":{"rendered":"https:\/\/ayuntamientotenangodedoria.gob.mx\/?page_id=2275"},"modified":"2025-09-02T02:17:09","modified_gmt":"2025-09-02T02:17:09","slug":"catalogo-y-archivo-municipal","status":"publish","type":"page","link":"https:\/\/ayuntamientotenangodedoria.gob.mx\/index.php\/catalogo-y-archivo-municipal\/","title":{"rendered":"C\u00e1talogo y Archivo Municipal"},"content":{"rendered":"\t\t<div data-elementor-type=\"wp-page\" data-elementor-id=\"2275\" class=\"elementor elementor-2275\">\n\t\t\t\t<div class=\"elementor-element elementor-element-2b73fcd e-flex e-con-boxed e-con e-parent\" data-id=\"2b73fcd\" data-element_type=\"container\" data-e-type=\"container\">\n\t\t\t\t\t<div class=\"e-con-inner\">\n\t\t\t\t<div class=\"elementor-element elementor-element-ca2c898 elementor-widget elementor-widget-heading\" data-id=\"ca2c898\" data-element_type=\"widget\" data-e-type=\"widget\" data-widget_type=\"heading.default\">\n\t\t\t\t<div class=\"elementor-widget-container\">\n\t\t\t\t\t<h2 class=\"elementor-heading-title elementor-size-default\">Cat\u00e1logo y Archivo Municipal<\/h2>\t\t\t\t<\/div>\n\t\t\t\t<\/div>\n\t\t\t\t<div class=\"elementor-element elementor-element-c0c38a4 elementor-widget elementor-widget-text-editor\" data-id=\"c0c38a4\" data-element_type=\"widget\" data-e-type=\"widget\" data-widget_type=\"text-editor.default\">\n\t\t\t\t<div class=\"elementor-widget-container\">\n\t\t\t\t\t\t\t\t\t<h5 style=\"text-align: center;\"><span dir=\"auto\" style=\"vertical-align: inherit;\"><span dir=\"auto\" style=\"vertical-align: inherit;\">El cat\u00e1logo de disposici\u00f3n y gu\u00eda de archivo documental.<\/span><\/span><\/h5>\t\t\t\t\t\t\t\t<\/div>\n\t\t\t\t<\/div>\n\t\t\t\t<div class=\"elementor-element elementor-element-3f113a6 elementor-widget elementor-widget-text-editor\" data-id=\"3f113a6\" data-element_type=\"widget\" data-e-type=\"widget\" data-widget_type=\"text-editor.default\">\n\t\t\t\t<div class=\"elementor-widget-container\">\n\t\t\t\t\t\t\t\t\t<p><img decoding=\"async\" class=\"aligncenter\" src=\"https:\/\/epazoyucan.hidalgo.gob.mx\/images\/ADM25\/ICONOS-2025\/XLV.png\" width=\"340\" height=\"104\" \/><\/p>\t\t\t\t\t\t\t\t<\/div>\n\t\t\t\t<\/div>\n\t\t\t\t<div class=\"elementor-element elementor-element-c3bd287 elementor-widget elementor-widget-text-editor\" data-id=\"c3bd287\" data-element_type=\"widget\" data-e-type=\"widget\" data-widget_type=\"text-editor.default\">\n\t\t\t\t<div class=\"elementor-widget-container\">\n\t\t\t\t\t\t\t\t\t<table class=\"tableizer-table\" style=\"max-width: 100%; background-color: #ffffff; font-size: 21px; border-width: 1px; border-color: #cccccc; font-family: Arial, Helvetica, sans-serif; color: #000000; letter-spacing: normal;\" border=\"1\" width=\"100%\" cellspacing=\"0\"><thead><tr class=\"tableizer-firstrow\"><th style=\"background-color: #641913;\"><span style=\"vertical-align: inherit;\"><span dir=\"auto\" style=\"vertical-align: inherit;\">2018<\/span><\/span><\/th><th style=\"background-color: #641913;\"><span style=\"vertical-align: inherit;\"><span dir=\"auto\" style=\"vertical-align: inherit;\">2019<\/span><\/span><\/th><th style=\"background-color: #641913;\"><span style=\"vertical-align: inherit;\"><span dir=\"auto\" style=\"vertical-align: inherit;\">2020<\/span><\/span><\/th><th style=\"background-color: #641913;\"><span style=\"vertical-align: inherit;\"><span dir=\"auto\" style=\"vertical-align: inherit;\">2021<\/span><\/span><\/th><th style=\"background-color: #641913;\"><span style=\"vertical-align: inherit;\"><span dir=\"auto\" style=\"vertical-align: inherit;\">2022<\/span><\/span><\/th><th style=\"background-color: #641913;\"><span style=\"vertical-align: inherit;\"><span dir=\"auto\" style=\"vertical-align: inherit;\">2023<\/span><\/span><\/th><th style=\"background-color: #641913;\"><span style=\"vertical-align: inherit;\"><span dir=\"auto\" style=\"vertical-align: inherit;\">2024<\/span><\/span><\/th><th style=\"background-color: #641913;\"><span style=\"vertical-align: inherit;\"><span dir=\"auto\" style=\"vertical-align: inherit;\">2025<\/span><\/span><\/th><\/tr><\/thead><tbody><tr><td style=\"padding: 4px; margin: 3px; border-width: 1px; border-color: #cccccc; text-align: center;\"><center><\/center><span dir=\"auto\" style=\"vertical-align: inherit;\">No se cuenta con informaci\u00f3n<\/span><center><\/center><\/td><td style=\"padding: 4px; margin: 3px; border-width: 1px; border-color: #cccccc; text-align: center;\"><center><center><span dir=\"auto\" style=\"vertical-align: inherit;\">No se cuenta con informaci\u00f3n<\/span><\/center><\/center><\/td><td style=\"padding: 4px; margin: 3px; border-width: 1px; border-color: #cccccc; text-align: center;\"><center><span dir=\"auto\" style=\"vertical-align: inherit;\">No se cuenta con informaci\u00f3n<\/span><\/center><\/td><td style=\"padding: 4px; margin: 3px; border-width: 1px; border-color: #cccccc; text-align: center;\"><center><a href=\"https:\/\/ayuntamientotenangodedoria.gob.mx\/wp-content\/uploads\/2025\/09\/2021.-Instrumentos-archivisticos-2018-2020.-Catalogo-de-disposicion-documental-y-guia-simple-de-archivos.xls\"><img fetchpriority=\"high\" decoding=\"async\" class=\"alignnone\" style=\"border-width: 0px; border-style: initial;\" src=\"https:\/\/epazoyucan.hidalgo.gob.mx\/images\/LogosTRANSP\/png-transparent-microsoft-excel-computer-icons-microsoft-office-microsoft-word-microsoft-angle-text-rectangle.png\" alt=\"\" width=\"920\" height=\"372\" \/><\/a><\/center><\/td><td style=\"padding: 4px; margin: 3px; border-width: 1px; border-color: #cccccc; text-align: center;\"><center><a href=\"https:\/\/ayuntamientotenangodedoria.gob.mx\/wp-content\/uploads\/2025\/09\/2022.-Instrumentos-archivisticos-2018-2020.-Catalogo-de-disposicion-documental-y-guia-simple-de-archivos.xls\"><img fetchpriority=\"high\" decoding=\"async\" class=\"alignnone\" style=\"border-width: 0px; border-style: initial;\" src=\"https:\/\/epazoyucan.hidalgo.gob.mx\/images\/LogosTRANSP\/png-transparent-microsoft-excel-computer-icons-microsoft-office-microsoft-word-microsoft-angle-text-rectangle.png\" alt=\"\" width=\"920\" height=\"372\" \/><\/a><\/center><\/td><td style=\"padding: 4px; margin: 3px; border-width: 1px; border-color: #cccccc;\"><center><center><\/center><center><center><a href=\"https:\/\/ayuntamientotenangodedoria.gob.mx\/wp-content\/uploads\/2025\/09\/2022.-Instrumentos-archivisticos-2018-2020.-Catalogo-de-disposicion-documental-y-guia-simple-de-archivos.xls\"><img fetchpriority=\"high\" decoding=\"async\" class=\"alignnone\" style=\"border-width: 0px; border-style: initial;\" src=\"https:\/\/epazoyucan.hidalgo.gob.mx\/images\/LogosTRANSP\/png-transparent-microsoft-excel-computer-icons-microsoft-office-microsoft-word-microsoft-angle-text-rectangle.png\" alt=\"\" width=\"920\" height=\"372\" \/><\/a><\/center><\/center><center><\/center><center><\/center><\/center><\/td><td style=\"padding: 4px; margin: 3px; border-width: 1px; border-color: #cccccc;\"><center><span dir=\"auto\" style=\"vertical-align: inherit;\">a)<\/span><a href=\"https:\/\/ayuntamientotenangodedoria.gob.mx\/wp-content\/uploads\/2025\/09\/Inventarios-documentales-2024.xls\"><img fetchpriority=\"high\" decoding=\"async\" class=\"alignnone\" style=\"border-width: 0px; border-style: initial;\" src=\"https:\/\/epazoyucan.hidalgo.gob.mx\/images\/LogosTRANSP\/png-transparent-microsoft-excel-computer-icons-microsoft-office-microsoft-word-microsoft-angle-text-rectangle.png\" alt=\"\" width=\"920\" height=\"372\" \/><\/a><\/center><center><span dir=\"auto\" style=\"vertical-align: inherit;\">b)<\/span><a href=\"https:\/\/ayuntamientotenangodedoria.gob.mx\/wp-content\/uploads\/2025\/09\/Indice-de-expedientes-clasificados-como-reservados-2024.xls\"><img fetchpriority=\"high\" decoding=\"async\" class=\"alignnone\" style=\"border-width: 0px; border-style: initial;\" src=\"https:\/\/epazoyucan.hidalgo.gob.mx\/images\/LogosTRANSP\/png-transparent-microsoft-excel-computer-icons-microsoft-office-microsoft-word-microsoft-angle-text-rectangle.png\" alt=\"\" width=\"920\" height=\"372\" \/><\/a><\/center><center><span dir=\"auto\" style=\"vertical-align: inherit;\">c)<\/span><a href=\"https:\/\/ayuntamientotenangodedoria.gob.mx\/wp-content\/uploads\/2025\/09\/Cuadro-general-de-clasificacion-archivistica-Catalogo-de-disposicion-documental025.xls\"><img fetchpriority=\"high\" decoding=\"async\" class=\"alignnone\" style=\"border-width: 0px; border-style: initial;\" src=\"https:\/\/epazoyucan.hidalgo.gob.mx\/images\/LogosTRANSP\/png-transparent-microsoft-excel-computer-icons-microsoft-office-microsoft-word-microsoft-angle-text-rectangle.png\" alt=\"\" width=\"920\" height=\"372\" \/><\/a><\/center><\/td><td style=\"padding: 4px; margin: 3px; border-width: 1px; border-color: #cccccc;\"><center><span dir=\"auto\" style=\"vertical-align: inherit;\">a)<\/span><a href=\"https:\/\/ayuntamientotenangodedoria.gob.mx\/wp-content\/uploads\/2025\/09\/Inventarios-documentales-2025.xls\"><img fetchpriority=\"high\" decoding=\"async\" class=\"alignnone\" style=\"border-width: 0px; border-style: initial;\" src=\"https:\/\/epazoyucan.hidalgo.gob.mx\/images\/LogosTRANSP\/png-transparent-microsoft-excel-computer-icons-microsoft-office-microsoft-word-microsoft-angle-text-rectangle.png\" alt=\"\" width=\"920\" height=\"372\" \/><\/a><\/center><center><span dir=\"auto\" style=\"vertical-align: inherit;\">b)<\/span><a href=\"https:\/\/ayuntamientotenangodedoria.gob.mx\/wp-content\/uploads\/2025\/09\/Indice-de-expedientes-clasificados-como-reservados-2025.xls\"><img fetchpriority=\"high\" decoding=\"async\" class=\"alignnone\" style=\"border-width: 0px; border-style: initial;\" src=\"https:\/\/epazoyucan.hidalgo.gob.mx\/images\/LogosTRANSP\/png-transparent-microsoft-excel-computer-icons-microsoft-office-microsoft-word-microsoft-angle-text-rectangle.png\" alt=\"\" width=\"920\" height=\"372\" \/><\/a><\/center><center><span dir=\"auto\" style=\"vertical-align: inherit;\">c)<\/span><a href=\"https:\/\/ayuntamientotenangodedoria.gob.mx\/wp-content\/uploads\/2025\/09\/Cuadro-general-de-clasificacion-archivistica-Catalogo-de-disposicion-documental025.xls\"><img fetchpriority=\"high\" decoding=\"async\" class=\"alignnone\" style=\"border-width: 0px; border-style: initial;\" src=\"https:\/\/epazoyucan.hidalgo.gob.mx\/images\/LogosTRANSP\/png-transparent-microsoft-excel-computer-icons-microsoft-office-microsoft-word-microsoft-angle-text-rectangle.png\" alt=\"\" width=\"920\" height=\"372\" \/><\/a><\/center><\/td><\/tr><\/tbody><\/table>\t\t\t\t\t\t\t\t<\/div>\n\t\t\t\t<\/div>\n\t\t\t\t\t<\/div>\n\t\t\t\t<\/div>\n\t\t\t\t<\/div>\n\t\t","protected":false},"excerpt":{"rendered":"<p>Cat\u00e1logo y Archivo Municipal El cat\u00e1logo de disposici\u00f3n y gu\u00eda de archivo documental. 2018 2019 2020 2021 2022 2023 2024 2025 No se cuenta con informaci\u00f3n No se cuenta con&hellip;<\/p>\n","protected":false},"author":2,"featured_media":0,"parent":0,"menu_order":0,"comment_status":"closed","ping_status":"closed","template":"","meta":{"footnotes":""},"class_list":["post-2275","page","type-page","status-publish","hentry"],"yoast_head":"<!-- This site is optimized with the Yoast SEO plugin v27.2 - https:\/\/yoast.com\/product\/yoast-seo-wordpress\/ -->\n<title>C\u00e1talogo y Archivo Municipal -<\/title>\n<meta name=\"robots\" content=\"index, follow, max-snippet:-1, max-image-preview:large, max-video-preview:-1\" \/>\n<link rel=\"canonical\" href=\"https:\/\/ayuntamientotenangodedoria.gob.mx\/index.php\/catalogo-y-archivo-municipal\/\" \/>\n<meta property=\"og:locale\" content=\"en_US\" \/>\n<meta property=\"og:type\" content=\"article\" \/>\n<meta property=\"og:title\" content=\"C\u00e1talogo y Archivo Municipal -\" \/>\n<meta property=\"og:description\" content=\"Cat\u00e1logo y Archivo Municipal El cat\u00e1logo de disposici\u00f3n y gu\u00eda de archivo documental. 2018 2019 2020 2021 2022 2023 2024 2025 No se cuenta con informaci\u00f3n No se cuenta con&hellip;\" \/>\n<meta property=\"og:url\" content=\"https:\/\/ayuntamientotenangodedoria.gob.mx\/index.php\/catalogo-y-archivo-municipal\/\" \/>\n<meta property=\"article:modified_time\" content=\"2025-09-02T02:17:09+00:00\" \/>\n<meta property=\"og:image\" content=\"https:\/\/epazoyucan.hidalgo.gob.mx\/images\/ADM25\/ICONOS-2025\/XLV.png\" \/>\n<meta name=\"twitter:card\" content=\"summary_large_image\" \/>\n<meta name=\"twitter:label1\" content=\"Est. reading time\" \/>\n\t<meta name=\"twitter:data1\" content=\"3 minutes\" \/>\n<script type=\"application\/ld+json\" class=\"yoast-schema-graph\">{\"@context\":\"https:\/\/schema.org\",\"@graph\":[{\"@type\":\"WebPage\",\"@id\":\"https:\/\/ayuntamientotenangodedoria.gob.mx\/index.php\/catalogo-y-archivo-municipal\/\",\"url\":\"https:\/\/ayuntamientotenangodedoria.gob.mx\/index.php\/catalogo-y-archivo-municipal\/\",\"name\":\"C\u00e1talogo y Archivo Municipal -\",\"isPartOf\":{\"@id\":\"https:\/\/ayuntamientotenangodedoria.gob.mx\/#website\"},\"primaryImageOfPage\":{\"@id\":\"https:\/\/ayuntamientotenangodedoria.gob.mx\/index.php\/catalogo-y-archivo-municipal\/#primaryimage\"},\"image\":{\"@id\":\"https:\/\/ayuntamientotenangodedoria.gob.mx\/index.php\/catalogo-y-archivo-municipal\/#primaryimage\"},\"thumbnailUrl\":\"https:\/\/epazoyucan.hidalgo.gob.mx\/images\/ADM25\/ICONOS-2025\/XLV.png\",\"datePublished\":\"2025-09-02T01:59:45+00:00\",\"dateModified\":\"2025-09-02T02:17:09+00:00\",\"breadcrumb\":{\"@id\":\"https:\/\/ayuntamientotenangodedoria.gob.mx\/index.php\/catalogo-y-archivo-municipal\/#breadcrumb\"},\"inLanguage\":\"en-US\",\"potentialAction\":[{\"@type\":\"ReadAction\",\"target\":[\"https:\/\/ayuntamientotenangodedoria.gob.mx\/index.php\/catalogo-y-archivo-municipal\/\"]}]},{\"@type\":\"ImageObject\",\"inLanguage\":\"en-US\",\"@id\":\"https:\/\/ayuntamientotenangodedoria.gob.mx\/index.php\/catalogo-y-archivo-municipal\/#primaryimage\",\"url\":\"https:\/\/epazoyucan.hidalgo.gob.mx\/images\/ADM25\/ICONOS-2025\/XLV.png\",\"contentUrl\":\"https:\/\/epazoyucan.hidalgo.gob.mx\/images\/ADM25\/ICONOS-2025\/XLV.png\"},{\"@type\":\"BreadcrumbList\",\"@id\":\"https:\/\/ayuntamientotenangodedoria.gob.mx\/index.php\/catalogo-y-archivo-municipal\/#breadcrumb\",\"itemListElement\":[{\"@type\":\"ListItem\",\"position\":1,\"name\":\"Home\",\"item\":\"https:\/\/ayuntamientotenangodedoria.gob.mx\/\"},{\"@type\":\"ListItem\",\"position\":2,\"name\":\"C\u00e1talogo y Archivo Municipal\"}]},{\"@type\":\"WebSite\",\"@id\":\"https:\/\/ayuntamientotenangodedoria.gob.mx\/#website\",\"url\":\"https:\/\/ayuntamientotenangodedoria.gob.mx\/\",\"name\":\"\",\"description\":\"Transformando con Inclusi\u00f3n e Interculturalidad\",\"potentialAction\":[{\"@type\":\"SearchAction\",\"target\":{\"@type\":\"EntryPoint\",\"urlTemplate\":\"https:\/\/ayuntamientotenangodedoria.gob.mx\/?s={search_term_string}\"},\"query-input\":{\"@type\":\"PropertyValueSpecification\",\"valueRequired\":true,\"valueName\":\"search_term_string\"}}],\"inLanguage\":\"en-US\"}]}<\/script>\n<!-- \/ Yoast SEO plugin. -->","yoast_head_json":{"title":"C\u00e1talogo y Archivo Municipal -","robots":{"index":"index","follow":"follow","max-snippet":"max-snippet:-1","max-image-preview":"max-image-preview:large","max-video-preview":"max-video-preview:-1"},"canonical":"https:\/\/ayuntamientotenangodedoria.gob.mx\/index.php\/catalogo-y-archivo-municipal\/","og_locale":"en_US","og_type":"article","og_title":"C\u00e1talogo y Archivo Municipal -","og_description":"Cat\u00e1logo y Archivo Municipal El cat\u00e1logo de disposici\u00f3n y gu\u00eda de archivo documental. 2018 2019 2020 2021 2022 2023 2024 2025 No se cuenta con informaci\u00f3n No se cuenta con&hellip;","og_url":"https:\/\/ayuntamientotenangodedoria.gob.mx\/index.php\/catalogo-y-archivo-municipal\/","article_modified_time":"2025-09-02T02:17:09+00:00","og_image":[{"url":"https:\/\/epazoyucan.hidalgo.gob.mx\/images\/ADM25\/ICONOS-2025\/XLV.png","type":"","width":"","height":""}],"twitter_card":"summary_large_image","twitter_misc":{"Est. reading time":"3 minutes"},"schema":{"@context":"https:\/\/schema.org","@graph":[{"@type":"WebPage","@id":"https:\/\/ayuntamientotenangodedoria.gob.mx\/index.php\/catalogo-y-archivo-municipal\/","url":"https:\/\/ayuntamientotenangodedoria.gob.mx\/index.php\/catalogo-y-archivo-municipal\/","name":"C\u00e1talogo y Archivo Municipal -","isPartOf":{"@id":"https:\/\/ayuntamientotenangodedoria.gob.mx\/#website"},"primaryImageOfPage":{"@id":"https:\/\/ayuntamientotenangodedoria.gob.mx\/index.php\/catalogo-y-archivo-municipal\/#primaryimage"},"image":{"@id":"https:\/\/ayuntamientotenangodedoria.gob.mx\/index.php\/catalogo-y-archivo-municipal\/#primaryimage"},"thumbnailUrl":"https:\/\/epazoyucan.hidalgo.gob.mx\/images\/ADM25\/ICONOS-2025\/XLV.png","datePublished":"2025-09-02T01:59:45+00:00","dateModified":"2025-09-02T02:17:09+00:00","breadcrumb":{"@id":"https:\/\/ayuntamientotenangodedoria.gob.mx\/index.php\/catalogo-y-archivo-municipal\/#breadcrumb"},"inLanguage":"en-US","potentialAction":[{"@type":"ReadAction","target":["https:\/\/ayuntamientotenangodedoria.gob.mx\/index.php\/catalogo-y-archivo-municipal\/"]}]},{"@type":"ImageObject","inLanguage":"en-US","@id":"https:\/\/ayuntamientotenangodedoria.gob.mx\/index.php\/catalogo-y-archivo-municipal\/#primaryimage","url":"https:\/\/epazoyucan.hidalgo.gob.mx\/images\/ADM25\/ICONOS-2025\/XLV.png","contentUrl":"https:\/\/epazoyucan.hidalgo.gob.mx\/images\/ADM25\/ICONOS-2025\/XLV.png"},{"@type":"BreadcrumbList","@id":"https:\/\/ayuntamientotenangodedoria.gob.mx\/index.php\/catalogo-y-archivo-municipal\/#breadcrumb","itemListElement":[{"@type":"ListItem","position":1,"name":"Home","item":"https:\/\/ayuntamientotenangodedoria.gob.mx\/"},{"@type":"ListItem","position":2,"name":"C\u00e1talogo y Archivo Municipal"}]},{"@type":"WebSite","@id":"https:\/\/ayuntamientotenangodedoria.gob.mx\/#website","url":"https:\/\/ayuntamientotenangodedoria.gob.mx\/","name":"","description":"Transformando con Inclusi\u00f3n e Interculturalidad","potentialAction":[{"@type":"SearchAction","target":{"@type":"EntryPoint","urlTemplate":"https:\/\/ayuntamientotenangodedoria.gob.mx\/?s={search_term_string}"},"query-input":{"@type":"PropertyValueSpecification","valueRequired":true,"valueName":"search_term_string"}}],"inLanguage":"en-US"}]}},"_links":{"self":[{"href":"https:\/\/ayuntamientotenangodedoria.gob.mx\/index.php\/wp-json\/wp\/v2\/pages\/2275","targetHints":{"allow":["GET"]}}],"collection":[{"href":"https:\/\/ayuntamientotenangodedoria.gob.mx\/index.php\/wp-json\/wp\/v2\/pages"}],"about":[{"href":"https:\/\/ayuntamientotenangodedoria.gob.mx\/index.php\/wp-json\/wp\/v2\/types\/page"}],"author":[{"embeddable":true,"href":"https:\/\/ayuntamientotenangodedoria.gob.mx\/index.php\/wp-json\/wp\/v2\/users\/2"}],"replies":[{"embeddable":true,"href":"https:\/\/ayuntamientotenangodedoria.gob.mx\/index.php\/wp-json\/wp\/v2\/comments?post=2275"}],"version-history":[{"count":4,"href":"https:\/\/ayuntamientotenangodedoria.gob.mx\/index.php\/wp-json\/wp\/v2\/pages\/2275\/revisions"}],"predecessor-version":[{"id":2291,"href":"https:\/\/ayuntamientotenangodedoria.gob.mx\/index.php\/wp-json\/wp\/v2\/pages\/2275\/revisions\/2291"}],"wp:attachment":[{"href":"https:\/\/ayuntamientotenangodedoria.gob.mx\/index.php\/wp-json\/wp\/v2\/media?parent=2275"}],"curies":[{"name":"wp","href":"https:\/\/api.w.org\/{rel}","templated":true}]}}