{"id":2313,"date":"2025-09-02T02:39:28","date_gmt":"2025-09-02T02:39:28","guid":{"rendered":"https:\/\/ayuntamientotenangodedoria.gob.mx\/?page_id=2313"},"modified":"2025-09-02T02:42:38","modified_gmt":"2025-09-02T02:42:38","slug":"solicitud-de-concesiones-en-telecomunicaciones","status":"publish","type":"page","link":"https:\/\/ayuntamientotenangodedoria.gob.mx\/index.php\/solicitud-de-concesiones-en-telecomunicaciones\/","title":{"rendered":"Solicitud de Concesiones en Telecomunicaciones"},"content":{"rendered":"\t\t<div data-elementor-type=\"wp-page\" data-elementor-id=\"2313\" class=\"elementor elementor-2313\">\n\t\t\t\t<div class=\"elementor-element elementor-element-ff8fbf4 e-flex e-con-boxed e-con e-parent\" data-id=\"ff8fbf4\" data-element_type=\"container\" data-e-type=\"container\">\n\t\t\t\t\t<div class=\"e-con-inner\">\n\t\t\t\t<div class=\"elementor-element elementor-element-c97e57d elementor-widget elementor-widget-heading\" data-id=\"c97e57d\" data-element_type=\"widget\" data-e-type=\"widget\" data-widget_type=\"heading.default\">\n\t\t\t\t<div class=\"elementor-widget-container\">\n\t\t\t\t\t<h2 class=\"elementor-heading-title elementor-size-default\">Solicitud de Concesi\u00f3n en Telecomunicaciones<\/h2>\t\t\t\t<\/div>\n\t\t\t\t<\/div>\n\t\t\t\t<div class=\"elementor-element elementor-element-816d160 elementor-widget elementor-widget-text-editor\" data-id=\"816d160\" data-element_type=\"widget\" data-e-type=\"widget\" data-widget_type=\"text-editor.default\">\n\t\t\t\t<div class=\"elementor-widget-container\">\n\t\t\t\t\t\t\t\t\t<p><img decoding=\"async\" class=\"aligncenter\" src=\"https:\/\/epazoyucan.hidalgo.gob.mx\/images\/ADM25\/ICONOS-2025\/XLVII.png\" width=\"340\" height=\"104\" \/><\/p>\t\t\t\t\t\t\t\t<\/div>\n\t\t\t\t<\/div>\n\t\t\t\t<div class=\"elementor-element elementor-element-4dfbd2f elementor-widget elementor-widget-text-editor\" data-id=\"4dfbd2f\" data-element_type=\"widget\" data-e-type=\"widget\" data-widget_type=\"text-editor.default\">\n\t\t\t\t<div class=\"elementor-widget-container\">\n\t\t\t\t\t\t\t\t\t<h3 style=\"text-align: center;\"><strong><span style=\"color: #ff0000;\">Para efectos estad\u00edsticos, el listado de solicitudes a las empresas concesionarias de telecomunicaciones y proveedores de servicios o aplicaciones de Internet para la intervenci\u00f3n de comunicaciones privadas, el acceso al registro de comunicaciones y la localizaci\u00f3n geogr\u00e1fica en tiempo real de equipos de comunicaci\u00f3n, que contenga exclusivamente el objeto, el alcance temporal y los fundamentos legales del requerimiento, as\u00ed como, en su caso, la menci\u00f3n de que cuenta con la autorizaci\u00f3n judicial.<\/span><\/strong><\/h3>\t\t\t\t\t\t\t\t<\/div>\n\t\t\t\t<\/div>\n\t\t\t\t<div class=\"elementor-element elementor-element-90c146d elementor-widget elementor-widget-text-editor\" data-id=\"90c146d\" data-element_type=\"widget\" data-e-type=\"widget\" data-widget_type=\"text-editor.default\">\n\t\t\t\t<div class=\"elementor-widget-container\">\n\t\t\t\t\t\t\t\t\t<section id=\"main\" class=\"row\"><section class=\"container\"><section id=\"mainbody\" class=\"grid12 offset0 clearfix\" role=\"main\"><section id=\"component\" class=\"clearfix\" role=\"article\"><div class=\"block\"><article class=\"article fulltext \"><section class=\"article-body\"><h3 style=\"text-align: center;\"><span style=\"color: #3399ff;\">No le aplica la Fracci\u00f3n XLVII del art\u00edculo 69, ya que no se encuentra considerada dentro de sus facultades y atribuciones, adem\u00e1s de que la petici\u00f3n de la intervenci\u00f3n de cualquier comunicaci\u00f3n privada es exclusiva de la autoridad judicial federal que faculte la ley del titular del Ministro Publico de la entidad federativa, como lo establece el Art\u00edculo 16 de la Constituci\u00f3n Pol\u00edtica de los Estados Unidos Mexicanos.<\/span><\/h3><\/section><\/article><\/div><\/section><\/section><\/section><\/section>\t\t\t\t\t\t\t\t<\/div>\n\t\t\t\t<\/div>\n\t\t\t\t\t<\/div>\n\t\t\t\t<\/div>\n\t\t\t\t<\/div>\n\t\t","protected":false},"excerpt":{"rendered":"<p>Solicitud de Concesi\u00f3n en Telecomunicaciones Para efectos estad\u00edsticos, el listado de solicitudes a las empresas concesionarias de telecomunicaciones y proveedores de servicios o aplicaciones de Internet para la intervenci\u00f3n de&hellip;<\/p>\n","protected":false},"author":2,"featured_media":0,"parent":0,"menu_order":0,"comment_status":"closed","ping_status":"closed","template":"","meta":{"footnotes":""},"class_list":["post-2313","page","type-page","status-publish","hentry"],"yoast_head":"<!-- This site is optimized with the Yoast SEO plugin v27.2 - https:\/\/yoast.com\/product\/yoast-seo-wordpress\/ -->\n<title>Solicitud de Concesiones en Telecomunicaciones -<\/title>\n<meta name=\"robots\" content=\"index, follow, max-snippet:-1, max-image-preview:large, max-video-preview:-1\" \/>\n<link rel=\"canonical\" href=\"https:\/\/ayuntamientotenangodedoria.gob.mx\/index.php\/solicitud-de-concesiones-en-telecomunicaciones\/\" \/>\n<meta property=\"og:locale\" content=\"en_US\" \/>\n<meta property=\"og:type\" content=\"article\" \/>\n<meta property=\"og:title\" content=\"Solicitud de Concesiones en Telecomunicaciones -\" \/>\n<meta property=\"og:description\" content=\"Solicitud de Concesi\u00f3n en Telecomunicaciones Para efectos estad\u00edsticos, el listado de solicitudes a las empresas concesionarias de telecomunicaciones y proveedores de servicios o aplicaciones de Internet para la intervenci\u00f3n de&hellip;\" \/>\n<meta property=\"og:url\" content=\"https:\/\/ayuntamientotenangodedoria.gob.mx\/index.php\/solicitud-de-concesiones-en-telecomunicaciones\/\" \/>\n<meta property=\"article:modified_time\" content=\"2025-09-02T02:42:38+00:00\" \/>\n<meta property=\"og:image\" content=\"https:\/\/epazoyucan.hidalgo.gob.mx\/images\/ADM25\/ICONOS-2025\/XLVII.png\" \/>\n<meta name=\"twitter:card\" content=\"summary_large_image\" \/>\n<meta name=\"twitter:label1\" content=\"Est. reading time\" \/>\n\t<meta name=\"twitter:data1\" content=\"1 minute\" \/>\n<script type=\"application\/ld+json\" class=\"yoast-schema-graph\">{\"@context\":\"https:\/\/schema.org\",\"@graph\":[{\"@type\":\"WebPage\",\"@id\":\"https:\/\/ayuntamientotenangodedoria.gob.mx\/index.php\/solicitud-de-concesiones-en-telecomunicaciones\/\",\"url\":\"https:\/\/ayuntamientotenangodedoria.gob.mx\/index.php\/solicitud-de-concesiones-en-telecomunicaciones\/\",\"name\":\"Solicitud de Concesiones en Telecomunicaciones -\",\"isPartOf\":{\"@id\":\"https:\/\/ayuntamientotenangodedoria.gob.mx\/#website\"},\"primaryImageOfPage\":{\"@id\":\"https:\/\/ayuntamientotenangodedoria.gob.mx\/index.php\/solicitud-de-concesiones-en-telecomunicaciones\/#primaryimage\"},\"image\":{\"@id\":\"https:\/\/ayuntamientotenangodedoria.gob.mx\/index.php\/solicitud-de-concesiones-en-telecomunicaciones\/#primaryimage\"},\"thumbnailUrl\":\"https:\/\/epazoyucan.hidalgo.gob.mx\/images\/ADM25\/ICONOS-2025\/XLVII.png\",\"datePublished\":\"2025-09-02T02:39:28+00:00\",\"dateModified\":\"2025-09-02T02:42:38+00:00\",\"breadcrumb\":{\"@id\":\"https:\/\/ayuntamientotenangodedoria.gob.mx\/index.php\/solicitud-de-concesiones-en-telecomunicaciones\/#breadcrumb\"},\"inLanguage\":\"en-US\",\"potentialAction\":[{\"@type\":\"ReadAction\",\"target\":[\"https:\/\/ayuntamientotenangodedoria.gob.mx\/index.php\/solicitud-de-concesiones-en-telecomunicaciones\/\"]}]},{\"@type\":\"ImageObject\",\"inLanguage\":\"en-US\",\"@id\":\"https:\/\/ayuntamientotenangodedoria.gob.mx\/index.php\/solicitud-de-concesiones-en-telecomunicaciones\/#primaryimage\",\"url\":\"https:\/\/epazoyucan.hidalgo.gob.mx\/images\/ADM25\/ICONOS-2025\/XLVII.png\",\"contentUrl\":\"https:\/\/epazoyucan.hidalgo.gob.mx\/images\/ADM25\/ICONOS-2025\/XLVII.png\"},{\"@type\":\"BreadcrumbList\",\"@id\":\"https:\/\/ayuntamientotenangodedoria.gob.mx\/index.php\/solicitud-de-concesiones-en-telecomunicaciones\/#breadcrumb\",\"itemListElement\":[{\"@type\":\"ListItem\",\"position\":1,\"name\":\"Home\",\"item\":\"https:\/\/ayuntamientotenangodedoria.gob.mx\/\"},{\"@type\":\"ListItem\",\"position\":2,\"name\":\"Solicitud de Concesiones en Telecomunicaciones\"}]},{\"@type\":\"WebSite\",\"@id\":\"https:\/\/ayuntamientotenangodedoria.gob.mx\/#website\",\"url\":\"https:\/\/ayuntamientotenangodedoria.gob.mx\/\",\"name\":\"\",\"description\":\"Transformando con Inclusi\u00f3n e Interculturalidad\",\"potentialAction\":[{\"@type\":\"SearchAction\",\"target\":{\"@type\":\"EntryPoint\",\"urlTemplate\":\"https:\/\/ayuntamientotenangodedoria.gob.mx\/?s={search_term_string}\"},\"query-input\":{\"@type\":\"PropertyValueSpecification\",\"valueRequired\":true,\"valueName\":\"search_term_string\"}}],\"inLanguage\":\"en-US\"}]}<\/script>\n<!-- \/ Yoast SEO plugin. -->","yoast_head_json":{"title":"Solicitud de Concesiones en Telecomunicaciones -","robots":{"index":"index","follow":"follow","max-snippet":"max-snippet:-1","max-image-preview":"max-image-preview:large","max-video-preview":"max-video-preview:-1"},"canonical":"https:\/\/ayuntamientotenangodedoria.gob.mx\/index.php\/solicitud-de-concesiones-en-telecomunicaciones\/","og_locale":"en_US","og_type":"article","og_title":"Solicitud de Concesiones en Telecomunicaciones -","og_description":"Solicitud de Concesi\u00f3n en Telecomunicaciones Para efectos estad\u00edsticos, el listado de solicitudes a las empresas concesionarias de telecomunicaciones y proveedores de servicios o aplicaciones de Internet para la intervenci\u00f3n de&hellip;","og_url":"https:\/\/ayuntamientotenangodedoria.gob.mx\/index.php\/solicitud-de-concesiones-en-telecomunicaciones\/","article_modified_time":"2025-09-02T02:42:38+00:00","og_image":[{"url":"https:\/\/epazoyucan.hidalgo.gob.mx\/images\/ADM25\/ICONOS-2025\/XLVII.png","type":"","width":"","height":""}],"twitter_card":"summary_large_image","twitter_misc":{"Est. reading time":"1 minute"},"schema":{"@context":"https:\/\/schema.org","@graph":[{"@type":"WebPage","@id":"https:\/\/ayuntamientotenangodedoria.gob.mx\/index.php\/solicitud-de-concesiones-en-telecomunicaciones\/","url":"https:\/\/ayuntamientotenangodedoria.gob.mx\/index.php\/solicitud-de-concesiones-en-telecomunicaciones\/","name":"Solicitud de Concesiones en Telecomunicaciones -","isPartOf":{"@id":"https:\/\/ayuntamientotenangodedoria.gob.mx\/#website"},"primaryImageOfPage":{"@id":"https:\/\/ayuntamientotenangodedoria.gob.mx\/index.php\/solicitud-de-concesiones-en-telecomunicaciones\/#primaryimage"},"image":{"@id":"https:\/\/ayuntamientotenangodedoria.gob.mx\/index.php\/solicitud-de-concesiones-en-telecomunicaciones\/#primaryimage"},"thumbnailUrl":"https:\/\/epazoyucan.hidalgo.gob.mx\/images\/ADM25\/ICONOS-2025\/XLVII.png","datePublished":"2025-09-02T02:39:28+00:00","dateModified":"2025-09-02T02:42:38+00:00","breadcrumb":{"@id":"https:\/\/ayuntamientotenangodedoria.gob.mx\/index.php\/solicitud-de-concesiones-en-telecomunicaciones\/#breadcrumb"},"inLanguage":"en-US","potentialAction":[{"@type":"ReadAction","target":["https:\/\/ayuntamientotenangodedoria.gob.mx\/index.php\/solicitud-de-concesiones-en-telecomunicaciones\/"]}]},{"@type":"ImageObject","inLanguage":"en-US","@id":"https:\/\/ayuntamientotenangodedoria.gob.mx\/index.php\/solicitud-de-concesiones-en-telecomunicaciones\/#primaryimage","url":"https:\/\/epazoyucan.hidalgo.gob.mx\/images\/ADM25\/ICONOS-2025\/XLVII.png","contentUrl":"https:\/\/epazoyucan.hidalgo.gob.mx\/images\/ADM25\/ICONOS-2025\/XLVII.png"},{"@type":"BreadcrumbList","@id":"https:\/\/ayuntamientotenangodedoria.gob.mx\/index.php\/solicitud-de-concesiones-en-telecomunicaciones\/#breadcrumb","itemListElement":[{"@type":"ListItem","position":1,"name":"Home","item":"https:\/\/ayuntamientotenangodedoria.gob.mx\/"},{"@type":"ListItem","position":2,"name":"Solicitud de Concesiones en Telecomunicaciones"}]},{"@type":"WebSite","@id":"https:\/\/ayuntamientotenangodedoria.gob.mx\/#website","url":"https:\/\/ayuntamientotenangodedoria.gob.mx\/","name":"","description":"Transformando con Inclusi\u00f3n e Interculturalidad","potentialAction":[{"@type":"SearchAction","target":{"@type":"EntryPoint","urlTemplate":"https:\/\/ayuntamientotenangodedoria.gob.mx\/?s={search_term_string}"},"query-input":{"@type":"PropertyValueSpecification","valueRequired":true,"valueName":"search_term_string"}}],"inLanguage":"en-US"}]}},"_links":{"self":[{"href":"https:\/\/ayuntamientotenangodedoria.gob.mx\/index.php\/wp-json\/wp\/v2\/pages\/2313","targetHints":{"allow":["GET"]}}],"collection":[{"href":"https:\/\/ayuntamientotenangodedoria.gob.mx\/index.php\/wp-json\/wp\/v2\/pages"}],"about":[{"href":"https:\/\/ayuntamientotenangodedoria.gob.mx\/index.php\/wp-json\/wp\/v2\/types\/page"}],"author":[{"embeddable":true,"href":"https:\/\/ayuntamientotenangodedoria.gob.mx\/index.php\/wp-json\/wp\/v2\/users\/2"}],"replies":[{"embeddable":true,"href":"https:\/\/ayuntamientotenangodedoria.gob.mx\/index.php\/wp-json\/wp\/v2\/comments?post=2313"}],"version-history":[{"count":4,"href":"https:\/\/ayuntamientotenangodedoria.gob.mx\/index.php\/wp-json\/wp\/v2\/pages\/2313\/revisions"}],"predecessor-version":[{"id":2320,"href":"https:\/\/ayuntamientotenangodedoria.gob.mx\/index.php\/wp-json\/wp\/v2\/pages\/2313\/revisions\/2320"}],"wp:attachment":[{"href":"https:\/\/ayuntamientotenangodedoria.gob.mx\/index.php\/wp-json\/wp\/v2\/media?parent=2313"}],"curies":[{"name":"wp","href":"https:\/\/api.w.org\/{rel}","templated":true}]}}