{"id":2417,"date":"2025-09-02T04:55:38","date_gmt":"2025-09-02T04:55:38","guid":{"rendered":"https:\/\/ayuntamientotenangodedoria.gob.mx\/?page_id=2417"},"modified":"2025-09-02T04:57:54","modified_gmt":"2025-09-02T04:57:54","slug":"notarios-publicos","status":"publish","type":"page","link":"https:\/\/ayuntamientotenangodedoria.gob.mx\/index.php\/notarios-publicos\/","title":{"rendered":"Notarios P\u00fablicos"},"content":{"rendered":"\t\t<div data-elementor-type=\"wp-page\" data-elementor-id=\"2417\" class=\"elementor elementor-2417\">\n\t\t\t\t<div class=\"elementor-element elementor-element-504551d e-flex e-con-boxed e-con e-parent\" data-id=\"504551d\" data-element_type=\"container\" data-e-type=\"container\">\n\t\t\t\t\t<div class=\"e-con-inner\">\n\t\t\t\t<div class=\"elementor-element elementor-element-aac69cc elementor-widget elementor-widget-heading\" data-id=\"aac69cc\" data-element_type=\"widget\" data-e-type=\"widget\" data-widget_type=\"heading.default\">\n\t\t\t\t<div class=\"elementor-widget-container\">\n\t\t\t\t\t<h2 class=\"elementor-heading-title elementor-size-default\">Notarios P\u00fablicos<\/h2>\t\t\t\t<\/div>\n\t\t\t\t<\/div>\n\t\t\t\t<div class=\"elementor-element elementor-element-627bad3 elementor-widget elementor-widget-text-editor\" data-id=\"627bad3\" data-element_type=\"widget\" data-e-type=\"widget\" data-widget_type=\"text-editor.default\">\n\t\t\t\t<div class=\"elementor-widget-container\">\n\t\t\t\t\t\t\t\t\t<h5 style=\"text-align: center;\">Los nombres de las personas a quienes se les habilit\u00f3 para ejercer como corredores y notarios p\u00fablicos, as\u00ed como sus datos de contacto, la informaci\u00f3n relacionada con el proceso de otorgamiento de la patente y las sanciones que se les hubieran aplicado.<\/h5>\t\t\t\t\t\t\t\t<\/div>\n\t\t\t\t<\/div>\n\t\t\t\t<div class=\"elementor-element elementor-element-aa728cc elementor-widget elementor-widget-text-editor\" data-id=\"aa728cc\" data-element_type=\"widget\" data-e-type=\"widget\" data-widget_type=\"text-editor.default\">\n\t\t\t\t<div class=\"elementor-widget-container\">\n\t\t\t\t\t\t\t\t\t<p><img decoding=\"async\" class=\"aligncenter\" src=\"https:\/\/epazoyucan.hidalgo.gob.mx\/images\/ADM25\/ICONOS-2025\/\/1E.png\" width=\"340\" height=\"104\" \/><\/p>\t\t\t\t\t\t\t\t<\/div>\n\t\t\t\t<\/div>\n\t\t\t\t<div class=\"elementor-element elementor-element-b853e6e elementor-widget elementor-widget-text-editor\" data-id=\"b853e6e\" data-element_type=\"widget\" data-e-type=\"widget\" data-widget_type=\"text-editor.default\">\n\t\t\t\t<div class=\"elementor-widget-container\">\n\t\t\t\t\t\t\t\t\t<h5 style=\"text-align: center;\"><span style=\"color: #000080;\">Con fundamento en el Art\u00edculo 71, fracci\u00f3n XLIX de la Constituci\u00f3n Pol\u00edtica del Estado de Hidalgo, es atribuci\u00f3n del Titular del Ejecutivo otorgar patentes de notario, son sujeci\u00f3n a la Ley respectiva.<\/span><\/h5>\t\t\t\t\t\t\t\t<\/div>\n\t\t\t\t<\/div>\n\t\t\t\t\t<\/div>\n\t\t\t\t<\/div>\n\t\t\t\t<\/div>\n\t\t","protected":false},"excerpt":{"rendered":"<p>Notarios P\u00fablicos Los nombres de las personas a quienes se les habilit\u00f3 para ejercer como corredores y notarios p\u00fablicos, as\u00ed como sus datos de contacto, la informaci\u00f3n relacionada con el&hellip;<\/p>\n","protected":false},"author":2,"featured_media":0,"parent":0,"menu_order":0,"comment_status":"closed","ping_status":"closed","template":"","meta":{"footnotes":""},"class_list":["post-2417","page","type-page","status-publish","hentry"],"yoast_head":"<!-- This site is optimized with the Yoast SEO plugin v27.2 - https:\/\/yoast.com\/product\/yoast-seo-wordpress\/ -->\n<title>Notarios P\u00fablicos -<\/title>\n<meta name=\"robots\" content=\"index, follow, max-snippet:-1, max-image-preview:large, max-video-preview:-1\" \/>\n<link rel=\"canonical\" href=\"https:\/\/ayuntamientotenangodedoria.gob.mx\/index.php\/notarios-publicos\/\" \/>\n<meta property=\"og:locale\" content=\"en_US\" \/>\n<meta property=\"og:type\" content=\"article\" \/>\n<meta property=\"og:title\" content=\"Notarios P\u00fablicos -\" \/>\n<meta property=\"og:description\" content=\"Notarios P\u00fablicos Los nombres de las personas a quienes se les habilit\u00f3 para ejercer como corredores y notarios p\u00fablicos, as\u00ed como sus datos de contacto, la informaci\u00f3n relacionada con el&hellip;\" \/>\n<meta property=\"og:url\" content=\"https:\/\/ayuntamientotenangodedoria.gob.mx\/index.php\/notarios-publicos\/\" \/>\n<meta property=\"article:modified_time\" content=\"2025-09-02T04:57:54+00:00\" \/>\n<meta property=\"og:image\" content=\"https:\/\/epazoyucan.hidalgo.gob.mx\/images\/ADM25\/ICONOS-2025\/\/1E.png\" \/>\n<meta name=\"twitter:card\" content=\"summary_large_image\" \/>\n<meta name=\"twitter:label1\" content=\"Est. reading time\" \/>\n\t<meta name=\"twitter:data1\" content=\"1 minute\" \/>\n<script type=\"application\/ld+json\" class=\"yoast-schema-graph\">{\"@context\":\"https:\/\/schema.org\",\"@graph\":[{\"@type\":\"WebPage\",\"@id\":\"https:\/\/ayuntamientotenangodedoria.gob.mx\/index.php\/notarios-publicos\/\",\"url\":\"https:\/\/ayuntamientotenangodedoria.gob.mx\/index.php\/notarios-publicos\/\",\"name\":\"Notarios P\u00fablicos -\",\"isPartOf\":{\"@id\":\"https:\/\/ayuntamientotenangodedoria.gob.mx\/#website\"},\"primaryImageOfPage\":{\"@id\":\"https:\/\/ayuntamientotenangodedoria.gob.mx\/index.php\/notarios-publicos\/#primaryimage\"},\"image\":{\"@id\":\"https:\/\/ayuntamientotenangodedoria.gob.mx\/index.php\/notarios-publicos\/#primaryimage\"},\"thumbnailUrl\":\"https:\/\/epazoyucan.hidalgo.gob.mx\/images\/ADM25\/ICONOS-2025\/\/1E.png\",\"datePublished\":\"2025-09-02T04:55:38+00:00\",\"dateModified\":\"2025-09-02T04:57:54+00:00\",\"breadcrumb\":{\"@id\":\"https:\/\/ayuntamientotenangodedoria.gob.mx\/index.php\/notarios-publicos\/#breadcrumb\"},\"inLanguage\":\"en-US\",\"potentialAction\":[{\"@type\":\"ReadAction\",\"target\":[\"https:\/\/ayuntamientotenangodedoria.gob.mx\/index.php\/notarios-publicos\/\"]}]},{\"@type\":\"ImageObject\",\"inLanguage\":\"en-US\",\"@id\":\"https:\/\/ayuntamientotenangodedoria.gob.mx\/index.php\/notarios-publicos\/#primaryimage\",\"url\":\"https:\/\/epazoyucan.hidalgo.gob.mx\/images\/ADM25\/ICONOS-2025\/\/1E.png\",\"contentUrl\":\"https:\/\/epazoyucan.hidalgo.gob.mx\/images\/ADM25\/ICONOS-2025\/\/1E.png\"},{\"@type\":\"BreadcrumbList\",\"@id\":\"https:\/\/ayuntamientotenangodedoria.gob.mx\/index.php\/notarios-publicos\/#breadcrumb\",\"itemListElement\":[{\"@type\":\"ListItem\",\"position\":1,\"name\":\"Home\",\"item\":\"https:\/\/ayuntamientotenangodedoria.gob.mx\/\"},{\"@type\":\"ListItem\",\"position\":2,\"name\":\"Notarios P\u00fablicos\"}]},{\"@type\":\"WebSite\",\"@id\":\"https:\/\/ayuntamientotenangodedoria.gob.mx\/#website\",\"url\":\"https:\/\/ayuntamientotenangodedoria.gob.mx\/\",\"name\":\"\",\"description\":\"Transformando con Inclusi\u00f3n e Interculturalidad\",\"potentialAction\":[{\"@type\":\"SearchAction\",\"target\":{\"@type\":\"EntryPoint\",\"urlTemplate\":\"https:\/\/ayuntamientotenangodedoria.gob.mx\/?s={search_term_string}\"},\"query-input\":{\"@type\":\"PropertyValueSpecification\",\"valueRequired\":true,\"valueName\":\"search_term_string\"}}],\"inLanguage\":\"en-US\"}]}<\/script>\n<!-- \/ Yoast SEO plugin. -->","yoast_head_json":{"title":"Notarios P\u00fablicos -","robots":{"index":"index","follow":"follow","max-snippet":"max-snippet:-1","max-image-preview":"max-image-preview:large","max-video-preview":"max-video-preview:-1"},"canonical":"https:\/\/ayuntamientotenangodedoria.gob.mx\/index.php\/notarios-publicos\/","og_locale":"en_US","og_type":"article","og_title":"Notarios P\u00fablicos -","og_description":"Notarios P\u00fablicos Los nombres de las personas a quienes se les habilit\u00f3 para ejercer como corredores y notarios p\u00fablicos, as\u00ed como sus datos de contacto, la informaci\u00f3n relacionada con el&hellip;","og_url":"https:\/\/ayuntamientotenangodedoria.gob.mx\/index.php\/notarios-publicos\/","article_modified_time":"2025-09-02T04:57:54+00:00","og_image":[{"url":"https:\/\/epazoyucan.hidalgo.gob.mx\/images\/ADM25\/ICONOS-2025\/\/1E.png","type":"","width":"","height":""}],"twitter_card":"summary_large_image","twitter_misc":{"Est. reading time":"1 minute"},"schema":{"@context":"https:\/\/schema.org","@graph":[{"@type":"WebPage","@id":"https:\/\/ayuntamientotenangodedoria.gob.mx\/index.php\/notarios-publicos\/","url":"https:\/\/ayuntamientotenangodedoria.gob.mx\/index.php\/notarios-publicos\/","name":"Notarios P\u00fablicos -","isPartOf":{"@id":"https:\/\/ayuntamientotenangodedoria.gob.mx\/#website"},"primaryImageOfPage":{"@id":"https:\/\/ayuntamientotenangodedoria.gob.mx\/index.php\/notarios-publicos\/#primaryimage"},"image":{"@id":"https:\/\/ayuntamientotenangodedoria.gob.mx\/index.php\/notarios-publicos\/#primaryimage"},"thumbnailUrl":"https:\/\/epazoyucan.hidalgo.gob.mx\/images\/ADM25\/ICONOS-2025\/\/1E.png","datePublished":"2025-09-02T04:55:38+00:00","dateModified":"2025-09-02T04:57:54+00:00","breadcrumb":{"@id":"https:\/\/ayuntamientotenangodedoria.gob.mx\/index.php\/notarios-publicos\/#breadcrumb"},"inLanguage":"en-US","potentialAction":[{"@type":"ReadAction","target":["https:\/\/ayuntamientotenangodedoria.gob.mx\/index.php\/notarios-publicos\/"]}]},{"@type":"ImageObject","inLanguage":"en-US","@id":"https:\/\/ayuntamientotenangodedoria.gob.mx\/index.php\/notarios-publicos\/#primaryimage","url":"https:\/\/epazoyucan.hidalgo.gob.mx\/images\/ADM25\/ICONOS-2025\/\/1E.png","contentUrl":"https:\/\/epazoyucan.hidalgo.gob.mx\/images\/ADM25\/ICONOS-2025\/\/1E.png"},{"@type":"BreadcrumbList","@id":"https:\/\/ayuntamientotenangodedoria.gob.mx\/index.php\/notarios-publicos\/#breadcrumb","itemListElement":[{"@type":"ListItem","position":1,"name":"Home","item":"https:\/\/ayuntamientotenangodedoria.gob.mx\/"},{"@type":"ListItem","position":2,"name":"Notarios P\u00fablicos"}]},{"@type":"WebSite","@id":"https:\/\/ayuntamientotenangodedoria.gob.mx\/#website","url":"https:\/\/ayuntamientotenangodedoria.gob.mx\/","name":"","description":"Transformando con Inclusi\u00f3n e Interculturalidad","potentialAction":[{"@type":"SearchAction","target":{"@type":"EntryPoint","urlTemplate":"https:\/\/ayuntamientotenangodedoria.gob.mx\/?s={search_term_string}"},"query-input":{"@type":"PropertyValueSpecification","valueRequired":true,"valueName":"search_term_string"}}],"inLanguage":"en-US"}]}},"_links":{"self":[{"href":"https:\/\/ayuntamientotenangodedoria.gob.mx\/index.php\/wp-json\/wp\/v2\/pages\/2417","targetHints":{"allow":["GET"]}}],"collection":[{"href":"https:\/\/ayuntamientotenangodedoria.gob.mx\/index.php\/wp-json\/wp\/v2\/pages"}],"about":[{"href":"https:\/\/ayuntamientotenangodedoria.gob.mx\/index.php\/wp-json\/wp\/v2\/types\/page"}],"author":[{"embeddable":true,"href":"https:\/\/ayuntamientotenangodedoria.gob.mx\/index.php\/wp-json\/wp\/v2\/users\/2"}],"replies":[{"embeddable":true,"href":"https:\/\/ayuntamientotenangodedoria.gob.mx\/index.php\/wp-json\/wp\/v2\/comments?post=2417"}],"version-history":[{"count":4,"href":"https:\/\/ayuntamientotenangodedoria.gob.mx\/index.php\/wp-json\/wp\/v2\/pages\/2417\/revisions"}],"predecessor-version":[{"id":2424,"href":"https:\/\/ayuntamientotenangodedoria.gob.mx\/index.php\/wp-json\/wp\/v2\/pages\/2417\/revisions\/2424"}],"wp:attachment":[{"href":"https:\/\/ayuntamientotenangodedoria.gob.mx\/index.php\/wp-json\/wp\/v2\/media?parent=2417"}],"curies":[{"name":"wp","href":"https:\/\/api.w.org\/{rel}","templated":true}]}}