{"id":2494,"date":"2025-09-03T17:47:47","date_gmt":"2025-09-03T17:47:47","guid":{"rendered":"https:\/\/ayuntamientotenangodedoria.gob.mx\/?page_id=2494"},"modified":"2025-09-03T17:56:56","modified_gmt":"2025-09-03T17:56:56","slug":"disposiciones-administrativas","status":"publish","type":"page","link":"https:\/\/ayuntamientotenangodedoria.gob.mx\/index.php\/disposiciones-administrativas\/","title":{"rendered":"Disposiciones Administrativas"},"content":{"rendered":"\t\t<div data-elementor-type=\"wp-page\" data-elementor-id=\"2494\" class=\"elementor elementor-2494\">\n\t\t\t\t<div class=\"elementor-element elementor-element-3ef8683 e-flex e-con-boxed e-con e-parent\" data-id=\"3ef8683\" data-element_type=\"container\" data-e-type=\"container\">\n\t\t\t\t\t<div class=\"e-con-inner\">\n\t\t\t\t<div class=\"elementor-element elementor-element-e85c6bb elementor-widget elementor-widget-heading\" data-id=\"e85c6bb\" data-element_type=\"widget\" data-e-type=\"widget\" data-widget_type=\"heading.default\">\n\t\t\t\t<div class=\"elementor-widget-container\">\n\t\t\t\t\t<h2 class=\"elementor-heading-title elementor-size-default\">Disposiciones Administrativas<\/h2>\t\t\t\t<\/div>\n\t\t\t\t<\/div>\n\t\t\t\t<div class=\"elementor-element elementor-element-6d7db77 elementor-widget elementor-widget-text-editor\" data-id=\"6d7db77\" data-element_type=\"widget\" data-e-type=\"widget\" data-widget_type=\"text-editor.default\">\n\t\t\t\t<div class=\"elementor-widget-container\">\n\t\t\t\t\t\t\t\t\t<h5>Las disposiciones administrativas, directamente o a trav\u00e9s de la autoridad competente, con el plazo de anticipaci\u00f3n que prevean las disposiciones aplicables al sujeto obligado de que se trate, salvo que su difusi\u00f3n pueda comprometer los efectos que se pretenden lograr con la disposici\u00f3n o se trate de situaciones de emergencia, de conformidad con dichas disposiciones.<\/h5>\t\t\t\t\t\t\t\t<\/div>\n\t\t\t\t<\/div>\n\t\t\t\t<div class=\"elementor-element elementor-element-8eabf21 elementor-widget elementor-widget-text-editor\" data-id=\"8eabf21\" data-element_type=\"widget\" data-e-type=\"widget\" data-widget_type=\"text-editor.default\">\n\t\t\t\t<div class=\"elementor-widget-container\">\n\t\t\t\t\t\t\t\t\t<p><span dir=\"auto\" style=\"vertical-align: inherit;\"><span dir=\"auto\" style=\"vertical-align: inherit;\"><img decoding=\"async\" class=\"\" src=\"https:\/\/epazoyucan.hidalgo.gob.mx\/images\/ADM25\/ICONOS-2025\/IG.png\" width=\"340\" height=\"104\" \/><\/span><\/span><\/p>\t\t\t\t\t\t\t\t<\/div>\n\t\t\t\t<\/div>\n\t\t\t\t<div class=\"elementor-element elementor-element-72d8d32 elementor-widget elementor-widget-text-editor\" data-id=\"72d8d32\" data-element_type=\"widget\" data-e-type=\"widget\" data-widget_type=\"text-editor.default\">\n\t\t\t\t<div class=\"elementor-widget-container\">\n\t\t\t\t\t\t\t\t\t<table class=\"tableizer-table\" style=\"max-width: 100%; background-color: #ffffff; font-size: 21px; border-width: 1px; border-color: #cccccc; font-family: Arial, Helvetica, sans-serif; color: #000000; letter-spacing: normal;\" border=\"1\" width=\"100%\" cellspacing=\"0\"><thead><tr class=\"tableizer-firstrow\"><th style=\"background-color: #641913;\"><span style=\"vertical-align: inherit;\"><span dir=\"auto\" style=\"vertical-align: inherit;\">Ejercicio<\/span><\/span><\/th><th style=\"background-color: #641913;\"><span style=\"vertical-align: inherit;\"><span dir=\"auto\" style=\"vertical-align: inherit;\">Ejercicio<\/span><\/span><\/th><th style=\"background-color: #641913;\"><span style=\"vertical-align: inherit;\"><span dir=\"auto\" style=\"vertical-align: inherit;\">Ejercicio<\/span><\/span><\/th><th style=\"background-color: #641913;\"><span style=\"vertical-align: inherit;\"><span dir=\"auto\" style=\"vertical-align: inherit;\">Ejercicio<\/span><\/span><\/th><th style=\"background-color: #641913;\"><span style=\"vertical-align: inherit;\"><span dir=\"auto\" style=\"vertical-align: inherit;\">Ejercicio<\/span><\/span><\/th><th style=\"background-color: #641913;\"><span style=\"vertical-align: inherit;\"><span dir=\"auto\" style=\"vertical-align: inherit;\">Ejercicio<\/span><\/span><\/th><th style=\"background-color: #641913;\"><span style=\"vertical-align: inherit;\"><span dir=\"auto\" style=\"vertical-align: inherit;\">Ejercicio<\/span><\/span><\/th><th style=\"background-color: #641913;\"><span style=\"vertical-align: inherit;\"><span dir=\"auto\" style=\"vertical-align: inherit;\">Ejercicio<\/span><\/span><\/th><\/tr><\/thead><thead><tr class=\"tableizer-firstrow\"><th style=\"background-color: #641913;\"><span style=\"vertical-align: inherit;\"><span dir=\"auto\" style=\"vertical-align: inherit;\">2018<\/span><\/span><\/th><th style=\"background-color: #641913;\"><span style=\"vertical-align: inherit;\"><span dir=\"auto\" style=\"vertical-align: inherit;\">2019<\/span><\/span><\/th><th style=\"background-color: #641913;\"><span style=\"vertical-align: inherit;\"><span dir=\"auto\" style=\"vertical-align: inherit;\">2020<\/span><\/span><\/th><th style=\"background-color: #641913;\"><span style=\"vertical-align: inherit;\"><span dir=\"auto\" style=\"vertical-align: inherit;\">2021<\/span><\/span><\/th><th style=\"background-color: #641913;\"><span style=\"vertical-align: inherit;\"><span dir=\"auto\" style=\"vertical-align: inherit;\">2022<\/span><\/span><\/th><th style=\"background-color: #641913;\"><span style=\"vertical-align: inherit;\"><span dir=\"auto\" style=\"vertical-align: inherit;\">2023<\/span><\/span><\/th><th style=\"background-color: #641913;\"><span style=\"vertical-align: inherit;\"><span dir=\"auto\" style=\"vertical-align: inherit;\">2024<\/span><\/span><\/th><th style=\"background-color: #641913;\"><span style=\"vertical-align: inherit;\"><span dir=\"auto\" style=\"vertical-align: inherit;\">2025<\/span><\/span><\/th><\/tr><\/thead><tbody><tr><td style=\"padding: 4px; margin: 3px; border-width: 1px; border-color: #cccccc;\"><center><span dir=\"auto\" style=\"vertical-align: inherit;\">No se cuenta con informaci\u00f3n<\/span><\/center><center><\/center><\/td><td style=\"padding: 4px; margin: 3px; border-width: 1px; border-color: #cccccc;\"><center><center><span dir=\"auto\" style=\"vertical-align: inherit;\">No se cuenta con informaci\u00f3n<\/span><\/center><\/center><\/td><td style=\"padding: 4px; margin: 3px; border-width: 1px; border-color: #cccccc;\"><center><span dir=\"auto\" style=\"vertical-align: inherit;\">No se cuenta con informaci\u00f3n<\/span><\/center><\/td><td style=\"padding: 4px; margin: 3px; border-width: 1px; border-color: #cccccc; text-align: center;\"><center><span dir=\"auto\" style=\"vertical-align: inherit;\">No se cuenta con informaci\u00f3n<\/span><\/center><\/td><td style=\"padding: 4px; margin: 3px; border-width: 1px; border-color: #cccccc;\"><center><\/center><center><center><\/center><center><\/center><center><center><span style=\"vertical-align: inherit;\"><span dir=\"auto\" style=\"vertical-align: inherit;\"><a href=\"https:\/\/ayuntamientotenangodedoria.gob.mx\/wp-content\/uploads\/2025\/09\/Disposiciones-administrativas-2022.xls\" target=\"_blank\" rel=\"noopener\"><img fetchpriority=\"high\" decoding=\"async\" class=\"alignnone\" style=\"border-width: 0px; border-style: initial;\" src=\"https:\/\/epazoyucan.hidalgo.gob.mx\/images\/LogosTRANSP\/png-transparent-microsoft-excel-computer-icons-microsoft-office-microsoft-word-microsoft-angle-text-rectangle.png\" alt=\"\" width=\"920\" height=\"372\" \/><\/a><\/span><\/span><\/center><center><\/center><\/center><\/center><\/td><td style=\"padding: 4px; margin: 3px; border-width: 1px; border-color: #cccccc;\"><center><center><span style=\"vertical-align: inherit;\"><span dir=\"auto\" style=\"vertical-align: inherit;\"><a href=\"https:\/\/ayuntamientotenangodedoria.gob.mx\/wp-content\/uploads\/2025\/09\/Disposiciones-administrativas-2023.xls\" target=\"_blank\" rel=\"noopener\"><img fetchpriority=\"high\" decoding=\"async\" class=\"alignnone\" style=\"border-width: 0px; border-style: initial;\" src=\"https:\/\/epazoyucan.hidalgo.gob.mx\/images\/LogosTRANSP\/png-transparent-microsoft-excel-computer-icons-microsoft-office-microsoft-word-microsoft-angle-text-rectangle.png\" alt=\"\" width=\"920\" height=\"372\" \/><\/a><\/span><\/span><\/center><center><\/center><center><\/center><\/center><\/td><td style=\"padding: 4px; margin: 3px; border-width: 1px; border-color: #cccccc;\"><center><center><span style=\"vertical-align: inherit;\"><span dir=\"auto\" style=\"vertical-align: inherit;\"><a href=\"https:\/\/ayuntamientotenangodedoria.gob.mx\/wp-content\/uploads\/2025\/09\/Disposiciones-administrativas-2024.xls\" target=\"_blank\" rel=\"noopener\"><img fetchpriority=\"high\" decoding=\"async\" class=\"alignnone\" style=\"border-width: 0px; border-style: initial;\" src=\"https:\/\/epazoyucan.hidalgo.gob.mx\/images\/LogosTRANSP\/png-transparent-microsoft-excel-computer-icons-microsoft-office-microsoft-word-microsoft-angle-text-rectangle.png\" alt=\"\" width=\"920\" height=\"372\" \/><\/a><\/span><\/span><\/center><center><\/center><\/center><center><\/center><center><\/center><\/td><td style=\"padding: 4px; margin: 3px; border-width: 1px; border-color: #cccccc;\"><center><center><span style=\"vertical-align: inherit;\"><span dir=\"auto\" style=\"vertical-align: inherit;\"><a href=\"https:\/\/ayuntamientotenangodedoria.gob.mx\/wp-content\/uploads\/2025\/09\/Disposiciones-administrativas-2025.xls\" target=\"_blank\" rel=\"noopener\"><img fetchpriority=\"high\" decoding=\"async\" class=\"alignnone\" style=\"border-width: 0px; border-style: initial;\" src=\"https:\/\/epazoyucan.hidalgo.gob.mx\/images\/LogosTRANSP\/png-transparent-microsoft-excel-computer-icons-microsoft-office-microsoft-word-microsoft-angle-text-rectangle.png\" alt=\"\" width=\"920\" height=\"372\" \/><\/a><\/span><\/span><\/center><center><\/center><\/center><center><\/center><center><\/center><\/td><\/tr><\/tbody><\/table>\t\t\t\t\t\t\t\t<\/div>\n\t\t\t\t<\/div>\n\t\t\t\t\t<\/div>\n\t\t\t\t<\/div>\n\t\t\t\t<\/div>\n\t\t","protected":false},"excerpt":{"rendered":"<p>Disposiciones Administrativas Las disposiciones administrativas, directamente o a trav\u00e9s de la autoridad competente, con el plazo de anticipaci\u00f3n que prevean las disposiciones aplicables al sujeto obligado de que se trate,&hellip;<\/p>\n","protected":false},"author":2,"featured_media":0,"parent":0,"menu_order":0,"comment_status":"closed","ping_status":"closed","template":"","meta":{"footnotes":""},"class_list":["post-2494","page","type-page","status-publish","hentry"],"yoast_head":"<!-- This site is optimized with the Yoast SEO plugin v27.2 - https:\/\/yoast.com\/product\/yoast-seo-wordpress\/ -->\n<title>Disposiciones Administrativas -<\/title>\n<meta name=\"robots\" content=\"index, follow, max-snippet:-1, max-image-preview:large, max-video-preview:-1\" \/>\n<link rel=\"canonical\" href=\"https:\/\/ayuntamientotenangodedoria.gob.mx\/index.php\/disposiciones-administrativas\/\" \/>\n<meta property=\"og:locale\" content=\"en_US\" \/>\n<meta property=\"og:type\" content=\"article\" \/>\n<meta property=\"og:title\" content=\"Disposiciones Administrativas -\" \/>\n<meta property=\"og:description\" content=\"Disposiciones Administrativas Las disposiciones administrativas, directamente o a trav\u00e9s de la autoridad competente, con el plazo de anticipaci\u00f3n que prevean las disposiciones aplicables al sujeto obligado de que se trate,&hellip;\" \/>\n<meta property=\"og:url\" content=\"https:\/\/ayuntamientotenangodedoria.gob.mx\/index.php\/disposiciones-administrativas\/\" \/>\n<meta property=\"article:modified_time\" content=\"2025-09-03T17:56:56+00:00\" \/>\n<meta property=\"og:image\" content=\"https:\/\/epazoyucan.hidalgo.gob.mx\/images\/ADM25\/ICONOS-2025\/IG.png\" \/>\n<meta name=\"twitter:card\" content=\"summary_large_image\" \/>\n<meta name=\"twitter:label1\" content=\"Est. reading time\" \/>\n\t<meta name=\"twitter:data1\" content=\"2 minutes\" \/>\n<script type=\"application\/ld+json\" class=\"yoast-schema-graph\">{\"@context\":\"https:\/\/schema.org\",\"@graph\":[{\"@type\":\"WebPage\",\"@id\":\"https:\/\/ayuntamientotenangodedoria.gob.mx\/index.php\/disposiciones-administrativas\/\",\"url\":\"https:\/\/ayuntamientotenangodedoria.gob.mx\/index.php\/disposiciones-administrativas\/\",\"name\":\"Disposiciones Administrativas -\",\"isPartOf\":{\"@id\":\"https:\/\/ayuntamientotenangodedoria.gob.mx\/#website\"},\"primaryImageOfPage\":{\"@id\":\"https:\/\/ayuntamientotenangodedoria.gob.mx\/index.php\/disposiciones-administrativas\/#primaryimage\"},\"image\":{\"@id\":\"https:\/\/ayuntamientotenangodedoria.gob.mx\/index.php\/disposiciones-administrativas\/#primaryimage\"},\"thumbnailUrl\":\"https:\/\/epazoyucan.hidalgo.gob.mx\/images\/ADM25\/ICONOS-2025\/IG.png\",\"datePublished\":\"2025-09-03T17:47:47+00:00\",\"dateModified\":\"2025-09-03T17:56:56+00:00\",\"breadcrumb\":{\"@id\":\"https:\/\/ayuntamientotenangodedoria.gob.mx\/index.php\/disposiciones-administrativas\/#breadcrumb\"},\"inLanguage\":\"en-US\",\"potentialAction\":[{\"@type\":\"ReadAction\",\"target\":[\"https:\/\/ayuntamientotenangodedoria.gob.mx\/index.php\/disposiciones-administrativas\/\"]}]},{\"@type\":\"ImageObject\",\"inLanguage\":\"en-US\",\"@id\":\"https:\/\/ayuntamientotenangodedoria.gob.mx\/index.php\/disposiciones-administrativas\/#primaryimage\",\"url\":\"https:\/\/epazoyucan.hidalgo.gob.mx\/images\/ADM25\/ICONOS-2025\/IG.png\",\"contentUrl\":\"https:\/\/epazoyucan.hidalgo.gob.mx\/images\/ADM25\/ICONOS-2025\/IG.png\"},{\"@type\":\"BreadcrumbList\",\"@id\":\"https:\/\/ayuntamientotenangodedoria.gob.mx\/index.php\/disposiciones-administrativas\/#breadcrumb\",\"itemListElement\":[{\"@type\":\"ListItem\",\"position\":1,\"name\":\"Home\",\"item\":\"https:\/\/ayuntamientotenangodedoria.gob.mx\/\"},{\"@type\":\"ListItem\",\"position\":2,\"name\":\"Disposiciones Administrativas\"}]},{\"@type\":\"WebSite\",\"@id\":\"https:\/\/ayuntamientotenangodedoria.gob.mx\/#website\",\"url\":\"https:\/\/ayuntamientotenangodedoria.gob.mx\/\",\"name\":\"\",\"description\":\"Transformando con Inclusi\u00f3n e Interculturalidad\",\"potentialAction\":[{\"@type\":\"SearchAction\",\"target\":{\"@type\":\"EntryPoint\",\"urlTemplate\":\"https:\/\/ayuntamientotenangodedoria.gob.mx\/?s={search_term_string}\"},\"query-input\":{\"@type\":\"PropertyValueSpecification\",\"valueRequired\":true,\"valueName\":\"search_term_string\"}}],\"inLanguage\":\"en-US\"}]}<\/script>\n<!-- \/ Yoast SEO plugin. -->","yoast_head_json":{"title":"Disposiciones Administrativas -","robots":{"index":"index","follow":"follow","max-snippet":"max-snippet:-1","max-image-preview":"max-image-preview:large","max-video-preview":"max-video-preview:-1"},"canonical":"https:\/\/ayuntamientotenangodedoria.gob.mx\/index.php\/disposiciones-administrativas\/","og_locale":"en_US","og_type":"article","og_title":"Disposiciones Administrativas -","og_description":"Disposiciones Administrativas Las disposiciones administrativas, directamente o a trav\u00e9s de la autoridad competente, con el plazo de anticipaci\u00f3n que prevean las disposiciones aplicables al sujeto obligado de que se trate,&hellip;","og_url":"https:\/\/ayuntamientotenangodedoria.gob.mx\/index.php\/disposiciones-administrativas\/","article_modified_time":"2025-09-03T17:56:56+00:00","og_image":[{"url":"https:\/\/epazoyucan.hidalgo.gob.mx\/images\/ADM25\/ICONOS-2025\/IG.png","type":"","width":"","height":""}],"twitter_card":"summary_large_image","twitter_misc":{"Est. reading time":"2 minutes"},"schema":{"@context":"https:\/\/schema.org","@graph":[{"@type":"WebPage","@id":"https:\/\/ayuntamientotenangodedoria.gob.mx\/index.php\/disposiciones-administrativas\/","url":"https:\/\/ayuntamientotenangodedoria.gob.mx\/index.php\/disposiciones-administrativas\/","name":"Disposiciones Administrativas -","isPartOf":{"@id":"https:\/\/ayuntamientotenangodedoria.gob.mx\/#website"},"primaryImageOfPage":{"@id":"https:\/\/ayuntamientotenangodedoria.gob.mx\/index.php\/disposiciones-administrativas\/#primaryimage"},"image":{"@id":"https:\/\/ayuntamientotenangodedoria.gob.mx\/index.php\/disposiciones-administrativas\/#primaryimage"},"thumbnailUrl":"https:\/\/epazoyucan.hidalgo.gob.mx\/images\/ADM25\/ICONOS-2025\/IG.png","datePublished":"2025-09-03T17:47:47+00:00","dateModified":"2025-09-03T17:56:56+00:00","breadcrumb":{"@id":"https:\/\/ayuntamientotenangodedoria.gob.mx\/index.php\/disposiciones-administrativas\/#breadcrumb"},"inLanguage":"en-US","potentialAction":[{"@type":"ReadAction","target":["https:\/\/ayuntamientotenangodedoria.gob.mx\/index.php\/disposiciones-administrativas\/"]}]},{"@type":"ImageObject","inLanguage":"en-US","@id":"https:\/\/ayuntamientotenangodedoria.gob.mx\/index.php\/disposiciones-administrativas\/#primaryimage","url":"https:\/\/epazoyucan.hidalgo.gob.mx\/images\/ADM25\/ICONOS-2025\/IG.png","contentUrl":"https:\/\/epazoyucan.hidalgo.gob.mx\/images\/ADM25\/ICONOS-2025\/IG.png"},{"@type":"BreadcrumbList","@id":"https:\/\/ayuntamientotenangodedoria.gob.mx\/index.php\/disposiciones-administrativas\/#breadcrumb","itemListElement":[{"@type":"ListItem","position":1,"name":"Home","item":"https:\/\/ayuntamientotenangodedoria.gob.mx\/"},{"@type":"ListItem","position":2,"name":"Disposiciones Administrativas"}]},{"@type":"WebSite","@id":"https:\/\/ayuntamientotenangodedoria.gob.mx\/#website","url":"https:\/\/ayuntamientotenangodedoria.gob.mx\/","name":"","description":"Transformando con Inclusi\u00f3n e Interculturalidad","potentialAction":[{"@type":"SearchAction","target":{"@type":"EntryPoint","urlTemplate":"https:\/\/ayuntamientotenangodedoria.gob.mx\/?s={search_term_string}"},"query-input":{"@type":"PropertyValueSpecification","valueRequired":true,"valueName":"search_term_string"}}],"inLanguage":"en-US"}]}},"_links":{"self":[{"href":"https:\/\/ayuntamientotenangodedoria.gob.mx\/index.php\/wp-json\/wp\/v2\/pages\/2494","targetHints":{"allow":["GET"]}}],"collection":[{"href":"https:\/\/ayuntamientotenangodedoria.gob.mx\/index.php\/wp-json\/wp\/v2\/pages"}],"about":[{"href":"https:\/\/ayuntamientotenangodedoria.gob.mx\/index.php\/wp-json\/wp\/v2\/types\/page"}],"author":[{"embeddable":true,"href":"https:\/\/ayuntamientotenangodedoria.gob.mx\/index.php\/wp-json\/wp\/v2\/users\/2"}],"replies":[{"embeddable":true,"href":"https:\/\/ayuntamientotenangodedoria.gob.mx\/index.php\/wp-json\/wp\/v2\/comments?post=2494"}],"version-history":[{"count":4,"href":"https:\/\/ayuntamientotenangodedoria.gob.mx\/index.php\/wp-json\/wp\/v2\/pages\/2494\/revisions"}],"predecessor-version":[{"id":2506,"href":"https:\/\/ayuntamientotenangodedoria.gob.mx\/index.php\/wp-json\/wp\/v2\/pages\/2494\/revisions\/2506"}],"wp:attachment":[{"href":"https:\/\/ayuntamientotenangodedoria.gob.mx\/index.php\/wp-json\/wp\/v2\/media?parent=2494"}],"curies":[{"name":"wp","href":"https:\/\/api.w.org\/{rel}","templated":true}]}}