{"id":2593,"date":"2025-09-14T07:56:30","date_gmt":"2025-09-14T07:56:30","guid":{"rendered":"https:\/\/ayuntamientotenangodedoria.gob.mx\/?page_id=2593"},"modified":"2025-09-14T18:15:31","modified_gmt":"2025-09-14T18:15:31","slug":"servicios","status":"publish","type":"page","link":"https:\/\/ayuntamientotenangodedoria.gob.mx\/index.php\/servicios\/","title":{"rendered":"Servicios"},"content":{"rendered":"\t\t<div data-elementor-type=\"wp-page\" data-elementor-id=\"2593\" class=\"elementor elementor-2593\">\n\t\t\t\t<div class=\"elementor-element elementor-element-49efd1e e-flex e-con-boxed e-con e-parent\" data-id=\"49efd1e\" data-element_type=\"container\" data-e-type=\"container\">\n\t\t\t\t\t<div class=\"e-con-inner\">\n\t\t\t\t<div class=\"elementor-element elementor-element-b850beb elementor-widget elementor-widget-heading\" data-id=\"b850beb\" data-element_type=\"widget\" data-e-type=\"widget\" data-widget_type=\"heading.default\">\n\t\t\t\t<div class=\"elementor-widget-container\">\n\t\t\t\t\t<h2 class=\"elementor-heading-title elementor-size-default\">Servicios Ofrecidos<\/h2>\t\t\t\t<\/div>\n\t\t\t\t<\/div>\n\t\t\t\t<div class=\"elementor-element elementor-element-a939feb elementor-widget elementor-widget-text-editor\" data-id=\"a939feb\" data-element_type=\"widget\" data-e-type=\"widget\" data-widget_type=\"text-editor.default\">\n\t\t\t\t<div class=\"elementor-widget-container\">\n\t\t\t\t\t\t\t\t\t<p><img decoding=\"async\" class=\"aligncenter\" src=\"https:\/\/epazoyucan.hidalgo.gob.mx\/images\/ADM25\/ICONOS-2025\/XIX.png\" width=\"330\" height=\"101\" \/><\/p>\t\t\t\t\t\t\t\t<\/div>\n\t\t\t\t<\/div>\n\t\t\t\t\t<\/div>\n\t\t\t\t<\/div>\n\t\t<div class=\"elementor-element elementor-element-7563818 e-flex e-con-boxed e-con e-parent\" data-id=\"7563818\" data-element_type=\"container\" data-e-type=\"container\">\n\t\t\t\t\t<div class=\"e-con-inner\">\n\t\t\t\t<div class=\"elementor-element elementor-element-10a6eaf elementor-widget elementor-widget-heading\" data-id=\"10a6eaf\" data-element_type=\"widget\" data-e-type=\"widget\" data-widget_type=\"heading.default\">\n\t\t\t\t<div class=\"elementor-widget-container\">\n\t\t\t\t\t<h2 class=\"elementor-heading-title elementor-size-default\">Servicios 2024-2027\n<\/h2>\t\t\t\t<\/div>\n\t\t\t\t<\/div>\n\t\t\t\t<div class=\"elementor-element elementor-element-8800dbd elementor-widget elementor-widget-text-editor\" data-id=\"8800dbd\" data-element_type=\"widget\" data-e-type=\"widget\" data-widget_type=\"text-editor.default\">\n\t\t\t\t<div class=\"elementor-widget-container\">\n\t\t\t\t\t\t\t\t\t<h5 style=\"text-align: center;\"><span style=\"color: #0000ff;\">Los servicios que ofrecen se\u00f1alando los requisitos para acceder a ellos.<\/span><\/h5>\t\t\t\t\t\t\t\t<\/div>\n\t\t\t\t<\/div>\n\t\t\t\t<div class=\"elementor-element elementor-element-34e516d elementor-widget elementor-widget-text-editor\" data-id=\"34e516d\" data-element_type=\"widget\" data-e-type=\"widget\" data-widget_type=\"text-editor.default\">\n\t\t\t\t<div class=\"elementor-widget-container\">\n\t\t\t\t\t\t\t\t\t<table class=\"table table-striped\" border=\"5\" width=\"100%\" cellspacing=\"0\"><thead><tr class=\"tableizer-firstrow\"><th><h4 style=\"text-align: center;\"><span style=\"color: #ffffff;\">\u00c1rea<\/span><\/h4><\/th><th style=\"text-align: center;\"><h4><span style=\"color: #ffffff;\">Servicio Ofertado<\/span><\/h4><\/th><th style=\"text-align: center;\"><h4><span style=\"color: #ffffff;\">Informaci\u00f3n y Requisitos<\/span><\/h4><\/th><\/tr><\/thead><tbody><tr><td><h5 style=\"text-align: center;\">Servicios Municipales<\/h5><\/td><td><h5 style=\"text-align: center;\">Alumbrado P\u00fablico<\/h5><\/td><td><center><a href=\"https:\/\/drive.google.com\/file\/d\/1EehoI2_5-cRPBRGasdyejwfyW-s0gGll\/view\" target=\"_blank\" rel=\"noopener\"><img decoding=\"async\" class=\"\" src=\"https:\/\/epazoyucan.hidalgo.gob.mx\/images\/transparencia\/pdf.png\" alt=\"\" width=\"70\" height=\"70\" \/><\/a><\/center><\/td><\/tr><tr><td style=\"text-align: center;\"><h5 style=\"text-align: center;\">Servicios Municipales<\/h5><\/td><td style=\"text-align: center;\"><h5>Pante\u00f3n Municipal<\/h5><\/td><td><center><a href=\"https:\/\/drive.google.com\/file\/d\/1GeVUKew6uwhySRqMtpUklj06mGTpCtTa\/view\" target=\"_blank\" rel=\"noopener\"><img decoding=\"async\" class=\"\" src=\"https:\/\/epazoyucan.hidalgo.gob.mx\/images\/transparencia\/pdf.png\" alt=\"\" width=\"70\" height=\"70\" \/><\/a><\/center><\/td><\/tr><tr><td style=\"text-align: center;\"><h5 style=\"text-align: center;\">Servicios Municipales<\/h5><\/td><td style=\"text-align: center;\"><h5>Auditorio Municipal<\/h5><\/td><td><center><a href=\"https:\/\/drive.google.com\/file\/d\/1HkyCTWoCSs69MaPaFKXLv7ttES594iXS\/view\" target=\"_blank\" rel=\"noopener\"><img decoding=\"async\" class=\"\" src=\"https:\/\/epazoyucan.hidalgo.gob.mx\/images\/transparencia\/pdf.png\" alt=\"\" width=\"70\" height=\"70\" \/><\/a><\/center><\/td><\/tr><tr><td style=\"text-align: center;\"><h5 style=\"text-align: center;\">Servicios Municipales<\/h5><\/td><td style=\"text-align: center;\"><h5>Drenaje<\/h5><\/td><td><center><a href=\"https:\/\/drive.google.com\/file\/d\/1H4CcegM-foXx80evdC-gKgtDOnBmKFal\/view\" target=\"_blank\" rel=\"noopener\"><img decoding=\"async\" class=\"\" src=\"https:\/\/epazoyucan.hidalgo.gob.mx\/images\/transparencia\/pdf.png\" alt=\"\" width=\"70\" height=\"70\" \/><\/a><\/center><\/td><\/tr><tr><td><h5 style=\"text-align: center;\">Servicios Municipales<\/h5><\/td><td><h5 style=\"text-align: center;\">Mantenimiento<\/h5><\/td><td><center><a href=\"https:\/\/drive.google.com\/file\/d\/1Gou1WrS2AKkOtaFqr6ObzEisE6y6jtyQ\/view\" target=\"_blank\" rel=\"noopener\"><img decoding=\"async\" class=\"\" src=\"https:\/\/epazoyucan.hidalgo.gob.mx\/images\/transparencia\/pdf.png\" alt=\"\" width=\"70\" height=\"70\" \/><\/a><\/center><\/td><\/tr><tr><td style=\"text-align: center;\"><h5 style=\"text-align: center;\">Servicios Municipales<\/h5><\/td><td><h5 style=\"text-align: center;\">Limpias<\/h5><\/td><td><center><a href=\"https:\/\/drive.google.com\/file\/d\/1GVsurIFE-LDXAb0ZxhBLB6aQ7jFMeOHP\/view\" target=\"_blank\" rel=\"noopener\"><img decoding=\"async\" class=\"\" src=\"https:\/\/epazoyucan.hidalgo.gob.mx\/images\/transparencia\/pdf.png\" alt=\"\" width=\"70\" height=\"70\" \/><\/a><\/center><\/td><\/tr><tr><td style=\"text-align: center;\"><h5 style=\"text-align: center;\">Servicios Municipales<\/h5><\/td><td><h5 style=\"text-align: center;\">Agua Potable y Alcantarillado<\/h5><\/td><td><center><a href=\"https:\/\/drive.google.com\/file\/d\/1GTotXNu5c-N5P2vvnTF2-yK3fOPxv8WL\/view\" target=\"_blank\" rel=\"noopener\"><img decoding=\"async\" class=\"\" src=\"https:\/\/epazoyucan.hidalgo.gob.mx\/images\/transparencia\/pdf.png\" alt=\"\" width=\"70\" height=\"70\" \/><\/a><\/center><\/td><\/tr><tr><td><h5 style=\"text-align: center;\"><span style=\"color: #800000;\">Protecci\u00f3n Civil<\/span><\/h5><\/td><td><h5 style=\"text-align: center;\"><span style=\"color: #800000;\">Traslados<\/span><\/h5><\/td><td><center><a href=\"https:\/\/www.facebook.com\/profile.php?id=61579888520191\" target=\"_blank\" rel=\"noopener\"><img decoding=\"async\" class=\"\" src=\"https:\/\/epazoyucan.hidalgo.gob.mx\/images\/transparencia\/pdf.png\" alt=\"\" width=\"70\" height=\"70\" \/><\/a><\/center><\/td><\/tr><tr><td style=\"text-align: center;\"><h5 style=\"text-align: center;\"><span style=\"color: #800000;\">Protecci\u00f3n Civil<\/span><\/h5><\/td><td><h5 style=\"text-align: center;\"><span style=\"color: #800000;\">Atenci\u00f3n a emergencias<\/span><\/h5><\/td><td><center><a href=\"https:\/\/ayuntamientotenangodedoria.gob.mx\/wp-content\/uploads\/2025\/09\/NUMEROS-TELEFONICOS-DEL-AREA.pdf\" target=\"_blank\" rel=\"noopener\"><img decoding=\"async\" class=\"\" src=\"https:\/\/epazoyucan.hidalgo.gob.mx\/images\/transparencia\/pdf.png\" alt=\"\" width=\"70\" height=\"70\" \/><\/a><\/center><\/td><\/tr><tr><td style=\"text-align: center;\"><h5 style=\"text-align: center;\"><span style=\"color: #800000;\">Protecci\u00f3n Civil<\/span><\/h5><\/td><td style=\"text-align: center;\"><h5><span style=\"color: #800000;\">Derrumbes<\/span><\/h5><\/td><td><center><a href=\"https:\/\/ayuntamientotenangodedoria.gob.mx\/wp-content\/uploads\/2025\/09\/DERRUMBES.pdf\" target=\"_blank\" rel=\"noopener\"><img decoding=\"async\" class=\"\" src=\"https:\/\/epazoyucan.hidalgo.gob.mx\/images\/transparencia\/pdf.png\" alt=\"\" width=\"70\" height=\"70\" \/><\/a><\/center><\/td><\/tr><tr><td style=\"text-align: center;\"><h5 style=\"text-align: center;\"><span style=\"color: #800000;\">Protecci\u00f3n Civil<\/span><\/h5><\/td><td style=\"text-align: center;\"><h5><span style=\"color: #800000;\">Incendios<\/span><\/h5><\/td><td><center><a href=\"https:\/\/ayuntamientotenangodedoria.gob.mx\/wp-content\/uploads\/2025\/09\/INSENDIOS-.pdf\" target=\"_blank\" rel=\"noopener\"><img decoding=\"async\" class=\"\" src=\"https:\/\/epazoyucan.hidalgo.gob.mx\/images\/transparencia\/pdf.png\" alt=\"\" width=\"70\" height=\"70\" \/><\/a><\/center><\/td><\/tr><tr><td><h5 style=\"text-align: center;\"><span style=\"color: #800000;\">Protecci\u00f3n Civil<\/span><\/h5><\/td><td><h5 style=\"text-align: center;\"><span style=\"color: #800000;\">Dict\u00e1menes de Riesgo<\/span><\/h5><\/td><td><center><a href=\"https:\/\/ayuntamientotenangodedoria.gob.mx\/wp-content\/uploads\/2025\/09\/DICTAMENES-DE-RIESGO.pdf\" target=\"_blank\" rel=\"noopener\"><img decoding=\"async\" class=\"\" src=\"https:\/\/epazoyucan.hidalgo.gob.mx\/images\/transparencia\/pdf.png\" alt=\"\" width=\"70\" height=\"70\" \/><\/a><\/center><\/td><\/tr><tr><td style=\"text-align: center;\"><h5 style=\"text-align: center;\"><span style=\"color: #800000;\">Protecci\u00f3n Civil<\/span><span style=\"font-family: inherit; font-size: inherit;\">\u00a0<\/span><\/h5><\/td><td><h5 style=\"text-align: center;\"><span style=\"color: #800000;\">Resguardo de Eventos<\/span><\/h5><\/td><td><center><a href=\"https:\/\/ayuntamientotenangodedoria.gob.mx\/wp-content\/uploads\/2025\/09\/RESGUARDOS-DE-EVENTOS.pdf\" target=\"_blank\" rel=\"noopener\"><img decoding=\"async\" class=\"aligncenter\" src=\"https:\/\/epazoyucan.hidalgo.gob.mx\/images\/transparencia\/pdf.png\" alt=\"\" width=\"70\" height=\"70\" \/><\/a><\/center><\/td><\/tr><tr><td><h5 style=\"text-align: center;\">Transparencia y Acceso a la Informaci\u00f3n<\/h5><\/td><td style=\"text-align: center;\"><div class=\"col-md-12 renglonDetalle\"><h5 class=\"col-md-7 campoDetalle\">Respuesta de solicitudes de informaci\u00f3n<\/h5><\/div><\/td><td><center><a href=\"https:\/\/ayuntamientotenangodedoria.gob.mx\/wp-content\/uploads\/2025\/09\/Tramites-Unidad-de-Transparencia.pdf\" target=\"_blank\" rel=\"noopener\"><img decoding=\"async\" class=\"aligncenter\" src=\"https:\/\/epazoyucan.hidalgo.gob.mx\/images\/transparencia\/pdf.png\" alt=\"\" width=\"70\" height=\"70\" \/><\/a><\/center><\/td><\/tr><\/tbody><\/table><p style=\"text-align: center;\">\u00a0<\/p>\t\t\t\t\t\t\t\t<\/div>\n\t\t\t\t<\/div>\n\t\t\t\t\t<\/div>\n\t\t\t\t<\/div>\n\t\t\t\t<\/div>\n\t\t","protected":false},"excerpt":{"rendered":"<p>Servicios Ofrecidos Servicios 2024-2027 Los servicios que ofrecen se\u00f1alando los requisitos para acceder a ellos. \u00c1rea Servicio Ofertado Informaci\u00f3n y Requisitos Servicios Municipales Alumbrado P\u00fablico Servicios Municipales Pante\u00f3n Municipal Servicios&hellip;<\/p>\n","protected":false},"author":2,"featured_media":0,"parent":0,"menu_order":0,"comment_status":"closed","ping_status":"closed","template":"","meta":{"footnotes":""},"class_list":["post-2593","page","type-page","status-publish","hentry"],"yoast_head":"<!-- This site is optimized with the Yoast SEO plugin v27.2 - https:\/\/yoast.com\/product\/yoast-seo-wordpress\/ -->\n<title>Servicios -<\/title>\n<meta name=\"robots\" content=\"index, follow, max-snippet:-1, max-image-preview:large, max-video-preview:-1\" \/>\n<link rel=\"canonical\" href=\"https:\/\/ayuntamientotenangodedoria.gob.mx\/index.php\/servicios\/\" \/>\n<meta property=\"og:locale\" content=\"en_US\" \/>\n<meta property=\"og:type\" content=\"article\" \/>\n<meta property=\"og:title\" content=\"Servicios -\" \/>\n<meta property=\"og:description\" content=\"Servicios Ofrecidos Servicios 2024-2027 Los servicios que ofrecen se\u00f1alando los requisitos para acceder a ellos. \u00c1rea Servicio Ofertado Informaci\u00f3n y Requisitos Servicios Municipales Alumbrado P\u00fablico Servicios Municipales Pante\u00f3n Municipal Servicios&hellip;\" \/>\n<meta property=\"og:url\" content=\"https:\/\/ayuntamientotenangodedoria.gob.mx\/index.php\/servicios\/\" \/>\n<meta property=\"article:modified_time\" content=\"2025-09-14T18:15:31+00:00\" \/>\n<meta property=\"og:image\" content=\"https:\/\/epazoyucan.hidalgo.gob.mx\/images\/ADM25\/ICONOS-2025\/XIX.png\" \/>\n<meta name=\"twitter:card\" content=\"summary_large_image\" \/>\n<meta name=\"twitter:label1\" content=\"Est. reading time\" \/>\n\t<meta name=\"twitter:data1\" content=\"1 minute\" \/>\n<script type=\"application\/ld+json\" class=\"yoast-schema-graph\">{\"@context\":\"https:\/\/schema.org\",\"@graph\":[{\"@type\":\"WebPage\",\"@id\":\"https:\/\/ayuntamientotenangodedoria.gob.mx\/index.php\/servicios\/\",\"url\":\"https:\/\/ayuntamientotenangodedoria.gob.mx\/index.php\/servicios\/\",\"name\":\"Servicios -\",\"isPartOf\":{\"@id\":\"https:\/\/ayuntamientotenangodedoria.gob.mx\/#website\"},\"primaryImageOfPage\":{\"@id\":\"https:\/\/ayuntamientotenangodedoria.gob.mx\/index.php\/servicios\/#primaryimage\"},\"image\":{\"@id\":\"https:\/\/ayuntamientotenangodedoria.gob.mx\/index.php\/servicios\/#primaryimage\"},\"thumbnailUrl\":\"https:\/\/epazoyucan.hidalgo.gob.mx\/images\/ADM25\/ICONOS-2025\/XIX.png\",\"datePublished\":\"2025-09-14T07:56:30+00:00\",\"dateModified\":\"2025-09-14T18:15:31+00:00\",\"breadcrumb\":{\"@id\":\"https:\/\/ayuntamientotenangodedoria.gob.mx\/index.php\/servicios\/#breadcrumb\"},\"inLanguage\":\"en-US\",\"potentialAction\":[{\"@type\":\"ReadAction\",\"target\":[\"https:\/\/ayuntamientotenangodedoria.gob.mx\/index.php\/servicios\/\"]}]},{\"@type\":\"ImageObject\",\"inLanguage\":\"en-US\",\"@id\":\"https:\/\/ayuntamientotenangodedoria.gob.mx\/index.php\/servicios\/#primaryimage\",\"url\":\"https:\/\/epazoyucan.hidalgo.gob.mx\/images\/ADM25\/ICONOS-2025\/XIX.png\",\"contentUrl\":\"https:\/\/epazoyucan.hidalgo.gob.mx\/images\/ADM25\/ICONOS-2025\/XIX.png\"},{\"@type\":\"BreadcrumbList\",\"@id\":\"https:\/\/ayuntamientotenangodedoria.gob.mx\/index.php\/servicios\/#breadcrumb\",\"itemListElement\":[{\"@type\":\"ListItem\",\"position\":1,\"name\":\"Home\",\"item\":\"https:\/\/ayuntamientotenangodedoria.gob.mx\/\"},{\"@type\":\"ListItem\",\"position\":2,\"name\":\"Servicios\"}]},{\"@type\":\"WebSite\",\"@id\":\"https:\/\/ayuntamientotenangodedoria.gob.mx\/#website\",\"url\":\"https:\/\/ayuntamientotenangodedoria.gob.mx\/\",\"name\":\"\",\"description\":\"Transformando con Inclusi\u00f3n e Interculturalidad\",\"potentialAction\":[{\"@type\":\"SearchAction\",\"target\":{\"@type\":\"EntryPoint\",\"urlTemplate\":\"https:\/\/ayuntamientotenangodedoria.gob.mx\/?s={search_term_string}\"},\"query-input\":{\"@type\":\"PropertyValueSpecification\",\"valueRequired\":true,\"valueName\":\"search_term_string\"}}],\"inLanguage\":\"en-US\"}]}<\/script>\n<!-- \/ Yoast SEO plugin. -->","yoast_head_json":{"title":"Servicios -","robots":{"index":"index","follow":"follow","max-snippet":"max-snippet:-1","max-image-preview":"max-image-preview:large","max-video-preview":"max-video-preview:-1"},"canonical":"https:\/\/ayuntamientotenangodedoria.gob.mx\/index.php\/servicios\/","og_locale":"en_US","og_type":"article","og_title":"Servicios -","og_description":"Servicios Ofrecidos Servicios 2024-2027 Los servicios que ofrecen se\u00f1alando los requisitos para acceder a ellos. \u00c1rea Servicio Ofertado Informaci\u00f3n y Requisitos Servicios Municipales Alumbrado P\u00fablico Servicios Municipales Pante\u00f3n Municipal Servicios&hellip;","og_url":"https:\/\/ayuntamientotenangodedoria.gob.mx\/index.php\/servicios\/","article_modified_time":"2025-09-14T18:15:31+00:00","og_image":[{"url":"https:\/\/epazoyucan.hidalgo.gob.mx\/images\/ADM25\/ICONOS-2025\/XIX.png","type":"","width":"","height":""}],"twitter_card":"summary_large_image","twitter_misc":{"Est. reading time":"1 minute"},"schema":{"@context":"https:\/\/schema.org","@graph":[{"@type":"WebPage","@id":"https:\/\/ayuntamientotenangodedoria.gob.mx\/index.php\/servicios\/","url":"https:\/\/ayuntamientotenangodedoria.gob.mx\/index.php\/servicios\/","name":"Servicios -","isPartOf":{"@id":"https:\/\/ayuntamientotenangodedoria.gob.mx\/#website"},"primaryImageOfPage":{"@id":"https:\/\/ayuntamientotenangodedoria.gob.mx\/index.php\/servicios\/#primaryimage"},"image":{"@id":"https:\/\/ayuntamientotenangodedoria.gob.mx\/index.php\/servicios\/#primaryimage"},"thumbnailUrl":"https:\/\/epazoyucan.hidalgo.gob.mx\/images\/ADM25\/ICONOS-2025\/XIX.png","datePublished":"2025-09-14T07:56:30+00:00","dateModified":"2025-09-14T18:15:31+00:00","breadcrumb":{"@id":"https:\/\/ayuntamientotenangodedoria.gob.mx\/index.php\/servicios\/#breadcrumb"},"inLanguage":"en-US","potentialAction":[{"@type":"ReadAction","target":["https:\/\/ayuntamientotenangodedoria.gob.mx\/index.php\/servicios\/"]}]},{"@type":"ImageObject","inLanguage":"en-US","@id":"https:\/\/ayuntamientotenangodedoria.gob.mx\/index.php\/servicios\/#primaryimage","url":"https:\/\/epazoyucan.hidalgo.gob.mx\/images\/ADM25\/ICONOS-2025\/XIX.png","contentUrl":"https:\/\/epazoyucan.hidalgo.gob.mx\/images\/ADM25\/ICONOS-2025\/XIX.png"},{"@type":"BreadcrumbList","@id":"https:\/\/ayuntamientotenangodedoria.gob.mx\/index.php\/servicios\/#breadcrumb","itemListElement":[{"@type":"ListItem","position":1,"name":"Home","item":"https:\/\/ayuntamientotenangodedoria.gob.mx\/"},{"@type":"ListItem","position":2,"name":"Servicios"}]},{"@type":"WebSite","@id":"https:\/\/ayuntamientotenangodedoria.gob.mx\/#website","url":"https:\/\/ayuntamientotenangodedoria.gob.mx\/","name":"","description":"Transformando con Inclusi\u00f3n e Interculturalidad","potentialAction":[{"@type":"SearchAction","target":{"@type":"EntryPoint","urlTemplate":"https:\/\/ayuntamientotenangodedoria.gob.mx\/?s={search_term_string}"},"query-input":{"@type":"PropertyValueSpecification","valueRequired":true,"valueName":"search_term_string"}}],"inLanguage":"en-US"}]}},"_links":{"self":[{"href":"https:\/\/ayuntamientotenangodedoria.gob.mx\/index.php\/wp-json\/wp\/v2\/pages\/2593","targetHints":{"allow":["GET"]}}],"collection":[{"href":"https:\/\/ayuntamientotenangodedoria.gob.mx\/index.php\/wp-json\/wp\/v2\/pages"}],"about":[{"href":"https:\/\/ayuntamientotenangodedoria.gob.mx\/index.php\/wp-json\/wp\/v2\/types\/page"}],"author":[{"embeddable":true,"href":"https:\/\/ayuntamientotenangodedoria.gob.mx\/index.php\/wp-json\/wp\/v2\/users\/2"}],"replies":[{"embeddable":true,"href":"https:\/\/ayuntamientotenangodedoria.gob.mx\/index.php\/wp-json\/wp\/v2\/comments?post=2593"}],"version-history":[{"count":7,"href":"https:\/\/ayuntamientotenangodedoria.gob.mx\/index.php\/wp-json\/wp\/v2\/pages\/2593\/revisions"}],"predecessor-version":[{"id":2614,"href":"https:\/\/ayuntamientotenangodedoria.gob.mx\/index.php\/wp-json\/wp\/v2\/pages\/2593\/revisions\/2614"}],"wp:attachment":[{"href":"https:\/\/ayuntamientotenangodedoria.gob.mx\/index.php\/wp-json\/wp\/v2\/media?parent=2593"}],"curies":[{"name":"wp","href":"https:\/\/api.w.org\/{rel}","templated":true}]}}