{"id":2811,"date":"2025-10-28T17:44:12","date_gmt":"2025-10-28T17:44:12","guid":{"rendered":"https:\/\/ayuntamientotenangodedoria.gob.mx\/?page_id=2811"},"modified":"2025-10-31T17:35:01","modified_gmt":"2025-10-31T17:35:01","slug":"disciplina-financiera-2024","status":"publish","type":"page","link":"https:\/\/ayuntamientotenangodedoria.gob.mx\/index.php\/disciplina-financiera-2024\/","title":{"rendered":"Disciplina Financiera 2024"},"content":{"rendered":"\t\t<div data-elementor-type=\"wp-page\" data-elementor-id=\"2811\" class=\"elementor elementor-2811\">\n\t\t\t\t<div class=\"elementor-element elementor-element-887c4ee e-flex e-con-boxed e-con e-parent\" data-id=\"887c4ee\" data-element_type=\"container\" data-e-type=\"container\">\n\t\t\t\t\t<div class=\"e-con-inner\">\n\t\t\t\t<div class=\"elementor-element elementor-element-b2f41be elementor-widget elementor-widget-heading\" data-id=\"b2f41be\" data-element_type=\"widget\" data-e-type=\"widget\" data-widget_type=\"heading.default\">\n\t\t\t\t<div class=\"elementor-widget-container\">\n\t\t\t\t\t<h2 class=\"elementor-heading-title elementor-size-default\">Disciplina Financiera 2024<\/h2>\t\t\t\t<\/div>\n\t\t\t\t<\/div>\n\t\t\t\t\t<\/div>\n\t\t\t\t<\/div>\n\t\t<div class=\"elementor-element elementor-element-631fd9b e-flex e-con-boxed e-con e-parent\" data-id=\"631fd9b\" data-element_type=\"container\" data-e-type=\"container\">\n\t\t\t\t\t<div class=\"e-con-inner\">\n\t\t\t\t<div class=\"elementor-element elementor-element-5a51172 elementor-widget elementor-widget-text-editor\" data-id=\"5a51172\" data-element_type=\"widget\" data-e-type=\"widget\" data-widget_type=\"text-editor.default\">\n\t\t\t\t<div class=\"elementor-widget-container\">\n\t\t\t\t\t\t\t\t\t<table class=\"has-fixed-layout\">\n<tbody>\n<tr>\n<td class=\"has-text-align-center\" data-align=\"center\">\n<h4 style=\"text-align: center;\"><span style=\"color: #800000;\"><strong><span dir=\"auto\"><span dir=\"auto\" style=\"vertical-align: inherit;\"><span dir=\"auto\" style=\"vertical-align: inherit;\"><span dir=\"auto\" style=\"vertical-align: inherit;\"><span dir=\"auto\" style=\"vertical-align: inherit;\"><span dir=\"auto\" style=\"vertical-align: inherit;\"><span dir=\"auto\" style=\"vertical-align: inherit;\">Documento<\/span><\/span><\/span><\/span><\/span><\/span><\/span><\/strong><\/span><\/h4>\n<\/td>\n<td class=\"has-text-align-center\" data-align=\"center\">\n<h4 style=\"text-align: center;\"><strong><span dir=\"auto\"><span dir=\"auto\" style=\"vertical-align: inherit;\"><span dir=\"auto\" style=\"vertical-align: inherit;\">&nbsp;<span style=\"color: #800000;\"><span dir=\"auto\" style=\"vertical-align: inherit;\"><span dir=\"auto\" style=\"vertical-align: inherit;\"><span dir=\"auto\" style=\"vertical-align: inherit;\"><span dir=\"auto\" style=\"vertical-align: inherit;\">Descargar<\/span><\/span><\/span><\/span><\/span><\/span><\/span><\/span><\/strong><\/h4>\n<\/td>\n<\/tr>\n<tr>\n<td class=\"has-text-align-center\" data-align=\"center\">\n<h5 style=\"text-align: center;\"><span dir=\"auto\" style=\"color: #0000ff;\"><span dir=\"auto\" style=\"vertical-align: inherit;\"><span dir=\"auto\" style=\"vertical-align: inherit;\"><span dir=\"auto\" style=\"vertical-align: inherit;\"><span dir=\"auto\" style=\"vertical-align: inherit;\"><span dir=\"auto\" style=\"vertical-align: inherit;\"><span dir=\"auto\" style=\"vertical-align: inherit;\">Balance Presupuestario&nbsp;<\/span><\/span><\/span><\/span><\/span><\/span><\/span><\/h5>\n<\/td>\n<td class=\"has-text-align-center\" data-align=\"center\">\n<h5><a href=\"https:\/\/ayuntamientotenangodedoria.gob.mx\/wp-content\/uploads\/2025\/10\/BP_TED_CP_2024.pdf\" target=\"_blank\" rel=\"noopener\"><img decoding=\"async\" class=\"aligncenter\" src=\"https:\/\/upload.wikimedia.org\/wikipedia\/commons\/thumb\/8\/87\/PDF_file_icon.svg\/977px-PDF_file_icon.svg.png\" alt=\"Archivo:PDF file icon.svg - Wikipedia, la enciclopedia libre\" width=\"52\" height=\"64\"><\/a><a href=\"https:\/\/ayuntamientotenangodedoria.gob.mx\/wp-content\/uploads\/2025\/10\/BP_TED_CP_2024.xlsx\"><img decoding=\"async\" class=\"aligncenter\" src=\"https:\/\/upload.wikimedia.org\/wikipedia\/commons\/thumb\/a\/ae\/Google_Sheets_2020_Logo.svg\/745px-Google_Sheets_2020_Logo.svg.png\" alt=\"Archivo:Google Sheets 2020 Logo.svg \u2014 \u0412\u0456\u043a\u0456\u043f\u0435\u0434\u0456\u044f\" width=\"53\" height=\"73\"><\/a><\/h5>\n<\/td>\n<\/tr>\n<tr>\n<td class=\"has-text-align-center\" data-align=\"center\">\n<h5 style=\"text-align: center;\"><span dir=\"auto\"><span dir=\"auto\" style=\"vertical-align: inherit;\"><span dir=\"auto\" style=\"vertical-align: inherit;\"><span dir=\"auto\" style=\"vertical-align: inherit;\"><span dir=\"auto\" style=\"vertical-align: inherit;\"><span dir=\"auto\" style=\"vertical-align: inherit;\"><span dir=\"auto\" style=\"vertical-align: inherit;\">Estado Anal\u00edtico de Ingresos Detallados<\/span><\/span><\/span><\/span><\/span><\/span><\/span><\/h5>\n<\/td>\n<td class=\"has-text-align-center\" data-align=\"center\">\n<h5><a href=\"https:\/\/ayuntamientotenangodedoria.gob.mx\/wp-content\/uploads\/2025\/10\/EAID_TED_CP_2024.pdf\" target=\"_blank\" rel=\"noopener\"><img decoding=\"async\" class=\"aligncenter\" src=\"https:\/\/upload.wikimedia.org\/wikipedia\/commons\/thumb\/8\/87\/PDF_file_icon.svg\/977px-PDF_file_icon.svg.png\" alt=\"Archivo:PDF file icon.svg - Wikipedia, la enciclopedia libre\" width=\"52\" height=\"64\"><\/a><a href=\"https:\/\/ayuntamientotenangodedoria.gob.mx\/wp-content\/uploads\/2025\/10\/EAID_TED_CP_2024.xlsx\"><img decoding=\"async\" class=\"aligncenter\" src=\"https:\/\/upload.wikimedia.org\/wikipedia\/commons\/thumb\/a\/ae\/Google_Sheets_2020_Logo.svg\/745px-Google_Sheets_2020_Logo.svg.png\" alt=\"Archivo:Google Sheets 2020 Logo.svg \u2014 \u0412\u0456\u043a\u0456\u043f\u0435\u0434\u0456\u044f\" width=\"53\" height=\"73\"><\/a><\/h5>\n<\/td>\n<\/tr>\n<tr>\n<td class=\"has-text-align-center\" data-align=\"center\">\n<h5 style=\"text-align: center;\"><span dir=\"auto\" style=\"color: #0000ff;\"><span dir=\"auto\" style=\"vertical-align: inherit;\"><span dir=\"auto\" style=\"vertical-align: inherit;\"><span dir=\"auto\" style=\"vertical-align: inherit;\"><span dir=\"auto\" style=\"vertical-align: inherit;\"><span dir=\"auto\" style=\"vertical-align: inherit;\"><span dir=\"auto\" style=\"vertical-align: inherit;\">Estado de Situaci\u00f3n Financiera Detallado<\/span><\/span><\/span><\/span><\/span><\/span><\/span><\/h5>\n<\/td>\n<td class=\"has-text-align-center\" data-align=\"center\">\n<h5><a href=\"https:\/\/ayuntamientotenangodedoria.gob.mx\/wp-content\/uploads\/2025\/10\/ESFD_TED_CP_2024.pdf\" target=\"_blank\" rel=\"noopener\"><img decoding=\"async\" class=\"aligncenter\" src=\"https:\/\/upload.wikimedia.org\/wikipedia\/commons\/thumb\/8\/87\/PDF_file_icon.svg\/977px-PDF_file_icon.svg.png\" alt=\"Archivo:PDF file icon.svg - Wikipedia, la enciclopedia libre\" width=\"52\" height=\"64\"><\/a><a href=\"https:\/\/ayuntamientotenangodedoria.gob.mx\/wp-content\/uploads\/2025\/10\/ESFD_TED_CP_2024.xlsx\"><img decoding=\"async\" class=\"aligncenter\" src=\"https:\/\/upload.wikimedia.org\/wikipedia\/commons\/thumb\/a\/ae\/Google_Sheets_2020_Logo.svg\/745px-Google_Sheets_2020_Logo.svg.png\" alt=\"Archivo:Google Sheets 2020 Logo.svg \u2014 \u0412\u0456\u043a\u0456\u043f\u0435\u0434\u0456\u044f\" width=\"53\" height=\"73\"><\/a><\/h5>\n<\/td>\n<\/tr>\n<tr>\n<td class=\"has-text-align-center\" data-align=\"center\">\n<h5 style=\"text-align: center;\"><span dir=\"auto\"><span dir=\"auto\" style=\"vertical-align: inherit;\"><span dir=\"auto\" style=\"vertical-align: inherit;\"><span dir=\"auto\" style=\"vertical-align: inherit;\"><span dir=\"auto\" style=\"vertical-align: inherit;\"><span dir=\"auto\" style=\"vertical-align: inherit;\"><span dir=\"auto\" style=\"vertical-align: inherit;\">Formato 2 Informe Anal\u00edtico de Deuda y Otros Pasivos<\/span><\/span><\/span><\/span><\/span><\/span><\/span><\/h5>\n<\/td>\n<td class=\"has-text-align-center\" data-align=\"center\">\n<h5><a href=\"https:\/\/ayuntamientotenangodedoria.gob.mx\/wp-content\/uploads\/2025\/10\/IADPOP_TED_CP_2024.pdf\" target=\"_blank\" rel=\"noopener\"><img decoding=\"async\" class=\"aligncenter\" src=\"https:\/\/upload.wikimedia.org\/wikipedia\/commons\/thumb\/8\/87\/PDF_file_icon.svg\/977px-PDF_file_icon.svg.png\" alt=\"Archivo:PDF file icon.svg - Wikipedia, la enciclopedia libre\" width=\"52\" height=\"64\"><\/a><a href=\"https:\/\/ayuntamientotenangodedoria.gob.mx\/wp-content\/uploads\/2025\/10\/IADPOP_TED_CP_2024.xlsx\"><img decoding=\"async\" class=\"aligncenter\" src=\"https:\/\/upload.wikimedia.org\/wikipedia\/commons\/thumb\/a\/ae\/Google_Sheets_2020_Logo.svg\/745px-Google_Sheets_2020_Logo.svg.png\" alt=\"Archivo:Google Sheets 2020 Logo.svg \u2014 \u0412\u0456\u043a\u0456\u043f\u0435\u0434\u0456\u044f\" width=\"53\" height=\"73\"><\/a><\/h5>\n<\/td>\n<\/tr>\n<tr>\n<td class=\"has-text-align-center\" data-align=\"center\">\n<h5 style=\"text-align: center;\"><span dir=\"auto\" style=\"color: #0000ff;\"><span dir=\"auto\" style=\"vertical-align: inherit;\"><span dir=\"auto\" style=\"vertical-align: inherit;\"><span dir=\"auto\" style=\"vertical-align: inherit;\"><span dir=\"auto\" style=\"vertical-align: inherit;\"><span dir=\"auto\" style=\"vertical-align: inherit;\"><span dir=\"auto\" style=\"vertical-align: inherit;\">Formato 3 Informe Anal\u00edtico de Obligaciones Diferentes de Financiamientos<\/span><\/span><\/span><\/span><\/span><\/span><\/span><\/h5>\n<\/td>\n<td class=\"has-text-align-center\" data-align=\"center\">\n<h5><a href=\"https:\/\/ayuntamientotenangodedoria.gob.mx\/wp-content\/uploads\/2025\/10\/IAODF_TED_CP_2024.pdf\" target=\"_blank\" rel=\"noopener\"><img decoding=\"async\" class=\"aligncenter\" src=\"https:\/\/upload.wikimedia.org\/wikipedia\/commons\/thumb\/8\/87\/PDF_file_icon.svg\/977px-PDF_file_icon.svg.png\" alt=\"Archivo:PDF file icon.svg - Wikipedia, la enciclopedia libre\" width=\"52\" height=\"64\"><\/a><a href=\"https:\/\/ayuntamientotenangodedoria.gob.mx\/wp-content\/uploads\/2025\/10\/IAODF_TED_CP_2024.xlsx\"><img decoding=\"async\" class=\"aligncenter\" src=\"https:\/\/upload.wikimedia.org\/wikipedia\/commons\/thumb\/a\/ae\/Google_Sheets_2020_Logo.svg\/745px-Google_Sheets_2020_Logo.svg.png\" alt=\"Archivo:Google Sheets 2020 Logo.svg \u2014 \u0412\u0456\u043a\u0456\u043f\u0435\u0434\u0456\u044f\" width=\"53\" height=\"73\"><\/a><\/h5>\n<\/td>\n<\/tr>\n<tr>\n<td class=\"has-text-align-center\" data-align=\"center\">\n<h5 style=\"text-align: center;\"><span dir=\"auto\"><span dir=\"auto\" style=\"vertical-align: inherit;\"><span dir=\"auto\" style=\"vertical-align: inherit;\"><span dir=\"auto\" style=\"vertical-align: inherit;\"><span dir=\"auto\" style=\"vertical-align: inherit;\"><span dir=\"auto\" style=\"vertical-align: inherit;\"><span dir=\"auto\" style=\"vertical-align: inherit;\">Informaci\u00f3n Detallada de Cada Financiamiento u Obligaciones Contra\u00eddas<\/span><\/span><\/span><\/span><\/span><\/span><\/span><\/h5>\n<\/td>\n<td class=\"has-text-align-center\" data-align=\"center\">\n<h5><a href=\"https:\/\/ayuntamientotenangodedoria.gob.mx\/wp-content\/uploads\/2025\/10\/IDFOC_TED_CP_2024.pdf\" target=\"_blank\" rel=\"noopener\"><img decoding=\"async\" class=\"aligncenter\" src=\"https:\/\/upload.wikimedia.org\/wikipedia\/commons\/thumb\/8\/87\/PDF_file_icon.svg\/977px-PDF_file_icon.svg.png\" alt=\"Archivo:PDF file icon.svg - Wikipedia, la enciclopedia libre\" width=\"52\" height=\"64\"><\/a><a href=\"https:\/\/ayuntamientotenangodedoria.gob.mx\/wp-content\/uploads\/2025\/10\/IDFOC_TED_CP_2024.xlsx\"><img decoding=\"async\" class=\"aligncenter\" src=\"https:\/\/upload.wikimedia.org\/wikipedia\/commons\/thumb\/a\/ae\/Google_Sheets_2020_Logo.svg\/745px-Google_Sheets_2020_Logo.svg.png\" alt=\"Archivo:Google Sheets 2020 Logo.svg \u2014 \u0412\u0456\u043a\u0456\u043f\u0435\u0434\u0456\u044f\" width=\"53\" height=\"73\"><\/a><\/h5>\n<\/td>\n<\/tr>\n<tr>\n<td class=\"has-text-align-center\" data-align=\"center\">\n<h5 style=\"text-align: center;\"><span dir=\"auto\" style=\"color: #0000ff;\"><span dir=\"auto\" style=\"vertical-align: inherit;\"><span dir=\"auto\" style=\"vertical-align: inherit;\"><span dir=\"auto\" style=\"vertical-align: inherit;\"><span dir=\"auto\" style=\"vertical-align: inherit;\"><span dir=\"auto\" style=\"vertical-align: inherit;\"><span dir=\"auto\" style=\"vertical-align: inherit;\">Formato 6 a) Estado Anal\u00edtico del Ejercicio del Presupuesto de Egresos Detallado \u2013 LDF Clasificaci\u00f3n por Objeto del Gasto (Capitulo y Concepto)<\/span><\/span><\/span><\/span><\/span><\/span><\/span><\/h5>\n<\/td>\n<td class=\"has-text-align-center\" data-align=\"center\">\n<h5><a href=\"https:\/\/ayuntamientotenangodedoria.gob.mx\/wp-content\/uploads\/2025\/10\/PEDCOG_TED_CP_2024.pdf\" target=\"_blank\" rel=\"noopener\"><img decoding=\"async\" class=\"aligncenter\" src=\"https:\/\/upload.wikimedia.org\/wikipedia\/commons\/thumb\/8\/87\/PDF_file_icon.svg\/977px-PDF_file_icon.svg.png\" alt=\"Archivo:PDF file icon.svg - Wikipedia, la enciclopedia libre\" width=\"52\" height=\"64\"><\/a><a href=\"https:\/\/ayuntamientotenangodedoria.gob.mx\/wp-content\/uploads\/2025\/10\/PEDCOG_TED_CP_2024.xlsx\"><img decoding=\"async\" class=\"aligncenter\" src=\"https:\/\/upload.wikimedia.org\/wikipedia\/commons\/thumb\/a\/ae\/Google_Sheets_2020_Logo.svg\/745px-Google_Sheets_2020_Logo.svg.png\" alt=\"Archivo:Google Sheets 2020 Logo.svg \u2014 \u0412\u0456\u043a\u0456\u043f\u0435\u0434\u0456\u044f\" width=\"53\" height=\"73\"><\/a><\/h5>\n<\/td>\n<\/tr>\n<tr>\n<td class=\"has-text-align-center\" data-align=\"center\">\n<h5 style=\"text-align: center;\"><span dir=\"auto\"><span dir=\"auto\" style=\"vertical-align: inherit;\"><span dir=\"auto\" style=\"vertical-align: inherit;\"><span dir=\"auto\" style=\"vertical-align: inherit;\"><span dir=\"auto\" style=\"vertical-align: inherit;\"><span dir=\"auto\" style=\"vertical-align: inherit;\"><span dir=\"auto\" style=\"vertical-align: inherit;\">Formato 6 b) Estado Anal\u00edtico del Ejercicio del Presupuesto de Egreso Detallado \u2013 LDF (Clasificaci\u00f3n Administrativa)<\/span><\/span><\/span><\/span><\/span><\/span><\/span>&nbsp;<\/h5>\n<\/td>\n<td class=\"has-text-align-center\" data-align=\"center\">\n<h5><a href=\"https:\/\/ayuntamientotenangodedoria.gob.mx\/wp-content\/uploads\/2025\/10\/PEDCA_TED_CP_2024.pdf\" target=\"_blank\" rel=\"noopener\"><img decoding=\"async\" class=\"aligncenter\" src=\"https:\/\/upload.wikimedia.org\/wikipedia\/commons\/thumb\/8\/87\/PDF_file_icon.svg\/977px-PDF_file_icon.svg.png\" alt=\"Archivo:PDF file icon.svg - Wikipedia, la enciclopedia libre\" width=\"52\" height=\"64\"><\/a><a href=\"https:\/\/ayuntamientotenangodedoria.gob.mx\/wp-content\/uploads\/2025\/10\/PEDCA_TED_CP_2024.xlsx\"><img decoding=\"async\" class=\"aligncenter\" src=\"https:\/\/upload.wikimedia.org\/wikipedia\/commons\/thumb\/a\/ae\/Google_Sheets_2020_Logo.svg\/745px-Google_Sheets_2020_Logo.svg.png\" alt=\"Archivo:Google Sheets 2020 Logo.svg \u2014 \u0412\u0456\u043a\u0456\u043f\u0435\u0434\u0456\u044f\" width=\"53\" height=\"73\"><\/a><\/h5>\n<\/td>\n<\/tr>\n<tr>\n<td class=\"has-text-align-center\" data-align=\"center\">\n<h5>&nbsp;<\/h5>\n<div>\n<h5 style=\"text-align: center;\"><span dir=\"auto\" style=\"color: #0000ff;\"><span dir=\"auto\" style=\"vertical-align: inherit;\"><span dir=\"auto\" style=\"vertical-align: inherit;\"><span dir=\"auto\" style=\"vertical-align: inherit;\"><span dir=\"auto\" style=\"vertical-align: inherit;\"><span dir=\"auto\" style=\"vertical-align: inherit;\"><span dir=\"auto\" style=\"vertical-align: inherit;\">Formato 6 c) Estado Anal\u00edtico del Ejercicio del Presupuesto de Egresos Detallado -LDF Clasificaci\u00f3n Funcional (Finalidad y Funci\u00f3n)<\/span><\/span><\/span><\/span><\/span><\/span><\/span><\/h5>\n<\/div>\n<\/td>\n<td class=\"has-text-align-center\" data-align=\"center\">\n<h5><a href=\"https:\/\/ayuntamientotenangodedoria.gob.mx\/wp-content\/uploads\/2025\/10\/PEDCF_TED_CP_2024.pdf\"><img decoding=\"async\" class=\"aligncenter\" src=\"https:\/\/upload.wikimedia.org\/wikipedia\/commons\/thumb\/8\/87\/PDF_file_icon.svg\/977px-PDF_file_icon.svg.png\" alt=\"Archivo:PDF file icon.svg - Wikipedia, la enciclopedia libre\" width=\"52\" height=\"64\"><\/a><a href=\"https:\/\/ayuntamientotenangodedoria.gob.mx\/wp-content\/uploads\/2025\/10\/PEDCF_TED_CP_2024.xlsx\"><img decoding=\"async\" class=\"aligncenter\" src=\"https:\/\/upload.wikimedia.org\/wikipedia\/commons\/thumb\/a\/ae\/Google_Sheets_2020_Logo.svg\/745px-Google_Sheets_2020_Logo.svg.png\" alt=\"Archivo:Google Sheets 2020 Logo.svg \u2014 \u0412\u0456\u043a\u0456\u043f\u0435\u0434\u0456\u044f\" width=\"53\" height=\"73\"><\/a><\/h5>\n<\/td>\n<\/tr>\n<tr>\n<td class=\"has-text-align-center\" data-align=\"center\">\n<h5 style=\"text-align: center;\"><span dir=\"auto\"><span dir=\"auto\" style=\"vertical-align: inherit;\"><span dir=\"auto\" style=\"vertical-align: inherit;\"><span dir=\"auto\" style=\"vertical-align: inherit;\"><span dir=\"auto\" style=\"vertical-align: inherit;\"><span dir=\"auto\" style=\"vertical-align: inherit;\"><span dir=\"auto\" style=\"vertical-align: inherit;\">Formato 6 d) Estado Anal\u00edtico del Ejercicio del Presupuesto de Egresos Detallado \u2013 LDF (Clasificaci\u00f3n de Servicios Personales por Categor\u00eda)<\/span><\/span><\/span><\/span><\/span><\/span><\/span><\/h5>\n<\/td>\n<td class=\"has-text-align-center\" data-align=\"center\">\n<h5><a href=\"https:\/\/ayuntamientotenangodedoria.gob.mx\/wp-content\/uploads\/2025\/10\/PEDSP_TED_CP_2024.pdf\" target=\"_blank\" rel=\"noopener\"><img decoding=\"async\" class=\"aligncenter\" src=\"https:\/\/upload.wikimedia.org\/wikipedia\/commons\/thumb\/8\/87\/PDF_file_icon.svg\/977px-PDF_file_icon.svg.png\" alt=\"Archivo:PDF file icon.svg - Wikipedia, la enciclopedia libre\" width=\"52\" height=\"64\"><\/a><a href=\"https:\/\/ayuntamientotenangodedoria.gob.mx\/wp-content\/uploads\/2025\/10\/PEDSP_TED_CP_2024.xlsx\"><img decoding=\"async\" class=\"aligncenter\" src=\"https:\/\/upload.wikimedia.org\/wikipedia\/commons\/thumb\/a\/ae\/Google_Sheets_2020_Logo.svg\/745px-Google_Sheets_2020_Logo.svg.png\" alt=\"Archivo:Google Sheets 2020 Logo.svg \u2014 \u0412\u0456\u043a\u0456\u043f\u0435\u0434\u0456\u044f\" width=\"53\" height=\"73\"><\/a><\/h5>\n<\/td>\n<\/tr>\n<\/tbody>\n<\/table><br>\t\t\t\t\t\t\t\t<\/div>\n\t\t\t\t<\/div>\n\t\t\t\t\t<\/div>\n\t\t\t\t<\/div>\n\t\t\t\t<\/div>\n\t\t","protected":false},"excerpt":{"rendered":"<p>Disciplina Financiera 2024 Documento &nbsp;Descargar Balance Presupuestario&nbsp; Estado Anal\u00edtico de Ingresos Detallados Estado de Situaci\u00f3n Financiera Detallado Formato 2 Informe Anal\u00edtico de Deuda y Otros Pasivos Formato 3 Informe Anal\u00edtico&hellip;<\/p>\n","protected":false},"author":2,"featured_media":0,"parent":0,"menu_order":0,"comment_status":"closed","ping_status":"closed","template":"","meta":{"footnotes":""},"class_list":["post-2811","page","type-page","status-publish","hentry"],"yoast_head":"<!-- This site is optimized with the Yoast SEO plugin v27.2 - https:\/\/yoast.com\/product\/yoast-seo-wordpress\/ -->\n<title>Disciplina Financiera 2024 -<\/title>\n<meta name=\"robots\" content=\"index, follow, max-snippet:-1, max-image-preview:large, max-video-preview:-1\" \/>\n<link rel=\"canonical\" href=\"https:\/\/ayuntamientotenangodedoria.gob.mx\/index.php\/disciplina-financiera-2024\/\" \/>\n<meta property=\"og:locale\" content=\"en_US\" \/>\n<meta property=\"og:type\" content=\"article\" \/>\n<meta property=\"og:title\" content=\"Disciplina Financiera 2024 -\" \/>\n<meta property=\"og:description\" content=\"Disciplina Financiera 2024 Documento &nbsp;Descargar Balance Presupuestario&nbsp; Estado Anal\u00edtico de Ingresos Detallados Estado de Situaci\u00f3n Financiera Detallado Formato 2 Informe Anal\u00edtico de Deuda y Otros Pasivos Formato 3 Informe Anal\u00edtico&hellip;\" \/>\n<meta property=\"og:url\" content=\"https:\/\/ayuntamientotenangodedoria.gob.mx\/index.php\/disciplina-financiera-2024\/\" \/>\n<meta property=\"article:modified_time\" content=\"2025-10-31T17:35:01+00:00\" \/>\n<meta property=\"og:image\" content=\"https:\/\/upload.wikimedia.org\/wikipedia\/commons\/thumb\/8\/87\/PDF_file_icon.svg\/977px-PDF_file_icon.svg.png\" \/>\n<meta name=\"twitter:card\" content=\"summary_large_image\" \/>\n<meta name=\"twitter:label1\" content=\"Est. reading time\" \/>\n\t<meta name=\"twitter:data1\" content=\"5 minutes\" \/>\n<script type=\"application\/ld+json\" class=\"yoast-schema-graph\">{\"@context\":\"https:\/\/schema.org\",\"@graph\":[{\"@type\":\"WebPage\",\"@id\":\"https:\/\/ayuntamientotenangodedoria.gob.mx\/index.php\/disciplina-financiera-2024\/\",\"url\":\"https:\/\/ayuntamientotenangodedoria.gob.mx\/index.php\/disciplina-financiera-2024\/\",\"name\":\"Disciplina Financiera 2024 -\",\"isPartOf\":{\"@id\":\"https:\/\/ayuntamientotenangodedoria.gob.mx\/#website\"},\"primaryImageOfPage\":{\"@id\":\"https:\/\/ayuntamientotenangodedoria.gob.mx\/index.php\/disciplina-financiera-2024\/#primaryimage\"},\"image\":{\"@id\":\"https:\/\/ayuntamientotenangodedoria.gob.mx\/index.php\/disciplina-financiera-2024\/#primaryimage\"},\"thumbnailUrl\":\"https:\/\/upload.wikimedia.org\/wikipedia\/commons\/thumb\/8\/87\/PDF_file_icon.svg\/977px-PDF_file_icon.svg.png\",\"datePublished\":\"2025-10-28T17:44:12+00:00\",\"dateModified\":\"2025-10-31T17:35:01+00:00\",\"breadcrumb\":{\"@id\":\"https:\/\/ayuntamientotenangodedoria.gob.mx\/index.php\/disciplina-financiera-2024\/#breadcrumb\"},\"inLanguage\":\"en-US\",\"potentialAction\":[{\"@type\":\"ReadAction\",\"target\":[\"https:\/\/ayuntamientotenangodedoria.gob.mx\/index.php\/disciplina-financiera-2024\/\"]}]},{\"@type\":\"ImageObject\",\"inLanguage\":\"en-US\",\"@id\":\"https:\/\/ayuntamientotenangodedoria.gob.mx\/index.php\/disciplina-financiera-2024\/#primaryimage\",\"url\":\"https:\/\/upload.wikimedia.org\/wikipedia\/commons\/thumb\/8\/87\/PDF_file_icon.svg\/977px-PDF_file_icon.svg.png\",\"contentUrl\":\"https:\/\/upload.wikimedia.org\/wikipedia\/commons\/thumb\/8\/87\/PDF_file_icon.svg\/977px-PDF_file_icon.svg.png\"},{\"@type\":\"BreadcrumbList\",\"@id\":\"https:\/\/ayuntamientotenangodedoria.gob.mx\/index.php\/disciplina-financiera-2024\/#breadcrumb\",\"itemListElement\":[{\"@type\":\"ListItem\",\"position\":1,\"name\":\"Home\",\"item\":\"https:\/\/ayuntamientotenangodedoria.gob.mx\/\"},{\"@type\":\"ListItem\",\"position\":2,\"name\":\"Disciplina Financiera 2024\"}]},{\"@type\":\"WebSite\",\"@id\":\"https:\/\/ayuntamientotenangodedoria.gob.mx\/#website\",\"url\":\"https:\/\/ayuntamientotenangodedoria.gob.mx\/\",\"name\":\"\",\"description\":\"Transformando con Inclusi\u00f3n e Interculturalidad\",\"potentialAction\":[{\"@type\":\"SearchAction\",\"target\":{\"@type\":\"EntryPoint\",\"urlTemplate\":\"https:\/\/ayuntamientotenangodedoria.gob.mx\/?s={search_term_string}\"},\"query-input\":{\"@type\":\"PropertyValueSpecification\",\"valueRequired\":true,\"valueName\":\"search_term_string\"}}],\"inLanguage\":\"en-US\"}]}<\/script>\n<!-- \/ Yoast SEO plugin. -->","yoast_head_json":{"title":"Disciplina Financiera 2024 -","robots":{"index":"index","follow":"follow","max-snippet":"max-snippet:-1","max-image-preview":"max-image-preview:large","max-video-preview":"max-video-preview:-1"},"canonical":"https:\/\/ayuntamientotenangodedoria.gob.mx\/index.php\/disciplina-financiera-2024\/","og_locale":"en_US","og_type":"article","og_title":"Disciplina Financiera 2024 -","og_description":"Disciplina Financiera 2024 Documento &nbsp;Descargar Balance Presupuestario&nbsp; Estado Anal\u00edtico de Ingresos Detallados Estado de Situaci\u00f3n Financiera Detallado Formato 2 Informe Anal\u00edtico de Deuda y Otros Pasivos Formato 3 Informe Anal\u00edtico&hellip;","og_url":"https:\/\/ayuntamientotenangodedoria.gob.mx\/index.php\/disciplina-financiera-2024\/","article_modified_time":"2025-10-31T17:35:01+00:00","og_image":[{"url":"https:\/\/upload.wikimedia.org\/wikipedia\/commons\/thumb\/8\/87\/PDF_file_icon.svg\/977px-PDF_file_icon.svg.png","type":"","width":"","height":""}],"twitter_card":"summary_large_image","twitter_misc":{"Est. reading time":"5 minutes"},"schema":{"@context":"https:\/\/schema.org","@graph":[{"@type":"WebPage","@id":"https:\/\/ayuntamientotenangodedoria.gob.mx\/index.php\/disciplina-financiera-2024\/","url":"https:\/\/ayuntamientotenangodedoria.gob.mx\/index.php\/disciplina-financiera-2024\/","name":"Disciplina Financiera 2024 -","isPartOf":{"@id":"https:\/\/ayuntamientotenangodedoria.gob.mx\/#website"},"primaryImageOfPage":{"@id":"https:\/\/ayuntamientotenangodedoria.gob.mx\/index.php\/disciplina-financiera-2024\/#primaryimage"},"image":{"@id":"https:\/\/ayuntamientotenangodedoria.gob.mx\/index.php\/disciplina-financiera-2024\/#primaryimage"},"thumbnailUrl":"https:\/\/upload.wikimedia.org\/wikipedia\/commons\/thumb\/8\/87\/PDF_file_icon.svg\/977px-PDF_file_icon.svg.png","datePublished":"2025-10-28T17:44:12+00:00","dateModified":"2025-10-31T17:35:01+00:00","breadcrumb":{"@id":"https:\/\/ayuntamientotenangodedoria.gob.mx\/index.php\/disciplina-financiera-2024\/#breadcrumb"},"inLanguage":"en-US","potentialAction":[{"@type":"ReadAction","target":["https:\/\/ayuntamientotenangodedoria.gob.mx\/index.php\/disciplina-financiera-2024\/"]}]},{"@type":"ImageObject","inLanguage":"en-US","@id":"https:\/\/ayuntamientotenangodedoria.gob.mx\/index.php\/disciplina-financiera-2024\/#primaryimage","url":"https:\/\/upload.wikimedia.org\/wikipedia\/commons\/thumb\/8\/87\/PDF_file_icon.svg\/977px-PDF_file_icon.svg.png","contentUrl":"https:\/\/upload.wikimedia.org\/wikipedia\/commons\/thumb\/8\/87\/PDF_file_icon.svg\/977px-PDF_file_icon.svg.png"},{"@type":"BreadcrumbList","@id":"https:\/\/ayuntamientotenangodedoria.gob.mx\/index.php\/disciplina-financiera-2024\/#breadcrumb","itemListElement":[{"@type":"ListItem","position":1,"name":"Home","item":"https:\/\/ayuntamientotenangodedoria.gob.mx\/"},{"@type":"ListItem","position":2,"name":"Disciplina Financiera 2024"}]},{"@type":"WebSite","@id":"https:\/\/ayuntamientotenangodedoria.gob.mx\/#website","url":"https:\/\/ayuntamientotenangodedoria.gob.mx\/","name":"","description":"Transformando con Inclusi\u00f3n e Interculturalidad","potentialAction":[{"@type":"SearchAction","target":{"@type":"EntryPoint","urlTemplate":"https:\/\/ayuntamientotenangodedoria.gob.mx\/?s={search_term_string}"},"query-input":{"@type":"PropertyValueSpecification","valueRequired":true,"valueName":"search_term_string"}}],"inLanguage":"en-US"}]}},"_links":{"self":[{"href":"https:\/\/ayuntamientotenangodedoria.gob.mx\/index.php\/wp-json\/wp\/v2\/pages\/2811","targetHints":{"allow":["GET"]}}],"collection":[{"href":"https:\/\/ayuntamientotenangodedoria.gob.mx\/index.php\/wp-json\/wp\/v2\/pages"}],"about":[{"href":"https:\/\/ayuntamientotenangodedoria.gob.mx\/index.php\/wp-json\/wp\/v2\/types\/page"}],"author":[{"embeddable":true,"href":"https:\/\/ayuntamientotenangodedoria.gob.mx\/index.php\/wp-json\/wp\/v2\/users\/2"}],"replies":[{"embeddable":true,"href":"https:\/\/ayuntamientotenangodedoria.gob.mx\/index.php\/wp-json\/wp\/v2\/comments?post=2811"}],"version-history":[{"count":13,"href":"https:\/\/ayuntamientotenangodedoria.gob.mx\/index.php\/wp-json\/wp\/v2\/pages\/2811\/revisions"}],"predecessor-version":[{"id":3024,"href":"https:\/\/ayuntamientotenangodedoria.gob.mx\/index.php\/wp-json\/wp\/v2\/pages\/2811\/revisions\/3024"}],"wp:attachment":[{"href":"https:\/\/ayuntamientotenangodedoria.gob.mx\/index.php\/wp-json\/wp\/v2\/media?parent=2811"}],"curies":[{"name":"wp","href":"https:\/\/api.w.org\/{rel}","templated":true}]}}