{"id":3250,"date":"2025-11-05T22:47:31","date_gmt":"2025-11-05T22:47:31","guid":{"rendered":"https:\/\/ayuntamientotenangodedoria.gob.mx\/?page_id=3250"},"modified":"2025-11-05T23:03:30","modified_gmt":"2025-11-05T23:03:30","slug":"disciplina-financiera-2020","status":"publish","type":"page","link":"https:\/\/ayuntamientotenangodedoria.gob.mx\/index.php\/disciplina-financiera-2020\/","title":{"rendered":"DISCIPLINA FINANCIERA 2020"},"content":{"rendered":"\t\t<div data-elementor-type=\"wp-page\" data-elementor-id=\"3250\" class=\"elementor elementor-3250\">\n\t\t\t\t<div class=\"elementor-element elementor-element-09415f9 e-flex e-con-boxed e-con e-parent\" data-id=\"09415f9\" data-element_type=\"container\" data-e-type=\"container\">\n\t\t\t\t\t<div class=\"e-con-inner\">\n\t\t\t\t<div class=\"elementor-element elementor-element-7b20ae6 elementor-invisible elementor-widget elementor-widget-heading\" data-id=\"7b20ae6\" data-element_type=\"widget\" data-e-type=\"widget\" data-settings=\"{&quot;_animation&quot;:&quot;fadeInLeft&quot;}\" data-widget_type=\"heading.default\">\n\t\t\t\t<div class=\"elementor-widget-container\">\n\t\t\t\t\t<h2 class=\"elementor-heading-title elementor-size-default\">Disciplina Financiera 2020<\/h2>\t\t\t\t<\/div>\n\t\t\t\t<\/div>\n\t\t\t\t<div class=\"elementor-element elementor-element-20313f5 elementor-widget elementor-widget-text-editor\" data-id=\"20313f5\" data-element_type=\"widget\" data-e-type=\"widget\" data-widget_type=\"text-editor.default\">\n\t\t\t\t<div class=\"elementor-widget-container\">\n\t\t\t\t\t\t\t\t\t<table class=\"has-fixed-layout\"><tbody><tr><td class=\"has-text-align-center\" data-align=\"center\"><h3 style=\"text-align: center;\"><span style=\"color: #000080;\"><strong><span dir=\"auto\">Documento<\/span><\/strong><\/span><\/h3><\/td><td class=\"has-text-align-center\" data-align=\"center\"><h3 style=\"text-align: center;\"><strong><span dir=\"auto\">\u00a0<span style=\"color: #000080;\">Descargar<\/span><\/span><\/strong><\/h3><\/td><\/tr><tr><td class=\"has-text-align-center\" data-align=\"center\"><h4 style=\"text-align: center;\"><span dir=\"auto\" style=\"color: #800000;\">Balance Presupuestario\u00a0<\/span><\/h4><\/td><td class=\"has-text-align-center\" data-align=\"center\"><h5><a href=\"https:\/\/ayuntamientotenangodedoria.gob.mx\/wp-content\/uploads\/2025\/11\/BP_TED_CP_2020.pdf\" target=\"_blank\" rel=\"noopener\"><img decoding=\"async\" class=\"aligncenter\" src=\"https:\/\/upload.wikimedia.org\/wikipedia\/commons\/thumb\/8\/87\/PDF_file_icon.svg\/977px-PDF_file_icon.svg.png\" alt=\"Archivo:PDF file icon.svg - Wikipedia, la enciclopedia libre\" width=\"52\" height=\"64\" \/><\/a><a href=\"https:\/\/ayuntamientotenangodedoria.gob.mx\/wp-content\/uploads\/2025\/11\/BP_TED_CP_2020.xls\"><img decoding=\"async\" class=\"aligncenter\" src=\"https:\/\/upload.wikimedia.org\/wikipedia\/commons\/thumb\/a\/ae\/Google_Sheets_2020_Logo.svg\/745px-Google_Sheets_2020_Logo.svg.png\" alt=\"Archivo:Google Sheets 2020 Logo.svg \u2014 \u0412\u0456\u043a\u0456\u043f\u0435\u0434\u0456\u044f\" width=\"53\" height=\"73\" \/><\/a><\/h5><\/td><\/tr><tr><td class=\"has-text-align-center\" data-align=\"center\"><h4 style=\"text-align: center;\"><span dir=\"auto\">Estado Anal\u00edtico de Ingresos Detallados<\/span><\/h4><\/td><td class=\"has-text-align-center\" data-align=\"center\"><h5><a href=\"https:\/\/ayuntamientotenangodedoria.gob.mx\/wp-content\/uploads\/2025\/11\/EAID_TED_CP_2020.pdf\" target=\"_blank\" rel=\"noopener\"><img decoding=\"async\" class=\"aligncenter\" src=\"https:\/\/upload.wikimedia.org\/wikipedia\/commons\/thumb\/8\/87\/PDF_file_icon.svg\/977px-PDF_file_icon.svg.png\" alt=\"Archivo:PDF file icon.svg - Wikipedia, la enciclopedia libre\" width=\"52\" height=\"64\" \/><\/a><a href=\"https:\/\/ayuntamientotenangodedoria.gob.mx\/wp-content\/uploads\/2025\/11\/EAID_TED_CP_2020.xls\"><img decoding=\"async\" class=\"aligncenter\" src=\"https:\/\/upload.wikimedia.org\/wikipedia\/commons\/thumb\/a\/ae\/Google_Sheets_2020_Logo.svg\/745px-Google_Sheets_2020_Logo.svg.png\" alt=\"Archivo:Google Sheets 2020 Logo.svg \u2014 \u0412\u0456\u043a\u0456\u043f\u0435\u0434\u0456\u044f\" width=\"53\" height=\"73\" \/><\/a><\/h5><\/td><\/tr><tr><td class=\"has-text-align-center\" data-align=\"center\"><h4 style=\"text-align: center;\"><span dir=\"auto\" style=\"color: #800000;\">Estado de Situaci\u00f3n Financiera Detallado<\/span><\/h4><\/td><td class=\"has-text-align-center\" data-align=\"center\"><h5><a href=\"https:\/\/ayuntamientotenangodedoria.gob.mx\/wp-content\/uploads\/2025\/11\/ESFD_TED_CP_2020.pdf\" target=\"_blank\" rel=\"noopener\"><img decoding=\"async\" class=\"aligncenter\" src=\"https:\/\/upload.wikimedia.org\/wikipedia\/commons\/thumb\/8\/87\/PDF_file_icon.svg\/977px-PDF_file_icon.svg.png\" alt=\"Archivo:PDF file icon.svg - Wikipedia, la enciclopedia libre\" width=\"52\" height=\"64\" \/><\/a><a href=\"https:\/\/ayuntamientotenangodedoria.gob.mx\/wp-content\/uploads\/2025\/11\/ESFD_TED_CP_2020.xls\"><img decoding=\"async\" class=\"aligncenter\" src=\"https:\/\/upload.wikimedia.org\/wikipedia\/commons\/thumb\/a\/ae\/Google_Sheets_2020_Logo.svg\/745px-Google_Sheets_2020_Logo.svg.png\" alt=\"Archivo:Google Sheets 2020 Logo.svg \u2014 \u0412\u0456\u043a\u0456\u043f\u0435\u0434\u0456\u044f\" width=\"53\" height=\"73\" \/><\/a><\/h5><\/td><\/tr><tr><td class=\"has-text-align-center\" data-align=\"center\"><h4 style=\"text-align: center;\"><span dir=\"auto\">Formato 2 Informe Anal\u00edtico de Deuda y Otros Pasivos<\/span><\/h4><\/td><td class=\"has-text-align-center\" data-align=\"center\"><h5><a href=\"https:\/\/ayuntamientotenangodedoria.gob.mx\/wp-content\/uploads\/2025\/11\/IADPOP_TED_CP_2020.pdf\" target=\"_blank\" rel=\"noopener\"><img decoding=\"async\" class=\"aligncenter\" src=\"https:\/\/upload.wikimedia.org\/wikipedia\/commons\/thumb\/8\/87\/PDF_file_icon.svg\/977px-PDF_file_icon.svg.png\" alt=\"Archivo:PDF file icon.svg - Wikipedia, la enciclopedia libre\" width=\"52\" height=\"64\" \/><\/a><a href=\"https:\/\/ayuntamientotenangodedoria.gob.mx\/wp-content\/uploads\/2025\/11\/IADPOP_TED_CP_2020.xls\"><img decoding=\"async\" class=\"aligncenter\" src=\"https:\/\/upload.wikimedia.org\/wikipedia\/commons\/thumb\/a\/ae\/Google_Sheets_2020_Logo.svg\/745px-Google_Sheets_2020_Logo.svg.png\" alt=\"Archivo:Google Sheets 2020 Logo.svg \u2014 \u0412\u0456\u043a\u0456\u043f\u0435\u0434\u0456\u044f\" width=\"53\" height=\"73\" \/><\/a><\/h5><\/td><\/tr><tr><td class=\"has-text-align-center\" data-align=\"center\"><h4 style=\"text-align: center;\"><span dir=\"auto\" style=\"color: #800000;\">Formato 3 Informe Anal\u00edtico de Obligaciones Diferentes de Financiamientos<\/span><\/h4><\/td><td class=\"has-text-align-center\" data-align=\"center\"><h5><a href=\"https:\/\/ayuntamientotenangodedoria.gob.mx\/wp-content\/uploads\/2025\/11\/IAODF_TED_CP_2020.pdf\" target=\"_blank\" rel=\"noopener\"><img decoding=\"async\" class=\"aligncenter\" src=\"https:\/\/upload.wikimedia.org\/wikipedia\/commons\/thumb\/8\/87\/PDF_file_icon.svg\/977px-PDF_file_icon.svg.png\" alt=\"Archivo:PDF file icon.svg - Wikipedia, la enciclopedia libre\" width=\"52\" height=\"64\" \/><\/a><a href=\"https:\/\/ayuntamientotenangodedoria.gob.mx\/wp-content\/uploads\/2025\/11\/IAODF_TED_CP_2020.xls\"><img decoding=\"async\" class=\"aligncenter\" src=\"https:\/\/upload.wikimedia.org\/wikipedia\/commons\/thumb\/a\/ae\/Google_Sheets_2020_Logo.svg\/745px-Google_Sheets_2020_Logo.svg.png\" alt=\"Archivo:Google Sheets 2020 Logo.svg \u2014 \u0412\u0456\u043a\u0456\u043f\u0435\u0434\u0456\u044f\" width=\"53\" height=\"73\" \/><\/a><\/h5><\/td><\/tr><tr><td class=\"has-text-align-center\" data-align=\"center\"><h4 style=\"text-align: center;\"><span dir=\"auto\">Informaci\u00f3n Detallada de Cada Financiamiento<\/span><\/h4><h4 style=\"text-align: center;\"><span dir=\"auto\"> u Obligaciones Contra\u00eddas<\/span><\/h4><\/td><td class=\"has-text-align-center\" data-align=\"center\"><h5><a href=\"https:\/\/ayuntamientotenangodedoria.gob.mx\/wp-content\/uploads\/2025\/11\/IDFOC_TED_CP_2020.pdf\" target=\"_blank\" rel=\"noopener\"><img decoding=\"async\" class=\"aligncenter\" src=\"https:\/\/upload.wikimedia.org\/wikipedia\/commons\/thumb\/8\/87\/PDF_file_icon.svg\/977px-PDF_file_icon.svg.png\" alt=\"Archivo:PDF file icon.svg - Wikipedia, la enciclopedia libre\" width=\"52\" height=\"64\" \/><\/a><a href=\"https:\/\/ayuntamientotenangodedoria.gob.mx\/wp-content\/uploads\/2025\/11\/IDFOC_TED_CP_2020.xls\"><img decoding=\"async\" class=\"aligncenter\" src=\"https:\/\/upload.wikimedia.org\/wikipedia\/commons\/thumb\/a\/ae\/Google_Sheets_2020_Logo.svg\/745px-Google_Sheets_2020_Logo.svg.png\" alt=\"Archivo:Google Sheets 2020 Logo.svg \u2014 \u0412\u0456\u043a\u0456\u043f\u0435\u0434\u0456\u044f\" width=\"53\" height=\"73\" \/><\/a><\/h5><\/td><\/tr><tr><td class=\"has-text-align-center\" data-align=\"center\"><h4 style=\"text-align: center;\"><span dir=\"auto\" style=\"color: #800000;\">Formato 6 a) Estado Anal\u00edtico del Ejercicio del Presupuesto de Egresos Detallado \u2013 LDF Clasificaci\u00f3n por Objeto del Gasto (Capitulo y Concepto)<\/span><\/h4><\/td><td class=\"has-text-align-center\" data-align=\"center\"><h5><a href=\"https:\/\/ayuntamientotenangodedoria.gob.mx\/wp-content\/uploads\/2025\/11\/PEDCOG_TED_CP_2020.pdf\" target=\"_blank\" rel=\"noopener\"><img decoding=\"async\" class=\"aligncenter\" src=\"https:\/\/upload.wikimedia.org\/wikipedia\/commons\/thumb\/8\/87\/PDF_file_icon.svg\/977px-PDF_file_icon.svg.png\" alt=\"Archivo:PDF file icon.svg - Wikipedia, la enciclopedia libre\" width=\"52\" height=\"64\" \/><\/a><a href=\"https:\/\/ayuntamientotenangodedoria.gob.mx\/wp-content\/uploads\/2025\/11\/PEDCOG_TED_CP_2020.xls\"><img decoding=\"async\" class=\"aligncenter\" src=\"https:\/\/upload.wikimedia.org\/wikipedia\/commons\/thumb\/a\/ae\/Google_Sheets_2020_Logo.svg\/745px-Google_Sheets_2020_Logo.svg.png\" alt=\"Archivo:Google Sheets 2020 Logo.svg \u2014 \u0412\u0456\u043a\u0456\u043f\u0435\u0434\u0456\u044f\" width=\"53\" height=\"73\" \/><\/a><\/h5><\/td><\/tr><tr><td class=\"has-text-align-center\" data-align=\"center\"><h4 style=\"text-align: center;\"><span dir=\"auto\">Formato 6 b) Estado Anal\u00edtico del Ejercicio del Presupuesto de Egreso Detallado \u2013 LDF (Clasificaci\u00f3n Administrativa)<\/span>\u00a0<\/h4><\/td><td class=\"has-text-align-center\" data-align=\"center\"><h5><a href=\"https:\/\/ayuntamientotenangodedoria.gob.mx\/wp-content\/uploads\/2025\/11\/PEDCA_TED_CP_2020.pdf\" target=\"_blank\" rel=\"noopener\"><img decoding=\"async\" class=\"aligncenter\" src=\"https:\/\/upload.wikimedia.org\/wikipedia\/commons\/thumb\/8\/87\/PDF_file_icon.svg\/977px-PDF_file_icon.svg.png\" alt=\"Archivo:PDF file icon.svg - Wikipedia, la enciclopedia libre\" width=\"52\" height=\"64\" \/><\/a><a href=\"https:\/\/ayuntamientotenangodedoria.gob.mx\/wp-content\/uploads\/2025\/11\/PEDCA_TED_CP_2020.xls\"><img decoding=\"async\" class=\"aligncenter\" src=\"https:\/\/upload.wikimedia.org\/wikipedia\/commons\/thumb\/a\/ae\/Google_Sheets_2020_Logo.svg\/745px-Google_Sheets_2020_Logo.svg.png\" alt=\"Archivo:Google Sheets 2020 Logo.svg \u2014 \u0412\u0456\u043a\u0456\u043f\u0435\u0434\u0456\u044f\" width=\"53\" height=\"73\" \/><\/a><\/h5><\/td><\/tr><tr><td class=\"has-text-align-center\" data-align=\"center\"><h5>\u00a0<\/h5><div><h4 style=\"text-align: center;\"><span dir=\"auto\" style=\"color: #800000;\">Formato 6 c) Estado Anal\u00edtico del Ejercicio del Presupuesto de Egresos Detallado -LDF Clasificaci\u00f3n Funcional (Finalidad y Funci\u00f3n)<\/span><\/h4><\/div><\/td><td class=\"has-text-align-center\" data-align=\"center\"><h5><a href=\"https:\/\/ayuntamientotenangodedoria.gob.mx\/wp-content\/uploads\/2025\/11\/PEDCF_TED_CP_2020.pdf\"><img decoding=\"async\" class=\"aligncenter\" src=\"https:\/\/upload.wikimedia.org\/wikipedia\/commons\/thumb\/8\/87\/PDF_file_icon.svg\/977px-PDF_file_icon.svg.png\" alt=\"Archivo:PDF file icon.svg - Wikipedia, la enciclopedia libre\" width=\"52\" height=\"64\" \/><\/a><a href=\"https:\/\/ayuntamientotenangodedoria.gob.mx\/wp-content\/uploads\/2025\/11\/PEDCF_TED_CP_2020.xls\"><img decoding=\"async\" class=\"aligncenter\" src=\"https:\/\/upload.wikimedia.org\/wikipedia\/commons\/thumb\/a\/ae\/Google_Sheets_2020_Logo.svg\/745px-Google_Sheets_2020_Logo.svg.png\" alt=\"Archivo:Google Sheets 2020 Logo.svg \u2014 \u0412\u0456\u043a\u0456\u043f\u0435\u0434\u0456\u044f\" width=\"53\" height=\"73\" \/><\/a><\/h5><\/td><\/tr><tr><td class=\"has-text-align-center\" data-align=\"center\"><h4 style=\"text-align: center;\"><span dir=\"auto\">Formato 6 d) Estado Anal\u00edtico del Ejercicio del Presupuesto de Egresos Detallado \u2013 LDF (Clasificaci\u00f3n de Servicios Personales por Categor\u00eda)<\/span><\/h4><\/td><td class=\"has-text-align-center\" data-align=\"center\"><h5><a href=\"https:\/\/ayuntamientotenangodedoria.gob.mx\/wp-content\/uploads\/2025\/11\/PEDSP_TED_CP_2020.pdf\" target=\"_blank\" rel=\"noopener\"><img decoding=\"async\" class=\"aligncenter\" src=\"https:\/\/upload.wikimedia.org\/wikipedia\/commons\/thumb\/8\/87\/PDF_file_icon.svg\/977px-PDF_file_icon.svg.png\" alt=\"Archivo:PDF file icon.svg - Wikipedia, la enciclopedia libre\" width=\"52\" height=\"64\" \/><\/a><a href=\"https:\/\/ayuntamientotenangodedoria.gob.mx\/wp-content\/uploads\/2025\/11\/PEDSP_TED_CP_2020.xls\"><img decoding=\"async\" class=\"aligncenter\" src=\"https:\/\/upload.wikimedia.org\/wikipedia\/commons\/thumb\/a\/ae\/Google_Sheets_2020_Logo.svg\/745px-Google_Sheets_2020_Logo.svg.png\" alt=\"Archivo:Google Sheets 2020 Logo.svg \u2014 \u0412\u0456\u043a\u0456\u043f\u0435\u0434\u0456\u044f\" width=\"53\" height=\"73\" \/><\/a><\/h5><\/td><\/tr><\/tbody><\/table>\t\t\t\t\t\t\t\t<\/div>\n\t\t\t\t<\/div>\n\t\t\t\t\t<\/div>\n\t\t\t\t<\/div>\n\t\t\t\t<\/div>\n\t\t","protected":false},"excerpt":{"rendered":"<p>Disciplina Financiera 2020 Documento \u00a0Descargar Balance Presupuestario\u00a0 Estado Anal\u00edtico de Ingresos Detallados Estado de Situaci\u00f3n Financiera Detallado Formato 2 Informe Anal\u00edtico de Deuda y Otros Pasivos Formato 3 Informe Anal\u00edtico&hellip;<\/p>\n","protected":false},"author":2,"featured_media":0,"parent":0,"menu_order":0,"comment_status":"closed","ping_status":"closed","template":"","meta":{"footnotes":""},"class_list":["post-3250","page","type-page","status-publish","hentry"],"yoast_head":"<!-- This site is optimized with the Yoast SEO plugin v27.2 - https:\/\/yoast.com\/product\/yoast-seo-wordpress\/ -->\n<title>DISCIPLINA FINANCIERA 2020 -<\/title>\n<meta name=\"robots\" content=\"index, follow, max-snippet:-1, max-image-preview:large, max-video-preview:-1\" \/>\n<link rel=\"canonical\" href=\"https:\/\/ayuntamientotenangodedoria.gob.mx\/index.php\/disciplina-financiera-2020\/\" \/>\n<meta property=\"og:locale\" content=\"en_US\" \/>\n<meta property=\"og:type\" content=\"article\" \/>\n<meta property=\"og:title\" content=\"DISCIPLINA FINANCIERA 2020 -\" \/>\n<meta property=\"og:description\" content=\"Disciplina Financiera 2020 Documento \u00a0Descargar Balance Presupuestario\u00a0 Estado Anal\u00edtico de Ingresos Detallados Estado de Situaci\u00f3n Financiera Detallado Formato 2 Informe Anal\u00edtico de Deuda y Otros Pasivos Formato 3 Informe Anal\u00edtico&hellip;\" \/>\n<meta property=\"og:url\" content=\"https:\/\/ayuntamientotenangodedoria.gob.mx\/index.php\/disciplina-financiera-2020\/\" \/>\n<meta property=\"article:modified_time\" content=\"2025-11-05T23:03:30+00:00\" \/>\n<meta property=\"og:image\" content=\"https:\/\/upload.wikimedia.org\/wikipedia\/commons\/thumb\/8\/87\/PDF_file_icon.svg\/977px-PDF_file_icon.svg.png\" \/>\n<meta name=\"twitter:card\" content=\"summary_large_image\" \/>\n<meta name=\"twitter:label1\" content=\"Est. reading time\" \/>\n\t<meta name=\"twitter:data1\" content=\"5 minutes\" \/>\n<script type=\"application\/ld+json\" class=\"yoast-schema-graph\">{\"@context\":\"https:\/\/schema.org\",\"@graph\":[{\"@type\":\"WebPage\",\"@id\":\"https:\/\/ayuntamientotenangodedoria.gob.mx\/index.php\/disciplina-financiera-2020\/\",\"url\":\"https:\/\/ayuntamientotenangodedoria.gob.mx\/index.php\/disciplina-financiera-2020\/\",\"name\":\"DISCIPLINA FINANCIERA 2020 -\",\"isPartOf\":{\"@id\":\"https:\/\/ayuntamientotenangodedoria.gob.mx\/#website\"},\"primaryImageOfPage\":{\"@id\":\"https:\/\/ayuntamientotenangodedoria.gob.mx\/index.php\/disciplina-financiera-2020\/#primaryimage\"},\"image\":{\"@id\":\"https:\/\/ayuntamientotenangodedoria.gob.mx\/index.php\/disciplina-financiera-2020\/#primaryimage\"},\"thumbnailUrl\":\"https:\/\/upload.wikimedia.org\/wikipedia\/commons\/thumb\/8\/87\/PDF_file_icon.svg\/977px-PDF_file_icon.svg.png\",\"datePublished\":\"2025-11-05T22:47:31+00:00\",\"dateModified\":\"2025-11-05T23:03:30+00:00\",\"breadcrumb\":{\"@id\":\"https:\/\/ayuntamientotenangodedoria.gob.mx\/index.php\/disciplina-financiera-2020\/#breadcrumb\"},\"inLanguage\":\"en-US\",\"potentialAction\":[{\"@type\":\"ReadAction\",\"target\":[\"https:\/\/ayuntamientotenangodedoria.gob.mx\/index.php\/disciplina-financiera-2020\/\"]}]},{\"@type\":\"ImageObject\",\"inLanguage\":\"en-US\",\"@id\":\"https:\/\/ayuntamientotenangodedoria.gob.mx\/index.php\/disciplina-financiera-2020\/#primaryimage\",\"url\":\"https:\/\/upload.wikimedia.org\/wikipedia\/commons\/thumb\/8\/87\/PDF_file_icon.svg\/977px-PDF_file_icon.svg.png\",\"contentUrl\":\"https:\/\/upload.wikimedia.org\/wikipedia\/commons\/thumb\/8\/87\/PDF_file_icon.svg\/977px-PDF_file_icon.svg.png\"},{\"@type\":\"BreadcrumbList\",\"@id\":\"https:\/\/ayuntamientotenangodedoria.gob.mx\/index.php\/disciplina-financiera-2020\/#breadcrumb\",\"itemListElement\":[{\"@type\":\"ListItem\",\"position\":1,\"name\":\"Home\",\"item\":\"https:\/\/ayuntamientotenangodedoria.gob.mx\/\"},{\"@type\":\"ListItem\",\"position\":2,\"name\":\"DISCIPLINA FINANCIERA 2020\"}]},{\"@type\":\"WebSite\",\"@id\":\"https:\/\/ayuntamientotenangodedoria.gob.mx\/#website\",\"url\":\"https:\/\/ayuntamientotenangodedoria.gob.mx\/\",\"name\":\"\",\"description\":\"Transformando con Inclusi\u00f3n e Interculturalidad\",\"potentialAction\":[{\"@type\":\"SearchAction\",\"target\":{\"@type\":\"EntryPoint\",\"urlTemplate\":\"https:\/\/ayuntamientotenangodedoria.gob.mx\/?s={search_term_string}\"},\"query-input\":{\"@type\":\"PropertyValueSpecification\",\"valueRequired\":true,\"valueName\":\"search_term_string\"}}],\"inLanguage\":\"en-US\"}]}<\/script>\n<!-- \/ Yoast SEO plugin. -->","yoast_head_json":{"title":"DISCIPLINA FINANCIERA 2020 -","robots":{"index":"index","follow":"follow","max-snippet":"max-snippet:-1","max-image-preview":"max-image-preview:large","max-video-preview":"max-video-preview:-1"},"canonical":"https:\/\/ayuntamientotenangodedoria.gob.mx\/index.php\/disciplina-financiera-2020\/","og_locale":"en_US","og_type":"article","og_title":"DISCIPLINA FINANCIERA 2020 -","og_description":"Disciplina Financiera 2020 Documento \u00a0Descargar Balance Presupuestario\u00a0 Estado Anal\u00edtico de Ingresos Detallados Estado de Situaci\u00f3n Financiera Detallado Formato 2 Informe Anal\u00edtico de Deuda y Otros Pasivos Formato 3 Informe Anal\u00edtico&hellip;","og_url":"https:\/\/ayuntamientotenangodedoria.gob.mx\/index.php\/disciplina-financiera-2020\/","article_modified_time":"2025-11-05T23:03:30+00:00","og_image":[{"url":"https:\/\/upload.wikimedia.org\/wikipedia\/commons\/thumb\/8\/87\/PDF_file_icon.svg\/977px-PDF_file_icon.svg.png","type":"","width":"","height":""}],"twitter_card":"summary_large_image","twitter_misc":{"Est. reading time":"5 minutes"},"schema":{"@context":"https:\/\/schema.org","@graph":[{"@type":"WebPage","@id":"https:\/\/ayuntamientotenangodedoria.gob.mx\/index.php\/disciplina-financiera-2020\/","url":"https:\/\/ayuntamientotenangodedoria.gob.mx\/index.php\/disciplina-financiera-2020\/","name":"DISCIPLINA FINANCIERA 2020 -","isPartOf":{"@id":"https:\/\/ayuntamientotenangodedoria.gob.mx\/#website"},"primaryImageOfPage":{"@id":"https:\/\/ayuntamientotenangodedoria.gob.mx\/index.php\/disciplina-financiera-2020\/#primaryimage"},"image":{"@id":"https:\/\/ayuntamientotenangodedoria.gob.mx\/index.php\/disciplina-financiera-2020\/#primaryimage"},"thumbnailUrl":"https:\/\/upload.wikimedia.org\/wikipedia\/commons\/thumb\/8\/87\/PDF_file_icon.svg\/977px-PDF_file_icon.svg.png","datePublished":"2025-11-05T22:47:31+00:00","dateModified":"2025-11-05T23:03:30+00:00","breadcrumb":{"@id":"https:\/\/ayuntamientotenangodedoria.gob.mx\/index.php\/disciplina-financiera-2020\/#breadcrumb"},"inLanguage":"en-US","potentialAction":[{"@type":"ReadAction","target":["https:\/\/ayuntamientotenangodedoria.gob.mx\/index.php\/disciplina-financiera-2020\/"]}]},{"@type":"ImageObject","inLanguage":"en-US","@id":"https:\/\/ayuntamientotenangodedoria.gob.mx\/index.php\/disciplina-financiera-2020\/#primaryimage","url":"https:\/\/upload.wikimedia.org\/wikipedia\/commons\/thumb\/8\/87\/PDF_file_icon.svg\/977px-PDF_file_icon.svg.png","contentUrl":"https:\/\/upload.wikimedia.org\/wikipedia\/commons\/thumb\/8\/87\/PDF_file_icon.svg\/977px-PDF_file_icon.svg.png"},{"@type":"BreadcrumbList","@id":"https:\/\/ayuntamientotenangodedoria.gob.mx\/index.php\/disciplina-financiera-2020\/#breadcrumb","itemListElement":[{"@type":"ListItem","position":1,"name":"Home","item":"https:\/\/ayuntamientotenangodedoria.gob.mx\/"},{"@type":"ListItem","position":2,"name":"DISCIPLINA FINANCIERA 2020"}]},{"@type":"WebSite","@id":"https:\/\/ayuntamientotenangodedoria.gob.mx\/#website","url":"https:\/\/ayuntamientotenangodedoria.gob.mx\/","name":"","description":"Transformando con Inclusi\u00f3n e Interculturalidad","potentialAction":[{"@type":"SearchAction","target":{"@type":"EntryPoint","urlTemplate":"https:\/\/ayuntamientotenangodedoria.gob.mx\/?s={search_term_string}"},"query-input":{"@type":"PropertyValueSpecification","valueRequired":true,"valueName":"search_term_string"}}],"inLanguage":"en-US"}]}},"_links":{"self":[{"href":"https:\/\/ayuntamientotenangodedoria.gob.mx\/index.php\/wp-json\/wp\/v2\/pages\/3250","targetHints":{"allow":["GET"]}}],"collection":[{"href":"https:\/\/ayuntamientotenangodedoria.gob.mx\/index.php\/wp-json\/wp\/v2\/pages"}],"about":[{"href":"https:\/\/ayuntamientotenangodedoria.gob.mx\/index.php\/wp-json\/wp\/v2\/types\/page"}],"author":[{"embeddable":true,"href":"https:\/\/ayuntamientotenangodedoria.gob.mx\/index.php\/wp-json\/wp\/v2\/users\/2"}],"replies":[{"embeddable":true,"href":"https:\/\/ayuntamientotenangodedoria.gob.mx\/index.php\/wp-json\/wp\/v2\/comments?post=3250"}],"version-history":[{"count":4,"href":"https:\/\/ayuntamientotenangodedoria.gob.mx\/index.php\/wp-json\/wp\/v2\/pages\/3250\/revisions"}],"predecessor-version":[{"id":3284,"href":"https:\/\/ayuntamientotenangodedoria.gob.mx\/index.php\/wp-json\/wp\/v2\/pages\/3250\/revisions\/3284"}],"wp:attachment":[{"href":"https:\/\/ayuntamientotenangodedoria.gob.mx\/index.php\/wp-json\/wp\/v2\/media?parent=3250"}],"curies":[{"name":"wp","href":"https:\/\/api.w.org\/{rel}","templated":true}]}}