{"id":3376,"date":"2025-11-06T19:33:44","date_gmt":"2025-11-06T19:33:44","guid":{"rendered":"https:\/\/ayuntamientotenangodedoria.gob.mx\/?page_id=3376"},"modified":"2025-11-06T20:02:51","modified_gmt":"2025-11-06T20:02:51","slug":"informacion-presupuestaria-2021","status":"publish","type":"page","link":"https:\/\/ayuntamientotenangodedoria.gob.mx\/index.php\/informacion-presupuestaria-2021\/","title":{"rendered":"INFORMACION PRESUPUESTARIA 2021"},"content":{"rendered":"\t\t<div data-elementor-type=\"wp-page\" data-elementor-id=\"3376\" class=\"elementor elementor-3376\">\n\t\t\t\t<div class=\"elementor-element elementor-element-9cfca7b e-flex e-con-boxed e-con e-parent\" data-id=\"9cfca7b\" data-element_type=\"container\" data-e-type=\"container\">\n\t\t\t\t\t<div class=\"e-con-inner\">\n\t\t\t\t<div class=\"elementor-element elementor-element-19f98fa elementor-widget elementor-widget-heading\" data-id=\"19f98fa\" data-element_type=\"widget\" data-e-type=\"widget\" data-widget_type=\"heading.default\">\n\t\t\t\t<div class=\"elementor-widget-container\">\n\t\t\t\t\t<h2 class=\"elementor-heading-title elementor-size-default\">INFORMACION PRESUPUESTARIA 2021<\/h2>\t\t\t\t<\/div>\n\t\t\t\t<\/div>\n\t\t\t\t<div class=\"elementor-element elementor-element-73f25fe elementor-widget elementor-widget-text-editor\" data-id=\"73f25fe\" data-element_type=\"widget\" data-e-type=\"widget\" data-widget_type=\"text-editor.default\">\n\t\t\t\t<div class=\"elementor-widget-container\">\n\t\t\t\t\t\t\t\t\t<div class=\"elementor-element elementor-element-4e33651 elementor-widget elementor-widget-text-editor\" data-id=\"4e33651\" data-element_type=\"widget\" data-widget_type=\"text-editor.default\"><div class=\"elementor-widget-container\"><h4 style=\"text-align: center;\"><span dir=\"auto\"><span style=\"color: #800000;\">Estos documentos sirven como una herramienta de planificaci\u00f3n y gesti\u00f3n financiera, permitiendo a la administraci\u00f3n municipal asignar recursos, priorizar necesidades y cumplir con sus funciones<\/span>.<\/span><span class=\"pjBG2e\" data-cid=\"4d3ef62e-5148-4c25-ae27-c6701fba4a17\"><span class=\"UV3uM\">\u00a0<\/span><\/span><\/h4><\/div><\/div><div class=\"elementor-element elementor-element-ee5b472 elementor-widget elementor-widget-text-editor\" data-id=\"ee5b472\" data-element_type=\"widget\" data-widget_type=\"text-editor.default\"><div class=\"elementor-widget-container\" style=\"text-align: center;\">\u00a0<\/div><\/div>\t\t\t\t\t\t\t\t<\/div>\n\t\t\t\t<\/div>\n\t\t\t\t<div class=\"elementor-element elementor-element-7b8eb30 elementor-widget elementor-widget-text-editor\" data-id=\"7b8eb30\" data-element_type=\"widget\" data-e-type=\"widget\" data-widget_type=\"text-editor.default\">\n\t\t\t\t<div class=\"elementor-widget-container\">\n\t\t\t\t\t\t\t\t\t<table class=\"has-fixed-layout\"><tbody><tr><td class=\"has-text-align-center\" data-align=\"center\"><h4 style=\"text-align: center;\"><span style=\"color: #0000ff;\"><strong><span dir=\"auto\">Documento<\/span><\/strong><\/span><\/h4><\/td><td class=\"has-text-align-center\" data-align=\"center\"><h4 style=\"text-align: center;\"><span style=\"color: #0000ff;\"><strong><span dir=\"auto\">Descargar<\/span><\/strong><\/span><\/h4><\/td><\/tr><tr><td class=\"has-text-align-center\" data-align=\"center\"><h5 style=\"text-align: center;\"><span dir=\"auto\" style=\"color: #800000;\">Anal\u00edtico Mensual de Egresos Pagado por Fuente<\/span><\/h5><\/td><td class=\"has-text-align-center\" data-align=\"center\"><a href=\"https:\/\/ayuntamientotenangodedoria.gob.mx\/wp-content\/uploads\/2025\/11\/AMEPFF_TED_CP_2021.pdf\" target=\"_blank\" rel=\"noopener\"><img decoding=\"async\" class=\"aligncenter\" src=\"https:\/\/upload.wikimedia.org\/wikipedia\/commons\/thumb\/8\/87\/PDF_file_icon.svg\/833px-PDF_file_icon.svg.png\" alt=\"File:PDF file icon.svg - Wikimedia Commons\" width=\"55\" height=\"67\" \/><\/a><\/td><\/tr><tr><td class=\"has-text-align-center\" data-align=\"center\"><h5 style=\"text-align: center;\"><span dir=\"auto\">Estado Anal\u00edtico del Ejercicio de Presupuesto por<\/span><\/h5><h5 style=\"text-align: center;\"><span dir=\"auto\">Fuente de Financiamiento<\/span><\/h5><\/td><td class=\"has-text-align-center\" data-align=\"center\"><a href=\"https:\/\/ayuntamientotenangodedoria.gob.mx\/wp-content\/uploads\/2025\/11\/EAEPFF_TED_CP_2021.pdf\" target=\"_blank\" rel=\"noopener\"><img decoding=\"async\" class=\"aligncenter\" src=\"https:\/\/upload.wikimedia.org\/wikipedia\/commons\/thumb\/8\/87\/PDF_file_icon.svg\/833px-PDF_file_icon.svg.png\" alt=\"File:PDF file icon.svg - Wikimedia Commons\" width=\"55\" height=\"67\" \/><\/a><\/td><\/tr><tr><td class=\"has-text-align-center\" data-align=\"center\"><h5 style=\"text-align: center;\"><span dir=\"auto\" style=\"color: #800000;\">Estado Anal\u00edtico de Ingresos (Rubro, Tipo , Clase)<\/span><\/h5><\/td><td class=\"has-text-align-center\" data-align=\"center\"><a href=\"https:\/\/ayuntamientotenangodedoria.gob.mx\/wp-content\/uploads\/2025\/11\/EAIP_TED_CP_2021.pdf\"><img decoding=\"async\" class=\"aligncenter\" src=\"https:\/\/upload.wikimedia.org\/wikipedia\/commons\/thumb\/8\/87\/PDF_file_icon.svg\/833px-PDF_file_icon.svg.png\" alt=\"File:PDF file icon.svg - Wikimedia Commons\" width=\"55\" height=\"67\" \/><\/a><\/td><\/tr><tr><td class=\"has-text-align-center\" data-align=\"center\"><h5 style=\"text-align: center;\"><span dir=\"auto\">Estado Anal\u00edtico de Ingresos<\/span><\/h5><h5 style=\"text-align: center;\"><span dir=\"auto\">(Rubro, Tipo, Clase y Concepto)<\/span><\/h5><\/td><td class=\"has-text-align-center\" data-align=\"center\"><a href=\"https:\/\/ayuntamientotenangodedoria.gob.mx\/wp-content\/uploads\/2025\/11\/EAI_TED_CP_2021.pdf\" target=\"_blank\" rel=\"noopener\"><img decoding=\"async\" class=\"aligncenter\" src=\"https:\/\/upload.wikimedia.org\/wikipedia\/commons\/thumb\/8\/87\/PDF_file_icon.svg\/833px-PDF_file_icon.svg.png\" alt=\"File:PDF file icon.svg - Wikimedia Commons\" width=\"55\" height=\"67\" \/><\/a><\/td><\/tr><tr><td class=\"has-text-align-center\" data-align=\"center\"><h5 style=\"text-align: center;\"><span dir=\"auto\" style=\"color: #800000;\">Estado Anal\u00edtico del Presupuesto de<\/span><\/h5><h5 style=\"text-align: center;\"><span dir=\"auto\" style=\"color: #800000;\">Ingresos de Base Mensual<\/span><\/h5><\/td><td class=\"has-text-align-center\" data-align=\"center\"><a href=\"https:\/\/ayuntamientotenangodedoria.gob.mx\/wp-content\/uploads\/2025\/11\/EAMI_TED_CP_2021.pdf\" target=\"_blank\" rel=\"noopener\"><img decoding=\"async\" class=\"aligncenter\" src=\"https:\/\/upload.wikimedia.org\/wikipedia\/commons\/thumb\/8\/87\/PDF_file_icon.svg\/833px-PDF_file_icon.svg.png\" alt=\"File:PDF file icon.svg - Wikimedia Commons\" width=\"55\" height=\"67\" \/><\/a><\/td><\/tr><\/tbody><\/table><p>\u00a0<\/p>\t\t\t\t\t\t\t\t<\/div>\n\t\t\t\t<\/div>\n\t\t\t\t\t<\/div>\n\t\t\t\t<\/div>\n\t\t\t\t<\/div>\n\t\t","protected":false},"excerpt":{"rendered":"<p>INFORMACION PRESUPUESTARIA 2021 Estos documentos sirven como una herramienta de planificaci\u00f3n y gesti\u00f3n financiera, permitiendo a la administraci\u00f3n municipal asignar recursos, priorizar necesidades y cumplir con sus funciones.\u00a0 \u00a0 Documento&hellip;<\/p>\n","protected":false},"author":2,"featured_media":0,"parent":0,"menu_order":0,"comment_status":"closed","ping_status":"closed","template":"","meta":{"footnotes":""},"class_list":["post-3376","page","type-page","status-publish","hentry"],"yoast_head":"<!-- This site is optimized with the Yoast SEO plugin v27.2 - https:\/\/yoast.com\/product\/yoast-seo-wordpress\/ -->\n<title>INFORMACION PRESUPUESTARIA 2021 -<\/title>\n<meta name=\"robots\" content=\"index, follow, max-snippet:-1, max-image-preview:large, max-video-preview:-1\" \/>\n<link rel=\"canonical\" href=\"https:\/\/ayuntamientotenangodedoria.gob.mx\/index.php\/informacion-presupuestaria-2021\/\" \/>\n<meta property=\"og:locale\" content=\"en_US\" \/>\n<meta property=\"og:type\" content=\"article\" \/>\n<meta property=\"og:title\" content=\"INFORMACION PRESUPUESTARIA 2021 -\" \/>\n<meta property=\"og:description\" content=\"INFORMACION PRESUPUESTARIA 2021 Estos documentos sirven como una herramienta de planificaci\u00f3n y gesti\u00f3n financiera, permitiendo a la administraci\u00f3n municipal asignar recursos, priorizar necesidades y cumplir con sus funciones.\u00a0 \u00a0 Documento&hellip;\" \/>\n<meta property=\"og:url\" content=\"https:\/\/ayuntamientotenangodedoria.gob.mx\/index.php\/informacion-presupuestaria-2021\/\" \/>\n<meta property=\"article:modified_time\" content=\"2025-11-06T20:02:51+00:00\" \/>\n<meta property=\"og:image\" content=\"https:\/\/upload.wikimedia.org\/wikipedia\/commons\/thumb\/8\/87\/PDF_file_icon.svg\/833px-PDF_file_icon.svg.png\" \/>\n<meta name=\"twitter:card\" content=\"summary_large_image\" \/>\n<meta name=\"twitter:label1\" content=\"Est. reading time\" \/>\n\t<meta name=\"twitter:data1\" content=\"2 minutes\" \/>\n<script type=\"application\/ld+json\" class=\"yoast-schema-graph\">{\"@context\":\"https:\/\/schema.org\",\"@graph\":[{\"@type\":\"WebPage\",\"@id\":\"https:\/\/ayuntamientotenangodedoria.gob.mx\/index.php\/informacion-presupuestaria-2021\/\",\"url\":\"https:\/\/ayuntamientotenangodedoria.gob.mx\/index.php\/informacion-presupuestaria-2021\/\",\"name\":\"INFORMACION PRESUPUESTARIA 2021 -\",\"isPartOf\":{\"@id\":\"https:\/\/ayuntamientotenangodedoria.gob.mx\/#website\"},\"primaryImageOfPage\":{\"@id\":\"https:\/\/ayuntamientotenangodedoria.gob.mx\/index.php\/informacion-presupuestaria-2021\/#primaryimage\"},\"image\":{\"@id\":\"https:\/\/ayuntamientotenangodedoria.gob.mx\/index.php\/informacion-presupuestaria-2021\/#primaryimage\"},\"thumbnailUrl\":\"https:\/\/upload.wikimedia.org\/wikipedia\/commons\/thumb\/8\/87\/PDF_file_icon.svg\/833px-PDF_file_icon.svg.png\",\"datePublished\":\"2025-11-06T19:33:44+00:00\",\"dateModified\":\"2025-11-06T20:02:51+00:00\",\"breadcrumb\":{\"@id\":\"https:\/\/ayuntamientotenangodedoria.gob.mx\/index.php\/informacion-presupuestaria-2021\/#breadcrumb\"},\"inLanguage\":\"en-US\",\"potentialAction\":[{\"@type\":\"ReadAction\",\"target\":[\"https:\/\/ayuntamientotenangodedoria.gob.mx\/index.php\/informacion-presupuestaria-2021\/\"]}]},{\"@type\":\"ImageObject\",\"inLanguage\":\"en-US\",\"@id\":\"https:\/\/ayuntamientotenangodedoria.gob.mx\/index.php\/informacion-presupuestaria-2021\/#primaryimage\",\"url\":\"https:\/\/upload.wikimedia.org\/wikipedia\/commons\/thumb\/8\/87\/PDF_file_icon.svg\/833px-PDF_file_icon.svg.png\",\"contentUrl\":\"https:\/\/upload.wikimedia.org\/wikipedia\/commons\/thumb\/8\/87\/PDF_file_icon.svg\/833px-PDF_file_icon.svg.png\"},{\"@type\":\"BreadcrumbList\",\"@id\":\"https:\/\/ayuntamientotenangodedoria.gob.mx\/index.php\/informacion-presupuestaria-2021\/#breadcrumb\",\"itemListElement\":[{\"@type\":\"ListItem\",\"position\":1,\"name\":\"Home\",\"item\":\"https:\/\/ayuntamientotenangodedoria.gob.mx\/\"},{\"@type\":\"ListItem\",\"position\":2,\"name\":\"INFORMACION PRESUPUESTARIA 2021\"}]},{\"@type\":\"WebSite\",\"@id\":\"https:\/\/ayuntamientotenangodedoria.gob.mx\/#website\",\"url\":\"https:\/\/ayuntamientotenangodedoria.gob.mx\/\",\"name\":\"\",\"description\":\"Transformando con Inclusi\u00f3n e Interculturalidad\",\"potentialAction\":[{\"@type\":\"SearchAction\",\"target\":{\"@type\":\"EntryPoint\",\"urlTemplate\":\"https:\/\/ayuntamientotenangodedoria.gob.mx\/?s={search_term_string}\"},\"query-input\":{\"@type\":\"PropertyValueSpecification\",\"valueRequired\":true,\"valueName\":\"search_term_string\"}}],\"inLanguage\":\"en-US\"}]}<\/script>\n<!-- \/ Yoast SEO plugin. -->","yoast_head_json":{"title":"INFORMACION PRESUPUESTARIA 2021 -","robots":{"index":"index","follow":"follow","max-snippet":"max-snippet:-1","max-image-preview":"max-image-preview:large","max-video-preview":"max-video-preview:-1"},"canonical":"https:\/\/ayuntamientotenangodedoria.gob.mx\/index.php\/informacion-presupuestaria-2021\/","og_locale":"en_US","og_type":"article","og_title":"INFORMACION PRESUPUESTARIA 2021 -","og_description":"INFORMACION PRESUPUESTARIA 2021 Estos documentos sirven como una herramienta de planificaci\u00f3n y gesti\u00f3n financiera, permitiendo a la administraci\u00f3n municipal asignar recursos, priorizar necesidades y cumplir con sus funciones.\u00a0 \u00a0 Documento&hellip;","og_url":"https:\/\/ayuntamientotenangodedoria.gob.mx\/index.php\/informacion-presupuestaria-2021\/","article_modified_time":"2025-11-06T20:02:51+00:00","og_image":[{"url":"https:\/\/upload.wikimedia.org\/wikipedia\/commons\/thumb\/8\/87\/PDF_file_icon.svg\/833px-PDF_file_icon.svg.png","type":"","width":"","height":""}],"twitter_card":"summary_large_image","twitter_misc":{"Est. reading time":"2 minutes"},"schema":{"@context":"https:\/\/schema.org","@graph":[{"@type":"WebPage","@id":"https:\/\/ayuntamientotenangodedoria.gob.mx\/index.php\/informacion-presupuestaria-2021\/","url":"https:\/\/ayuntamientotenangodedoria.gob.mx\/index.php\/informacion-presupuestaria-2021\/","name":"INFORMACION PRESUPUESTARIA 2021 -","isPartOf":{"@id":"https:\/\/ayuntamientotenangodedoria.gob.mx\/#website"},"primaryImageOfPage":{"@id":"https:\/\/ayuntamientotenangodedoria.gob.mx\/index.php\/informacion-presupuestaria-2021\/#primaryimage"},"image":{"@id":"https:\/\/ayuntamientotenangodedoria.gob.mx\/index.php\/informacion-presupuestaria-2021\/#primaryimage"},"thumbnailUrl":"https:\/\/upload.wikimedia.org\/wikipedia\/commons\/thumb\/8\/87\/PDF_file_icon.svg\/833px-PDF_file_icon.svg.png","datePublished":"2025-11-06T19:33:44+00:00","dateModified":"2025-11-06T20:02:51+00:00","breadcrumb":{"@id":"https:\/\/ayuntamientotenangodedoria.gob.mx\/index.php\/informacion-presupuestaria-2021\/#breadcrumb"},"inLanguage":"en-US","potentialAction":[{"@type":"ReadAction","target":["https:\/\/ayuntamientotenangodedoria.gob.mx\/index.php\/informacion-presupuestaria-2021\/"]}]},{"@type":"ImageObject","inLanguage":"en-US","@id":"https:\/\/ayuntamientotenangodedoria.gob.mx\/index.php\/informacion-presupuestaria-2021\/#primaryimage","url":"https:\/\/upload.wikimedia.org\/wikipedia\/commons\/thumb\/8\/87\/PDF_file_icon.svg\/833px-PDF_file_icon.svg.png","contentUrl":"https:\/\/upload.wikimedia.org\/wikipedia\/commons\/thumb\/8\/87\/PDF_file_icon.svg\/833px-PDF_file_icon.svg.png"},{"@type":"BreadcrumbList","@id":"https:\/\/ayuntamientotenangodedoria.gob.mx\/index.php\/informacion-presupuestaria-2021\/#breadcrumb","itemListElement":[{"@type":"ListItem","position":1,"name":"Home","item":"https:\/\/ayuntamientotenangodedoria.gob.mx\/"},{"@type":"ListItem","position":2,"name":"INFORMACION PRESUPUESTARIA 2021"}]},{"@type":"WebSite","@id":"https:\/\/ayuntamientotenangodedoria.gob.mx\/#website","url":"https:\/\/ayuntamientotenangodedoria.gob.mx\/","name":"","description":"Transformando con Inclusi\u00f3n e Interculturalidad","potentialAction":[{"@type":"SearchAction","target":{"@type":"EntryPoint","urlTemplate":"https:\/\/ayuntamientotenangodedoria.gob.mx\/?s={search_term_string}"},"query-input":{"@type":"PropertyValueSpecification","valueRequired":true,"valueName":"search_term_string"}}],"inLanguage":"en-US"}]}},"_links":{"self":[{"href":"https:\/\/ayuntamientotenangodedoria.gob.mx\/index.php\/wp-json\/wp\/v2\/pages\/3376","targetHints":{"allow":["GET"]}}],"collection":[{"href":"https:\/\/ayuntamientotenangodedoria.gob.mx\/index.php\/wp-json\/wp\/v2\/pages"}],"about":[{"href":"https:\/\/ayuntamientotenangodedoria.gob.mx\/index.php\/wp-json\/wp\/v2\/types\/page"}],"author":[{"embeddable":true,"href":"https:\/\/ayuntamientotenangodedoria.gob.mx\/index.php\/wp-json\/wp\/v2\/users\/2"}],"replies":[{"embeddable":true,"href":"https:\/\/ayuntamientotenangodedoria.gob.mx\/index.php\/wp-json\/wp\/v2\/comments?post=3376"}],"version-history":[{"count":4,"href":"https:\/\/ayuntamientotenangodedoria.gob.mx\/index.php\/wp-json\/wp\/v2\/pages\/3376\/revisions"}],"predecessor-version":[{"id":3389,"href":"https:\/\/ayuntamientotenangodedoria.gob.mx\/index.php\/wp-json\/wp\/v2\/pages\/3376\/revisions\/3389"}],"wp:attachment":[{"href":"https:\/\/ayuntamientotenangodedoria.gob.mx\/index.php\/wp-json\/wp\/v2\/media?parent=3376"}],"curies":[{"name":"wp","href":"https:\/\/api.w.org\/{rel}","templated":true}]}}