{"id":3559,"date":"2025-11-12T22:08:16","date_gmt":"2025-11-12T22:08:16","guid":{"rendered":"https:\/\/ayuntamientotenangodedoria.gob.mx\/?page_id=3559"},"modified":"2025-11-12T22:21:20","modified_gmt":"2025-11-12T22:21:20","slug":"informacion-presupuestaria-2023","status":"publish","type":"page","link":"https:\/\/ayuntamientotenangodedoria.gob.mx\/index.php\/informacion-presupuestaria-2023\/","title":{"rendered":"INFORMACI\u00d3N PRESUPUESTARIA 2023"},"content":{"rendered":"\t\t<div data-elementor-type=\"wp-page\" data-elementor-id=\"3559\" class=\"elementor elementor-3559\">\n\t\t\t\t<div class=\"elementor-element elementor-element-f1183f2 e-flex e-con-boxed e-con e-parent\" data-id=\"f1183f2\" data-element_type=\"container\" data-e-type=\"container\">\n\t\t\t\t\t<div class=\"e-con-inner\">\n\t\t\t\t<div class=\"elementor-element elementor-element-f406914 elementor-widget elementor-widget-heading\" data-id=\"f406914\" data-element_type=\"widget\" data-e-type=\"widget\" data-widget_type=\"heading.default\">\n\t\t\t\t<div class=\"elementor-widget-container\">\n\t\t\t\t\t<h2 class=\"elementor-heading-title elementor-size-default\">INFORMACI\u00d3N PRESUPUESTARIA 2023<\/h2>\t\t\t\t<\/div>\n\t\t\t\t<\/div>\n\t\t\t\t<div class=\"elementor-element elementor-element-0300340 elementor-widget elementor-widget-text-editor\" data-id=\"0300340\" data-element_type=\"widget\" data-e-type=\"widget\" data-widget_type=\"text-editor.default\">\n\t\t\t\t<div class=\"elementor-widget-container\">\n\t\t\t\t\t\t\t\t\t<h4 style=\"text-align: center;\"><span dir=\"auto\" style=\"color: #800000;\">Estos documentos sirven como una herramienta de planificaci\u00f3n y gesti\u00f3n financiera, permitiendo a la administraci\u00f3n municipal asignar recursos, priorizar necesidades y cumplir con sus funciones.<\/span><span class=\"pjBG2e\" data-cid=\"4d3ef62e-5148-4c25-ae27-c6701fba4a17\"><span class=\"UV3uM\">\u00a0<\/span><\/span><\/h4>\t\t\t\t\t\t\t\t<\/div>\n\t\t\t\t<\/div>\n\t\t\t\t<div class=\"elementor-element elementor-element-40ba063 elementor-widget elementor-widget-text-editor\" data-id=\"40ba063\" data-element_type=\"widget\" data-e-type=\"widget\" data-widget_type=\"text-editor.default\">\n\t\t\t\t<div class=\"elementor-widget-container\">\n\t\t\t\t\t\t\t\t\t<table class=\"has-fixed-layout\"><tbody><tr><td class=\"has-text-align-center\" data-align=\"center\"><h4 style=\"text-align: center;\"><span style=\"color: #0000ff;\"><strong><span dir=\"auto\">Documento<\/span><\/strong><\/span><\/h4><\/td><td class=\"has-text-align-center\" data-align=\"center\"><h4 style=\"text-align: center;\"><span style=\"color: #0000ff;\"><strong><span dir=\"auto\">Descargar<\/span><\/strong><\/span><\/h4><\/td><\/tr><tr><td class=\"has-text-align-center\" data-align=\"center\"><h5 style=\"text-align: center;\"><span dir=\"auto\" style=\"color: #800000;\">Anal\u00edtico Mensual de Egresos Pagado por Fuente<\/span><\/h5><\/td><td class=\"has-text-align-center\" data-align=\"center\"><a href=\"https:\/\/ayuntamientotenangodedoria.gob.mx\/wp-content\/uploads\/2025\/11\/AMEPFF_TED_CP_2023.pdf\" target=\"_blank\" rel=\"noopener\"><img decoding=\"async\" class=\"aligncenter\" src=\"https:\/\/upload.wikimedia.org\/wikipedia\/commons\/thumb\/8\/87\/PDF_file_icon.svg\/833px-PDF_file_icon.svg.png\" alt=\"File:PDF file icon.svg - Wikimedia Commons\" width=\"61\" height=\"76\" \/><\/a><a href=\"https:\/\/ayuntamientotenangodedoria.gob.mx\/wp-content\/uploads\/2025\/11\/AMEPFF_TED_CP_2023.xls\" target=\"_blank\" rel=\"noopener\"><img decoding=\"async\" class=\"aligncenter\" src=\"https:\/\/png.pngtree.com\/png-vector\/20230412\/ourmid\/pngtree-xls-file-vector-png-image_6702219.png\" alt=\"Excel Icon PNG, Vector, PSD, and Clipart With Transparent Background for  Free Download | Pngtree\" width=\"93\" height=\"93\" \/><\/a><\/td><\/tr><tr><td class=\"has-text-align-center\" data-align=\"center\"><h5 style=\"text-align: center;\"><span dir=\"auto\">Estado Anal\u00edtico del Ejercicio de Presupuesto<\/span><\/h5><h5 style=\"text-align: center;\"><span dir=\"auto\"> por Fuente de Financiamiento<\/span><\/h5><\/td><td class=\"has-text-align-center\" data-align=\"center\"><a href=\"https:\/\/ayuntamientotenangodedoria.gob.mx\/wp-content\/uploads\/2025\/11\/EAEPFF_TED_CP_2023.pdf\"><img decoding=\"async\" class=\"aligncenter\" src=\"https:\/\/upload.wikimedia.org\/wikipedia\/commons\/thumb\/8\/87\/PDF_file_icon.svg\/833px-PDF_file_icon.svg.png\" alt=\"File:PDF file icon.svg - Wikimedia Commons\" width=\"61\" height=\"76\" \/><\/a><a href=\"https:\/\/ayuntamientotenangodedoria.gob.mx\/wp-content\/uploads\/2025\/11\/EAEPFF_TED_CP_2023.xls\"><img decoding=\"async\" class=\"aligncenter\" src=\"https:\/\/png.pngtree.com\/png-vector\/20230412\/ourmid\/pngtree-xls-file-vector-png-image_6702219.png\" alt=\"Excel Icon PNG, Vector, PSD, and Clipart With Transparent Background for  Free Download | Pngtree\" width=\"93\" height=\"93\" \/><\/a><\/td><\/tr><tr><td class=\"has-text-align-center\" data-align=\"center\"><h5 style=\"text-align: center;\"><span dir=\"auto\" style=\"color: #800000;\">Estado Anal\u00edtico de Ingresos (Rubro, Tipo , Clase)<\/span><\/h5><\/td><td class=\"has-text-align-center\" data-align=\"center\"><a href=\"https:\/\/ayuntamientotenangodedoria.gob.mx\/wp-content\/uploads\/2025\/11\/EAIP_TED_CP_2023.pdf\"><img decoding=\"async\" class=\"aligncenter\" src=\"https:\/\/upload.wikimedia.org\/wikipedia\/commons\/thumb\/8\/87\/PDF_file_icon.svg\/833px-PDF_file_icon.svg.png\" alt=\"File:PDF file icon.svg - Wikimedia Commons\" width=\"61\" height=\"76\" \/><\/a><a href=\"https:\/\/ayuntamientotenangodedoria.gob.mx\/wp-content\/uploads\/2025\/11\/EAIP_TED_CP_2023.xls\"><img decoding=\"async\" class=\"aligncenter\" src=\"https:\/\/png.pngtree.com\/png-vector\/20230412\/ourmid\/pngtree-xls-file-vector-png-image_6702219.png\" alt=\"Excel Icon PNG, Vector, PSD, and Clipart With Transparent Background for  Free Download | Pngtree\" width=\"93\" height=\"93\" \/><\/a><\/td><\/tr><tr><td class=\"has-text-align-center\" data-align=\"center\"><h5 style=\"text-align: center;\"><span dir=\"auto\">Estado Anal\u00edtico de Ingresos (Rubro, Tipo, Clase y Concepto)<\/span><\/h5><\/td><td class=\"has-text-align-center\" data-align=\"center\"><a href=\"https:\/\/ayuntamientotenangodedoria.gob.mx\/wp-content\/uploads\/2025\/11\/EAI_TED_CP_2023.pdf\"><img decoding=\"async\" class=\"aligncenter\" src=\"https:\/\/upload.wikimedia.org\/wikipedia\/commons\/thumb\/8\/87\/PDF_file_icon.svg\/833px-PDF_file_icon.svg.png\" alt=\"File:PDF file icon.svg - Wikimedia Commons\" width=\"61\" height=\"76\" \/><\/a><a href=\"https:\/\/ayuntamientotenangodedoria.gob.mx\/wp-content\/uploads\/2025\/11\/EAI_TED_CP_2023.xls\"><img decoding=\"async\" class=\"aligncenter\" src=\"https:\/\/png.pngtree.com\/png-vector\/20230412\/ourmid\/pngtree-xls-file-vector-png-image_6702219.png\" alt=\"Excel Icon PNG, Vector, PSD, and Clipart With Transparent Background for  Free Download | Pngtree\" width=\"93\" height=\"93\" \/><\/a><\/td><\/tr><tr><td class=\"has-text-align-center\" data-align=\"center\"><h5 style=\"text-align: center;\"><span dir=\"auto\" style=\"color: #800000;\">Estado Anal\u00edtico del Presupuesto de <\/span><\/h5><h5 style=\"text-align: center;\"><span dir=\"auto\" style=\"color: #800000;\">Ingresos de Base Mensual<\/span><\/h5><\/td><td class=\"has-text-align-center\" data-align=\"center\"><a href=\"https:\/\/ayuntamientotenangodedoria.gob.mx\/wp-content\/uploads\/2025\/11\/EAMI_TED_CP_2023.pdf\" target=\"_blank\" rel=\"noopener\"><img decoding=\"async\" class=\"aligncenter\" src=\"https:\/\/upload.wikimedia.org\/wikipedia\/commons\/thumb\/8\/87\/PDF_file_icon.svg\/833px-PDF_file_icon.svg.png\" alt=\"File:PDF file icon.svg - Wikimedia Commons\" width=\"61\" height=\"76\" \/><\/a><a href=\"https:\/\/ayuntamientotenangodedoria.gob.mx\/wp-content\/uploads\/2025\/11\/EAMI_TED_CP_2023.xls\"><img decoding=\"async\" class=\"aligncenter\" src=\"https:\/\/png.pngtree.com\/png-vector\/20230412\/ourmid\/pngtree-xls-file-vector-png-image_6702219.png\" alt=\"Excel Icon PNG, Vector, PSD, and Clipart With Transparent Background for  Free Download | Pngtree\" width=\"93\" height=\"93\" \/><\/a><\/td><\/tr><\/tbody><\/table>\t\t\t\t\t\t\t\t<\/div>\n\t\t\t\t<\/div>\n\t\t\t\t\t<\/div>\n\t\t\t\t<\/div>\n\t\t\t\t<\/div>\n\t\t","protected":false},"excerpt":{"rendered":"<p>INFORMACI\u00d3N PRESUPUESTARIA 2023 Estos documentos sirven como una herramienta de planificaci\u00f3n y gesti\u00f3n financiera, permitiendo a la administraci\u00f3n municipal asignar recursos, priorizar necesidades y cumplir con sus funciones.\u00a0 Documento Descargar&hellip;<\/p>\n","protected":false},"author":2,"featured_media":0,"parent":0,"menu_order":0,"comment_status":"closed","ping_status":"closed","template":"","meta":{"footnotes":""},"class_list":["post-3559","page","type-page","status-publish","hentry"],"yoast_head":"<!-- This site is optimized with the Yoast SEO plugin v27.2 - https:\/\/yoast.com\/product\/yoast-seo-wordpress\/ -->\n<title>INFORMACI\u00d3N PRESUPUESTARIA 2023 -<\/title>\n<meta name=\"robots\" content=\"index, follow, max-snippet:-1, max-image-preview:large, max-video-preview:-1\" \/>\n<link rel=\"canonical\" href=\"https:\/\/ayuntamientotenangodedoria.gob.mx\/index.php\/informacion-presupuestaria-2023\/\" \/>\n<meta property=\"og:locale\" content=\"en_US\" \/>\n<meta property=\"og:type\" content=\"article\" \/>\n<meta property=\"og:title\" content=\"INFORMACI\u00d3N PRESUPUESTARIA 2023 -\" \/>\n<meta property=\"og:description\" content=\"INFORMACI\u00d3N PRESUPUESTARIA 2023 Estos documentos sirven como una herramienta de planificaci\u00f3n y gesti\u00f3n financiera, permitiendo a la administraci\u00f3n municipal asignar recursos, priorizar necesidades y cumplir con sus funciones.\u00a0 Documento Descargar&hellip;\" \/>\n<meta property=\"og:url\" content=\"https:\/\/ayuntamientotenangodedoria.gob.mx\/index.php\/informacion-presupuestaria-2023\/\" \/>\n<meta property=\"article:modified_time\" content=\"2025-11-12T22:21:20+00:00\" \/>\n<meta property=\"og:image\" content=\"https:\/\/upload.wikimedia.org\/wikipedia\/commons\/thumb\/8\/87\/PDF_file_icon.svg\/833px-PDF_file_icon.svg.png\" \/>\n<meta name=\"twitter:card\" content=\"summary_large_image\" \/>\n<meta name=\"twitter:label1\" content=\"Est. reading time\" \/>\n\t<meta name=\"twitter:data1\" content=\"3 minutes\" \/>\n<script type=\"application\/ld+json\" class=\"yoast-schema-graph\">{\"@context\":\"https:\/\/schema.org\",\"@graph\":[{\"@type\":\"WebPage\",\"@id\":\"https:\/\/ayuntamientotenangodedoria.gob.mx\/index.php\/informacion-presupuestaria-2023\/\",\"url\":\"https:\/\/ayuntamientotenangodedoria.gob.mx\/index.php\/informacion-presupuestaria-2023\/\",\"name\":\"INFORMACI\u00d3N PRESUPUESTARIA 2023 -\",\"isPartOf\":{\"@id\":\"https:\/\/ayuntamientotenangodedoria.gob.mx\/#website\"},\"primaryImageOfPage\":{\"@id\":\"https:\/\/ayuntamientotenangodedoria.gob.mx\/index.php\/informacion-presupuestaria-2023\/#primaryimage\"},\"image\":{\"@id\":\"https:\/\/ayuntamientotenangodedoria.gob.mx\/index.php\/informacion-presupuestaria-2023\/#primaryimage\"},\"thumbnailUrl\":\"https:\/\/upload.wikimedia.org\/wikipedia\/commons\/thumb\/8\/87\/PDF_file_icon.svg\/833px-PDF_file_icon.svg.png\",\"datePublished\":\"2025-11-12T22:08:16+00:00\",\"dateModified\":\"2025-11-12T22:21:20+00:00\",\"breadcrumb\":{\"@id\":\"https:\/\/ayuntamientotenangodedoria.gob.mx\/index.php\/informacion-presupuestaria-2023\/#breadcrumb\"},\"inLanguage\":\"en-US\",\"potentialAction\":[{\"@type\":\"ReadAction\",\"target\":[\"https:\/\/ayuntamientotenangodedoria.gob.mx\/index.php\/informacion-presupuestaria-2023\/\"]}]},{\"@type\":\"ImageObject\",\"inLanguage\":\"en-US\",\"@id\":\"https:\/\/ayuntamientotenangodedoria.gob.mx\/index.php\/informacion-presupuestaria-2023\/#primaryimage\",\"url\":\"https:\/\/upload.wikimedia.org\/wikipedia\/commons\/thumb\/8\/87\/PDF_file_icon.svg\/833px-PDF_file_icon.svg.png\",\"contentUrl\":\"https:\/\/upload.wikimedia.org\/wikipedia\/commons\/thumb\/8\/87\/PDF_file_icon.svg\/833px-PDF_file_icon.svg.png\"},{\"@type\":\"BreadcrumbList\",\"@id\":\"https:\/\/ayuntamientotenangodedoria.gob.mx\/index.php\/informacion-presupuestaria-2023\/#breadcrumb\",\"itemListElement\":[{\"@type\":\"ListItem\",\"position\":1,\"name\":\"Home\",\"item\":\"https:\/\/ayuntamientotenangodedoria.gob.mx\/\"},{\"@type\":\"ListItem\",\"position\":2,\"name\":\"INFORMACI\u00d3N PRESUPUESTARIA 2023\"}]},{\"@type\":\"WebSite\",\"@id\":\"https:\/\/ayuntamientotenangodedoria.gob.mx\/#website\",\"url\":\"https:\/\/ayuntamientotenangodedoria.gob.mx\/\",\"name\":\"\",\"description\":\"Transformando con Inclusi\u00f3n e Interculturalidad\",\"potentialAction\":[{\"@type\":\"SearchAction\",\"target\":{\"@type\":\"EntryPoint\",\"urlTemplate\":\"https:\/\/ayuntamientotenangodedoria.gob.mx\/?s={search_term_string}\"},\"query-input\":{\"@type\":\"PropertyValueSpecification\",\"valueRequired\":true,\"valueName\":\"search_term_string\"}}],\"inLanguage\":\"en-US\"}]}<\/script>\n<!-- \/ Yoast SEO plugin. -->","yoast_head_json":{"title":"INFORMACI\u00d3N PRESUPUESTARIA 2023 -","robots":{"index":"index","follow":"follow","max-snippet":"max-snippet:-1","max-image-preview":"max-image-preview:large","max-video-preview":"max-video-preview:-1"},"canonical":"https:\/\/ayuntamientotenangodedoria.gob.mx\/index.php\/informacion-presupuestaria-2023\/","og_locale":"en_US","og_type":"article","og_title":"INFORMACI\u00d3N PRESUPUESTARIA 2023 -","og_description":"INFORMACI\u00d3N PRESUPUESTARIA 2023 Estos documentos sirven como una herramienta de planificaci\u00f3n y gesti\u00f3n financiera, permitiendo a la administraci\u00f3n municipal asignar recursos, priorizar necesidades y cumplir con sus funciones.\u00a0 Documento Descargar&hellip;","og_url":"https:\/\/ayuntamientotenangodedoria.gob.mx\/index.php\/informacion-presupuestaria-2023\/","article_modified_time":"2025-11-12T22:21:20+00:00","og_image":[{"url":"https:\/\/upload.wikimedia.org\/wikipedia\/commons\/thumb\/8\/87\/PDF_file_icon.svg\/833px-PDF_file_icon.svg.png","type":"","width":"","height":""}],"twitter_card":"summary_large_image","twitter_misc":{"Est. reading time":"3 minutes"},"schema":{"@context":"https:\/\/schema.org","@graph":[{"@type":"WebPage","@id":"https:\/\/ayuntamientotenangodedoria.gob.mx\/index.php\/informacion-presupuestaria-2023\/","url":"https:\/\/ayuntamientotenangodedoria.gob.mx\/index.php\/informacion-presupuestaria-2023\/","name":"INFORMACI\u00d3N PRESUPUESTARIA 2023 -","isPartOf":{"@id":"https:\/\/ayuntamientotenangodedoria.gob.mx\/#website"},"primaryImageOfPage":{"@id":"https:\/\/ayuntamientotenangodedoria.gob.mx\/index.php\/informacion-presupuestaria-2023\/#primaryimage"},"image":{"@id":"https:\/\/ayuntamientotenangodedoria.gob.mx\/index.php\/informacion-presupuestaria-2023\/#primaryimage"},"thumbnailUrl":"https:\/\/upload.wikimedia.org\/wikipedia\/commons\/thumb\/8\/87\/PDF_file_icon.svg\/833px-PDF_file_icon.svg.png","datePublished":"2025-11-12T22:08:16+00:00","dateModified":"2025-11-12T22:21:20+00:00","breadcrumb":{"@id":"https:\/\/ayuntamientotenangodedoria.gob.mx\/index.php\/informacion-presupuestaria-2023\/#breadcrumb"},"inLanguage":"en-US","potentialAction":[{"@type":"ReadAction","target":["https:\/\/ayuntamientotenangodedoria.gob.mx\/index.php\/informacion-presupuestaria-2023\/"]}]},{"@type":"ImageObject","inLanguage":"en-US","@id":"https:\/\/ayuntamientotenangodedoria.gob.mx\/index.php\/informacion-presupuestaria-2023\/#primaryimage","url":"https:\/\/upload.wikimedia.org\/wikipedia\/commons\/thumb\/8\/87\/PDF_file_icon.svg\/833px-PDF_file_icon.svg.png","contentUrl":"https:\/\/upload.wikimedia.org\/wikipedia\/commons\/thumb\/8\/87\/PDF_file_icon.svg\/833px-PDF_file_icon.svg.png"},{"@type":"BreadcrumbList","@id":"https:\/\/ayuntamientotenangodedoria.gob.mx\/index.php\/informacion-presupuestaria-2023\/#breadcrumb","itemListElement":[{"@type":"ListItem","position":1,"name":"Home","item":"https:\/\/ayuntamientotenangodedoria.gob.mx\/"},{"@type":"ListItem","position":2,"name":"INFORMACI\u00d3N PRESUPUESTARIA 2023"}]},{"@type":"WebSite","@id":"https:\/\/ayuntamientotenangodedoria.gob.mx\/#website","url":"https:\/\/ayuntamientotenangodedoria.gob.mx\/","name":"","description":"Transformando con Inclusi\u00f3n e Interculturalidad","potentialAction":[{"@type":"SearchAction","target":{"@type":"EntryPoint","urlTemplate":"https:\/\/ayuntamientotenangodedoria.gob.mx\/?s={search_term_string}"},"query-input":{"@type":"PropertyValueSpecification","valueRequired":true,"valueName":"search_term_string"}}],"inLanguage":"en-US"}]}},"_links":{"self":[{"href":"https:\/\/ayuntamientotenangodedoria.gob.mx\/index.php\/wp-json\/wp\/v2\/pages\/3559","targetHints":{"allow":["GET"]}}],"collection":[{"href":"https:\/\/ayuntamientotenangodedoria.gob.mx\/index.php\/wp-json\/wp\/v2\/pages"}],"about":[{"href":"https:\/\/ayuntamientotenangodedoria.gob.mx\/index.php\/wp-json\/wp\/v2\/types\/page"}],"author":[{"embeddable":true,"href":"https:\/\/ayuntamientotenangodedoria.gob.mx\/index.php\/wp-json\/wp\/v2\/users\/2"}],"replies":[{"embeddable":true,"href":"https:\/\/ayuntamientotenangodedoria.gob.mx\/index.php\/wp-json\/wp\/v2\/comments?post=3559"}],"version-history":[{"count":7,"href":"https:\/\/ayuntamientotenangodedoria.gob.mx\/index.php\/wp-json\/wp\/v2\/pages\/3559\/revisions"}],"predecessor-version":[{"id":3580,"href":"https:\/\/ayuntamientotenangodedoria.gob.mx\/index.php\/wp-json\/wp\/v2\/pages\/3559\/revisions\/3580"}],"wp:attachment":[{"href":"https:\/\/ayuntamientotenangodedoria.gob.mx\/index.php\/wp-json\/wp\/v2\/media?parent=3559"}],"curies":[{"name":"wp","href":"https:\/\/api.w.org\/{rel}","templated":true}]}}