{"id":3811,"date":"2025-11-18T21:42:36","date_gmt":"2025-11-18T21:42:36","guid":{"rendered":"https:\/\/ayuntamientotenangodedoria.gob.mx\/?page_id=3811"},"modified":"2026-01-09T19:08:07","modified_gmt":"2026-01-09T19:08:07","slug":"disciplina-financiera-2-2025","status":"publish","type":"page","link":"https:\/\/ayuntamientotenangodedoria.gob.mx\/index.php\/disciplina-financiera-2-2025\/","title":{"rendered":"DISCIPLINA FINANCIERA 2 &#8211; 2025"},"content":{"rendered":"\t\t<div data-elementor-type=\"wp-page\" data-elementor-id=\"3811\" class=\"elementor elementor-3811\">\n\t\t\t\t<div class=\"elementor-element elementor-element-a10e12a e-flex e-con-boxed e-con e-parent\" data-id=\"a10e12a\" data-element_type=\"container\" data-e-type=\"container\">\n\t\t\t\t\t<div class=\"e-con-inner\">\n\t\t\t\t<div class=\"elementor-element elementor-element-b90e3f3 elementor-widget elementor-widget-heading\" data-id=\"b90e3f3\" data-element_type=\"widget\" data-e-type=\"widget\" data-widget_type=\"heading.default\">\n\t\t\t\t<div class=\"elementor-widget-container\">\n\t\t\t\t\t<h2 class=\"elementor-heading-title elementor-size-default\">DISCIPLINA FINANCIERA 2025<\/h2>\t\t\t\t<\/div>\n\t\t\t\t<\/div>\n\t\t\t\t<div class=\"elementor-element elementor-element-44685cb elementor-widget elementor-widget-text-editor\" data-id=\"44685cb\" data-element_type=\"widget\" data-e-type=\"widget\" data-widget_type=\"text-editor.default\">\n\t\t\t\t<div class=\"elementor-widget-container\">\n\t\t\t\t\t\t\t\t\t<h3 style=\"text-align: center;\">PRIMER TRIMESTRE 2025<\/h3>\t\t\t\t\t\t\t\t<\/div>\n\t\t\t\t<\/div>\n\t\t\t\t<div class=\"elementor-element elementor-element-6943972 elementor-widget elementor-widget-text-editor\" data-id=\"6943972\" data-element_type=\"widget\" data-e-type=\"widget\" data-widget_type=\"text-editor.default\">\n\t\t\t\t<div class=\"elementor-widget-container\">\n\t\t\t\t\t\t\t\t\t<table class=\"has-fixed-layout\"><tbody><tr><td class=\"has-text-align-center\" data-align=\"center\"><h5 style=\"text-align: center;\"><span style=\"color: #000080;\"><strong>Documento<\/strong><\/span><\/h5><\/td><td class=\"has-text-align-center\" data-align=\"center\"><h5 style=\"text-align: center;\"><span style=\"color: #000080;\"><strong>\u00a0Descargar<\/strong><\/span><\/h5><\/td><\/tr><tr><td class=\"has-text-align-center\" data-align=\"center\"><h5 style=\"text-align: center;\"><span style=\"color: #800000;\">Saldo Presupuestario\u00a0<\/span><\/h5><\/td><td class=\"has-text-align-center\" data-align=\"center\"><h5><a href=\"https:\/\/ayuntamientotenangodedoria.gob.mx\/wp-content\/uploads\/2025\/11\/BP_TED_01_2025.xlsx\"><img decoding=\"async\" class=\"aligncenter\" src=\"https:\/\/cdn3d.iconscout.com\/3d\/premium\/thumb\/descarga-xls-6880623-5640123.png\" alt=\"Recursos de Dise\u00f1o de Descargar Hoja Excel - Gratis en SVG, PNG, BLEND, GIF | iconoscout\" width=\"84\" height=\"84\" \/><\/a><\/h5><\/td><\/tr><tr><td class=\"has-text-align-center\" data-align=\"center\"><h5 style=\"text-align: center;\">Estado Anal\u00edtico de Ingresos Detallados<\/h5><\/td><td class=\"has-text-align-center\" data-align=\"center\"><h5><a href=\"https:\/\/ayuntamientotenangodedoria.gob.mx\/wp-content\/uploads\/2025\/11\/EAID_TED_01_2025.xlsx\"><img decoding=\"async\" class=\"aligncenter\" src=\"https:\/\/cdn3d.iconscout.com\/3d\/premium\/thumb\/descarga-xls-6880623-5640123.png\" alt=\"Recursos de Dise\u00f1o de Descargar Hoja Excel - Gratis en SVG, PNG, BLEND, GIF | iconoscout\" width=\"84\" height=\"84\" \/><\/a><\/h5><\/td><\/tr><tr><td class=\"has-text-align-center\" data-align=\"center\"><h5 style=\"text-align: center;\"><span style=\"color: #800000;\">Estado de Situaci\u00f3n Financiera Detallado<\/span><\/h5><\/td><td class=\"has-text-align-center\" data-align=\"center\"><h5><a href=\"https:\/\/ayuntamientotenangodedoria.gob.mx\/wp-content\/uploads\/2025\/11\/ESFD_TED_01_2025.xlsx\"><img decoding=\"async\" class=\"aligncenter\" src=\"https:\/\/cdn3d.iconscout.com\/3d\/premium\/thumb\/descarga-xls-6880623-5640123.png\" alt=\"Recursos de Dise\u00f1o de Descargar Hoja Excel - Gratis en SVG, PNG, BLEND, GIF | iconoscout\" width=\"84\" height=\"84\" \/><\/a><\/h5><\/td><\/tr><tr><td class=\"has-text-align-center\" data-align=\"center\"><h5 style=\"text-align: center;\"><span style=\"color: #000000;\">Formato 2 Informe Anal\u00edtico de Deuda y Otros Pasivos<\/span><\/h5><\/td><td class=\"has-text-align-center\" data-align=\"center\"><h5><a href=\"https:\/\/ayuntamientotenangodedoria.gob.mx\/wp-content\/uploads\/2025\/11\/IADPOP_TED_01_2025.xlsx\"><img decoding=\"async\" class=\"aligncenter\" src=\"https:\/\/cdn3d.iconscout.com\/3d\/premium\/thumb\/descarga-xls-6880623-5640123.png\" alt=\"Recursos de Dise\u00f1o de Descargar Hoja Excel - Gratis en SVG, PNG, BLEND, GIF | iconoscout\" width=\"84\" height=\"84\" \/><\/a><\/h5><\/td><\/tr><tr><td class=\"has-text-align-center\" data-align=\"center\"><h5 style=\"text-align: center;\"><span style=\"color: #800000;\">Formato 3 Informe Anal\u00edtico de Obligaciones Diferentes de Financiamientos<\/span><\/h5><\/td><td class=\"has-text-align-center\" data-align=\"center\"><h5><a href=\"https:\/\/ayuntamientotenangodedoria.gob.mx\/wp-content\/uploads\/2025\/11\/IAODF_TED_01_2025.xlsx\"><img decoding=\"async\" class=\"aligncenter\" src=\"https:\/\/cdn3d.iconscout.com\/3d\/premium\/thumb\/descarga-xls-6880623-5640123.png\" alt=\"Recursos de Dise\u00f1o de Descargar Hoja Excel - Gratis en SVG, PNG, BLEND, GIF | iconoscout\" width=\"84\" height=\"84\" \/><\/a><\/h5><\/td><\/tr><tr><td class=\"has-text-align-center\" data-align=\"center\"><h5 style=\"text-align: center;\">Informaci\u00f3n Detallada de Cada Financiamiento<\/h5><h5 style=\"text-align: center;\">u Obligaciones Contra\u00eddas<\/h5><\/td><td class=\"has-text-align-center\" data-align=\"center\"><h5><a href=\"https:\/\/ayuntamientotenangodedoria.gob.mx\/wp-content\/uploads\/2025\/11\/IDFOC_TED_01_2025.xlsx\"><img decoding=\"async\" class=\"aligncenter\" src=\"https:\/\/cdn3d.iconscout.com\/3d\/premium\/thumb\/descarga-xls-6880623-5640123.png\" alt=\"Recursos de Dise\u00f1o de Descargar Hoja Excel - Gratis en SVG, PNG, BLEND, GIF | iconoscout\" width=\"84\" height=\"84\" \/><\/a><\/h5><\/td><\/tr><tr><td class=\"has-text-align-center\" data-align=\"center\"><h5 style=\"text-align: center;\"><span style=\"color: #800000;\">Formato 6 a) Estado Anal\u00edtico del Ejercicio del Presupuesto de Egresos Detallado \u2013 LDF Clasificaci\u00f3n por Objeto del Gasto (Capitulo y Concepto)<\/span><\/h5><\/td><td class=\"has-text-align-center\" data-align=\"center\"><h5><a href=\"https:\/\/ayuntamientotenangodedoria.gob.mx\/wp-content\/uploads\/2025\/11\/PEDCOG_TED_01_2025.xlsx\"><img decoding=\"async\" class=\"aligncenter\" src=\"https:\/\/cdn3d.iconscout.com\/3d\/premium\/thumb\/descarga-xls-6880623-5640123.png\" alt=\"Recursos de Dise\u00f1o de Descargar Hoja Excel - Gratis en SVG, PNG, BLEND, GIF | iconoscout\" width=\"84\" height=\"84\" \/><\/a><\/h5><\/td><\/tr><tr><td class=\"has-text-align-center\" data-align=\"center\"><h5 style=\"text-align: center;\">Formato 6 b) Estado Anal\u00edtico del Ejercicio del Presupuesto de Egreso Detallado \u2013 LDF (Clasificaci\u00f3n Administrativa)\u00a0<\/h5><\/td><td class=\"has-text-align-center\" data-align=\"center\"><h5><a href=\"https:\/\/ayuntamientotenangodedoria.gob.mx\/wp-content\/uploads\/2025\/11\/PEDCA_TED_01_2025.xlsx\"><img decoding=\"async\" class=\"aligncenter\" src=\"https:\/\/cdn3d.iconscout.com\/3d\/premium\/thumb\/descarga-xls-6880623-5640123.png\" alt=\"Recursos de Dise\u00f1o de Descargar Hoja Excel - Gratis en SVG, PNG, BLEND, GIF | iconoscout\" width=\"84\" height=\"84\" \/><\/a><\/h5><\/td><\/tr><tr><td class=\"has-text-align-center\" data-align=\"center\"><h5>\u00a0<\/h5><div><h5 style=\"text-align: center;\"><span style=\"color: #800000;\">Formato 6 c) Estado Anal\u00edtico del Ejercicio del Presupuesto de Egresos Detallado -LDF Clasificaci\u00f3n Funcional (Finalidad y Funci\u00f3n)<\/span><\/h5><\/div><\/td><td class=\"has-text-align-center\" data-align=\"center\"><h5><a href=\"https:\/\/ayuntamientotenangodedoria.gob.mx\/wp-content\/uploads\/2025\/11\/PEDCF_TED_01_2025.xlsx\"><img decoding=\"async\" class=\"aligncenter\" src=\"https:\/\/cdn3d.iconscout.com\/3d\/premium\/thumb\/descarga-xls-6880623-5640123.png\" alt=\"Recursos de Dise\u00f1o de Descargar Hoja Excel - Gratis en SVG, PNG, BLEND, GIF | iconoscout\" width=\"84\" height=\"84\" \/><\/a><\/h5><\/td><\/tr><tr><td class=\"has-text-align-center\" data-align=\"center\"><h5 style=\"text-align: center;\">Formato 6 d) Estado Anal\u00edtico del Ejercicio del Presupuesto de Egresos Detallado \u2013 LDF (Clasificaci\u00f3n de Servicios Personales por Categor\u00eda)<\/h5><\/td><td class=\"has-text-align-center\" data-align=\"center\"><h5><a href=\"https:\/\/ayuntamientotenangodedoria.gob.mx\/wp-content\/uploads\/2025\/08\/PEDSP_TED_02_2025.xlsx\"><img decoding=\"async\" class=\"aligncenter\" src=\"https:\/\/cdn3d.iconscout.com\/3d\/premium\/thumb\/descarga-xls-6880623-5640123.png\" alt=\"Recursos de Dise\u00f1o de Descargar Hoja Excel - Gratis en SVG, PNG, BLEND, GIF | iconoscout\" width=\"84\" height=\"84\" \/><\/a><\/h5><\/td><\/tr><\/tbody><\/table>\t\t\t\t\t\t\t\t<\/div>\n\t\t\t\t<\/div>\n\t\t\t\t\t<\/div>\n\t\t\t\t<\/div>\n\t\t\t\t<\/div>\n\t\t","protected":false},"excerpt":{"rendered":"<p>DISCIPLINA FINANCIERA 2025 PRIMER TRIMESTRE 2025 Documento \u00a0Descargar Saldo Presupuestario\u00a0 Estado Anal\u00edtico de Ingresos Detallados Estado de Situaci\u00f3n Financiera Detallado Formato 2 Informe Anal\u00edtico de Deuda y Otros Pasivos Formato&hellip;<\/p>\n","protected":false},"author":2,"featured_media":0,"parent":0,"menu_order":0,"comment_status":"closed","ping_status":"closed","template":"","meta":{"footnotes":""},"class_list":["post-3811","page","type-page","status-publish","hentry"],"yoast_head":"<!-- This site is optimized with the Yoast SEO plugin v27.2 - https:\/\/yoast.com\/product\/yoast-seo-wordpress\/ -->\n<title>DISCIPLINA FINANCIERA 2 - 2025 -<\/title>\n<meta name=\"robots\" content=\"index, follow, max-snippet:-1, max-image-preview:large, max-video-preview:-1\" \/>\n<link rel=\"canonical\" href=\"https:\/\/ayuntamientotenangodedoria.gob.mx\/index.php\/disciplina-financiera-2-2025\/\" \/>\n<meta property=\"og:locale\" content=\"en_US\" \/>\n<meta property=\"og:type\" content=\"article\" \/>\n<meta property=\"og:title\" content=\"DISCIPLINA FINANCIERA 2 - 2025 -\" \/>\n<meta property=\"og:description\" content=\"DISCIPLINA FINANCIERA 2025 PRIMER TRIMESTRE 2025 Documento \u00a0Descargar Saldo Presupuestario\u00a0 Estado Anal\u00edtico de Ingresos Detallados Estado de Situaci\u00f3n Financiera Detallado Formato 2 Informe Anal\u00edtico de Deuda y Otros Pasivos Formato&hellip;\" \/>\n<meta property=\"og:url\" content=\"https:\/\/ayuntamientotenangodedoria.gob.mx\/index.php\/disciplina-financiera-2-2025\/\" \/>\n<meta property=\"article:modified_time\" content=\"2026-01-09T19:08:07+00:00\" \/>\n<meta property=\"og:image\" content=\"https:\/\/cdn3d.iconscout.com\/3d\/premium\/thumb\/descarga-xls-6880623-5640123.png\" \/>\n<meta name=\"twitter:card\" content=\"summary_large_image\" \/>\n<meta name=\"twitter:label1\" content=\"Est. reading time\" \/>\n\t<meta name=\"twitter:data1\" content=\"3 minutes\" \/>\n<script type=\"application\/ld+json\" class=\"yoast-schema-graph\">{\"@context\":\"https:\/\/schema.org\",\"@graph\":[{\"@type\":\"WebPage\",\"@id\":\"https:\/\/ayuntamientotenangodedoria.gob.mx\/index.php\/disciplina-financiera-2-2025\/\",\"url\":\"https:\/\/ayuntamientotenangodedoria.gob.mx\/index.php\/disciplina-financiera-2-2025\/\",\"name\":\"DISCIPLINA FINANCIERA 2 - 2025 -\",\"isPartOf\":{\"@id\":\"https:\/\/ayuntamientotenangodedoria.gob.mx\/#website\"},\"primaryImageOfPage\":{\"@id\":\"https:\/\/ayuntamientotenangodedoria.gob.mx\/index.php\/disciplina-financiera-2-2025\/#primaryimage\"},\"image\":{\"@id\":\"https:\/\/ayuntamientotenangodedoria.gob.mx\/index.php\/disciplina-financiera-2-2025\/#primaryimage\"},\"thumbnailUrl\":\"https:\/\/cdn3d.iconscout.com\/3d\/premium\/thumb\/descarga-xls-6880623-5640123.png\",\"datePublished\":\"2025-11-18T21:42:36+00:00\",\"dateModified\":\"2026-01-09T19:08:07+00:00\",\"breadcrumb\":{\"@id\":\"https:\/\/ayuntamientotenangodedoria.gob.mx\/index.php\/disciplina-financiera-2-2025\/#breadcrumb\"},\"inLanguage\":\"en-US\",\"potentialAction\":[{\"@type\":\"ReadAction\",\"target\":[\"https:\/\/ayuntamientotenangodedoria.gob.mx\/index.php\/disciplina-financiera-2-2025\/\"]}]},{\"@type\":\"ImageObject\",\"inLanguage\":\"en-US\",\"@id\":\"https:\/\/ayuntamientotenangodedoria.gob.mx\/index.php\/disciplina-financiera-2-2025\/#primaryimage\",\"url\":\"https:\/\/cdn3d.iconscout.com\/3d\/premium\/thumb\/descarga-xls-6880623-5640123.png\",\"contentUrl\":\"https:\/\/cdn3d.iconscout.com\/3d\/premium\/thumb\/descarga-xls-6880623-5640123.png\"},{\"@type\":\"BreadcrumbList\",\"@id\":\"https:\/\/ayuntamientotenangodedoria.gob.mx\/index.php\/disciplina-financiera-2-2025\/#breadcrumb\",\"itemListElement\":[{\"@type\":\"ListItem\",\"position\":1,\"name\":\"Home\",\"item\":\"https:\/\/ayuntamientotenangodedoria.gob.mx\/\"},{\"@type\":\"ListItem\",\"position\":2,\"name\":\"DISCIPLINA FINANCIERA 2 &#8211; 2025\"}]},{\"@type\":\"WebSite\",\"@id\":\"https:\/\/ayuntamientotenangodedoria.gob.mx\/#website\",\"url\":\"https:\/\/ayuntamientotenangodedoria.gob.mx\/\",\"name\":\"\",\"description\":\"Transformando con Inclusi\u00f3n e Interculturalidad\",\"potentialAction\":[{\"@type\":\"SearchAction\",\"target\":{\"@type\":\"EntryPoint\",\"urlTemplate\":\"https:\/\/ayuntamientotenangodedoria.gob.mx\/?s={search_term_string}\"},\"query-input\":{\"@type\":\"PropertyValueSpecification\",\"valueRequired\":true,\"valueName\":\"search_term_string\"}}],\"inLanguage\":\"en-US\"}]}<\/script>\n<!-- \/ Yoast SEO plugin. -->","yoast_head_json":{"title":"DISCIPLINA FINANCIERA 2 - 2025 -","robots":{"index":"index","follow":"follow","max-snippet":"max-snippet:-1","max-image-preview":"max-image-preview:large","max-video-preview":"max-video-preview:-1"},"canonical":"https:\/\/ayuntamientotenangodedoria.gob.mx\/index.php\/disciplina-financiera-2-2025\/","og_locale":"en_US","og_type":"article","og_title":"DISCIPLINA FINANCIERA 2 - 2025 -","og_description":"DISCIPLINA FINANCIERA 2025 PRIMER TRIMESTRE 2025 Documento \u00a0Descargar Saldo Presupuestario\u00a0 Estado Anal\u00edtico de Ingresos Detallados Estado de Situaci\u00f3n Financiera Detallado Formato 2 Informe Anal\u00edtico de Deuda y Otros Pasivos Formato&hellip;","og_url":"https:\/\/ayuntamientotenangodedoria.gob.mx\/index.php\/disciplina-financiera-2-2025\/","article_modified_time":"2026-01-09T19:08:07+00:00","og_image":[{"url":"https:\/\/cdn3d.iconscout.com\/3d\/premium\/thumb\/descarga-xls-6880623-5640123.png","type":"","width":"","height":""}],"twitter_card":"summary_large_image","twitter_misc":{"Est. reading time":"3 minutes"},"schema":{"@context":"https:\/\/schema.org","@graph":[{"@type":"WebPage","@id":"https:\/\/ayuntamientotenangodedoria.gob.mx\/index.php\/disciplina-financiera-2-2025\/","url":"https:\/\/ayuntamientotenangodedoria.gob.mx\/index.php\/disciplina-financiera-2-2025\/","name":"DISCIPLINA FINANCIERA 2 - 2025 -","isPartOf":{"@id":"https:\/\/ayuntamientotenangodedoria.gob.mx\/#website"},"primaryImageOfPage":{"@id":"https:\/\/ayuntamientotenangodedoria.gob.mx\/index.php\/disciplina-financiera-2-2025\/#primaryimage"},"image":{"@id":"https:\/\/ayuntamientotenangodedoria.gob.mx\/index.php\/disciplina-financiera-2-2025\/#primaryimage"},"thumbnailUrl":"https:\/\/cdn3d.iconscout.com\/3d\/premium\/thumb\/descarga-xls-6880623-5640123.png","datePublished":"2025-11-18T21:42:36+00:00","dateModified":"2026-01-09T19:08:07+00:00","breadcrumb":{"@id":"https:\/\/ayuntamientotenangodedoria.gob.mx\/index.php\/disciplina-financiera-2-2025\/#breadcrumb"},"inLanguage":"en-US","potentialAction":[{"@type":"ReadAction","target":["https:\/\/ayuntamientotenangodedoria.gob.mx\/index.php\/disciplina-financiera-2-2025\/"]}]},{"@type":"ImageObject","inLanguage":"en-US","@id":"https:\/\/ayuntamientotenangodedoria.gob.mx\/index.php\/disciplina-financiera-2-2025\/#primaryimage","url":"https:\/\/cdn3d.iconscout.com\/3d\/premium\/thumb\/descarga-xls-6880623-5640123.png","contentUrl":"https:\/\/cdn3d.iconscout.com\/3d\/premium\/thumb\/descarga-xls-6880623-5640123.png"},{"@type":"BreadcrumbList","@id":"https:\/\/ayuntamientotenangodedoria.gob.mx\/index.php\/disciplina-financiera-2-2025\/#breadcrumb","itemListElement":[{"@type":"ListItem","position":1,"name":"Home","item":"https:\/\/ayuntamientotenangodedoria.gob.mx\/"},{"@type":"ListItem","position":2,"name":"DISCIPLINA FINANCIERA 2 &#8211; 2025"}]},{"@type":"WebSite","@id":"https:\/\/ayuntamientotenangodedoria.gob.mx\/#website","url":"https:\/\/ayuntamientotenangodedoria.gob.mx\/","name":"","description":"Transformando con Inclusi\u00f3n e Interculturalidad","potentialAction":[{"@type":"SearchAction","target":{"@type":"EntryPoint","urlTemplate":"https:\/\/ayuntamientotenangodedoria.gob.mx\/?s={search_term_string}"},"query-input":{"@type":"PropertyValueSpecification","valueRequired":true,"valueName":"search_term_string"}}],"inLanguage":"en-US"}]}},"_links":{"self":[{"href":"https:\/\/ayuntamientotenangodedoria.gob.mx\/index.php\/wp-json\/wp\/v2\/pages\/3811","targetHints":{"allow":["GET"]}}],"collection":[{"href":"https:\/\/ayuntamientotenangodedoria.gob.mx\/index.php\/wp-json\/wp\/v2\/pages"}],"about":[{"href":"https:\/\/ayuntamientotenangodedoria.gob.mx\/index.php\/wp-json\/wp\/v2\/types\/page"}],"author":[{"embeddable":true,"href":"https:\/\/ayuntamientotenangodedoria.gob.mx\/index.php\/wp-json\/wp\/v2\/users\/2"}],"replies":[{"embeddable":true,"href":"https:\/\/ayuntamientotenangodedoria.gob.mx\/index.php\/wp-json\/wp\/v2\/comments?post=3811"}],"version-history":[{"count":7,"href":"https:\/\/ayuntamientotenangodedoria.gob.mx\/index.php\/wp-json\/wp\/v2\/pages\/3811\/revisions"}],"predecessor-version":[{"id":4557,"href":"https:\/\/ayuntamientotenangodedoria.gob.mx\/index.php\/wp-json\/wp\/v2\/pages\/3811\/revisions\/4557"}],"wp:attachment":[{"href":"https:\/\/ayuntamientotenangodedoria.gob.mx\/index.php\/wp-json\/wp\/v2\/media?parent=3811"}],"curies":[{"name":"wp","href":"https:\/\/api.w.org\/{rel}","templated":true}]}}