{"id":391,"date":"2025-07-23T04:31:13","date_gmt":"2025-07-23T04:31:13","guid":{"rendered":"https:\/\/ayuntamientotenangodedoria.gob.mx\/?page_id=391"},"modified":"2026-02-09T20:38:39","modified_gmt":"2026-02-09T20:38:39","slug":"transparencia","status":"publish","type":"page","link":"https:\/\/ayuntamientotenangodedoria.gob.mx\/index.php\/transparencia\/","title":{"rendered":"Transparencia"},"content":{"rendered":"\t\t<div data-elementor-type=\"wp-page\" data-elementor-id=\"391\" class=\"elementor elementor-391\">\n\t\t\t\t<div class=\"elementor-element elementor-element-16da9b9 e-flex e-con-boxed e-con e-parent\" data-id=\"16da9b9\" data-element_type=\"container\" data-e-type=\"container\">\n\t\t\t\t\t<div class=\"e-con-inner\">\n\t\t\t\t<div class=\"elementor-element elementor-element-d0d3ff2 elementor-invisible elementor-widget elementor-widget-text-editor\" data-id=\"d0d3ff2\" data-element_type=\"widget\" data-e-type=\"widget\" data-settings=\"{&quot;_animation&quot;:&quot;slideInUp&quot;}\" data-widget_type=\"text-editor.default\">\n\t\t\t\t<div class=\"elementor-widget-container\">\n\t\t\t\t\t\t\t\t\t<header><h1 class=\"title\" style=\"text-align: center;\"><span style=\"color: #800000;\"><strong><span style=\"vertical-align: inherit;\"><span style=\"vertical-align: inherit;\"><span style=\"vertical-align: inherit;\"><span style=\"vertical-align: inherit;\"><span dir=\"auto\" style=\"vertical-align: inherit;\"><span dir=\"auto\" style=\"vertical-align: inherit;\">Transparencia<\/span><\/span><\/span><\/span><\/span><\/span><\/strong><\/span><\/h1><\/header><section class=\"article-body\"><h3 style=\"text-align: center;\"><strong><span style=\"vertical-align: inherit;\"><span style=\"vertical-align: inherit;\"><span style=\"vertical-align: inherit;\"><span style=\"vertical-align: inherit;\"><span dir=\"auto\" style=\"vertical-align: inherit;\"><span dir=\"auto\" style=\"vertical-align: inherit;\">Documentos de Apoyo para las Obligaciones de <\/span><\/span><\/span><\/span><\/span><\/span><span style=\"vertical-align: inherit;\"><span style=\"vertical-align: inherit;\"><span style=\"vertical-align: inherit;\"><span style=\"vertical-align: inherit;\"><span dir=\"auto\" style=\"vertical-align: inherit;\"><span dir=\"auto\" style=\"vertical-align: inherit;\">Transparencia<\/span><\/span><\/span><\/span><\/span><\/span><\/strong><\/h3><\/section><section class=\"article-body\"><div><center><span style=\"color: #ffffff;\"><span style=\"color: #ffffff;\">tos T\u00e9cnicos Generales (<\/span><\/span><h3><span style=\"color: #571f33;\">Lineamientos T\u00e9cnicos Generales (2025)<\/span><\/h3><center><a href=\"https:\/\/drive.google.com\/file\/d\/1BS8M49yGQNA32skQTNyL6xtl-EzjvC_Z\/view?usp=sharing\" target=\"_blank\" rel=\"noopener\"><span style=\"color: #3399ff;\"><img decoding=\"async\" class=\"\" src=\"https:\/\/epazoyucan.hidalgo.gob.mx\/images\/transparencia\/pdf.png\" alt=\"\" width=\"202\" height=\"202\" \/><\/span><\/a><\/center><span style=\"color: #ffffff;\">2024)<\/span><\/center><\/div><div><p>\u00a0<\/p><table class=\"table table-striped\" border=\"1\" width=\"100%\" cellspacing=\"0\"><thead><tr class=\"tableizer-firstrow\"><th><center><span style=\"vertical-align: inherit;\"><span style=\"vertical-align: inherit;\"><span style=\"vertical-align: inherit;\"><span style=\"vertical-align: inherit;\"><span dir=\"auto\" style=\"vertical-align: inherit;\"><span dir=\"auto\" style=\"vertical-align: inherit;\">Lineamientos T\u00e9cnicos Generales (2015-2017)<\/span><\/span><\/span><\/span><\/span><\/span><\/center><\/th><th><center><span style=\"vertical-align: inherit;\"><span style=\"vertical-align: inherit;\"><span style=\"vertical-align: inherit;\"><span style=\"vertical-align: inherit;\"><span dir=\"auto\" style=\"vertical-align: inherit;\"><span dir=\"auto\" style=\"vertical-align: inherit;\">Lineamientos T\u00e9cnicos Generales (2018-2020)<\/span><\/span><\/span><\/span><\/span><\/span><\/center><\/th><th><center><span style=\"vertical-align: inherit;\"><span style=\"vertical-align: inherit;\"><span style=\"vertical-align: inherit;\"><span style=\"vertical-align: inherit;\"><span dir=\"auto\" style=\"vertical-align: inherit;\"><span dir=\"auto\" style=\"vertical-align: inherit;\">Lineamientos T\u00e9cnicos Generales (2021)<\/span><\/span><\/span><\/span><\/span><\/span><\/center><\/th><th><center><span style=\"color: #ffffff;\"><span style=\"vertical-align: inherit;\"><span style=\"vertical-align: inherit;\"><span style=\"vertical-align: inherit;\"><span style=\"vertical-align: inherit;\"><span dir=\"auto\" style=\"vertical-align: inherit;\"><span dir=\"auto\" style=\"vertical-align: inherit;\">Lineamientos T\u00e9cnicos Generales (2023)<\/span><\/span><\/span><\/span><\/span><\/span><\/span><\/center><\/th><th><center><span style=\"color: #ffffff;\"><span style=\"vertical-align: inherit;\"><span style=\"vertical-align: inherit;\"><span style=\"vertical-align: inherit;\"><span style=\"vertical-align: inherit;\"><span dir=\"auto\" style=\"vertical-align: inherit;\"><span dir=\"auto\" style=\"vertical-align: inherit;\">Lineamientos T\u00e9cnicos Generales (2024)<\/span><\/span><\/span><\/span><\/span><\/span><\/span><\/center><\/th><\/tr><\/thead><tbody><tr><td><center><span style=\"color: #3399ff;\"><a href=\"https:\/\/ayuntamientotenangodedoria.gob.mx\/wp-content\/uploads\/2025\/07\/Lineamientos-Tecnicos-Generales-2015-2017.pdf\" target=\"_blank\" rel=\"noopener\"><img fetchpriority=\"high\" decoding=\"async\" class=\"alignnone\" src=\"https:\/\/epazoyucan.hidalgo.gob.mx\/images\/transparencia\/pdf.png\" alt=\"\" width=\"1024\" height=\"1024\" \/><\/a><\/span><\/center><\/td><td><center><span style=\"color: #3399ff;\"><a href=\"https:\/\/ayuntamientotenangodedoria.gob.mx\/wp-content\/uploads\/2025\/07\/Lineamientos-Tecnicos-Generales-2018-2020.pdf\" target=\"_blank\" rel=\"noopener\"><img fetchpriority=\"high\" decoding=\"async\" class=\"alignnone\" src=\"https:\/\/epazoyucan.hidalgo.gob.mx\/images\/transparencia\/pdf.png\" alt=\"\" width=\"1024\" height=\"1024\" \/><\/a><\/span><\/center><\/td><td><center><span style=\"color: #3399ff;\"><a href=\"https:\/\/ayuntamientotenangodedoria.gob.mx\/wp-content\/uploads\/2025\/07\/Lineamientos-Tecnicos-Generales-2021.pdf\" target=\"_blank\" rel=\"noopener\"><img fetchpriority=\"high\" decoding=\"async\" class=\"alignnone\" src=\"https:\/\/epazoyucan.hidalgo.gob.mx\/images\/transparencia\/pdf.png\" alt=\"\" width=\"1024\" height=\"1024\" \/><\/a><\/span><\/center><\/td><td><center><span style=\"color: #3399ff;\"><img decoding=\"async\" class=\"alignnone\" title=\"https:\/\/ayuntamientotenangodedoria.gob.mx\/wp-content\/uploads\/2025\/07\/Lineamientos-T\u00e9cnicos-Generales-2023.pdf\" src=\"https:\/\/epazoyucan.hidalgo.gob.mx\/images\/transparencia\/pdf.png\" alt=\"\" width=\"1024\" height=\"1024\" \/><\/span><\/center><\/td><td><center><span style=\"color: #3399ff;\"><a href=\"https:\/\/ayuntamientotenangodedoria.gob.mx\/wp-content\/uploads\/2025\/07\/Lineamientos-Tecnicos-Generales-2024.pdf\" target=\"_blank\" rel=\"noopener\"><img fetchpriority=\"high\" decoding=\"async\" class=\"alignnone\" src=\"https:\/\/epazoyucan.hidalgo.gob.mx\/images\/transparencia\/pdf.png\" alt=\"\" width=\"1024\" height=\"1024\" \/><\/a><\/span><\/center><\/td><\/tr><\/tbody><\/table><\/div><center><\/center><center><\/center><center><\/center><center><\/center><center><span style=\"vertical-align: inherit;\"><span style=\"vertical-align: inherit;\"><span style=\"vertical-align: inherit;\"><span style=\"vertical-align: inherit;\"><span dir=\"auto\" style=\"vertical-align: inherit;\"><span dir=\"auto\" style=\"vertical-align: inherit;\">TRANSPARENCIA Y ACCESO A LA INFORMACI\u00d3N P\u00daBLICA GUBERNAMENTAL<\/span><\/span><\/span><\/span><\/span><\/span><\/center><center><span style=\"vertical-align: inherit;\"><span style=\"vertical-align: inherit;\"><span style=\"vertical-align: inherit;\"><span style=\"vertical-align: inherit;\"><span dir=\"auto\" style=\"vertical-align: inherit;\"><span dir=\"auto\" style=\"vertical-align: inherit;\">T\u00cdTULO CUARTO<\/span><\/span><\/span><\/span><\/span><\/span><\/center><center><span style=\"vertical-align: inherit;\"><span style=\"vertical-align: inherit;\"><span style=\"vertical-align: inherit;\"><span style=\"vertical-align: inherit;\"><span dir=\"auto\" style=\"vertical-align: inherit;\"><span dir=\"auto\" style=\"vertical-align: inherit;\">OBLIGACIONES DE TRANSPARENCIA<\/span><\/span><\/span><\/span><\/span><\/span><\/center><center><span style=\"vertical-align: inherit;\"><span style=\"vertical-align: inherit;\"><span style=\"vertical-align: inherit;\"><span style=\"vertical-align: inherit;\"><span dir=\"auto\" style=\"vertical-align: inherit;\"><span dir=\"auto\" style=\"vertical-align: inherit;\">CAP\u00cdTULO II<\/span><\/span><\/span><\/span><\/span><\/span><\/center><center><span style=\"vertical-align: inherit;\"><span style=\"vertical-align: inherit;\"><span style=\"vertical-align: inherit;\"><span style=\"vertical-align: inherit;\"><span dir=\"auto\" style=\"vertical-align: inherit;\"><span dir=\"auto\" style=\"vertical-align: inherit;\">DE LAS OBLIGACIONES DE TRANSPARENCIA COMUNES<\/span><\/span><\/span><\/span><\/span><\/span><\/center><\/section>\t\t\t\t\t\t\t\t<\/div>\n\t\t\t\t<\/div>\n\t\t\t\t<div class=\"elementor-element elementor-element-e6b1ae6 elementor-widget elementor-widget-text-editor\" data-id=\"e6b1ae6\" data-element_type=\"widget\" data-e-type=\"widget\" data-widget_type=\"text-editor.default\">\n\t\t\t\t<div class=\"elementor-widget-container\">\n\t\t\t\t\t\t\t\t\t<table class=\"has-fixed-layout\"><tbody><tr><td><h1><span style=\"vertical-align: inherit; color: #800000;\"><span style=\"vertical-align: inherit;\">Art\u00edculo 69.<\/span><\/span><\/h1><\/td><td class=\"has-text-align-center\" data-align=\"center\"><h1>\u00a0<\/h1><h1><a href=\"https:\/\/ayuntamientotenangodedoria.gob.mx\/index.php\/articulo-69\/\"><img loading=\"lazy\" decoding=\"async\" class=\"aligncenter\" src=\"https:\/\/chapantongo.gob.mx\/wp-content\/uploads\/2024\/12\/O_Transparencia_Comunes-763x1024.png\" alt=\"\" width=\"144\" height=\"193\" \/><\/a><\/h1><\/td><\/tr><tr><td><h1><span style=\"vertical-align: inherit; color: #800000;\"><span style=\"vertical-align: inherit;\">Art\u00edculo 70.<\/span><\/span><\/h1><\/td><td class=\"has-text-align-center\" data-align=\"center\"><h1><span style=\"color: #800000;\"><a style=\"color: #800000;\" href=\"https:\/\/ayuntamientotenangodedoria.gob.mx\/index.php\/articulo-70\/\"><img loading=\"lazy\" decoding=\"async\" class=\"aligncenter\" src=\"https:\/\/chapantongo.gob.mx\/apm_2024_2027\/img\/transparencia\/O_Transparencia_Especificas.png\" alt=\"\" width=\"143\" height=\"194\" \/><\/a><\/span><\/h1><\/td><\/tr><tr><td><h1><span style=\"vertical-align: inherit; color: #800000;\"><span style=\"vertical-align: inherit;\">Principios \u00c9ticos del Servidor P\u00fablico<\/span><\/span><\/h1><\/td><td class=\"has-text-align-center\" data-align=\"center\"><h1><a href=\"https:\/\/ayuntamientotenangodedoria.gob.mx\/index.php\/principios-eticos-del-servidor-publico\/\"><img loading=\"lazy\" decoding=\"async\" class=\"wp-image-1986 aligncenter\" src=\"https:\/\/vivetenangodedoria.com.mx\/wp-content\/uploads\/2025\/01\/IMA-2.png\" sizes=\"(max-width: 100px) 100vw, 100px\" srcset=\"https:\/\/vivetenangodedoria.com.mx\/wp-content\/uploads\/2025\/01\/IMA-2.png 470w, https:\/\/vivetenangodedoria.com.mx\/wp-content\/uploads\/2025\/01\/IMA-2-300x255.png 300w\" alt=\"\" width=\"115\" height=\"98\" \/><\/a><\/h1><\/td><\/tr><\/tbody><\/table><p><span style=\"vertical-align: inherit;\">.<\/span><\/p>\t\t\t\t\t\t\t\t<\/div>\n\t\t\t\t<\/div>\n\t\t\t\t\t<\/div>\n\t\t\t\t<\/div>\n\t\t<div class=\"elementor-element elementor-element-56b7a0d e-flex e-con-boxed e-con e-parent\" data-id=\"56b7a0d\" data-element_type=\"container\" data-e-type=\"container\">\n\t\t\t\t\t<div class=\"e-con-inner\">\n\t\t\t\t<div class=\"elementor-element elementor-element-1dabfa8 elementor-widget elementor-widget-text-editor\" data-id=\"1dabfa8\" data-element_type=\"widget\" data-e-type=\"widget\" data-widget_type=\"text-editor.default\">\n\t\t\t\t<div class=\"elementor-widget-container\">\n\t\t\t\t\t\t\t\t\t<table><tbody><tr><td><a href=\"http:\/\/www.itaih.org.mx\/\" target=\"_blank\" rel=\"noopener\"><img loading=\"lazy\" decoding=\"async\" src=\"https:\/\/epazoyucan.hidalgo.gob.mx\/images\/itaih.jpg\" alt=\"\" width=\"348\" height=\"96\" border=\"0\" \/><\/a><\/td><td><a href=\"http:\/\/www.plataformadetransparencia.org.mx\/\" target=\"_blank\" rel=\"noopener\"><img loading=\"lazy\" decoding=\"async\" src=\"https:\/\/epazoyucan.hidalgo.gob.mx\/images\/plataforma_nacional.jpg\" alt=\"\" width=\"348\" height=\"96\" border=\"0\" \/><\/a><\/td><td><a href=\"http:\/\/inicio.ifai.org.mx\/SitePages\/ifai.aspx\" target=\"_blank\" rel=\"noopener\"><img loading=\"lazy\" decoding=\"async\" src=\"https:\/\/epazoyucan.hidalgo.gob.mx\/images\/inai-logo-15.jpg\" alt=\"\" width=\"348\" height=\"96\" border=\"0\" \/><\/a><\/td><\/tr><\/tbody><\/table>\t\t\t\t\t\t\t\t<\/div>\n\t\t\t\t<\/div>\n\t\t\t\t\t<\/div>\n\t\t\t\t<\/div>\n\t\t\t\t<\/div>\n\t\t","protected":false},"excerpt":{"rendered":"<p>Transparencia Documentos de Apoyo para las Obligaciones de Transparencia tos T\u00e9cnicos Generales ( Lineamientos T\u00e9cnicos Generales (2025) 2024) \u00a0 Lineamientos T\u00e9cnicos Generales (2015-2017) Lineamientos T\u00e9cnicos Generales (2018-2020) Lineamientos T\u00e9cnicos Generales&hellip;<\/p>\n","protected":false},"author":2,"featured_media":0,"parent":0,"menu_order":0,"comment_status":"closed","ping_status":"closed","template":"","meta":{"footnotes":""},"class_list":["post-391","page","type-page","status-publish","hentry"],"yoast_head":"<!-- This site is optimized with the Yoast SEO plugin v27.2 - https:\/\/yoast.com\/product\/yoast-seo-wordpress\/ -->\n<title>Transparencia -<\/title>\n<meta name=\"robots\" content=\"index, follow, max-snippet:-1, max-image-preview:large, max-video-preview:-1\" \/>\n<link rel=\"canonical\" href=\"https:\/\/ayuntamientotenangodedoria.gob.mx\/index.php\/transparencia\/\" \/>\n<meta property=\"og:locale\" content=\"en_US\" \/>\n<meta property=\"og:type\" content=\"article\" \/>\n<meta property=\"og:title\" content=\"Transparencia -\" \/>\n<meta property=\"og:description\" content=\"Transparencia Documentos de Apoyo para las Obligaciones de Transparencia tos T\u00e9cnicos Generales ( Lineamientos T\u00e9cnicos Generales (2025) 2024) \u00a0 Lineamientos T\u00e9cnicos Generales (2015-2017) Lineamientos T\u00e9cnicos Generales (2018-2020) Lineamientos T\u00e9cnicos Generales&hellip;\" \/>\n<meta property=\"og:url\" content=\"https:\/\/ayuntamientotenangodedoria.gob.mx\/index.php\/transparencia\/\" \/>\n<meta property=\"article:modified_time\" content=\"2026-02-09T20:38:39+00:00\" \/>\n<meta property=\"og:image\" content=\"https:\/\/epazoyucan.hidalgo.gob.mx\/images\/transparencia\/pdf.png\" \/>\n<meta name=\"twitter:card\" content=\"summary_large_image\" \/>\n<meta name=\"twitter:label1\" content=\"Est. reading time\" \/>\n\t<meta name=\"twitter:data1\" content=\"3 minutes\" \/>\n<script type=\"application\/ld+json\" class=\"yoast-schema-graph\">{\"@context\":\"https:\/\/schema.org\",\"@graph\":[{\"@type\":\"WebPage\",\"@id\":\"https:\/\/ayuntamientotenangodedoria.gob.mx\/index.php\/transparencia\/\",\"url\":\"https:\/\/ayuntamientotenangodedoria.gob.mx\/index.php\/transparencia\/\",\"name\":\"Transparencia -\",\"isPartOf\":{\"@id\":\"https:\/\/ayuntamientotenangodedoria.gob.mx\/#website\"},\"primaryImageOfPage\":{\"@id\":\"https:\/\/ayuntamientotenangodedoria.gob.mx\/index.php\/transparencia\/#primaryimage\"},\"image\":{\"@id\":\"https:\/\/ayuntamientotenangodedoria.gob.mx\/index.php\/transparencia\/#primaryimage\"},\"thumbnailUrl\":\"https:\/\/epazoyucan.hidalgo.gob.mx\/images\/transparencia\/pdf.png\",\"datePublished\":\"2025-07-23T04:31:13+00:00\",\"dateModified\":\"2026-02-09T20:38:39+00:00\",\"breadcrumb\":{\"@id\":\"https:\/\/ayuntamientotenangodedoria.gob.mx\/index.php\/transparencia\/#breadcrumb\"},\"inLanguage\":\"en-US\",\"potentialAction\":[{\"@type\":\"ReadAction\",\"target\":[\"https:\/\/ayuntamientotenangodedoria.gob.mx\/index.php\/transparencia\/\"]}]},{\"@type\":\"ImageObject\",\"inLanguage\":\"en-US\",\"@id\":\"https:\/\/ayuntamientotenangodedoria.gob.mx\/index.php\/transparencia\/#primaryimage\",\"url\":\"https:\/\/epazoyucan.hidalgo.gob.mx\/images\/transparencia\/pdf.png\",\"contentUrl\":\"https:\/\/epazoyucan.hidalgo.gob.mx\/images\/transparencia\/pdf.png\"},{\"@type\":\"BreadcrumbList\",\"@id\":\"https:\/\/ayuntamientotenangodedoria.gob.mx\/index.php\/transparencia\/#breadcrumb\",\"itemListElement\":[{\"@type\":\"ListItem\",\"position\":1,\"name\":\"Home\",\"item\":\"https:\/\/ayuntamientotenangodedoria.gob.mx\/\"},{\"@type\":\"ListItem\",\"position\":2,\"name\":\"Transparencia\"}]},{\"@type\":\"WebSite\",\"@id\":\"https:\/\/ayuntamientotenangodedoria.gob.mx\/#website\",\"url\":\"https:\/\/ayuntamientotenangodedoria.gob.mx\/\",\"name\":\"\",\"description\":\"Transformando con Inclusi\u00f3n e Interculturalidad\",\"potentialAction\":[{\"@type\":\"SearchAction\",\"target\":{\"@type\":\"EntryPoint\",\"urlTemplate\":\"https:\/\/ayuntamientotenangodedoria.gob.mx\/?s={search_term_string}\"},\"query-input\":{\"@type\":\"PropertyValueSpecification\",\"valueRequired\":true,\"valueName\":\"search_term_string\"}}],\"inLanguage\":\"en-US\"}]}<\/script>\n<!-- \/ Yoast SEO plugin. -->","yoast_head_json":{"title":"Transparencia -","robots":{"index":"index","follow":"follow","max-snippet":"max-snippet:-1","max-image-preview":"max-image-preview:large","max-video-preview":"max-video-preview:-1"},"canonical":"https:\/\/ayuntamientotenangodedoria.gob.mx\/index.php\/transparencia\/","og_locale":"en_US","og_type":"article","og_title":"Transparencia -","og_description":"Transparencia Documentos de Apoyo para las Obligaciones de Transparencia tos T\u00e9cnicos Generales ( Lineamientos T\u00e9cnicos Generales (2025) 2024) \u00a0 Lineamientos T\u00e9cnicos Generales (2015-2017) Lineamientos T\u00e9cnicos Generales (2018-2020) Lineamientos T\u00e9cnicos Generales&hellip;","og_url":"https:\/\/ayuntamientotenangodedoria.gob.mx\/index.php\/transparencia\/","article_modified_time":"2026-02-09T20:38:39+00:00","og_image":[{"url":"https:\/\/epazoyucan.hidalgo.gob.mx\/images\/transparencia\/pdf.png","type":"","width":"","height":""}],"twitter_card":"summary_large_image","twitter_misc":{"Est. reading time":"3 minutes"},"schema":{"@context":"https:\/\/schema.org","@graph":[{"@type":"WebPage","@id":"https:\/\/ayuntamientotenangodedoria.gob.mx\/index.php\/transparencia\/","url":"https:\/\/ayuntamientotenangodedoria.gob.mx\/index.php\/transparencia\/","name":"Transparencia -","isPartOf":{"@id":"https:\/\/ayuntamientotenangodedoria.gob.mx\/#website"},"primaryImageOfPage":{"@id":"https:\/\/ayuntamientotenangodedoria.gob.mx\/index.php\/transparencia\/#primaryimage"},"image":{"@id":"https:\/\/ayuntamientotenangodedoria.gob.mx\/index.php\/transparencia\/#primaryimage"},"thumbnailUrl":"https:\/\/epazoyucan.hidalgo.gob.mx\/images\/transparencia\/pdf.png","datePublished":"2025-07-23T04:31:13+00:00","dateModified":"2026-02-09T20:38:39+00:00","breadcrumb":{"@id":"https:\/\/ayuntamientotenangodedoria.gob.mx\/index.php\/transparencia\/#breadcrumb"},"inLanguage":"en-US","potentialAction":[{"@type":"ReadAction","target":["https:\/\/ayuntamientotenangodedoria.gob.mx\/index.php\/transparencia\/"]}]},{"@type":"ImageObject","inLanguage":"en-US","@id":"https:\/\/ayuntamientotenangodedoria.gob.mx\/index.php\/transparencia\/#primaryimage","url":"https:\/\/epazoyucan.hidalgo.gob.mx\/images\/transparencia\/pdf.png","contentUrl":"https:\/\/epazoyucan.hidalgo.gob.mx\/images\/transparencia\/pdf.png"},{"@type":"BreadcrumbList","@id":"https:\/\/ayuntamientotenangodedoria.gob.mx\/index.php\/transparencia\/#breadcrumb","itemListElement":[{"@type":"ListItem","position":1,"name":"Home","item":"https:\/\/ayuntamientotenangodedoria.gob.mx\/"},{"@type":"ListItem","position":2,"name":"Transparencia"}]},{"@type":"WebSite","@id":"https:\/\/ayuntamientotenangodedoria.gob.mx\/#website","url":"https:\/\/ayuntamientotenangodedoria.gob.mx\/","name":"","description":"Transformando con Inclusi\u00f3n e Interculturalidad","potentialAction":[{"@type":"SearchAction","target":{"@type":"EntryPoint","urlTemplate":"https:\/\/ayuntamientotenangodedoria.gob.mx\/?s={search_term_string}"},"query-input":{"@type":"PropertyValueSpecification","valueRequired":true,"valueName":"search_term_string"}}],"inLanguage":"en-US"}]}},"_links":{"self":[{"href":"https:\/\/ayuntamientotenangodedoria.gob.mx\/index.php\/wp-json\/wp\/v2\/pages\/391","targetHints":{"allow":["GET"]}}],"collection":[{"href":"https:\/\/ayuntamientotenangodedoria.gob.mx\/index.php\/wp-json\/wp\/v2\/pages"}],"about":[{"href":"https:\/\/ayuntamientotenangodedoria.gob.mx\/index.php\/wp-json\/wp\/v2\/types\/page"}],"author":[{"embeddable":true,"href":"https:\/\/ayuntamientotenangodedoria.gob.mx\/index.php\/wp-json\/wp\/v2\/users\/2"}],"replies":[{"embeddable":true,"href":"https:\/\/ayuntamientotenangodedoria.gob.mx\/index.php\/wp-json\/wp\/v2\/comments?post=391"}],"version-history":[{"count":19,"href":"https:\/\/ayuntamientotenangodedoria.gob.mx\/index.php\/wp-json\/wp\/v2\/pages\/391\/revisions"}],"predecessor-version":[{"id":5040,"href":"https:\/\/ayuntamientotenangodedoria.gob.mx\/index.php\/wp-json\/wp\/v2\/pages\/391\/revisions\/5040"}],"wp:attachment":[{"href":"https:\/\/ayuntamientotenangodedoria.gob.mx\/index.php\/wp-json\/wp\/v2\/media?parent=391"}],"curies":[{"name":"wp","href":"https:\/\/api.w.org\/{rel}","templated":true}]}}