{"id":4517,"date":"2026-01-09T17:36:02","date_gmt":"2026-01-09T17:36:02","guid":{"rendered":"https:\/\/ayuntamientotenangodedoria.gob.mx\/?page_id=4517"},"modified":"2026-01-11T02:23:26","modified_gmt":"2026-01-11T02:23:26","slug":"disciplina-financiera-2024-2","status":"publish","type":"page","link":"https:\/\/ayuntamientotenangodedoria.gob.mx\/index.php\/disciplina-financiera-2024-2\/","title":{"rendered":"DISCIPLINA FINANCIERA 2024"},"content":{"rendered":"\t\t<div data-elementor-type=\"wp-page\" data-elementor-id=\"4517\" class=\"elementor elementor-4517\">\n\t\t\t\t<div class=\"elementor-element elementor-element-7251e08 e-flex e-con-boxed e-con e-parent\" data-id=\"7251e08\" data-element_type=\"container\" data-e-type=\"container\">\n\t\t\t\t\t<div class=\"e-con-inner\">\n\t\t\t\t<div class=\"elementor-element elementor-element-fbaf5be elementor-widget elementor-widget-heading\" data-id=\"fbaf5be\" data-element_type=\"widget\" data-e-type=\"widget\" data-widget_type=\"heading.default\">\n\t\t\t\t<div class=\"elementor-widget-container\">\n\t\t\t\t\t<h2 class=\"elementor-heading-title elementor-size-default\">DISCIPLINA FINANCIERA 2024<\/h2>\t\t\t\t<\/div>\n\t\t\t\t<\/div>\n\t\t\t\t<div class=\"elementor-element elementor-element-8b37240 elementor-widget elementor-widget-text-editor\" data-id=\"8b37240\" data-element_type=\"widget\" data-e-type=\"widget\" data-widget_type=\"text-editor.default\">\n\t\t\t\t<div class=\"elementor-widget-container\">\n\t\t\t\t\t\t\t\t\t<h5 style=\"text-align: center;\"><span style=\"color: #800000;\"><img decoding=\"async\" class=\"aligncenter\" src=\"https:\/\/metepechidalgo.gob.mx\/images\/ICONOSTRANSPARENCIA\/CONAC2.jpg\" alt=\"CONAC2\" \/>EN CUMPLIMIENTO AL ART\u00cdCULO 51 DE LA LEY DE DISCIPLINA FINANCIERA, FRACCI\u00d3N IX<\/span><\/h5><h5 style=\"text-align: center;\"><span style=\"color: #800000;\">SE PUBLICA LA SIGUIENTE INFORMACI\u00d3N<\/span><\/h5>\t\t\t\t\t\t\t\t<\/div>\n\t\t\t\t<\/div>\n\t\t\t\t\t<\/div>\n\t\t\t\t<\/div>\n\t\t<div class=\"elementor-element elementor-element-80aa13e e-grid e-con-boxed e-con e-parent\" data-id=\"80aa13e\" data-element_type=\"container\" data-e-type=\"container\">\n\t\t\t\t\t<div class=\"e-con-inner\">\n\t\t\t\t<div class=\"elementor-element elementor-element-95f980c elementor-widget elementor-widget-image\" data-id=\"95f980c\" data-element_type=\"widget\" data-e-type=\"widget\" data-widget_type=\"image.default\">\n\t\t\t\t<div class=\"elementor-widget-container\">\n\t\t\t\t\t\t\t\t\t\t\t\t\t\t\t\t<a href=\"https:\/\/ayuntamientotenangodedoria.gob.mx\/index.php\/disciplina-financiera-2024-1er-trimestre-2024\/\" target=\"_blank\">\n\t\t\t\t\t\t\t<img fetchpriority=\"high\" decoding=\"async\" width=\"637\" height=\"392\" src=\"https:\/\/ayuntamientotenangodedoria.gob.mx\/wp-content\/uploads\/2026\/01\/tri-1-2-1.png\" class=\"elementor-animation-buzz-out attachment-large size-large wp-image-4529\" alt=\"\" srcset=\"https:\/\/ayuntamientotenangodedoria.gob.mx\/wp-content\/uploads\/2026\/01\/tri-1-2-1.png 637w, https:\/\/ayuntamientotenangodedoria.gob.mx\/wp-content\/uploads\/2026\/01\/tri-1-2-1-300x185.png 300w\" sizes=\"(max-width: 637px) 100vw, 637px\" \/>\t\t\t\t\t\t\t\t<\/a>\n\t\t\t\t\t\t\t\t\t\t\t\t\t\t\t<\/div>\n\t\t\t\t<\/div>\n\t\t\t\t<div class=\"elementor-element elementor-element-ab9888c elementor-widget elementor-widget-image\" data-id=\"ab9888c\" data-element_type=\"widget\" data-e-type=\"widget\" data-widget_type=\"image.default\">\n\t\t\t\t<div class=\"elementor-widget-container\">\n\t\t\t\t\t\t\t\t\t\t\t\t\t\t\t\t<a href=\"https:\/\/ayuntamientotenangodedoria.gob.mx\/index.php\/disciplina-financiera-2024-2do-trimestre-2024\/\" target=\"_blank\">\n\t\t\t\t\t\t\t<img decoding=\"async\" width=\"637\" height=\"392\" src=\"https:\/\/ayuntamientotenangodedoria.gob.mx\/wp-content\/uploads\/2026\/01\/tri-2-1-2-1.png\" class=\"elementor-animation-buzz-out attachment-large size-large wp-image-4530\" alt=\"\" srcset=\"https:\/\/ayuntamientotenangodedoria.gob.mx\/wp-content\/uploads\/2026\/01\/tri-2-1-2-1.png 637w, https:\/\/ayuntamientotenangodedoria.gob.mx\/wp-content\/uploads\/2026\/01\/tri-2-1-2-1-300x185.png 300w\" sizes=\"(max-width: 637px) 100vw, 637px\" \/>\t\t\t\t\t\t\t\t<\/a>\n\t\t\t\t\t\t\t\t\t\t\t\t\t\t\t<\/div>\n\t\t\t\t<\/div>\n\t\t\t\t<div class=\"elementor-element elementor-element-f3e3fa3 elementor-widget elementor-widget-image\" data-id=\"f3e3fa3\" data-element_type=\"widget\" data-e-type=\"widget\" data-widget_type=\"image.default\">\n\t\t\t\t<div class=\"elementor-widget-container\">\n\t\t\t\t\t\t\t\t\t\t\t\t\t\t\t\t<a href=\"https:\/\/ayuntamientotenangodedoria.gob.mx\/index.php\/disciplina-financiera-2024-3er-trimestre-2024\/\" target=\"_blank\">\n\t\t\t\t\t\t\t<img decoding=\"async\" width=\"600\" height=\"369\" src=\"https:\/\/ayuntamientotenangodedoria.gob.mx\/wp-content\/uploads\/2026\/01\/tri-3-600x369-3-1.png\" class=\"elementor-animation-buzz attachment-large size-large wp-image-4531\" alt=\"\" srcset=\"https:\/\/ayuntamientotenangodedoria.gob.mx\/wp-content\/uploads\/2026\/01\/tri-3-600x369-3-1.png 600w, https:\/\/ayuntamientotenangodedoria.gob.mx\/wp-content\/uploads\/2026\/01\/tri-3-600x369-3-1-300x185.png 300w\" sizes=\"(max-width: 600px) 100vw, 600px\" \/>\t\t\t\t\t\t\t\t<\/a>\n\t\t\t\t\t\t\t\t\t\t\t\t\t\t\t<\/div>\n\t\t\t\t<\/div>\n\t\t\t\t<div class=\"elementor-element elementor-element-c57cd9d elementor-widget elementor-widget-image\" data-id=\"c57cd9d\" data-element_type=\"widget\" data-e-type=\"widget\" data-widget_type=\"image.default\">\n\t\t\t\t<div class=\"elementor-widget-container\">\n\t\t\t\t\t\t\t\t\t\t\t\t\t\t\t\t<a href=\"https:\/\/ayuntamientotenangodedoria.gob.mx\/index.php\/disciplina-financiera-2024-4to-trimestre-2024\/\" target=\"_blank\">\n\t\t\t\t\t\t\t<img loading=\"lazy\" decoding=\"async\" width=\"600\" height=\"369\" src=\"https:\/\/ayuntamientotenangodedoria.gob.mx\/wp-content\/uploads\/2026\/01\/tri-4-600x369-1-2-1.png\" class=\"elementor-animation-buzz attachment-large size-large wp-image-4532\" alt=\"\" srcset=\"https:\/\/ayuntamientotenangodedoria.gob.mx\/wp-content\/uploads\/2026\/01\/tri-4-600x369-1-2-1.png 600w, https:\/\/ayuntamientotenangodedoria.gob.mx\/wp-content\/uploads\/2026\/01\/tri-4-600x369-1-2-1-300x185.png 300w\" sizes=\"(max-width: 600px) 100vw, 600px\" \/>\t\t\t\t\t\t\t\t<\/a>\n\t\t\t\t\t\t\t\t\t\t\t\t\t\t\t<\/div>\n\t\t\t\t<\/div>\n\t\t\t\t\t<\/div>\n\t\t\t\t<\/div>\n\t\t\t\t<\/div>\n\t\t","protected":false},"excerpt":{"rendered":"<p>DISCIPLINA FINANCIERA 2024 EN CUMPLIMIENTO AL ART\u00cdCULO 51 DE LA LEY DE DISCIPLINA FINANCIERA, FRACCI\u00d3N IX SE PUBLICA LA SIGUIENTE INFORMACI\u00d3N<\/p>\n","protected":false},"author":2,"featured_media":0,"parent":0,"menu_order":0,"comment_status":"closed","ping_status":"closed","template":"","meta":{"footnotes":""},"class_list":["post-4517","page","type-page","status-publish","hentry"],"yoast_head":"<!-- This site is optimized with the Yoast SEO plugin v27.2 - https:\/\/yoast.com\/product\/yoast-seo-wordpress\/ -->\n<title>DISCIPLINA FINANCIERA 2024 -<\/title>\n<meta name=\"robots\" content=\"index, follow, max-snippet:-1, max-image-preview:large, max-video-preview:-1\" \/>\n<link rel=\"canonical\" href=\"https:\/\/ayuntamientotenangodedoria.gob.mx\/index.php\/disciplina-financiera-2024-2\/\" \/>\n<meta property=\"og:locale\" content=\"en_US\" \/>\n<meta property=\"og:type\" content=\"article\" \/>\n<meta property=\"og:title\" content=\"DISCIPLINA FINANCIERA 2024 -\" \/>\n<meta property=\"og:description\" content=\"DISCIPLINA FINANCIERA 2024 EN CUMPLIMIENTO AL ART\u00cdCULO 51 DE LA LEY DE DISCIPLINA FINANCIERA, FRACCI\u00d3N IX SE PUBLICA LA SIGUIENTE INFORMACI\u00d3N\" \/>\n<meta property=\"og:url\" content=\"https:\/\/ayuntamientotenangodedoria.gob.mx\/index.php\/disciplina-financiera-2024-2\/\" \/>\n<meta property=\"article:modified_time\" content=\"2026-01-11T02:23:26+00:00\" \/>\n<meta property=\"og:image\" content=\"https:\/\/metepechidalgo.gob.mx\/images\/ICONOSTRANSPARENCIA\/CONAC2.jpg\" \/>\n<meta name=\"twitter:card\" content=\"summary_large_image\" \/>\n<meta name=\"twitter:label1\" content=\"Est. reading time\" \/>\n\t<meta name=\"twitter:data1\" content=\"2 minutes\" \/>\n<script type=\"application\/ld+json\" class=\"yoast-schema-graph\">{\"@context\":\"https:\/\/schema.org\",\"@graph\":[{\"@type\":\"WebPage\",\"@id\":\"https:\/\/ayuntamientotenangodedoria.gob.mx\/index.php\/disciplina-financiera-2024-2\/\",\"url\":\"https:\/\/ayuntamientotenangodedoria.gob.mx\/index.php\/disciplina-financiera-2024-2\/\",\"name\":\"DISCIPLINA FINANCIERA 2024 -\",\"isPartOf\":{\"@id\":\"https:\/\/ayuntamientotenangodedoria.gob.mx\/#website\"},\"primaryImageOfPage\":{\"@id\":\"https:\/\/ayuntamientotenangodedoria.gob.mx\/index.php\/disciplina-financiera-2024-2\/#primaryimage\"},\"image\":{\"@id\":\"https:\/\/ayuntamientotenangodedoria.gob.mx\/index.php\/disciplina-financiera-2024-2\/#primaryimage\"},\"thumbnailUrl\":\"https:\/\/metepechidalgo.gob.mx\/images\/ICONOSTRANSPARENCIA\/CONAC2.jpg\",\"datePublished\":\"2026-01-09T17:36:02+00:00\",\"dateModified\":\"2026-01-11T02:23:26+00:00\",\"breadcrumb\":{\"@id\":\"https:\/\/ayuntamientotenangodedoria.gob.mx\/index.php\/disciplina-financiera-2024-2\/#breadcrumb\"},\"inLanguage\":\"en-US\",\"potentialAction\":[{\"@type\":\"ReadAction\",\"target\":[\"https:\/\/ayuntamientotenangodedoria.gob.mx\/index.php\/disciplina-financiera-2024-2\/\"]}]},{\"@type\":\"ImageObject\",\"inLanguage\":\"en-US\",\"@id\":\"https:\/\/ayuntamientotenangodedoria.gob.mx\/index.php\/disciplina-financiera-2024-2\/#primaryimage\",\"url\":\"https:\/\/metepechidalgo.gob.mx\/images\/ICONOSTRANSPARENCIA\/CONAC2.jpg\",\"contentUrl\":\"https:\/\/metepechidalgo.gob.mx\/images\/ICONOSTRANSPARENCIA\/CONAC2.jpg\"},{\"@type\":\"BreadcrumbList\",\"@id\":\"https:\/\/ayuntamientotenangodedoria.gob.mx\/index.php\/disciplina-financiera-2024-2\/#breadcrumb\",\"itemListElement\":[{\"@type\":\"ListItem\",\"position\":1,\"name\":\"Home\",\"item\":\"https:\/\/ayuntamientotenangodedoria.gob.mx\/\"},{\"@type\":\"ListItem\",\"position\":2,\"name\":\"DISCIPLINA FINANCIERA 2024\"}]},{\"@type\":\"WebSite\",\"@id\":\"https:\/\/ayuntamientotenangodedoria.gob.mx\/#website\",\"url\":\"https:\/\/ayuntamientotenangodedoria.gob.mx\/\",\"name\":\"\",\"description\":\"Transformando con Inclusi\u00f3n e Interculturalidad\",\"potentialAction\":[{\"@type\":\"SearchAction\",\"target\":{\"@type\":\"EntryPoint\",\"urlTemplate\":\"https:\/\/ayuntamientotenangodedoria.gob.mx\/?s={search_term_string}\"},\"query-input\":{\"@type\":\"PropertyValueSpecification\",\"valueRequired\":true,\"valueName\":\"search_term_string\"}}],\"inLanguage\":\"en-US\"}]}<\/script>\n<!-- \/ Yoast SEO plugin. -->","yoast_head_json":{"title":"DISCIPLINA FINANCIERA 2024 -","robots":{"index":"index","follow":"follow","max-snippet":"max-snippet:-1","max-image-preview":"max-image-preview:large","max-video-preview":"max-video-preview:-1"},"canonical":"https:\/\/ayuntamientotenangodedoria.gob.mx\/index.php\/disciplina-financiera-2024-2\/","og_locale":"en_US","og_type":"article","og_title":"DISCIPLINA FINANCIERA 2024 -","og_description":"DISCIPLINA FINANCIERA 2024 EN CUMPLIMIENTO AL ART\u00cdCULO 51 DE LA LEY DE DISCIPLINA FINANCIERA, FRACCI\u00d3N IX SE PUBLICA LA SIGUIENTE INFORMACI\u00d3N","og_url":"https:\/\/ayuntamientotenangodedoria.gob.mx\/index.php\/disciplina-financiera-2024-2\/","article_modified_time":"2026-01-11T02:23:26+00:00","og_image":[{"url":"https:\/\/metepechidalgo.gob.mx\/images\/ICONOSTRANSPARENCIA\/CONAC2.jpg","type":"","width":"","height":""}],"twitter_card":"summary_large_image","twitter_misc":{"Est. reading time":"2 minutes"},"schema":{"@context":"https:\/\/schema.org","@graph":[{"@type":"WebPage","@id":"https:\/\/ayuntamientotenangodedoria.gob.mx\/index.php\/disciplina-financiera-2024-2\/","url":"https:\/\/ayuntamientotenangodedoria.gob.mx\/index.php\/disciplina-financiera-2024-2\/","name":"DISCIPLINA FINANCIERA 2024 -","isPartOf":{"@id":"https:\/\/ayuntamientotenangodedoria.gob.mx\/#website"},"primaryImageOfPage":{"@id":"https:\/\/ayuntamientotenangodedoria.gob.mx\/index.php\/disciplina-financiera-2024-2\/#primaryimage"},"image":{"@id":"https:\/\/ayuntamientotenangodedoria.gob.mx\/index.php\/disciplina-financiera-2024-2\/#primaryimage"},"thumbnailUrl":"https:\/\/metepechidalgo.gob.mx\/images\/ICONOSTRANSPARENCIA\/CONAC2.jpg","datePublished":"2026-01-09T17:36:02+00:00","dateModified":"2026-01-11T02:23:26+00:00","breadcrumb":{"@id":"https:\/\/ayuntamientotenangodedoria.gob.mx\/index.php\/disciplina-financiera-2024-2\/#breadcrumb"},"inLanguage":"en-US","potentialAction":[{"@type":"ReadAction","target":["https:\/\/ayuntamientotenangodedoria.gob.mx\/index.php\/disciplina-financiera-2024-2\/"]}]},{"@type":"ImageObject","inLanguage":"en-US","@id":"https:\/\/ayuntamientotenangodedoria.gob.mx\/index.php\/disciplina-financiera-2024-2\/#primaryimage","url":"https:\/\/metepechidalgo.gob.mx\/images\/ICONOSTRANSPARENCIA\/CONAC2.jpg","contentUrl":"https:\/\/metepechidalgo.gob.mx\/images\/ICONOSTRANSPARENCIA\/CONAC2.jpg"},{"@type":"BreadcrumbList","@id":"https:\/\/ayuntamientotenangodedoria.gob.mx\/index.php\/disciplina-financiera-2024-2\/#breadcrumb","itemListElement":[{"@type":"ListItem","position":1,"name":"Home","item":"https:\/\/ayuntamientotenangodedoria.gob.mx\/"},{"@type":"ListItem","position":2,"name":"DISCIPLINA FINANCIERA 2024"}]},{"@type":"WebSite","@id":"https:\/\/ayuntamientotenangodedoria.gob.mx\/#website","url":"https:\/\/ayuntamientotenangodedoria.gob.mx\/","name":"","description":"Transformando con Inclusi\u00f3n e Interculturalidad","potentialAction":[{"@type":"SearchAction","target":{"@type":"EntryPoint","urlTemplate":"https:\/\/ayuntamientotenangodedoria.gob.mx\/?s={search_term_string}"},"query-input":{"@type":"PropertyValueSpecification","valueRequired":true,"valueName":"search_term_string"}}],"inLanguage":"en-US"}]}},"_links":{"self":[{"href":"https:\/\/ayuntamientotenangodedoria.gob.mx\/index.php\/wp-json\/wp\/v2\/pages\/4517","targetHints":{"allow":["GET"]}}],"collection":[{"href":"https:\/\/ayuntamientotenangodedoria.gob.mx\/index.php\/wp-json\/wp\/v2\/pages"}],"about":[{"href":"https:\/\/ayuntamientotenangodedoria.gob.mx\/index.php\/wp-json\/wp\/v2\/types\/page"}],"author":[{"embeddable":true,"href":"https:\/\/ayuntamientotenangodedoria.gob.mx\/index.php\/wp-json\/wp\/v2\/users\/2"}],"replies":[{"embeddable":true,"href":"https:\/\/ayuntamientotenangodedoria.gob.mx\/index.php\/wp-json\/wp\/v2\/comments?post=4517"}],"version-history":[{"count":16,"href":"https:\/\/ayuntamientotenangodedoria.gob.mx\/index.php\/wp-json\/wp\/v2\/pages\/4517\/revisions"}],"predecessor-version":[{"id":4647,"href":"https:\/\/ayuntamientotenangodedoria.gob.mx\/index.php\/wp-json\/wp\/v2\/pages\/4517\/revisions\/4647"}],"wp:attachment":[{"href":"https:\/\/ayuntamientotenangodedoria.gob.mx\/index.php\/wp-json\/wp\/v2\/media?parent=4517"}],"curies":[{"name":"wp","href":"https:\/\/api.w.org\/{rel}","templated":true}]}}