{"id":4688,"date":"2026-01-12T16:04:21","date_gmt":"2026-01-12T16:04:21","guid":{"rendered":"https:\/\/ayuntamientotenangodedoria.gob.mx\/?page_id=4688"},"modified":"2026-01-12T18:29:50","modified_gmt":"2026-01-12T18:29:50","slug":"informacion-presupuestaria-1er-trimestre-2024","status":"publish","type":"page","link":"https:\/\/ayuntamientotenangodedoria.gob.mx\/index.php\/informacion-presupuestaria-1er-trimestre-2024\/","title":{"rendered":"INFORMACI\u00d3N PRESUPUESTARIA &#8211; 1ER TRIMESTRE 2024"},"content":{"rendered":"\t\t<div data-elementor-type=\"wp-page\" data-elementor-id=\"4688\" class=\"elementor elementor-4688\">\n\t\t\t\t<div class=\"elementor-element elementor-element-841f23b e-flex e-con-boxed e-con e-parent\" data-id=\"841f23b\" data-element_type=\"container\" data-e-type=\"container\">\n\t\t\t\t\t<div class=\"e-con-inner\">\n\t\t\t\t<div class=\"elementor-element elementor-element-791e765 elementor-widget elementor-widget-heading\" data-id=\"791e765\" data-element_type=\"widget\" data-e-type=\"widget\" data-widget_type=\"heading.default\">\n\t\t\t\t<div class=\"elementor-widget-container\">\n\t\t\t\t\t<h2 class=\"elementor-heading-title elementor-size-default\">INFORMACION PRESUPUESTARIA 2024<\/h2>\t\t\t\t<\/div>\n\t\t\t\t<\/div>\n\t\t\t\t<div class=\"elementor-element elementor-element-ea6e2a3 elementor-widget elementor-widget-text-editor\" data-id=\"ea6e2a3\" data-element_type=\"widget\" data-e-type=\"widget\" data-widget_type=\"text-editor.default\">\n\t\t\t\t<div class=\"elementor-widget-container\">\n\t\t\t\t\t\t\t\t\t<h3 style=\"text-align: center;\"><span dir=\"auto\" style=\"vertical-align: inherit; color: #800000;\"><span dir=\"auto\" style=\"vertical-align: inherit;\"><span dir=\"auto\" style=\"vertical-align: inherit;\"><span dir=\"auto\" style=\"vertical-align: inherit;\">PRIMER TRIMESTRE<\/span><\/span><\/span><\/span><\/h3>\t\t\t\t\t\t\t\t<\/div>\n\t\t\t\t<\/div>\n\t\t\t\t<div class=\"elementor-element elementor-element-5482ef5 elementor-widget elementor-widget-text-editor\" data-id=\"5482ef5\" data-element_type=\"widget\" data-e-type=\"widget\" data-widget_type=\"text-editor.default\">\n\t\t\t\t<div class=\"elementor-widget-container\">\n\t\t\t\t\t\t\t\t\t<h4 style=\"text-align: center;\"><span style=\"color: #000000;\"><span dir=\"auto\" style=\"vertical-align: inherit;\"><span dir=\"auto\" style=\"vertical-align: inherit;\"><span dir=\"auto\" style=\"vertical-align: inherit;\"><span dir=\"auto\" style=\"vertical-align: inherit;\"><span dir=\"auto\" style=\"vertical-align: inherit;\"><span dir=\"auto\" style=\"vertical-align: inherit;\"><span dir=\"auto\" style=\"vertical-align: inherit;\">Estos documentos sirven como una herramienta de planificaci\u00f3n y gesti\u00f3n financiera, permitiendo a la administraci\u00f3n municipal asignar recursos, priorizar necesidades y cumplir con sus funciones.<\/span><\/span><\/span><\/span><\/span><\/span><\/span><\/span><\/h4>\t\t\t\t\t\t\t\t<\/div>\n\t\t\t\t<\/div>\n\t\t\t\t<div class=\"elementor-element elementor-element-9abf376 elementor-widget elementor-widget-text-editor\" data-id=\"9abf376\" data-element_type=\"widget\" data-e-type=\"widget\" data-widget_type=\"text-editor.default\">\n\t\t\t\t<div class=\"elementor-widget-container\">\n\t\t\t\t\t\t\t\t\t<table class=\"has-fixed-layout\"><tbody><tr><td class=\"has-text-align-center\" data-align=\"center\"><h4 style=\"text-align: center;\"><span style=\"color: #000080;\"><strong><span dir=\"auto\" style=\"vertical-align: inherit;\"><span dir=\"auto\" style=\"vertical-align: inherit;\"><span dir=\"auto\" style=\"vertical-align: inherit;\"><span dir=\"auto\" style=\"vertical-align: inherit;\"><span dir=\"auto\" style=\"vertical-align: inherit;\"><span dir=\"auto\" style=\"vertical-align: inherit;\"><span dir=\"auto\" style=\"vertical-align: inherit;\">Documento<\/span><\/span><\/span><\/span><\/span><\/span><\/span><\/strong><\/span><\/h4><\/td><td class=\"has-text-align-center\" data-align=\"center\"><h4 style=\"text-align: center;\"><span style=\"color: #000080;\"><strong><span dir=\"auto\" style=\"vertical-align: inherit;\"><span dir=\"auto\" style=\"vertical-align: inherit;\"><span dir=\"auto\" style=\"vertical-align: inherit;\"><span dir=\"auto\" style=\"vertical-align: inherit;\"><span dir=\"auto\" style=\"vertical-align: inherit;\"><span dir=\"auto\" style=\"vertical-align: inherit;\"><span dir=\"auto\" style=\"vertical-align: inherit;\">Descargar<\/span><\/span><\/span><\/span><\/span><\/span><\/span><\/strong><\/span><\/h4><\/td><\/tr><tr><td class=\"has-text-align-center\" data-align=\"center\"><h5 style=\"text-align: center;\"><span style=\"color: #800000;\"><span dir=\"auto\" style=\"vertical-align: inherit;\"><span dir=\"auto\" style=\"vertical-align: inherit;\"><span dir=\"auto\" style=\"vertical-align: inherit;\"><span dir=\"auto\" style=\"vertical-align: inherit;\"><span dir=\"auto\" style=\"vertical-align: inherit;\"><span dir=\"auto\" style=\"vertical-align: inherit;\"><span dir=\"auto\" style=\"vertical-align: inherit;\">Anal\u00edtico Mensual de Egresos Pagado por Fuente<\/span><\/span><\/span><\/span><\/span><\/span><\/span><\/span><\/h5><\/td><td class=\"has-text-align-center\" data-align=\"center\"><a href=\"https:\/\/ayuntamientotenangodedoria.gob.mx\/wp-content\/uploads\/2026\/01\/AMEPFF_TED_01_2025.xlsx\"><img decoding=\"async\" class=\"aligncenter\" src=\"https:\/\/cdn3d.iconscout.com\/3d\/premium\/thumb\/descarga-xls-6880623-5640123.png\" alt=\"Recursos de Dise\u00f1o de Descargar Hoja Excel - Gratis en SVG, PNG, BLEND, GIF | iconoscout\" width=\"82\" height=\"82\" \/><\/a><\/td><\/tr><tr><td class=\"has-text-align-center\" data-align=\"center\"><h5 style=\"text-align: center;\"><span dir=\"auto\" style=\"vertical-align: inherit;\"><span dir=\"auto\" style=\"vertical-align: inherit;\"><span dir=\"auto\" style=\"vertical-align: inherit;\"><span dir=\"auto\" style=\"vertical-align: inherit;\"><span dir=\"auto\" style=\"vertical-align: inherit;\"><span dir=\"auto\" style=\"vertical-align: inherit;\"><span dir=\"auto\" style=\"vertical-align: inherit;\">Estado Anal\u00edtico del Ejercicio de Presupuesto por Fuente de Financiamiento<\/span><\/span><\/span><\/span><\/span><\/span><\/span><\/h5><\/td><td class=\"has-text-align-center\" data-align=\"center\"><h5><a href=\"https:\/\/ayuntamientotenangodedoria.gob.mx\/wp-content\/uploads\/2026\/01\/EAEPFF_TED_01_2025.xlsx\"><img decoding=\"async\" class=\"aligncenter\" src=\"https:\/\/cdn3d.iconscout.com\/3d\/premium\/thumb\/descarga-xls-6880623-5640123.png\" alt=\"Recursos de Dise\u00f1o de Descargar Hoja Excel - Gratis en SVG, PNG, BLEND, GIF | iconoscout\" width=\"82\" height=\"82\" \/><\/a><\/h5><\/td><\/tr><tr><td class=\"has-text-align-center\" data-align=\"center\"><h5 style=\"text-align: center;\"><span dir=\"auto\" style=\"vertical-align: inherit;\"><span style=\"color: #800000;\"><span dir=\"auto\" style=\"vertical-align: inherit;\"><span dir=\"auto\" style=\"vertical-align: inherit;\"><span dir=\"auto\" style=\"vertical-align: inherit;\"><span dir=\"auto\" style=\"vertical-align: inherit;\"><span dir=\"auto\" style=\"vertical-align: inherit;\"><span dir=\"auto\" style=\"vertical-align: inherit;\">Estado Anal\u00edtico del Ejercicio del Presupuesto de Egresos por Objeto de Gasto<\/span><\/span><\/span><\/span><\/span><\/span><\/span><\/span><\/h5><\/td><td class=\"has-text-align-center\" data-align=\"center\"><h5><a href=\"https:\/\/ayuntamientotenangodedoria.gob.mx\/wp-content\/uploads\/2026\/01\/EAEPOG_TED_01_2025.xlsx\"><img decoding=\"async\" class=\"aligncenter\" src=\"https:\/\/cdn3d.iconscout.com\/3d\/premium\/thumb\/descarga-xls-6880623-5640123.png\" alt=\"Recursos de Dise\u00f1o de Descargar Hoja Excel - Gratis en SVG, PNG, BLEND, GIF | iconoscout\" width=\"82\" height=\"82\" \/><\/a><\/h5><\/td><\/tr><tr><td class=\"has-text-align-center\" data-align=\"center\"><h5 style=\"text-align: center;\"><span dir=\"auto\" style=\"vertical-align: inherit;\"><span dir=\"auto\" style=\"vertical-align: inherit;\"><span dir=\"auto\" style=\"vertical-align: inherit;\"><span dir=\"auto\" style=\"vertical-align: inherit;\"><span dir=\"auto\" style=\"vertical-align: inherit;\"><span dir=\"auto\" style=\"vertical-align: inherit;\"><span dir=\"auto\" style=\"vertical-align: inherit;\">Estado Anal\u00edtico de Ingresos (Rubro, Tipo, Clase y Concepto)<\/span><\/span><\/span><\/span><\/span><\/span><\/span><\/h5><\/td><td class=\"has-text-align-center\" data-align=\"center\"><h5><a href=\"https:\/\/ayuntamientotenangodedoria.gob.mx\/wp-content\/uploads\/2026\/01\/EAI_TED_01_2025.xlsx\"><img decoding=\"async\" class=\"aligncenter\" src=\"https:\/\/cdn3d.iconscout.com\/3d\/premium\/thumb\/descarga-xls-6880623-5640123.png\" alt=\"Recursos de Dise\u00f1o de Descargar Hoja Excel - Gratis en SVG, PNG, BLEND, GIF | iconoscout\" width=\"82\" height=\"82\" \/><\/a><\/h5><\/td><\/tr><tr><td class=\"has-text-align-center\" data-align=\"center\"><h5 style=\"text-align: center;\"><span style=\"color: #800000;\"><span dir=\"auto\" style=\"vertical-align: inherit;\"><span dir=\"auto\" style=\"vertical-align: inherit;\"><span dir=\"auto\" style=\"vertical-align: inherit;\"><span dir=\"auto\" style=\"vertical-align: inherit;\"><span dir=\"auto\" style=\"vertical-align: inherit;\"><span dir=\"auto\" style=\"vertical-align: inherit;\"><span dir=\"auto\" style=\"vertical-align: inherit;\">Estado Anal\u00edtico de Ingresos Presupuestales<\/span><\/span><\/span><\/span><\/span><\/span><\/span><\/span><\/h5><\/td><td class=\"has-text-align-center\" data-align=\"center\"><h5><a href=\"https:\/\/ayuntamientotenangodedoria.gob.mx\/wp-content\/uploads\/2026\/01\/EAIP_TED_01_2025.xlsx\"><img decoding=\"async\" class=\"aligncenter\" src=\"https:\/\/cdn3d.iconscout.com\/3d\/premium\/thumb\/descarga-xls-6880623-5640123.png\" alt=\"Recursos de Dise\u00f1o de Descargar Hoja Excel - Gratis en SVG, PNG, BLEND, GIF | iconoscout\" width=\"82\" height=\"82\" \/><\/a><\/h5><\/td><\/tr><tr><td class=\"has-text-align-center\" data-align=\"center\"><h5 style=\"text-align: center;\"><span dir=\"auto\" style=\"vertical-align: inherit;\"><span dir=\"auto\" style=\"vertical-align: inherit;\"><span dir=\"auto\" style=\"vertical-align: inherit;\"><span dir=\"auto\" style=\"vertical-align: inherit;\"><span dir=\"auto\" style=\"vertical-align: inherit;\"><span dir=\"auto\" style=\"vertical-align: inherit;\"><span dir=\"auto\" style=\"vertical-align: inherit;\">Estado Anal\u00edtico Mensual de Ingresos 2024<\/span><\/span><\/span><\/span><\/span><\/span><\/span><\/h5><\/td><td class=\"has-text-align-center\" data-align=\"center\"><h5><a href=\"https:\/\/ayuntamientotenangodedoria.gob.mx\/wp-content\/uploads\/2026\/01\/EAMI_TED_01_2025.xlsx\"><img decoding=\"async\" class=\"aligncenter\" src=\"https:\/\/cdn3d.iconscout.com\/3d\/premium\/thumb\/descarga-xls-6880623-5640123.png\" alt=\"Recursos de Dise\u00f1o de Descargar Hoja Excel - Gratis en SVG, PNG, BLEND, GIF | iconoscout\" width=\"82\" height=\"82\" \/><\/a><\/h5><\/td><\/tr><tr><td class=\"has-text-align-center\" data-align=\"center\"><h5 style=\"text-align: center;\"><span dir=\"auto\" style=\"vertical-align: inherit;\"><span style=\"color: #800000;\"><span dir=\"auto\" style=\"vertical-align: inherit;\"><span dir=\"auto\" style=\"vertical-align: inherit;\"><span dir=\"auto\" style=\"vertical-align: inherit;\"><span dir=\"auto\" style=\"vertical-align: inherit;\"><span dir=\"auto\" style=\"vertical-align: inherit;\"><span dir=\"auto\" style=\"vertical-align: inherit;\">Endeudamiento Neto<\/span><\/span><\/span><\/span><\/span><\/span><\/span><\/span><\/h5><\/td><td class=\"has-text-align-center\" data-align=\"center\"><h5><a href=\"https:\/\/ayuntamientotenangodedoria.gob.mx\/wp-content\/uploads\/2026\/01\/EN_TED_01_2025.xlsx\"><img decoding=\"async\" class=\"aligncenter\" src=\"https:\/\/cdn3d.iconscout.com\/3d\/premium\/thumb\/descarga-xls-6880623-5640123.png\" alt=\"Recursos de Dise\u00f1o de Descargar Hoja Excel - Gratis en SVG, PNG, BLEND, GIF | iconoscout\" width=\"82\" height=\"82\" \/><\/a><\/h5><\/td><\/tr><tr><td class=\"has-text-align-center\" data-align=\"center\"><h5 style=\"text-align: center;\"><span dir=\"auto\" style=\"vertical-align: inherit;\"><span dir=\"auto\" style=\"vertical-align: inherit;\"><span dir=\"auto\" style=\"vertical-align: inherit;\"><span dir=\"auto\" style=\"vertical-align: inherit;\"><span dir=\"auto\" style=\"vertical-align: inherit;\"><span dir=\"auto\" style=\"vertical-align: inherit;\"><span dir=\"auto\" style=\"vertical-align: inherit;\">Inter\u00e9s de la Deuda<\/span><\/span><\/span><\/span><\/span><\/span><\/span><\/h5><\/td><td class=\"has-text-align-center\" data-align=\"center\"><a href=\"https:\/\/ayuntamientotenangodedoria.gob.mx\/wp-content\/uploads\/2026\/01\/ID_TED_01_2025.xlsx\"><img decoding=\"async\" class=\"aligncenter\" src=\"https:\/\/cdn3d.iconscout.com\/3d\/premium\/thumb\/descarga-xls-6880623-5640123.png\" alt=\"Recursos de Dise\u00f1o de Descargar Hoja Excel - Gratis en SVG, PNG, BLEND, GIF | iconoscout\" width=\"82\" height=\"82\" \/><\/a><\/td><\/tr><\/tbody><\/table>\t\t\t\t\t\t\t\t<\/div>\n\t\t\t\t<\/div>\n\t\t\t\t\t<\/div>\n\t\t\t\t<\/div>\n\t\t\t\t<\/div>\n\t\t","protected":false},"excerpt":{"rendered":"<p>INFORMACION PRESUPUESTARIA 2024 PRIMER TRIMESTRE Estos documentos sirven como una herramienta de planificaci\u00f3n y gesti\u00f3n financiera, permitiendo a la administraci\u00f3n municipal asignar recursos, priorizar necesidades y cumplir con sus funciones.&hellip;<\/p>\n","protected":false},"author":2,"featured_media":0,"parent":0,"menu_order":0,"comment_status":"closed","ping_status":"closed","template":"","meta":{"footnotes":""},"class_list":["post-4688","page","type-page","status-publish","hentry"],"yoast_head":"<!-- This site is optimized with the Yoast SEO plugin v27.2 - https:\/\/yoast.com\/product\/yoast-seo-wordpress\/ -->\n<title>INFORMACI\u00d3N PRESUPUESTARIA - 1ER TRIMESTRE 2024 -<\/title>\n<meta name=\"robots\" content=\"index, follow, max-snippet:-1, max-image-preview:large, max-video-preview:-1\" \/>\n<link rel=\"canonical\" href=\"https:\/\/ayuntamientotenangodedoria.gob.mx\/index.php\/informacion-presupuestaria-1er-trimestre-2024\/\" \/>\n<meta property=\"og:locale\" content=\"en_US\" \/>\n<meta property=\"og:type\" content=\"article\" \/>\n<meta property=\"og:title\" content=\"INFORMACI\u00d3N PRESUPUESTARIA - 1ER TRIMESTRE 2024 -\" \/>\n<meta property=\"og:description\" content=\"INFORMACION PRESUPUESTARIA 2024 PRIMER TRIMESTRE Estos documentos sirven como una herramienta de planificaci\u00f3n y gesti\u00f3n financiera, permitiendo a la administraci\u00f3n municipal asignar recursos, priorizar necesidades y cumplir con sus funciones.&hellip;\" \/>\n<meta property=\"og:url\" content=\"https:\/\/ayuntamientotenangodedoria.gob.mx\/index.php\/informacion-presupuestaria-1er-trimestre-2024\/\" \/>\n<meta property=\"article:modified_time\" content=\"2026-01-12T18:29:50+00:00\" \/>\n<meta property=\"og:image\" content=\"https:\/\/cdn3d.iconscout.com\/3d\/premium\/thumb\/descarga-xls-6880623-5640123.png\" \/>\n<meta name=\"twitter:card\" content=\"summary_large_image\" \/>\n<meta name=\"twitter:label1\" content=\"Est. reading time\" \/>\n\t<meta name=\"twitter:data1\" content=\"2 minutes\" \/>\n<script type=\"application\/ld+json\" class=\"yoast-schema-graph\">{\"@context\":\"https:\/\/schema.org\",\"@graph\":[{\"@type\":\"WebPage\",\"@id\":\"https:\/\/ayuntamientotenangodedoria.gob.mx\/index.php\/informacion-presupuestaria-1er-trimestre-2024\/\",\"url\":\"https:\/\/ayuntamientotenangodedoria.gob.mx\/index.php\/informacion-presupuestaria-1er-trimestre-2024\/\",\"name\":\"INFORMACI\u00d3N PRESUPUESTARIA - 1ER TRIMESTRE 2024 -\",\"isPartOf\":{\"@id\":\"https:\/\/ayuntamientotenangodedoria.gob.mx\/#website\"},\"primaryImageOfPage\":{\"@id\":\"https:\/\/ayuntamientotenangodedoria.gob.mx\/index.php\/informacion-presupuestaria-1er-trimestre-2024\/#primaryimage\"},\"image\":{\"@id\":\"https:\/\/ayuntamientotenangodedoria.gob.mx\/index.php\/informacion-presupuestaria-1er-trimestre-2024\/#primaryimage\"},\"thumbnailUrl\":\"https:\/\/cdn3d.iconscout.com\/3d\/premium\/thumb\/descarga-xls-6880623-5640123.png\",\"datePublished\":\"2026-01-12T16:04:21+00:00\",\"dateModified\":\"2026-01-12T18:29:50+00:00\",\"breadcrumb\":{\"@id\":\"https:\/\/ayuntamientotenangodedoria.gob.mx\/index.php\/informacion-presupuestaria-1er-trimestre-2024\/#breadcrumb\"},\"inLanguage\":\"en-US\",\"potentialAction\":[{\"@type\":\"ReadAction\",\"target\":[\"https:\/\/ayuntamientotenangodedoria.gob.mx\/index.php\/informacion-presupuestaria-1er-trimestre-2024\/\"]}]},{\"@type\":\"ImageObject\",\"inLanguage\":\"en-US\",\"@id\":\"https:\/\/ayuntamientotenangodedoria.gob.mx\/index.php\/informacion-presupuestaria-1er-trimestre-2024\/#primaryimage\",\"url\":\"https:\/\/cdn3d.iconscout.com\/3d\/premium\/thumb\/descarga-xls-6880623-5640123.png\",\"contentUrl\":\"https:\/\/cdn3d.iconscout.com\/3d\/premium\/thumb\/descarga-xls-6880623-5640123.png\"},{\"@type\":\"BreadcrumbList\",\"@id\":\"https:\/\/ayuntamientotenangodedoria.gob.mx\/index.php\/informacion-presupuestaria-1er-trimestre-2024\/#breadcrumb\",\"itemListElement\":[{\"@type\":\"ListItem\",\"position\":1,\"name\":\"Home\",\"item\":\"https:\/\/ayuntamientotenangodedoria.gob.mx\/\"},{\"@type\":\"ListItem\",\"position\":2,\"name\":\"INFORMACI\u00d3N PRESUPUESTARIA &#8211; 1ER TRIMESTRE 2024\"}]},{\"@type\":\"WebSite\",\"@id\":\"https:\/\/ayuntamientotenangodedoria.gob.mx\/#website\",\"url\":\"https:\/\/ayuntamientotenangodedoria.gob.mx\/\",\"name\":\"\",\"description\":\"Transformando con Inclusi\u00f3n e Interculturalidad\",\"potentialAction\":[{\"@type\":\"SearchAction\",\"target\":{\"@type\":\"EntryPoint\",\"urlTemplate\":\"https:\/\/ayuntamientotenangodedoria.gob.mx\/?s={search_term_string}\"},\"query-input\":{\"@type\":\"PropertyValueSpecification\",\"valueRequired\":true,\"valueName\":\"search_term_string\"}}],\"inLanguage\":\"en-US\"}]}<\/script>\n<!-- \/ Yoast SEO plugin. -->","yoast_head_json":{"title":"INFORMACI\u00d3N PRESUPUESTARIA - 1ER TRIMESTRE 2024 -","robots":{"index":"index","follow":"follow","max-snippet":"max-snippet:-1","max-image-preview":"max-image-preview:large","max-video-preview":"max-video-preview:-1"},"canonical":"https:\/\/ayuntamientotenangodedoria.gob.mx\/index.php\/informacion-presupuestaria-1er-trimestre-2024\/","og_locale":"en_US","og_type":"article","og_title":"INFORMACI\u00d3N PRESUPUESTARIA - 1ER TRIMESTRE 2024 -","og_description":"INFORMACION PRESUPUESTARIA 2024 PRIMER TRIMESTRE Estos documentos sirven como una herramienta de planificaci\u00f3n y gesti\u00f3n financiera, permitiendo a la administraci\u00f3n municipal asignar recursos, priorizar necesidades y cumplir con sus funciones.&hellip;","og_url":"https:\/\/ayuntamientotenangodedoria.gob.mx\/index.php\/informacion-presupuestaria-1er-trimestre-2024\/","article_modified_time":"2026-01-12T18:29:50+00:00","og_image":[{"url":"https:\/\/cdn3d.iconscout.com\/3d\/premium\/thumb\/descarga-xls-6880623-5640123.png","type":"","width":"","height":""}],"twitter_card":"summary_large_image","twitter_misc":{"Est. reading time":"2 minutes"},"schema":{"@context":"https:\/\/schema.org","@graph":[{"@type":"WebPage","@id":"https:\/\/ayuntamientotenangodedoria.gob.mx\/index.php\/informacion-presupuestaria-1er-trimestre-2024\/","url":"https:\/\/ayuntamientotenangodedoria.gob.mx\/index.php\/informacion-presupuestaria-1er-trimestre-2024\/","name":"INFORMACI\u00d3N PRESUPUESTARIA - 1ER TRIMESTRE 2024 -","isPartOf":{"@id":"https:\/\/ayuntamientotenangodedoria.gob.mx\/#website"},"primaryImageOfPage":{"@id":"https:\/\/ayuntamientotenangodedoria.gob.mx\/index.php\/informacion-presupuestaria-1er-trimestre-2024\/#primaryimage"},"image":{"@id":"https:\/\/ayuntamientotenangodedoria.gob.mx\/index.php\/informacion-presupuestaria-1er-trimestre-2024\/#primaryimage"},"thumbnailUrl":"https:\/\/cdn3d.iconscout.com\/3d\/premium\/thumb\/descarga-xls-6880623-5640123.png","datePublished":"2026-01-12T16:04:21+00:00","dateModified":"2026-01-12T18:29:50+00:00","breadcrumb":{"@id":"https:\/\/ayuntamientotenangodedoria.gob.mx\/index.php\/informacion-presupuestaria-1er-trimestre-2024\/#breadcrumb"},"inLanguage":"en-US","potentialAction":[{"@type":"ReadAction","target":["https:\/\/ayuntamientotenangodedoria.gob.mx\/index.php\/informacion-presupuestaria-1er-trimestre-2024\/"]}]},{"@type":"ImageObject","inLanguage":"en-US","@id":"https:\/\/ayuntamientotenangodedoria.gob.mx\/index.php\/informacion-presupuestaria-1er-trimestre-2024\/#primaryimage","url":"https:\/\/cdn3d.iconscout.com\/3d\/premium\/thumb\/descarga-xls-6880623-5640123.png","contentUrl":"https:\/\/cdn3d.iconscout.com\/3d\/premium\/thumb\/descarga-xls-6880623-5640123.png"},{"@type":"BreadcrumbList","@id":"https:\/\/ayuntamientotenangodedoria.gob.mx\/index.php\/informacion-presupuestaria-1er-trimestre-2024\/#breadcrumb","itemListElement":[{"@type":"ListItem","position":1,"name":"Home","item":"https:\/\/ayuntamientotenangodedoria.gob.mx\/"},{"@type":"ListItem","position":2,"name":"INFORMACI\u00d3N PRESUPUESTARIA &#8211; 1ER TRIMESTRE 2024"}]},{"@type":"WebSite","@id":"https:\/\/ayuntamientotenangodedoria.gob.mx\/#website","url":"https:\/\/ayuntamientotenangodedoria.gob.mx\/","name":"","description":"Transformando con Inclusi\u00f3n e Interculturalidad","potentialAction":[{"@type":"SearchAction","target":{"@type":"EntryPoint","urlTemplate":"https:\/\/ayuntamientotenangodedoria.gob.mx\/?s={search_term_string}"},"query-input":{"@type":"PropertyValueSpecification","valueRequired":true,"valueName":"search_term_string"}}],"inLanguage":"en-US"}]}},"_links":{"self":[{"href":"https:\/\/ayuntamientotenangodedoria.gob.mx\/index.php\/wp-json\/wp\/v2\/pages\/4688","targetHints":{"allow":["GET"]}}],"collection":[{"href":"https:\/\/ayuntamientotenangodedoria.gob.mx\/index.php\/wp-json\/wp\/v2\/pages"}],"about":[{"href":"https:\/\/ayuntamientotenangodedoria.gob.mx\/index.php\/wp-json\/wp\/v2\/types\/page"}],"author":[{"embeddable":true,"href":"https:\/\/ayuntamientotenangodedoria.gob.mx\/index.php\/wp-json\/wp\/v2\/users\/2"}],"replies":[{"embeddable":true,"href":"https:\/\/ayuntamientotenangodedoria.gob.mx\/index.php\/wp-json\/wp\/v2\/comments?post=4688"}],"version-history":[{"count":10,"href":"https:\/\/ayuntamientotenangodedoria.gob.mx\/index.php\/wp-json\/wp\/v2\/pages\/4688\/revisions"}],"predecessor-version":[{"id":4769,"href":"https:\/\/ayuntamientotenangodedoria.gob.mx\/index.php\/wp-json\/wp\/v2\/pages\/4688\/revisions\/4769"}],"wp:attachment":[{"href":"https:\/\/ayuntamientotenangodedoria.gob.mx\/index.php\/wp-json\/wp\/v2\/media?parent=4688"}],"curies":[{"name":"wp","href":"https:\/\/api.w.org\/{rel}","templated":true}]}}