{"id":5231,"date":"2026-03-26T03:51:47","date_gmt":"2026-03-26T03:51:47","guid":{"rendered":"https:\/\/ayuntamientotenangodedoria.gob.mx\/?page_id=5231"},"modified":"2026-03-26T04:06:08","modified_gmt":"2026-03-26T04:06:08","slug":"archivo-municipal-2","status":"publish","type":"page","link":"https:\/\/ayuntamientotenangodedoria.gob.mx\/index.php\/archivo-municipal-2\/","title":{"rendered":"Archivo Municipal"},"content":{"rendered":"\t\t<div data-elementor-type=\"wp-page\" data-elementor-id=\"5231\" class=\"elementor elementor-5231\">\n\t\t\t\t<div class=\"elementor-element elementor-element-15b1cc5 e-flex e-con-boxed e-con e-parent\" data-id=\"15b1cc5\" data-element_type=\"container\" data-e-type=\"container\">\n\t\t\t\t\t<div class=\"e-con-inner\">\n\t\t\t\t<div class=\"elementor-element elementor-element-69abbba elementor-widget elementor-widget-heading\" data-id=\"69abbba\" data-element_type=\"widget\" data-e-type=\"widget\" data-widget_type=\"heading.default\">\n\t\t\t\t<div class=\"elementor-widget-container\">\n\t\t\t\t\t<h2 class=\"elementor-heading-title elementor-size-default\">Archivo Municipal<\/h2>\t\t\t\t<\/div>\n\t\t\t\t<\/div>\n\t\t\t\t<div class=\"elementor-element elementor-element-bb01b6d elementor-widget elementor-widget-text-editor\" data-id=\"bb01b6d\" data-element_type=\"widget\" data-e-type=\"widget\" data-widget_type=\"text-editor.default\">\n\t\t\t\t<div class=\"elementor-widget-container\">\n\t\t\t\t\t\t\t\t\t<h2 style=\"text-align: center;\"><span style=\"color: #800000;\"><span dir=\"auto\" style=\"vertical-align: inherit;\"><span dir=\"auto\" style=\"vertical-align: inherit;\"><span dir=\"auto\" style=\"vertical-align: inherit;\"><span dir=\"auto\" style=\"vertical-align: inherit;\">Presentaci\u00f3n<\/span><\/span><\/span><\/span><\/span><\/h2>\t\t\t\t\t\t\t\t<\/div>\n\t\t\t\t<\/div>\n\t\t\t\t<div class=\"elementor-element elementor-element-e892fb2 elementor-widget elementor-widget-text-editor\" data-id=\"e892fb2\" data-element_type=\"widget\" data-e-type=\"widget\" data-widget_type=\"text-editor.default\">\n\t\t\t\t<div class=\"elementor-widget-container\">\n\t\t\t\t\t\t\t\t\t<h5 style=\"text-align: center;\"><span dir=\"auto\" style=\"vertical-align: inherit;\"><span dir=\"auto\" style=\"vertical-align: inherit;\"><span dir=\"auto\" style=\"vertical-align: inherit;\"><span dir=\"auto\" style=\"vertical-align: inherit;\">El Archivo Municipal de Tenango de Doria resguarda la documentaci\u00f3n generada por la administraci\u00f3n p\u00fablica municipal a lo largo del tiempo, constituyendo una fuente fundamental para la memoria hist\u00f3rica y administrativa del municipio. Su acervo abarca desde registros oficiales, actas de cabildo, expedientes administrativos y documentaci\u00f3n de las distintas \u00e1reas del ayuntamiento, hasta informaci\u00f3n reciente que da cuenta del desarrollo institucional y social de Tenango de Doria.<\/span><\/span><\/span><\/span><\/h5><h5>\u00a0<\/h5><h5 style=\"text-align: center;\"><span style=\"color: #000080;\"><span dir=\"auto\" style=\"vertical-align: inherit;\"><span dir=\"auto\" style=\"vertical-align: inherit;\"><span dir=\"auto\" style=\"vertical-align: inherit;\"><span dir=\"auto\" style=\"vertical-align: inherit;\">Asimismo, el archivo integra otros documentos que, sin haber sido producidos directamente por la administraci\u00f3n municipal, se han incorporado por su alto valor hist\u00f3rico, cultural y social para la regi\u00f3n Otom\u00ed-Tepehua. Entre estos se incluyen colecciones documentales, archivos personales, testimonios comunitarios y materiales que reflejan las tradiciones, usos y costumbres del municipio, muchos de ellos obtenidos mediante donaciones o colaboraciones con ciudadanos y organizaciones locales.<\/span><\/span><\/span><\/span><\/span><\/h5><h5>\u00a0<\/h5><h5 style=\"text-align: center;\"><span dir=\"auto\" style=\"vertical-align: inherit; color: #800000;\"><span dir=\"auto\" style=\"vertical-align: inherit;\"><span dir=\"auto\" style=\"vertical-align: inherit;\"><span dir=\"auto\" style=\"vertical-align: inherit;\">De esta manera, el Archivo Municipal no solo cumple con una funci\u00f3n administrativa y de transparencia, sino que tambi\u00e9n se consolida como un espacio de preservaci\u00f3n de la identidad, la historia y el patrimonio documental de Tenango de Doria, garantizando el acceso a la informaci\u00f3n y fomentando el conocimiento de sus ra\u00edces culturales.<\/span><\/span><\/span><\/span><\/h5>\t\t\t\t\t\t\t\t<\/div>\n\t\t\t\t<\/div>\n\t\t\t\t<div class=\"elementor-element elementor-element-2c1b647 elementor-widget elementor-widget-text-editor\" data-id=\"2c1b647\" data-element_type=\"widget\" data-e-type=\"widget\" data-widget_type=\"text-editor.default\">\n\t\t\t\t<div class=\"elementor-widget-container\">\n\t\t\t\t\t\t\t\t\t<h3 style=\"text-align: left;\" data-section-id=\"bxp2de\" data-start=\"153\" data-end=\"208\"><span role=\"text\"><span dir=\"auto\" style=\"vertical-align: inherit;\"><span dir=\"auto\" style=\"vertical-align: inherit;\"><span dir=\"auto\" style=\"vertical-align: inherit;\"><span dir=\"auto\" style=\"vertical-align: inherit;\"><span dir=\"auto\" style=\"vertical-align: inherit;\"><span dir=\"auto\" style=\"vertical-align: inherit;\">Misi\u00f3n del Archivo Municipal de Tenango de Doria<\/span><\/span><\/span><\/span><\/span><\/span><\/span><\/h3><p data-start=\"210\" data-end=\"679\">\u00a0<\/p><p style=\"text-align: left;\" data-start=\"210\" data-end=\"679\"><span dir=\"auto\" style=\"vertical-align: inherit;\"><span dir=\"auto\" style=\"vertical-align: inherit;\"><span dir=\"auto\" style=\"vertical-align: inherit;\"><span dir=\"auto\" style=\"vertical-align: inherit;\"><span dir=\"auto\" style=\"vertical-align: inherit;\"><span dir=\"auto\" style=\"vertical-align: inherit;\">Reunir, conservar, organizar y difundir la documentaci\u00f3n generada por el Ayuntamiento de Tenango de Doria, as\u00ed como aquella relacionada con el municipio que se recibe o integra a su acervo, con el prop\u00f3sito de ponerla a disposici\u00f3n de la ciudadan\u00eda para la investigaci\u00f3n hist\u00f3rica, la consulta p\u00fablica, el estudio y la atenci\u00f3n de asuntos administrativos; adem\u00e1s de servir como herramienta de apoyo para las distintas \u00e1reas municipales en el desempe\u00f1o de sus funciones.<\/span><\/span><\/span><\/span><\/span><\/span><\/p>\t\t\t\t\t\t\t\t<\/div>\n\t\t\t\t<\/div>\n\t\t\t\t<div class=\"elementor-element elementor-element-9cff28a elementor-widget elementor-widget-text-editor\" data-id=\"9cff28a\" data-element_type=\"widget\" data-e-type=\"widget\" data-widget_type=\"text-editor.default\">\n\t\t\t\t<div class=\"elementor-widget-container\">\n\t\t\t\t\t\t\t\t\t<h3 data-section-id=\"8nif4t\" data-start=\"3199\" data-end=\"3222\"><span role=\"text\">Tipos de Archivo<\/span><\/h3><p data-start=\"3224\" data-end=\"3290\">El Archivo Municipal de Tenango de Doria cumple una doble funci\u00f3n:<\/p><ul data-start=\"3292\" data-end=\"3587\"><li data-section-id=\"r8ngar\" data-start=\"3292\" data-end=\"3466\"><strong data-start=\"3294\" data-end=\"3352\">Archivo Administrativo (o de tr\u00e1mite y concentraci\u00f3n):<\/strong> resguarda la documentaci\u00f3n reciente que a\u00fan tiene valor legal o administrativo para las \u00e1reas del Ayuntamiento.<\/li><li data-section-id=\"1omi83c\" data-start=\"3467\" data-end=\"3587\"><strong data-start=\"3469\" data-end=\"3491\">Archivo Hist\u00f3rico:<\/strong> conserva documentos de valor permanente que forman parte de la memoria hist\u00f3rica del municipio.<\/li><\/ul>\t\t\t\t\t\t\t\t<\/div>\n\t\t\t\t<\/div>\n\t\t\t\t<div class=\"elementor-element elementor-element-2369e1c elementor-widget elementor-widget-text-editor\" data-id=\"2369e1c\" data-element_type=\"widget\" data-e-type=\"widget\" data-widget_type=\"text-editor.default\">\n\t\t\t\t<div class=\"elementor-widget-container\">\n\t\t\t\t\t\t\t\t\t<h3 data-section-id=\"ggk3il\" data-start=\"686\" data-end=\"712\"><span role=\"text\"><span dir=\"auto\" style=\"vertical-align: inherit;\"><span dir=\"auto\" style=\"vertical-align: inherit;\">\u00bfQu\u00e9 es un Archivo?<\/span><\/span><\/span><\/h3><p data-start=\"714\" data-end=\"955\">\u00a0<\/p><p data-start=\"714\" data-end=\"955\"><span dir=\"auto\" style=\"vertical-align: inherit;\"><span dir=\"auto\" style=\"vertical-align: inherit;\">Un archivo es el conjunto de documentos producidos o reunidos por una persona, comunidad o instituci\u00f3n a lo largo del tiempo. Estos documentos pueden encontrarse en diversos soportes, como papel, material digital, fotograf\u00edas, audio o video.<\/span><\/span><\/p><p data-start=\"957\" data-end=\"1269\"><span dir=\"auto\" style=\"vertical-align: inherit;\"><span dir=\"auto\" style=\"vertical-align: inherit;\">Cuando hablamos de un archivo, nos referimos a documentos que no est\u00e1n reunidos al azar, sino que representan el testimonio de actividades, decisiones y acontecimientos que forman parte de la vida institucional o social. Son evidencia del actuar cotidiano de una administraci\u00f3n o de la historia de una comunidad.<\/span><\/span><\/p><p data-start=\"1271\" data-end=\"1619\"><span dir=\"auto\" style=\"vertical-align: inherit;\"><span dir=\"auto\" style=\"vertical-align: inherit;\">Los documentos nacen con una finalidad pr\u00e1ctica: registrar hechos, dar constancia de actos administrativos, acreditar derechos u obligaciones. Con el paso del tiempo, adem\u00e1s de su utilidad administrativa, adquirieron un valor hist\u00f3rico, ya que permiten conocer el pasado, comprender la evoluci\u00f3n de las instituciones y preservar la memoria colectiva.<\/span><\/span><\/p><p data-start=\"1621\" data-end=\"1810\"><span dir=\"auto\" style=\"vertical-align: inherit;\"><span dir=\"auto\" style=\"vertical-align: inherit;\">No todos los documentos conservan valor permanente; algunos, al cumplir su funci\u00f3n, pueden ser eliminados mediante procesos controlados, garantizando siempre la correcta gesti\u00f3n documental.<\/span><\/span><\/p>\t\t\t\t\t\t\t\t<\/div>\n\t\t\t\t<\/div>\n\t\t\t\t<div class=\"elementor-element elementor-element-f74e5ff elementor-widget elementor-widget-text-editor\" data-id=\"f74e5ff\" data-element_type=\"widget\" data-e-type=\"widget\" data-widget_type=\"text-editor.default\">\n\t\t\t\t<div class=\"elementor-widget-container\">\n\t\t\t\t\t\t\t\t\t<h3 data-section-id=\"i7yinr\" data-start=\"1817\" data-end=\"1853\"><span role=\"text\"><span dir=\"auto\" style=\"vertical-align: inherit;\"><span dir=\"auto\" style=\"vertical-align: inherit;\"><span dir=\"auto\" style=\"vertical-align: inherit;\"><span dir=\"auto\" style=\"vertical-align: inherit;\">\u00bfQu\u00e9 es el Archivo Municipal?<\/span><\/span><\/span><\/span><\/span><\/h3><p data-start=\"1855\" data-end=\"2164\">\u00a0<\/p><p data-start=\"1855\" data-end=\"2164\"><span dir=\"auto\" style=\"vertical-align: inherit;\"><span dir=\"auto\" style=\"vertical-align: inherit;\"><span dir=\"auto\" style=\"vertical-align: inherit;\"><span dir=\"auto\" style=\"vertical-align: inherit;\">El Archivo Municipal de Tenango de Doria es la instancia responsable de resguardar, proteger y organizar el patrimonio documental del Ayuntamiento, el cual est\u00e1 constituido por los documentos generados en el ejercicio de sus funciones, conforme a la legislaci\u00f3n vigente en materia de archivos y transparencia.<\/span><\/span><\/span><\/span><\/p><p data-start=\"2166\" data-end=\"2194\"><span dir=\"auto\" style=\"vertical-align: inherit;\"><span dir=\"auto\" style=\"vertical-align: inherit;\"><span dir=\"auto\" style=\"vertical-align: inherit;\"><span dir=\"auto\" style=\"vertical-align: inherit;\">Este archivo se integra por:<\/span><\/span><\/span><\/span><\/p><ul data-start=\"2196\" data-end=\"2471\"><li data-section-id=\"rr7l1x\" data-start=\"2196\" data-end=\"2280\"><span dir=\"auto\" style=\"vertical-align: inherit;\"><span dir=\"auto\" style=\"vertical-align: inherit;\"><span dir=\"auto\" style=\"vertical-align: inherit;\"><span dir=\"auto\" style=\"vertical-align: inherit;\">Documentaci\u00f3n administrativa generada por las diferentes \u00e1reas del Ayuntamiento.<\/span><\/span><\/span><\/span><\/li><li data-section-id=\"1cz0hp7\" data-start=\"2281\" data-end=\"2357\"><span dir=\"auto\" style=\"vertical-align: inherit;\"><span dir=\"auto\" style=\"vertical-align: inherit;\"><span dir=\"auto\" style=\"vertical-align: inherit;\"><span dir=\"auto\" style=\"vertical-align: inherit;\">Expedientes, actas, registros y documentos oficiales de inter\u00e9s p\u00fablico.<\/span><\/span><\/span><\/span><\/li><li data-section-id=\"1xodrka\" data-start=\"2358\" data-end=\"2471\"><span dir=\"auto\" style=\"vertical-align: inherit;\"><span dir=\"auto\" style=\"vertical-align: inherit;\"><span dir=\"auto\" style=\"vertical-align: inherit;\"><span dir=\"auto\" style=\"vertical-align: inherit;\">Material documental hist\u00f3rico o cultural que se ha incorporado mediante donaciones o colaboraciones ciudadanas.<\/span><\/span><\/span><\/span><\/li><\/ul><p data-start=\"2473\" data-end=\"2639\"><span dir=\"auto\" style=\"vertical-align: inherit;\"><span dir=\"auto\" style=\"vertical-align: inherit;\"><span dir=\"auto\" style=\"vertical-align: inherit;\"><span dir=\"auto\" style=\"vertical-align: inherit;\">Su funci\u00f3n principal es garantizar la correcta gesti\u00f3n documental, facilitando el acceso a la informaci\u00f3n tanto a servidores p\u00fablicos como a la ciudadan\u00eda en general.<\/span><\/span><\/span><\/span><\/p><p><span dir=\"auto\" style=\"vertical-align: inherit;\"><span dir=\"auto\" style=\"vertical-align: inherit;\"><span dir=\"auto\" style=\"vertical-align: inherit;\"><span dir=\"auto\" style=\"vertical-align: inherit;\"><span dir=\"auto\" style=\"vertical-align: inherit;\"><span dir=\"auto\" style=\"vertical-align: inherit;\">.<\/span><\/span><\/span><\/span><\/span><\/span><\/p>\t\t\t\t\t\t\t\t<\/div>\n\t\t\t\t<\/div>\n\t\t\t\t<div class=\"elementor-element elementor-element-2d3e6da elementor-widget elementor-widget-text-editor\" data-id=\"2d3e6da\" data-element_type=\"widget\" data-e-type=\"widget\" data-widget_type=\"text-editor.default\">\n\t\t\t\t<div class=\"elementor-widget-container\">\n\t\t\t\t\t\t\t\t\t<h3 data-section-id=\"drpvu0\" data-start=\"2646\" data-end=\"2684\"><span role=\"text\"><span dir=\"auto\" style=\"vertical-align: inherit;\"><span dir=\"auto\" style=\"vertical-align: inherit;\">Funciones del Archivo Municipal<\/span><\/span><\/span><\/h3><p data-start=\"2686\" data-end=\"2771\"><span dir=\"auto\" style=\"vertical-align: inherit;\"><span dir=\"auto\" style=\"vertical-align: inherit;\">El Archivo Municipal de Tenango de Doria cumple con diversas funciones fundamentales:<\/span><\/span><\/p><ul data-start=\"2773\" data-end=\"3192\"><li data-section-id=\"14b23x6\" data-start=\"2773\" data-end=\"2859\"><strong data-start=\"2775\" data-end=\"2799\"><span dir=\"auto\" style=\"vertical-align: inherit;\"><span dir=\"auto\" style=\"vertical-align: inherit;\">Recibir y resguardar<\/span><\/span><\/strong><span dir=\"auto\" style=\"vertical-align: inherit;\"><span dir=\"auto\" style=\"vertical-align: inherit;\"> la documentaci\u00f3n generada por las \u00e1reas del Ayuntamiento.<\/span><\/span><\/li><li data-section-id=\"w3hccn\" data-start=\"2860\" data-end=\"2941\"><strong data-start=\"2862\" data-end=\"2888\"><span dir=\"auto\" style=\"vertical-align: inherit;\"><span dir=\"auto\" style=\"vertical-align: inherit;\">Organizar y clasificar<\/span><\/span><\/strong><span dir=\"auto\" style=\"vertical-align: inherit;\"><span dir=\"auto\" style=\"vertical-align: inherit;\"> los documentos conforme a criterios archiv\u00edsticos.<\/span><\/span><\/li><li data-section-id=\"kj21k1\" data-start=\"2942\" data-end=\"3010\"><strong data-start=\"2944\" data-end=\"2968\"><span dir=\"auto\" style=\"vertical-align: inherit;\"><span dir=\"auto\" style=\"vertical-align: inherit;\">Conservar y proteger<\/span><\/span><\/strong><span dir=\"auto\" style=\"vertical-align: inherit;\"><span dir=\"auto\" style=\"vertical-align: inherit;\"> el patrimonio documental del municipio.<\/span><\/span><\/li><li data-section-id=\"vwqgi3\" data-start=\"3011\" data-end=\"3108\"><strong data-start=\"3013\" data-end=\"3036\"><span dir=\"auto\" style=\"vertical-align: inherit;\"><span dir=\"auto\" style=\"vertical-align: inherit;\">Facilitar el acceso<\/span><\/span><\/strong><span dir=\"auto\" style=\"vertical-align: inherit;\"><span dir=\"auto\" style=\"vertical-align: inherit;\"> a la informaci\u00f3n para consulta administrativa, hist\u00f3rica o ciudadana.<\/span><\/span><\/li><li data-section-id=\"7rirss\" data-start=\"3109\" data-end=\"3192\"><strong data-start=\"3111\" data-end=\"3145\"><span dir=\"auto\" style=\"vertical-align: inherit;\"><span dir=\"auto\" style=\"vertical-align: inherit;\">Apoyar a las \u00e1reas municipales<\/span><\/span><\/strong><span dir=\"auto\" style=\"vertical-align: inherit;\"><span dir=\"auto\" style=\"vertical-align: inherit;\"> en la gesti\u00f3n y localizaci\u00f3n de expedientes<\/span><\/span><\/li><\/ul>\t\t\t\t\t\t\t\t<\/div>\n\t\t\t\t<\/div>\n\t\t\t\t<div class=\"elementor-element elementor-element-b59d9d6 elementor-widget elementor-widget-text-editor\" data-id=\"b59d9d6\" data-element_type=\"widget\" data-e-type=\"widget\" data-widget_type=\"text-editor.default\">\n\t\t\t\t<div class=\"elementor-widget-container\">\n\t\t\t\t\t\t\t\t\t<h3 data-section-id=\"1fr4agl\" data-start=\"3594\" data-end=\"3621\"><span role=\"text\">Usuarios del Archivo<\/span><\/h3><p data-start=\"3623\" data-end=\"3683\">\u00a0<\/p><p data-start=\"3623\" data-end=\"3683\">El Archivo Municipal est\u00e1 al servicio de distintos usuarios:<\/p><ul data-start=\"3685\" data-end=\"4001\"><li data-section-id=\"1qbwn7u\" data-start=\"3685\" data-end=\"3771\"><strong data-start=\"3687\" data-end=\"3710\">Servidores p\u00fablicos<\/strong>, que requieren informaci\u00f3n para la gesti\u00f3n administrativa.<\/li><li data-section-id=\"1tfuvd9\" data-start=\"3772\" data-end=\"3864\"><strong data-start=\"3774\" data-end=\"3806\">Investigadores y estudiantes<\/strong>, interesados en la historia y desarrollo del municipio.<\/li><li data-section-id=\"9ev5a2\" data-start=\"3865\" data-end=\"4001\"><strong data-start=\"3867\" data-end=\"3892\">Ciudadan\u00eda en general<\/strong>, que solicita informaci\u00f3n o documentaci\u00f3n de inter\u00e9s personal o p\u00fablico, conforme a la normatividad vigente.<\/li><\/ul>\t\t\t\t\t\t\t\t<\/div>\n\t\t\t\t<\/div>\n\t\t\t\t<div class=\"elementor-element elementor-element-92f4990 elementor-widget elementor-widget-text-editor\" data-id=\"92f4990\" data-element_type=\"widget\" data-e-type=\"widget\" data-widget_type=\"text-editor.default\">\n\t\t\t\t<div class=\"elementor-widget-container\">\n\t\t\t\t\t\t\t\t\t<h3 data-section-id=\"1h6rcb5\" data-start=\"4008\" data-end=\"4048\"><span role=\"text\"><strong data-start=\"4011\" data-end=\"4048\">Importancia del Archivo Municipal<\/strong><\/span><\/h3><p data-start=\"4050\" data-end=\"4372\">\u00a0<\/p><p data-start=\"4050\" data-end=\"4372\">El Archivo Municipal de Tenango de Doria es un elemento clave para la transparencia, la rendici\u00f3n de cuentas y la preservaci\u00f3n de la memoria hist\u00f3rica. A trav\u00e9s de sus documentos, se resguarda la identidad del municipio, sus tradiciones, su evoluci\u00f3n administrativa y su riqueza cultural dentro de la regi\u00f3n Otom\u00ed-Tepehua.<\/p><p>\u00a0<\/p>\t\t\t\t\t\t\t\t<\/div>\n\t\t\t\t<\/div>\n\t\t\t\t\t<\/div>\n\t\t\t\t<\/div>\n\t\t\t\t<\/div>\n\t\t","protected":false},"excerpt":{"rendered":"<p>Archivo Municipal Presentaci\u00f3n El Archivo Municipal de Tenango de Doria resguarda la documentaci\u00f3n generada por la administraci\u00f3n p\u00fablica municipal a lo largo del tiempo, constituyendo una fuente fundamental para la&hellip;<\/p>\n","protected":false},"author":2,"featured_media":0,"parent":0,"menu_order":0,"comment_status":"closed","ping_status":"closed","template":"","meta":{"footnotes":""},"class_list":["post-5231","page","type-page","status-publish","hentry"],"yoast_head":"<!-- This site is optimized with the Yoast SEO plugin v27.2 - https:\/\/yoast.com\/product\/yoast-seo-wordpress\/ -->\n<title>Archivo Municipal -<\/title>\n<meta name=\"robots\" content=\"index, follow, max-snippet:-1, max-image-preview:large, max-video-preview:-1\" \/>\n<link rel=\"canonical\" href=\"https:\/\/ayuntamientotenangodedoria.gob.mx\/index.php\/archivo-municipal-2\/\" \/>\n<meta property=\"og:locale\" content=\"en_US\" \/>\n<meta property=\"og:type\" content=\"article\" \/>\n<meta property=\"og:title\" content=\"Archivo Municipal -\" \/>\n<meta property=\"og:description\" content=\"Archivo Municipal Presentaci\u00f3n El Archivo Municipal de Tenango de Doria resguarda la documentaci\u00f3n generada por la administraci\u00f3n p\u00fablica municipal a lo largo del tiempo, constituyendo una fuente fundamental para la&hellip;\" \/>\n<meta property=\"og:url\" content=\"https:\/\/ayuntamientotenangodedoria.gob.mx\/index.php\/archivo-municipal-2\/\" \/>\n<meta property=\"article:modified_time\" content=\"2026-03-26T04:06:08+00:00\" \/>\n<meta name=\"twitter:card\" content=\"summary_large_image\" \/>\n<meta name=\"twitter:label1\" content=\"Est. reading time\" \/>\n\t<meta name=\"twitter:data1\" content=\"4 minutes\" \/>\n<script type=\"application\/ld+json\" class=\"yoast-schema-graph\">{\"@context\":\"https:\/\/schema.org\",\"@graph\":[{\"@type\":\"WebPage\",\"@id\":\"https:\/\/ayuntamientotenangodedoria.gob.mx\/index.php\/archivo-municipal-2\/\",\"url\":\"https:\/\/ayuntamientotenangodedoria.gob.mx\/index.php\/archivo-municipal-2\/\",\"name\":\"Archivo Municipal -\",\"isPartOf\":{\"@id\":\"https:\/\/ayuntamientotenangodedoria.gob.mx\/#website\"},\"datePublished\":\"2026-03-26T03:51:47+00:00\",\"dateModified\":\"2026-03-26T04:06:08+00:00\",\"breadcrumb\":{\"@id\":\"https:\/\/ayuntamientotenangodedoria.gob.mx\/index.php\/archivo-municipal-2\/#breadcrumb\"},\"inLanguage\":\"en-US\",\"potentialAction\":[{\"@type\":\"ReadAction\",\"target\":[\"https:\/\/ayuntamientotenangodedoria.gob.mx\/index.php\/archivo-municipal-2\/\"]}]},{\"@type\":\"BreadcrumbList\",\"@id\":\"https:\/\/ayuntamientotenangodedoria.gob.mx\/index.php\/archivo-municipal-2\/#breadcrumb\",\"itemListElement\":[{\"@type\":\"ListItem\",\"position\":1,\"name\":\"Home\",\"item\":\"https:\/\/ayuntamientotenangodedoria.gob.mx\/\"},{\"@type\":\"ListItem\",\"position\":2,\"name\":\"Archivo Municipal\"}]},{\"@type\":\"WebSite\",\"@id\":\"https:\/\/ayuntamientotenangodedoria.gob.mx\/#website\",\"url\":\"https:\/\/ayuntamientotenangodedoria.gob.mx\/\",\"name\":\"\",\"description\":\"Transformando con Inclusi\u00f3n e Interculturalidad\",\"potentialAction\":[{\"@type\":\"SearchAction\",\"target\":{\"@type\":\"EntryPoint\",\"urlTemplate\":\"https:\/\/ayuntamientotenangodedoria.gob.mx\/?s={search_term_string}\"},\"query-input\":{\"@type\":\"PropertyValueSpecification\",\"valueRequired\":true,\"valueName\":\"search_term_string\"}}],\"inLanguage\":\"en-US\"}]}<\/script>\n<!-- \/ Yoast SEO plugin. -->","yoast_head_json":{"title":"Archivo Municipal -","robots":{"index":"index","follow":"follow","max-snippet":"max-snippet:-1","max-image-preview":"max-image-preview:large","max-video-preview":"max-video-preview:-1"},"canonical":"https:\/\/ayuntamientotenangodedoria.gob.mx\/index.php\/archivo-municipal-2\/","og_locale":"en_US","og_type":"article","og_title":"Archivo Municipal -","og_description":"Archivo Municipal Presentaci\u00f3n El Archivo Municipal de Tenango de Doria resguarda la documentaci\u00f3n generada por la administraci\u00f3n p\u00fablica municipal a lo largo del tiempo, constituyendo una fuente fundamental para la&hellip;","og_url":"https:\/\/ayuntamientotenangodedoria.gob.mx\/index.php\/archivo-municipal-2\/","article_modified_time":"2026-03-26T04:06:08+00:00","twitter_card":"summary_large_image","twitter_misc":{"Est. reading time":"4 minutes"},"schema":{"@context":"https:\/\/schema.org","@graph":[{"@type":"WebPage","@id":"https:\/\/ayuntamientotenangodedoria.gob.mx\/index.php\/archivo-municipal-2\/","url":"https:\/\/ayuntamientotenangodedoria.gob.mx\/index.php\/archivo-municipal-2\/","name":"Archivo Municipal -","isPartOf":{"@id":"https:\/\/ayuntamientotenangodedoria.gob.mx\/#website"},"datePublished":"2026-03-26T03:51:47+00:00","dateModified":"2026-03-26T04:06:08+00:00","breadcrumb":{"@id":"https:\/\/ayuntamientotenangodedoria.gob.mx\/index.php\/archivo-municipal-2\/#breadcrumb"},"inLanguage":"en-US","potentialAction":[{"@type":"ReadAction","target":["https:\/\/ayuntamientotenangodedoria.gob.mx\/index.php\/archivo-municipal-2\/"]}]},{"@type":"BreadcrumbList","@id":"https:\/\/ayuntamientotenangodedoria.gob.mx\/index.php\/archivo-municipal-2\/#breadcrumb","itemListElement":[{"@type":"ListItem","position":1,"name":"Home","item":"https:\/\/ayuntamientotenangodedoria.gob.mx\/"},{"@type":"ListItem","position":2,"name":"Archivo Municipal"}]},{"@type":"WebSite","@id":"https:\/\/ayuntamientotenangodedoria.gob.mx\/#website","url":"https:\/\/ayuntamientotenangodedoria.gob.mx\/","name":"","description":"Transformando con Inclusi\u00f3n e Interculturalidad","potentialAction":[{"@type":"SearchAction","target":{"@type":"EntryPoint","urlTemplate":"https:\/\/ayuntamientotenangodedoria.gob.mx\/?s={search_term_string}"},"query-input":{"@type":"PropertyValueSpecification","valueRequired":true,"valueName":"search_term_string"}}],"inLanguage":"en-US"}]}},"_links":{"self":[{"href":"https:\/\/ayuntamientotenangodedoria.gob.mx\/index.php\/wp-json\/wp\/v2\/pages\/5231","targetHints":{"allow":["GET"]}}],"collection":[{"href":"https:\/\/ayuntamientotenangodedoria.gob.mx\/index.php\/wp-json\/wp\/v2\/pages"}],"about":[{"href":"https:\/\/ayuntamientotenangodedoria.gob.mx\/index.php\/wp-json\/wp\/v2\/types\/page"}],"author":[{"embeddable":true,"href":"https:\/\/ayuntamientotenangodedoria.gob.mx\/index.php\/wp-json\/wp\/v2\/users\/2"}],"replies":[{"embeddable":true,"href":"https:\/\/ayuntamientotenangodedoria.gob.mx\/index.php\/wp-json\/wp\/v2\/comments?post=5231"}],"version-history":[{"count":5,"href":"https:\/\/ayuntamientotenangodedoria.gob.mx\/index.php\/wp-json\/wp\/v2\/pages\/5231\/revisions"}],"predecessor-version":[{"id":5240,"href":"https:\/\/ayuntamientotenangodedoria.gob.mx\/index.php\/wp-json\/wp\/v2\/pages\/5231\/revisions\/5240"}],"wp:attachment":[{"href":"https:\/\/ayuntamientotenangodedoria.gob.mx\/index.php\/wp-json\/wp\/v2\/media?parent=5231"}],"curies":[{"name":"wp","href":"https:\/\/api.w.org\/{rel}","templated":true}]}}