{"id":608,"date":"2025-07-24T21:50:52","date_gmt":"2025-07-24T21:50:52","guid":{"rendered":"https:\/\/ayuntamientotenangodedoria.gob.mx\/?page_id=608"},"modified":"2025-07-25T03:25:16","modified_gmt":"2025-07-25T03:25:16","slug":"estructura-organica","status":"publish","type":"page","link":"https:\/\/ayuntamientotenangodedoria.gob.mx\/index.php\/estructura-organica\/","title":{"rendered":"Estructura Org\u00e1nica"},"content":{"rendered":"\t\t<div data-elementor-type=\"wp-page\" data-elementor-id=\"608\" class=\"elementor elementor-608\">\n\t\t\t\t<div class=\"elementor-element elementor-element-ac6c9df e-flex e-con-boxed e-con e-parent\" data-id=\"ac6c9df\" data-element_type=\"container\" data-e-type=\"container\">\n\t\t\t\t\t<div class=\"e-con-inner\">\n\t\t\t\t<div class=\"elementor-element elementor-element-c4e390e elementor-widget elementor-widget-text-editor\" data-id=\"c4e390e\" data-element_type=\"widget\" data-e-type=\"widget\" data-widget_type=\"text-editor.default\">\n\t\t\t\t<div class=\"elementor-widget-container\">\n\t\t\t\t\t\t\t\t\t<div style=\"--flex-wrap: initial; --justify-content: initial; --align-items: initial; --align-content: initial; --gap: 20px 20px; --flex-basis: auto; --flex-grow: 0; --flex-shrink: 1; --order: initial; --align-self: initial; align-self: auto; flex: 0 1 auto; order: 0; --border-radius: 0; --border-top-width: 0px; --border-right-width: 0px; --border-bottom-width: 0px; --border-left-width: 0px; --border-style: initial; --border-color: initial; --container-widget-width: 100%; --container-widget-height: initial; --container-widget-flex-grow: 0; --container-widget-align-self: initial; --content-width: min(100%,1140px); --width: 100%; --min-height: initial; --height: auto; --text-align: initial; --margin-top: 0px; --margin-right: auto; --margin-bottom: 0px; --margin-left: auto; --padding-top: 10px; --padding-right: 10px; --padding-bottom: 10px; --padding-left: 10px; --position: relative; --z-index: revert; --overflow: visible; --row-gap: 20px; --column-gap: 20px; --overlay-mix-blend-mode: initial; --overlay-opacity: 1; --overlay-transition: 0.3s; --e-con-grid-template-columns: repeat(3,1fr); --e-con-grid-template-rows: repeat(2,1fr); border-radius: 0px; height: auto; min-height: auto; overflow: visible; position: relative; transition: background 0.3s, border 0.3s, box-shadow 0.3s, transform 0.4s; width: 100%; z-index: auto; --flex-wrap-mobile: wrap; margin-block: 0px; margin-inline: auto; padding-inline: 10px; --margin-block-start: 0px; --margin-block-end: 0px; --margin-inline-start: auto; --margin-inline-end: auto; --padding-inline-start: 10px; --padding-inline-end: 10px; --padding-block-start: 10px; --padding-block-end: 10px; --border-block-start-width: 0px; --border-block-end-width: 0px; --border-inline-start-width: 0px; --border-inline-end-width: 0px; display: flex; text-align: start; --container-max-width: 1140px; --widgets-spacing: 20px 20px; --widgets-spacing-row: 20px; --widgets-spacing-column: 20px; max-width: 100%; --display: flex; font-size: 16px; letter-spacing: 0.16px;\" data-id=\"e60482e\" data-element_type=\"container\">\n<div style=\"padding-block: 10px; text-align: center; display: flex; gap: 20px; height: 65px; max-width: min(100%, 1140px); width: 1140px; flex-flow: column; place-content: normal; align-items: normal;\">\n<div style=\"align-self: auto; flex: 0 1 auto; order: 0; place-content: normal; align-items: normal; flex-flow: row; gap: 20px; --widgets-spacing: 20px 20px; --widgets-spacing-row: 20px; --widgets-spacing-column: 20px;\" data-id=\"4eae237\" data-element_type=\"widget\" data-widget_type=\"heading.default\">\n<div style=\"transition: background 0.3s, border 0.3s, border-radius 0.3s, box-shadow 0.3s, transform 0.4s; height: 45px;\">\n<h2 style=\"font-family: Urbanist, sans-serif; color: #0f0d1d;\"><span style=\"vertical-align: inherit; color: #800000;\">Art\u00edculo II &#8211; Estructura Org\u00e1nica<\/span><\/h2><\/div><\/div><\/div><\/div>\t\t\t\t\t\t\t\t<\/div>\n\t\t\t\t<\/div>\n\t\t\t\t<div class=\"elementor-element elementor-element-315f4f8 elementor-widget elementor-widget-text-editor\" data-id=\"315f4f8\" data-element_type=\"widget\" data-e-type=\"widget\" data-widget_type=\"text-editor.default\">\n\t\t\t\t<div class=\"elementor-widget-container\">\n\t\t\t\t\t\t\t\t\t<h5 style=\"text-align: center;\">Es un formato que permite vincular cada parte de la estructura, las atribuciones y responsabilidades que le corresponde a cada servidor p\u00fablico o sujeto obligado<\/h5>\t\t\t\t\t\t\t\t<\/div>\n\t\t\t\t<\/div>\n\t\t\t\t<div class=\"elementor-element elementor-element-38a6792 elementor-widget elementor-widget-text-editor\" data-id=\"38a6792\" data-element_type=\"widget\" data-e-type=\"widget\" data-widget_type=\"text-editor.default\">\n\t\t\t\t<div class=\"elementor-widget-container\">\n\t\t\t\t\t\t\t\t\t<p><img decoding=\"async\" class=\"aligncenter\" src=\"https:\/\/epazoyucan.hidalgo.gob.mx\/images\/ADM25\/ICONOS-2025\/II.png\" width=\"321\" height=\"98\" \/><\/p>\t\t\t\t\t\t\t\t<\/div>\n\t\t\t\t<\/div>\n\t\t\t\t\t<\/div>\n\t\t\t\t<\/div>\n\t\t<div class=\"elementor-element elementor-element-314fa04 e-flex e-con-boxed e-con e-parent\" data-id=\"314fa04\" data-element_type=\"container\" data-e-type=\"container\">\n\t\t\t\t\t<div class=\"e-con-inner\">\n\t\t\t\t<div class=\"elementor-element elementor-element-9849596 elementor-widget elementor-widget-text-editor\" data-id=\"9849596\" data-element_type=\"widget\" data-e-type=\"widget\" data-widget_type=\"text-editor.default\">\n\t\t\t\t<div class=\"elementor-widget-container\">\n\t\t\t\t\t\t\t\t\t<table style=\"max-width: 100%; background-color: #ffffff; font-size: 21px; border-width: 1px; border-color: #cccccc; font-family: Arial, Helvetica, sans-serif; color: #000000; letter-spacing: normal; text-align: center;\" border=\"1\" width=\"100%\" cellspacing=\"0\"><thead><tr><th style=\"background-color: #641913;\" colspan=\"2\">Ejercicio<\/th><th style=\"background-color: #641913;\" colspan=\"2\">Ejercicio<\/th><th style=\"background-color: #641913;\" colspan=\"2\">Ejercicio<\/th><th style=\"background-color: #641913;\" colspan=\"2\">Ejercicio<\/th><th style=\"background-color: #641913;\" colspan=\"2\">Ejercicio<\/th><th style=\"background-color: #641913;\" colspan=\"2\">Ejercicio<\/th><th style=\"background-color: #641913;\" colspan=\"2\">Ejercicio<\/th><th style=\"background-color: #641913;\" colspan=\"2\">Ejercicio<\/th><\/tr><\/thead><thead><tr><td style=\"padding: 4px; margin: 3px; border-width: 1px; border-color: #cccccc;\" colspan=\"2\">2018<\/td><td style=\"padding: 4px; margin: 3px; border-width: 1px; border-color: #cccccc;\" colspan=\"2\">2019<\/td><td style=\"padding: 4px; margin: 3px; border-width: 1px; border-color: #cccccc;\" colspan=\"2\">2020<\/td><td style=\"padding: 4px; margin: 3px; border-width: 1px; border-color: #cccccc;\" colspan=\"2\">2021<\/td><td style=\"padding: 4px; margin: 3px; border-width: 1px; border-color: #cccccc;\" colspan=\"2\">2022<\/td><td style=\"padding: 4px; margin: 3px; border-width: 1px; border-color: #cccccc;\" colspan=\"2\">2023<\/td><td style=\"padding: 4px; margin: 3px; border-width: 1px; border-color: #cccccc;\" colspan=\"2\">2024<\/td><td style=\"padding: 4px; margin: 3px; border-width: 1px; border-color: #cccccc;\" colspan=\"2\">2025<\/td><\/tr><\/thead><tbody><tr><td style=\"padding: 4px; margin: 3px; border-width: 1px; border-color: #cccccc;\">a)<center>Sin Datos<\/center><\/td><td style=\"padding: 4px; margin: 3px; border-width: 1px; border-color: #cccccc;\">b)<center>Sin Datos<\/center><\/td><td style=\"padding: 4px; margin: 3px; border-width: 1px; border-color: #cccccc;\">a)<center>Sin Datos<\/center><\/td><td style=\"padding: 4px; margin: 3px; border-width: 1px; border-color: #cccccc;\">b)<center>Sin Datos<\/center><\/td><td style=\"padding: 4px; margin: 3px; border-width: 1px; border-color: #cccccc;\">a)<center>Sin Datos<\/center><\/td><td style=\"padding: 4px; margin: 3px; border-width: 1px; border-color: #cccccc;\">b)<center>Sin Datos<\/center><\/td><td style=\"padding: 4px; margin: 3px; border-width: 1px; border-color: #cccccc;\">a)<center>Sin Datos<\/center><\/td><td style=\"padding: 4px; margin: 3px; border-width: 1px; border-color: #cccccc;\">b)<center>Sin Datos<\/center><\/td><td style=\"padding: 4px; margin: 3px; border-width: 1px; border-color: #cccccc;\">a)<center><a href=\"https:\/\/ayuntamientotenangodedoria.gob.mx\/wp-content\/uploads\/2025\/07\/A-Estructura-Organica_2022.xls\" target=\"_blank\" rel=\"noopener\"><img fetchpriority=\"high\" decoding=\"async\" class=\"alignnone\" style=\"border-width: 0px; border-style: initial;\" src=\"https:\/\/epazoyucan.hidalgo.gob.mx\/images\/LogosTRANSP\/png-transparent-microsoft-excel-computer-icons-microsoft-office-microsoft-word-microsoft-angle-text-rectangle.png\" alt=\"\" width=\"920\" height=\"372\" \/><\/a><\/center><\/td><td style=\"padding: 4px; margin: 3px; border-width: 1px; border-color: #cccccc;\">b)<center><a href=\"https:\/\/ayuntamientotenangodedoria.gob.mx\/wp-content\/uploads\/2025\/07\/B-Estructura-Organica-Organigrama_2022.xls\" target=\"_blank\" rel=\"noopener\"><img fetchpriority=\"high\" decoding=\"async\" class=\"alignnone\" style=\"border-width: 0px; border-style: initial;\" src=\"https:\/\/epazoyucan.hidalgo.gob.mx\/images\/LogosTRANSP\/png-transparent-microsoft-excel-computer-icons-microsoft-office-microsoft-word-microsoft-angle-text-rectangle.png\" alt=\"\" width=\"920\" height=\"372\" \/><\/a><\/center><\/td><td style=\"padding: 4px; margin: 3px; border-width: 1px; border-color: #cccccc;\">a)<center><a href=\"https:\/\/ayuntamientotenangodedoria.gob.mx\/wp-content\/uploads\/2025\/07\/A-Estructura-Organica_2023.xls\"><img fetchpriority=\"high\" decoding=\"async\" class=\"alignnone\" style=\"border-width: 0px; border-style: initial;\" src=\"https:\/\/epazoyucan.hidalgo.gob.mx\/images\/LogosTRANSP\/png-transparent-microsoft-excel-computer-icons-microsoft-office-microsoft-word-microsoft-angle-text-rectangle.png\" alt=\"\" width=\"920\" height=\"372\" \/><\/a><\/center><\/td><td style=\"padding: 4px; margin: 3px; border-width: 1px; border-color: #cccccc;\">b)<center><a href=\"https:\/\/ayuntamientotenangodedoria.gob.mx\/wp-content\/uploads\/2025\/07\/B-Estructura-Organica-Organigrama_2023.xls\"><img fetchpriority=\"high\" decoding=\"async\" class=\"alignnone\" style=\"border-width: 0px; border-style: initial;\" src=\"https:\/\/epazoyucan.hidalgo.gob.mx\/images\/LogosTRANSP\/png-transparent-microsoft-excel-computer-icons-microsoft-office-microsoft-word-microsoft-angle-text-rectangle.png\" alt=\"\" width=\"920\" height=\"372\" \/><\/a><\/center><\/td><td style=\"padding: 4px; margin: 3px; border-width: 1px; border-color: #cccccc;\">a)<center><a href=\"https:\/\/ayuntamientotenangodedoria.gob.mx\/wp-content\/uploads\/2025\/07\/A-Estructura-Organica_2024.xls\"><img fetchpriority=\"high\" decoding=\"async\" class=\"alignnone\" style=\"border-width: 0px; border-style: initial;\" src=\"https:\/\/epazoyucan.hidalgo.gob.mx\/images\/LogosTRANSP\/png-transparent-microsoft-excel-computer-icons-microsoft-office-microsoft-word-microsoft-angle-text-rectangle.png\" alt=\"\" width=\"920\" height=\"372\" \/><\/a><\/center><\/td><td style=\"padding: 4px; margin: 3px; border-width: 1px; border-color: #cccccc;\">b)<center><a href=\"https:\/\/ayuntamientotenangodedoria.gob.mx\/wp-content\/uploads\/2025\/07\/B-Estructura-Organica-Organigrama_2024.xls\" target=\"_blank\" rel=\"noopener\"><img fetchpriority=\"high\" decoding=\"async\" class=\"alignnone\" style=\"border-width: 0px; border-style: initial;\" src=\"https:\/\/epazoyucan.hidalgo.gob.mx\/images\/LogosTRANSP\/png-transparent-microsoft-excel-computer-icons-microsoft-office-microsoft-word-microsoft-angle-text-rectangle.png\" alt=\"\" width=\"920\" height=\"372\" \/><\/a><\/center><\/td><td style=\"padding: 4px; margin: 3px; border-width: 1px; border-color: #cccccc;\">a)<center><a href=\"https:\/\/ayuntamientotenangodedoria.gob.mx\/wp-content\/uploads\/2025\/07\/A-Estructura-Organica_2025.xls\"><img fetchpriority=\"high\" decoding=\"async\" class=\"alignnone\" style=\"border-width: 0px; border-style: initial;\" src=\"https:\/\/epazoyucan.hidalgo.gob.mx\/images\/LogosTRANSP\/png-transparent-microsoft-excel-computer-icons-microsoft-office-microsoft-word-microsoft-angle-text-rectangle.png\" alt=\"\" width=\"920\" height=\"372\" \/><\/a><\/center><\/td><td style=\"padding: 4px; margin: 3px; border-width: 1px; border-color: #cccccc;\">b)<center><a href=\"https:\/\/ayuntamientotenangodedoria.gob.mx\/wp-content\/uploads\/2025\/07\/B-Estructura-Organica-Organigrama_2025.xls\"><img fetchpriority=\"high\" decoding=\"async\" class=\"alignnone\" style=\"border-width: 0px; border-style: initial;\" src=\"https:\/\/epazoyucan.hidalgo.gob.mx\/images\/LogosTRANSP\/png-transparent-microsoft-excel-computer-icons-microsoft-office-microsoft-word-microsoft-angle-text-rectangle.png\" alt=\"\" width=\"920\" height=\"372\" \/><\/a><\/center><\/td><\/tr><\/tbody><\/table>\t\t\t\t\t\t\t\t<\/div>\n\t\t\t\t<\/div>\n\t\t\t\t\t<\/div>\n\t\t\t\t<\/div>\n\t\t\t\t<\/div>\n\t\t","protected":false},"excerpt":{"rendered":"<p>Art\u00edculo II &#8211; Estructura Org\u00e1nica Es un formato que permite vincular cada parte de la estructura, las atribuciones y responsabilidades que le corresponde a cada servidor p\u00fablico o sujeto obligado&hellip;<\/p>\n","protected":false},"author":2,"featured_media":0,"parent":0,"menu_order":0,"comment_status":"closed","ping_status":"closed","template":"","meta":{"footnotes":""},"class_list":["post-608","page","type-page","status-publish","hentry"],"yoast_head":"<!-- This site is optimized with the Yoast SEO plugin v27.2 - https:\/\/yoast.com\/product\/yoast-seo-wordpress\/ -->\n<title>Estructura Org\u00e1nica -<\/title>\n<meta name=\"robots\" content=\"index, follow, max-snippet:-1, max-image-preview:large, max-video-preview:-1\" \/>\n<link rel=\"canonical\" href=\"https:\/\/ayuntamientotenangodedoria.gob.mx\/index.php\/estructura-organica\/\" \/>\n<meta property=\"og:locale\" content=\"en_US\" \/>\n<meta property=\"og:type\" content=\"article\" \/>\n<meta property=\"og:title\" content=\"Estructura Org\u00e1nica -\" \/>\n<meta property=\"og:description\" content=\"Art\u00edculo II &#8211; Estructura Org\u00e1nica Es un formato que permite vincular cada parte de la estructura, las atribuciones y responsabilidades que le corresponde a cada servidor p\u00fablico o sujeto obligado&hellip;\" \/>\n<meta property=\"og:url\" content=\"https:\/\/ayuntamientotenangodedoria.gob.mx\/index.php\/estructura-organica\/\" \/>\n<meta property=\"article:modified_time\" content=\"2025-07-25T03:25:16+00:00\" \/>\n<meta property=\"og:image\" content=\"https:\/\/epazoyucan.hidalgo.gob.mx\/images\/ADM25\/ICONOS-2025\/II.png\" \/>\n<meta name=\"twitter:card\" content=\"summary_large_image\" \/>\n<meta name=\"twitter:label1\" content=\"Est. reading time\" \/>\n\t<meta name=\"twitter:data1\" content=\"3 minutes\" \/>\n<script type=\"application\/ld+json\" class=\"yoast-schema-graph\">{\"@context\":\"https:\/\/schema.org\",\"@graph\":[{\"@type\":\"WebPage\",\"@id\":\"https:\/\/ayuntamientotenangodedoria.gob.mx\/index.php\/estructura-organica\/\",\"url\":\"https:\/\/ayuntamientotenangodedoria.gob.mx\/index.php\/estructura-organica\/\",\"name\":\"Estructura Org\u00e1nica -\",\"isPartOf\":{\"@id\":\"https:\/\/ayuntamientotenangodedoria.gob.mx\/#website\"},\"primaryImageOfPage\":{\"@id\":\"https:\/\/ayuntamientotenangodedoria.gob.mx\/index.php\/estructura-organica\/#primaryimage\"},\"image\":{\"@id\":\"https:\/\/ayuntamientotenangodedoria.gob.mx\/index.php\/estructura-organica\/#primaryimage\"},\"thumbnailUrl\":\"https:\/\/epazoyucan.hidalgo.gob.mx\/images\/ADM25\/ICONOS-2025\/II.png\",\"datePublished\":\"2025-07-24T21:50:52+00:00\",\"dateModified\":\"2025-07-25T03:25:16+00:00\",\"breadcrumb\":{\"@id\":\"https:\/\/ayuntamientotenangodedoria.gob.mx\/index.php\/estructura-organica\/#breadcrumb\"},\"inLanguage\":\"en-US\",\"potentialAction\":[{\"@type\":\"ReadAction\",\"target\":[\"https:\/\/ayuntamientotenangodedoria.gob.mx\/index.php\/estructura-organica\/\"]}]},{\"@type\":\"ImageObject\",\"inLanguage\":\"en-US\",\"@id\":\"https:\/\/ayuntamientotenangodedoria.gob.mx\/index.php\/estructura-organica\/#primaryimage\",\"url\":\"https:\/\/epazoyucan.hidalgo.gob.mx\/images\/ADM25\/ICONOS-2025\/II.png\",\"contentUrl\":\"https:\/\/epazoyucan.hidalgo.gob.mx\/images\/ADM25\/ICONOS-2025\/II.png\"},{\"@type\":\"BreadcrumbList\",\"@id\":\"https:\/\/ayuntamientotenangodedoria.gob.mx\/index.php\/estructura-organica\/#breadcrumb\",\"itemListElement\":[{\"@type\":\"ListItem\",\"position\":1,\"name\":\"Home\",\"item\":\"https:\/\/ayuntamientotenangodedoria.gob.mx\/\"},{\"@type\":\"ListItem\",\"position\":2,\"name\":\"Estructura Org\u00e1nica\"}]},{\"@type\":\"WebSite\",\"@id\":\"https:\/\/ayuntamientotenangodedoria.gob.mx\/#website\",\"url\":\"https:\/\/ayuntamientotenangodedoria.gob.mx\/\",\"name\":\"\",\"description\":\"Transformando con Inclusi\u00f3n e Interculturalidad\",\"potentialAction\":[{\"@type\":\"SearchAction\",\"target\":{\"@type\":\"EntryPoint\",\"urlTemplate\":\"https:\/\/ayuntamientotenangodedoria.gob.mx\/?s={search_term_string}\"},\"query-input\":{\"@type\":\"PropertyValueSpecification\",\"valueRequired\":true,\"valueName\":\"search_term_string\"}}],\"inLanguage\":\"en-US\"}]}<\/script>\n<!-- \/ Yoast SEO plugin. -->","yoast_head_json":{"title":"Estructura Org\u00e1nica -","robots":{"index":"index","follow":"follow","max-snippet":"max-snippet:-1","max-image-preview":"max-image-preview:large","max-video-preview":"max-video-preview:-1"},"canonical":"https:\/\/ayuntamientotenangodedoria.gob.mx\/index.php\/estructura-organica\/","og_locale":"en_US","og_type":"article","og_title":"Estructura Org\u00e1nica -","og_description":"Art\u00edculo II &#8211; Estructura Org\u00e1nica Es un formato que permite vincular cada parte de la estructura, las atribuciones y responsabilidades que le corresponde a cada servidor p\u00fablico o sujeto obligado&hellip;","og_url":"https:\/\/ayuntamientotenangodedoria.gob.mx\/index.php\/estructura-organica\/","article_modified_time":"2025-07-25T03:25:16+00:00","og_image":[{"url":"https:\/\/epazoyucan.hidalgo.gob.mx\/images\/ADM25\/ICONOS-2025\/II.png","type":"","width":"","height":""}],"twitter_card":"summary_large_image","twitter_misc":{"Est. reading time":"3 minutes"},"schema":{"@context":"https:\/\/schema.org","@graph":[{"@type":"WebPage","@id":"https:\/\/ayuntamientotenangodedoria.gob.mx\/index.php\/estructura-organica\/","url":"https:\/\/ayuntamientotenangodedoria.gob.mx\/index.php\/estructura-organica\/","name":"Estructura Org\u00e1nica -","isPartOf":{"@id":"https:\/\/ayuntamientotenangodedoria.gob.mx\/#website"},"primaryImageOfPage":{"@id":"https:\/\/ayuntamientotenangodedoria.gob.mx\/index.php\/estructura-organica\/#primaryimage"},"image":{"@id":"https:\/\/ayuntamientotenangodedoria.gob.mx\/index.php\/estructura-organica\/#primaryimage"},"thumbnailUrl":"https:\/\/epazoyucan.hidalgo.gob.mx\/images\/ADM25\/ICONOS-2025\/II.png","datePublished":"2025-07-24T21:50:52+00:00","dateModified":"2025-07-25T03:25:16+00:00","breadcrumb":{"@id":"https:\/\/ayuntamientotenangodedoria.gob.mx\/index.php\/estructura-organica\/#breadcrumb"},"inLanguage":"en-US","potentialAction":[{"@type":"ReadAction","target":["https:\/\/ayuntamientotenangodedoria.gob.mx\/index.php\/estructura-organica\/"]}]},{"@type":"ImageObject","inLanguage":"en-US","@id":"https:\/\/ayuntamientotenangodedoria.gob.mx\/index.php\/estructura-organica\/#primaryimage","url":"https:\/\/epazoyucan.hidalgo.gob.mx\/images\/ADM25\/ICONOS-2025\/II.png","contentUrl":"https:\/\/epazoyucan.hidalgo.gob.mx\/images\/ADM25\/ICONOS-2025\/II.png"},{"@type":"BreadcrumbList","@id":"https:\/\/ayuntamientotenangodedoria.gob.mx\/index.php\/estructura-organica\/#breadcrumb","itemListElement":[{"@type":"ListItem","position":1,"name":"Home","item":"https:\/\/ayuntamientotenangodedoria.gob.mx\/"},{"@type":"ListItem","position":2,"name":"Estructura Org\u00e1nica"}]},{"@type":"WebSite","@id":"https:\/\/ayuntamientotenangodedoria.gob.mx\/#website","url":"https:\/\/ayuntamientotenangodedoria.gob.mx\/","name":"","description":"Transformando con Inclusi\u00f3n e Interculturalidad","potentialAction":[{"@type":"SearchAction","target":{"@type":"EntryPoint","urlTemplate":"https:\/\/ayuntamientotenangodedoria.gob.mx\/?s={search_term_string}"},"query-input":{"@type":"PropertyValueSpecification","valueRequired":true,"valueName":"search_term_string"}}],"inLanguage":"en-US"}]}},"_links":{"self":[{"href":"https:\/\/ayuntamientotenangodedoria.gob.mx\/index.php\/wp-json\/wp\/v2\/pages\/608","targetHints":{"allow":["GET"]}}],"collection":[{"href":"https:\/\/ayuntamientotenangodedoria.gob.mx\/index.php\/wp-json\/wp\/v2\/pages"}],"about":[{"href":"https:\/\/ayuntamientotenangodedoria.gob.mx\/index.php\/wp-json\/wp\/v2\/types\/page"}],"author":[{"embeddable":true,"href":"https:\/\/ayuntamientotenangodedoria.gob.mx\/index.php\/wp-json\/wp\/v2\/users\/2"}],"replies":[{"embeddable":true,"href":"https:\/\/ayuntamientotenangodedoria.gob.mx\/index.php\/wp-json\/wp\/v2\/comments?post=608"}],"version-history":[{"count":44,"href":"https:\/\/ayuntamientotenangodedoria.gob.mx\/index.php\/wp-json\/wp\/v2\/pages\/608\/revisions"}],"predecessor-version":[{"id":848,"href":"https:\/\/ayuntamientotenangodedoria.gob.mx\/index.php\/wp-json\/wp\/v2\/pages\/608\/revisions\/848"}],"wp:attachment":[{"href":"https:\/\/ayuntamientotenangodedoria.gob.mx\/index.php\/wp-json\/wp\/v2\/media?parent=608"}],"curies":[{"name":"wp","href":"https:\/\/api.w.org\/{rel}","templated":true}]}}